{"id":10829,"date":"2025-11-25T16:24:14","date_gmt":"2025-11-25T15:24:14","guid":{"rendered":"https:\/\/alex.b-safety.com\/?post_type=product&#038;p=10829"},"modified":"2026-04-21T14:31:45","modified_gmt":"2026-04-21T12:31:45","slug":"bodenmarkierung-fuer-augen-und-notduschen","status":"publish","type":"product","link":"https:\/\/alex.b-safety.com\/en\/product\/bodenmarkierung-fuer-augen-und-notduschen\/","title":{"rendered":"Bodenmarkierung f\u00fcr Augen- und Notduschen"},"content":{"rendered":"<h3>Produktbeschreibung<\/h3>\n<p>Die B-SAFETY Bodenmarkierung sorgt f\u00fcr eine optimale Sichtbarkeit und Orientierung des Standortes der Notdusche in Notsituationen. Mit auff\u00e4lligem halbrundem Design in Gr\u00fcn und Wei\u00df, Hinweisgrafiken f\u00fcr Not- und Augendusche sowie Richtungspfeil kennzeichnet sie den Standort von Sicherheitseinrichtungen eindeutig. Dank rutschfester Oberfl\u00e4che ist sie besonders trittsicher. Das selbstklebende Hinweisschild ist wasserabweisend, robust und wiederabl\u00f6sbar auf Industrieb\u00f6den \u2013 ideal f\u00fcr den Einsatz in Arbeitsbereichen mit erh\u00f6htem Sicherheitsbedarf.<\/p>\n<h3>Technische Beschreibung<\/h3>\n<ul>\n<li>f\u00fcr eine optimale Orientierung im Notfall<\/li>\n<li>wasserabweisend<\/li>\n<li>robust, widerstandsf\u00e4hig<\/li>\n<li>langnachleuchtend nach DIN 67510-1:2020-05<\/li>\n<li>rutschfest nach DIN EN 16165:2023-02 Klasse R10<\/li>\n<\/ul>\n","protected":false},"excerpt":{"rendered":"<p>Die B-SAFETY Bodenmarkierung sorgt f\u00fcr eine optimale Sichtbarkeit und Orientierung des Standortes der Notdusche in Notsituationen. Mit auff\u00e4lligem halbrundem Design in Gr\u00fcn und Wei\u00df, Hinweisgrafiken f\u00fcr Not- und Augendusche sowie Richtungspfeil kennzeichnet sie den Standort von Sicherheitseinrichtungen eindeutig. Dank rutschfester Oberfl\u00e4che ist sie besonders trittsicher. Das selbstklebende Hinweisschild ist wasserabweisend, robust und wiederabl\u00f6sbar auf Industrieb\u00f6den \u2013 ideal f\u00fcr den Einsatz in Arbeitsbereichen mit erh\u00f6htem Sicherheitsbedarf.<\/p>\n","protected":false},"featured_media":10831,"comment_status":"open","ping_status":"closed","template":"","meta":[],"product_brand":[],"product_cat":[28],"product_tag":[],"class_list":{"0":"post-10829","1":"product","2":"type-product","3":"status-publish","4":"has-post-thumbnail","6":"product_cat-zubehoer","8":"first","9":"instock","10":"shipping-taxable","11":"product-type-simple"},"yoast_head":"<!-- This site is optimized with the Yoast SEO plugin v27.4 - https:\/\/yoast.com\/product\/yoast-seo-wordpress\/ -->\n<title>Bodenmarkierung f\u00fcr Augen- und Notduschen | B-SAFETY<\/title>\n<meta name=\"robots\" content=\"noindex, follow, max-snippet:-1, max-image-preview:large, max-video-preview:-1\" \/>\n<meta property=\"og:locale\" content=\"en_US\" \/>\n<meta property=\"og:type\" content=\"article\" \/>\n<meta property=\"og:title\" content=\"Bodenmarkierung f\u00fcr Augen- und Notduschen | B-SAFETY\" \/>\n<meta property=\"og:description\" content=\"Die B-SAFETY Bodenmarkierung sorgt f\u00fcr eine optimale Sichtbarkeit und Orientierung des Standortes der Notdusche in Notsituationen. Mit auff\u00e4lligem halbrundem Design in Gr\u00fcn und Wei\u00df, Hinweisgrafiken f\u00fcr Not- und Augendusche sowie Richtungspfeil kennzeichnet sie den Standort von Sicherheitseinrichtungen eindeutig. Dank rutschfester Oberfl\u00e4che ist sie besonders trittsicher. Das selbstklebende Hinweisschild ist wasserabweisend, robust und wiederabl\u00f6sbar auf Industrieb\u00f6den \u2013 ideal f\u00fcr den Einsatz in Arbeitsbereichen mit erh\u00f6htem Sicherheitsbedarf.\" \/>\n<meta property=\"og:url\" content=\"https:\/\/alex.b-safety.com\/produkt\/bodenmarkierung-fuer-augen-und-notduschen\/\" \/>\n<meta property=\"og:site_name\" content=\"B-SAFETY\" \/>\n<meta property=\"article:modified_time\" content=\"2026-04-21T12:31:45+00:00\" \/>\n<meta property=\"og:image\" content=\"https:\/\/alex.b-safety.com\/wp-content\/uploads\/2025\/11\/BMK-AD-ND.jpg\" \/>\n\t<meta property=\"og:image:width\" content=\"600\" \/>\n\t<meta property=\"og:image:height\" content=\"600\" \/>\n\t<meta property=\"og:image:type\" content=\"image\/jpeg\" \/>\n<meta name=\"twitter:card\" content=\"summary_large_image\" \/>\n<meta name=\"twitter:label1\" content=\"Est. reading time\" \/>\n\t<meta name=\"twitter:data1\" content=\"1 minute\" \/>\n<script type=\"application\/ld+json\" class=\"yoast-schema-graph\">{\"@context\":\"https:\\\/\\\/schema.org\",\"@graph\":[{\"@type\":\"WebPage\",\"@id\":\"https:\\\/\\\/alex.b-safety.com\\\/produkt\\\/bodenmarkierung-fuer-augen-und-notduschen\\\/\",\"url\":\"https:\\\/\\\/alex.b-safety.com\\\/produkt\\\/bodenmarkierung-fuer-augen-und-notduschen\\\/\",\"name\":\"Bodenmarkierung f\u00fcr Augen- und Notduschen | B-SAFETY\",\"isPartOf\":{\"@id\":\"https:\\\/\\\/alex.b-safety.com\\\/#website\"},\"primaryImageOfPage\":{\"@id\":\"https:\\\/\\\/alex.b-safety.com\\\/produkt\\\/bodenmarkierung-fuer-augen-und-notduschen\\\/#primaryimage\"},\"image\":{\"@id\":\"https:\\\/\\\/alex.b-safety.com\\\/produkt\\\/bodenmarkierung-fuer-augen-und-notduschen\\\/#primaryimage\"},\"thumbnailUrl\":\"https:\\\/\\\/alex.b-safety.com\\\/wp-content\\\/uploads\\\/2025\\\/11\\\/BMK-AD-ND.jpg\",\"datePublished\":\"2025-11-25T15:24:14+00:00\",\"dateModified\":\"2026-04-21T12:31:45+00:00\",\"breadcrumb\":{\"@id\":\"https:\\\/\\\/alex.b-safety.com\\\/produkt\\\/bodenmarkierung-fuer-augen-und-notduschen\\\/#breadcrumb\"},\"inLanguage\":\"en-US\",\"potentialAction\":[{\"@type\":\"ReadAction\",\"target\":[\"https:\\\/\\\/alex.b-safety.com\\\/produkt\\\/bodenmarkierung-fuer-augen-und-notduschen\\\/\"]}]},{\"@type\":\"ImageObject\",\"inLanguage\":\"en-US\",\"@id\":\"https:\\\/\\\/alex.b-safety.com\\\/produkt\\\/bodenmarkierung-fuer-augen-und-notduschen\\\/#primaryimage\",\"url\":\"https:\\\/\\\/alex.b-safety.com\\\/wp-content\\\/uploads\\\/2025\\\/11\\\/BMK-AD-ND.jpg\",\"contentUrl\":\"https:\\\/\\\/alex.b-safety.com\\\/wp-content\\\/uploads\\\/2025\\\/11\\\/BMK-AD-ND.jpg\",\"width\":600,\"height\":600},{\"@type\":\"BreadcrumbList\",\"@id\":\"https:\\\/\\\/alex.b-safety.com\\\/produkt\\\/bodenmarkierung-fuer-augen-und-notduschen\\\/#breadcrumb\",\"itemListElement\":[{\"@type\":\"ListItem\",\"position\":1,\"name\":\"Startseite\",\"item\":\"https:\\\/\\\/alex.b-safety.com\\\/\"},{\"@type\":\"ListItem\",\"position\":2,\"name\":\"Shop\",\"item\":\"https:\\\/\\\/alex.b-safety.com\\\/en\\\/shop\\\/\"},{\"@type\":\"ListItem\",\"position\":3,\"name\":\"Bodenmarkierung f\u00fcr Augen- und Notduschen\"}]},{\"@type\":\"WebSite\",\"@id\":\"https:\\\/\\\/alex.b-safety.com\\\/#website\",\"url\":\"https:\\\/\\\/alex.b-safety.com\\\/\",\"name\":\"B-SAFETY\",\"description\":\"\",\"potentialAction\":[{\"@type\":\"SearchAction\",\"target\":{\"@type\":\"EntryPoint\",\"urlTemplate\":\"https:\\\/\\\/alex.b-safety.com\\\/?s={search_term_string}\"},\"query-input\":{\"@type\":\"PropertyValueSpecification\",\"valueRequired\":true,\"valueName\":\"search_term_string\"}}],\"inLanguage\":\"en-US\"}]}<\/script>\n<!-- \/ Yoast SEO plugin. -->","yoast_head_json":{"title":"Bodenmarkierung f\u00fcr Augen- und Notduschen | B-SAFETY","robots":{"index":"noindex","follow":"follow","max-snippet":"max-snippet:-1","max-image-preview":"max-image-preview:large","max-video-preview":"max-video-preview:-1"},"og_locale":"en_US","og_type":"article","og_title":"Bodenmarkierung f\u00fcr Augen- und Notduschen | B-SAFETY","og_description":"Die B-SAFETY Bodenmarkierung sorgt f\u00fcr eine optimale Sichtbarkeit und Orientierung des Standortes der Notdusche in Notsituationen. Mit auff\u00e4lligem halbrundem Design in Gr\u00fcn und Wei\u00df, Hinweisgrafiken f\u00fcr Not- und Augendusche sowie Richtungspfeil kennzeichnet sie den Standort von Sicherheitseinrichtungen eindeutig. Dank rutschfester Oberfl\u00e4che ist sie besonders trittsicher. Das selbstklebende Hinweisschild ist wasserabweisend, robust und wiederabl\u00f6sbar auf Industrieb\u00f6den \u2013 ideal f\u00fcr den Einsatz in Arbeitsbereichen mit erh\u00f6htem Sicherheitsbedarf.","og_url":"https:\/\/alex.b-safety.com\/produkt\/bodenmarkierung-fuer-augen-und-notduschen\/","og_site_name":"B-SAFETY","article_modified_time":"2026-04-21T12:31:45+00:00","og_image":[{"width":600,"height":600,"url":"https:\/\/alex.b-safety.com\/wp-content\/uploads\/2025\/11\/BMK-AD-ND.jpg","type":"image\/jpeg"}],"twitter_card":"summary_large_image","twitter_misc":{"Est. reading time":"1 minute"},"schema":{"@context":"https:\/\/schema.org","@graph":[{"@type":"WebPage","@id":"https:\/\/alex.b-safety.com\/produkt\/bodenmarkierung-fuer-augen-und-notduschen\/","url":"https:\/\/alex.b-safety.com\/produkt\/bodenmarkierung-fuer-augen-und-notduschen\/","name":"Bodenmarkierung f\u00fcr Augen- und Notduschen | B-SAFETY","isPartOf":{"@id":"https:\/\/alex.b-safety.com\/#website"},"primaryImageOfPage":{"@id":"https:\/\/alex.b-safety.com\/produkt\/bodenmarkierung-fuer-augen-und-notduschen\/#primaryimage"},"image":{"@id":"https:\/\/alex.b-safety.com\/produkt\/bodenmarkierung-fuer-augen-und-notduschen\/#primaryimage"},"thumbnailUrl":"https:\/\/alex.b-safety.com\/wp-content\/uploads\/2025\/11\/BMK-AD-ND.jpg","datePublished":"2025-11-25T15:24:14+00:00","dateModified":"2026-04-21T12:31:45+00:00","breadcrumb":{"@id":"https:\/\/alex.b-safety.com\/produkt\/bodenmarkierung-fuer-augen-und-notduschen\/#breadcrumb"},"inLanguage":"en-US","potentialAction":[{"@type":"ReadAction","target":["https:\/\/alex.b-safety.com\/produkt\/bodenmarkierung-fuer-augen-und-notduschen\/"]}]},{"@type":"ImageObject","inLanguage":"en-US","@id":"https:\/\/alex.b-safety.com\/produkt\/bodenmarkierung-fuer-augen-und-notduschen\/#primaryimage","url":"https:\/\/alex.b-safety.com\/wp-content\/uploads\/2025\/11\/BMK-AD-ND.jpg","contentUrl":"https:\/\/alex.b-safety.com\/wp-content\/uploads\/2025\/11\/BMK-AD-ND.jpg","width":600,"height":600},{"@type":"BreadcrumbList","@id":"https:\/\/alex.b-safety.com\/produkt\/bodenmarkierung-fuer-augen-und-notduschen\/#breadcrumb","itemListElement":[{"@type":"ListItem","position":1,"name":"Startseite","item":"https:\/\/alex.b-safety.com\/"},{"@type":"ListItem","position":2,"name":"Shop","item":"https:\/\/alex.b-safety.com\/en\/shop\/"},{"@type":"ListItem","position":3,"name":"Bodenmarkierung f\u00fcr Augen- und Notduschen"}]},{"@type":"WebSite","@id":"https:\/\/alex.b-safety.com\/#website","url":"https:\/\/alex.b-safety.com\/","name":"B-SAFETY","description":"","potentialAction":[{"@type":"SearchAction","target":{"@type":"EntryPoint","urlTemplate":"https:\/\/alex.b-safety.com\/?s={search_term_string}"},"query-input":{"@type":"PropertyValueSpecification","valueRequired":true,"valueName":"search_term_string"}}],"inLanguage":"en-US"}]}},"_links":{"self":[{"href":"https:\/\/alex.b-safety.com\/en\/wp-json\/wp\/v2\/product\/10829","targetHints":{"allow":["GET"]}}],"collection":[{"href":"https:\/\/alex.b-safety.com\/en\/wp-json\/wp\/v2\/product"}],"about":[{"href":"https:\/\/alex.b-safety.com\/en\/wp-json\/wp\/v2\/types\/product"}],"replies":[{"embeddable":true,"href":"https:\/\/alex.b-safety.com\/en\/wp-json\/wp\/v2\/comments?post=10829"}],"version-history":[{"count":1,"href":"https:\/\/alex.b-safety.com\/en\/wp-json\/wp\/v2\/product\/10829\/revisions"}],"predecessor-version":[{"id":10830,"href":"https:\/\/alex.b-safety.com\/en\/wp-json\/wp\/v2\/product\/10829\/revisions\/10830"}],"wp:featuredmedia":[{"embeddable":true,"href":"https:\/\/alex.b-safety.com\/en\/wp-json\/wp\/v2\/media\/10831"}],"wp:attachment":[{"href":"https:\/\/alex.b-safety.com\/en\/wp-json\/wp\/v2\/media?parent=10829"}],"wp:term":[{"taxonomy":"product_brand","embeddable":true,"href":"https:\/\/alex.b-safety.com\/en\/wp-json\/wp\/v2\/product_brand?post=10829"},{"taxonomy":"product_cat","embeddable":true,"href":"https:\/\/alex.b-safety.com\/en\/wp-json\/wp\/v2\/product_cat?post=10829"},{"taxonomy":"product_tag","embeddable":true,"href":"https:\/\/alex.b-safety.com\/en\/wp-json\/wp\/v2\/product_tag?post=10829"}],"curies":[{"name":"wp","href":"https:\/\/api.w.org\/{rel}","templated":true}]}}