{"id":5072,"date":"2024-10-21T16:11:47","date_gmt":"2024-10-21T14:11:47","guid":{"rendered":"https:\/\/alex.b-safety.com\/premiumline-sicherheits-augendusche-im-edelstahlgehaeuse-inklusive-notduschventil\/"},"modified":"2026-04-16T11:44:24","modified_gmt":"2026-04-16T09:44:24","slug":"premiumline-sicherheits-augendusche-im-edelstahlgehaeuse-inklusive-notduschventil-fuer-wandmontage-unterputz","status":"publish","type":"product","link":"https:\/\/alex.b-safety.com\/en\/product\/premiumline-sicherheits-augendusche-im-edelstahlgehaeuse-inklusive-notduschventil-fuer-wandmontage-unterputz\/","title":{"rendered":"PremiumLine Sicherheits-Augendusche im Edelstahlgeh\u00e4use, inklusive Notduschventil f\u00fcr Wandmontage Unterputz"},"content":{"rendered":"<h3>Produktbeschreibung<\/h3>\n<p>Die Augendusche ist mit zwei B-SAFETY Hochleistungsbrausek\u00f6pfen ausgestattet, die nicht nur die Vorgaben der DIN EN 15154-2:2006 und der ANSI Z358.1-2014 erf\u00fcllen, sondern auch f\u00fcr eine gro\u00dffl\u00e4chige Wasserverteilung sorgen. Dadurch werden auch die Regionen um die Augen versorgt und die Platzierung der Augen in dem Wasserstrahl ist unproblematisch. Der begrenzte, gleichm\u00e4\u00dfige und vor allem weiche Wasserstrahl ist optimiert f\u00fcr das Aussp\u00fclen von Chemikalien im Auge.<\/p>\n<p>Die richtige Strahlh\u00f6he und ein normgerechtes Strahlbild werden durch den integrierten Mengenregulator unabh\u00e4ngig vom anstehenden Wasserdruck erreicht. Die Gummimuffen um den Brausekopf sch\u00fctzen den Hilfesuchenden vor Sto\u00dfverletzungen. Die gro\u00dfen Bohrungen in den Brausek\u00f6pfen verhindern stehendes Wasser und somit Verkalkung. Die verwechslungsfreie Anwendung im Notfall wird durch das orange, langnachleuchtende \u201cOPEN\u201c Hinweisschild gekennzeichnet.<\/p>\n<h3>Technische Beschreibung<\/h3>\n<ul>\n<li>Geh\u00e4use aus Edelstahl, poliert, f\u00fcr Wandeinbau, Abmessungen (H x B x T): 425 x 505 x 100 mm, Locheinbauma\u00df (H x B): 380 x 460 mm<\/li>\n<li>integrierte Schwenkt\u00fcr aus Edelstahl, poliert, mit gleichzeitiger Ausl\u00f6sung der Augendusche bei Herunterschwenken der T\u00fcr<\/li>\n<li>Hinweisschild \u201cOPEN\u201c f\u00fcr die verwechslungsfreie Anwendung im Notfall, orange, langnachleuchtend gem\u00e4\u00df DIN 67510<\/li>\n<li>Kugelhahn 3\/4-Zoll aus Edelstahl, mit Schwenkt\u00fcr-Bedienung, DIN-DVGW gepr\u00fcft und zugelassen<\/li>\n<li>integrierter automatischer Mengenregulator 14 Liter \/ Minute f\u00fcr ein normgerechtes Strahlbild bei einem vorgegebenen Arbeitsbereich von 2,5 bis 5 bar Flie\u00dfdruc<\/li>\n<li>breitstrahlende Hochleistungsbrausek\u00f6pfe aus Edelstahl, poliert, mit Kunststoffspr\u00fchplatte, verkalkungsarm, inkl. Gummischutz und dichtschlie\u00dfendem Staubdeckel mit Klappmechanismus, montiert \u00fcber Verteilergabel<\/li>\n<li>inklusive Hinweisschild f\u00fcr Augendusche nach DIN EN ISO 7010 und ASR A1.3 auf der Schwenkt\u00fcr, selbstklebende PVC-Folie, Abmessungen 100 x 100 mm, Erkennungsweite 10 Meter<\/li>\n<li>Notduschventil in einem separaten Geh\u00e4use aus Edelstahl, poliert, linksseitig oder rechtsseitig an dem Augenduschen-Geh\u00e4use angebracht<\/li>\n<li>Kugelhahn 3\/4-Zoll aus Edelstahl, mit Hebelbet\u00e4tigung, DIN-DVGW gepr\u00fcft und zugelassen, Wasseranschluss 3\/4-Zoll-IG<\/li>\n<li>\u00d6ffnungswinkel 90\u00b0, nicht selbstt\u00e4tig schlie\u00dfend<\/li>\n<li>Hebel aus Edelstahl, poliert, L\u00e4nge 160 mm<\/li>\n<li>stabiler Griff aus Kunststoff, Durchmesser 25 mm, L\u00e4nge 90 mm<\/li>\n<li>Hinweisschild \u201cOPEN\u201c f\u00fcr die verwechslungsfreie Anwendung im Notfall, orange, langnachleuchtend gem\u00e4\u00df DIN 67510<\/li>\n<li>H\u00f6he 425 mm, Breite 505 mm, Tiefe 100 mm<\/li>\n<li>Locheinbauma\u00df 380 x 460 mm<\/li>\n<li>Anbringungsh\u00f6he 865 mm (\u00b1 200 mm)<\/li>\n<li>gem\u00e4\u00df BGI\/GUV-I 850-0, DIN 1988 und DIN EN 1717<\/li>\n<li>gem\u00e4\u00df ANSI Z358.1-2014, DIN 12899-3:2009, DIN EN 15154-1:2006 und DIN EN 15154-2:2006<\/li>\n<li>DIN-DVGW gepr\u00fcft und zugelassen<\/li>\n<\/ul>\n","protected":false},"excerpt":{"rendered":"<p>Passende Notduscharme:<\/p>\n<div id=\"metaslider-id-41413\" class=\"ml-slider-3-92-0 ml-slider-pro-2-41-0 metaslider metaslider-flex metaslider-41413 ml-slider effect4 ml-slider-lightbox-1-13-2 lightbox-disabled ms-theme-_theme_1681718067 nav-hidden\" style=\"width: 100%; margin: 0 auto;\" role=\"region\" aria-label=\"BR285095-DE(Notduscharme)\" aria-roledescription=\"Slideshow\">\n<div id=\"metaslider_container_41413\">\n<div id=\"metaslider_41413\">\n<ul class=\"slides\">\n<li class=\"slide-41414 ms-image\" style=\"display: none; width: 100%;\" aria-label=\"slide-41414\" aria-roledescription=\"slide\"><a class=\"metaslider_image_link\" href=\"https:\/\/www.b-safety.com\/notduschen\/notduscharme\/classicline-notduscharm-fuer-wandmontage-aufputz\/\" target=\"_self\" rel=\"noopener\"><img loading=\"lazy\" decoding=\"async\" class=\"slider-41413 slide-41414\" title=\"BR071085\" src=\"https:\/\/www.b-safety.com\/wp-content\/uploads\/BR071085_Notduschen_uebersicht-170x170.jpg\" alt=\"\" width=\"170\" height=\"170\" \/><\/a><\/li>\n<li class=\"slide-41415 ms-image\" style=\"display: none; width: 100%;\" aria-label=\"slide-41415\" aria-roledescription=\"slide\"><a class=\"metaslider_image_link\" href=\"https:\/\/www.b-safety.com\/notduschen\/notduscharme\/classicline-notduscharm-fuer-wandmontage-unterputz\/\" target=\"_self\" rel=\"noopener\"><img loading=\"lazy\" decoding=\"async\" class=\"slider-41413 slide-41415\" title=\"BR072085\" src=\"https:\/\/www.b-safety.com\/wp-content\/uploads\/BR072085-3-170x170.jpg\" alt=\"\" width=\"170\" height=\"170\" \/><\/a><\/li>\n<li class=\"slide-41416 ms-image\" style=\"display: none; width: 100%;\" aria-label=\"slide-41416\" aria-roledescription=\"slide\"><a class=\"metaslider_image_link\" href=\"https:\/\/www.b-safety.com\/notduschen\/notduscharme\/classicline-notduscharm-fuer-deckenmontage-aufputz\/\" target=\"_self\" rel=\"noopener\"><img loading=\"lazy\" decoding=\"async\" class=\"slider-41413 slide-41416\" title=\"BR073085\" src=\"https:\/\/www.b-safety.com\/wp-content\/uploads\/BR073085-2-170x170.jpg\" alt=\"\" width=\"170\" height=\"170\" \/><\/a><\/li>\n<li class=\"slide-41417 ms-image\" style=\"display: none; width: 100%;\" aria-label=\"slide-41417\" aria-roledescription=\"slide\"><a class=\"metaslider_image_link\" href=\"https:\/\/www.b-safety.com\/notduschen\/notduscharme\/classicline-notduscharm-fuer-deckenmontage-unterputz\/\" target=\"_self\" rel=\"noopener\"><img loading=\"lazy\" decoding=\"async\" class=\"slider-41413 slide-41417\" title=\"BR075085\" src=\"https:\/\/www.b-safety.com\/wp-content\/uploads\/BR075085-2-170x170.jpg\" alt=\"\" width=\"170\" height=\"170\" \/><\/a><\/li>\n<li class=\"slide-41418 ms-image\" style=\"display: none; width: 100%;\" aria-label=\"slide-41418\" aria-roledescription=\"slide\"><a class=\"metaslider_image_link\" href=\"https:\/\/www.b-safety.com\/notduschen\/notduscharme\/classicline-variabler-notduscharm-fuer-deckenmontage-aufputz\/\" target=\"_self\" rel=\"noopener\"><img loading=\"lazy\" decoding=\"async\" class=\"slider-41413 slide-41418\" title=\"BR073085_V\" src=\"https:\/\/www.b-safety.com\/wp-content\/uploads\/BR073085_V-1-170x170.jpg\" alt=\"\" width=\"170\" height=\"170\" \/><\/a><\/li>\n<li class=\"slide-41419 ms-image\" style=\"display: none; width: 100%;\" aria-label=\"slide-41419\" aria-roledescription=\"slide\"><a class=\"metaslider_image_link\" href=\"https:\/\/www.b-safety.com\/notduschen\/notduscharme\/classicline-variabler-notduscharm-fuer-deckenmontage-unterputz\/\" target=\"_self\" rel=\"noopener\"><img loading=\"lazy\" decoding=\"async\" class=\"slider-41413 slide-41419\" title=\"BR075085_V\" src=\"https:\/\/www.b-safety.com\/wp-content\/uploads\/BR075085_V-1-170x170.jpg\" alt=\"\" width=\"170\" height=\"170\" \/><\/a><\/li>\n<li class=\"slide-41420 ms-image\" style=\"display: none; width: 100%;\" aria-label=\"slide-41420\" aria-roledescription=\"slide\"><a class=\"metaslider_image_link\" href=\"https:\/\/www.b-safety.com\/notduschen\/notduscharme\/premiumline-notduscharm-fuer-wandmontage-aufputz\/\" target=\"_self\" rel=\"noopener\"><img loading=\"lazy\" decoding=\"async\" class=\"slider-41413 slide-41420\" title=\"BR071095\" src=\"https:\/\/www.b-safety.com\/wp-content\/uploads\/BR071095-3-170x170.jpg\" alt=\"\" width=\"170\" height=\"170\" \/><\/a><\/li>\n<li class=\"slide-41421 ms-image\" style=\"display: none; width: 100%;\" aria-label=\"slide-41421\" aria-roledescription=\"slide\"><a class=\"metaslider_image_link\" href=\"https:\/\/www.b-safety.com\/notduschen\/notduscharme\/premiumline-notduscharm-fuer-wandmontage-unterputz\/\" target=\"_self\" rel=\"noopener\"><img loading=\"lazy\" decoding=\"async\" class=\"slider-41413 slide-41421\" title=\"BR072095\" src=\"https:\/\/www.b-safety.com\/wp-content\/uploads\/BR072095-3-170x170.jpg\" alt=\"\" width=\"170\" height=\"170\" \/><\/a><\/li>\n<li class=\"slide-41422 ms-image\" style=\"display: none; width: 100%;\" aria-label=\"slide-41422\" aria-roledescription=\"slide\"><a class=\"metaslider_image_link\" href=\"https:\/\/www.b-safety.com\/notduschen\/notduscharme\/premiumline-notduscharm-fuer-deckenmontage-aufputz\/\" target=\"_self\" rel=\"noopener\"><img loading=\"lazy\" decoding=\"async\" class=\"slider-41413 slide-41422\" title=\"BR073095\" src=\"https:\/\/www.b-safety.com\/wp-content\/uploads\/BR073095-2-170x170.jpg\" alt=\"\" width=\"170\" height=\"170\" \/><\/a><\/li>\n<li class=\"slide-41423 ms-image\" style=\"display: none; width: 100%;\" aria-label=\"slide-41423\" aria-roledescription=\"slide\"><a class=\"metaslider_image_link\" href=\"https:\/\/www.b-safety.com\/notduschen\/notduscharme\/premiumline-notduscharm-fuer-deckenmontage-unterputz\/\" target=\"_self\" rel=\"noopener\"><img loading=\"lazy\" decoding=\"async\" class=\"slider-41413 slide-41423\" title=\"BR075095\" src=\"https:\/\/www.b-safety.com\/wp-content\/uploads\/BR075095-2-170x170.jpg\" alt=\"\" width=\"170\" height=\"170\" \/><\/a><\/li>\n<li class=\"slide-41424 ms-image\" style=\"display: none; width: 100%;\" aria-label=\"slide-41424\" aria-roledescription=\"slide\"><a class=\"metaslider_image_link\" href=\"https:\/\/www.b-safety.com\/notduschen\/notduscharme\/premiumline-variabler-notduscharm-fuer-deckenmontage-aufputz\/\" target=\"_self\" rel=\"noopener\"><img loading=\"lazy\" decoding=\"async\" class=\"slider-41413 slide-41424\" title=\"BR073095_V\" src=\"https:\/\/www.b-safety.com\/wp-content\/uploads\/BR073095_V-1-170x170.jpg\" alt=\"\" width=\"170\" height=\"170\" \/><\/a><\/li>\n<li class=\"slide-41425 ms-image\" style=\"display: none; width: 100%;\" aria-label=\"slide-41425\" aria-roledescription=\"slide\"><a class=\"metaslider_image_link\" href=\"https:\/\/www.b-safety.com\/notduschen\/notduscharme\/premiumline-variabler-notduscharm-fuer-deckenmontage-unterputz\/\" target=\"_self\" rel=\"noopener\"><img loading=\"lazy\" decoding=\"async\" class=\"slider-41413 slide-41425\" title=\"BR075095_V\" src=\"https:\/\/www.b-safety.com\/wp-content\/uploads\/BR075095_V-1-170x170.jpg\" alt=\"\" width=\"170\" height=\"170\" \/><\/a><\/li>\n<\/ul>\n<\/div>\n<\/div>\n<\/div>\n<p>Sicherheits-Augenduschen im Edelstahlgeh\u00e4use werden in den Laborzellen bzw. in der Wand eingebaut, um eine Barriere-Freiheit im Labor zu gew\u00e4hrleisten. Die Augenduschen zeichnen sich durch ein puristisch klares Design mit edlen Edelstahl-Oberfl\u00e4chen aus. Durch Herunterziehen des gro\u00dfen Griffes wird der integrierte Deckel nach unten geschwenkt und die Augensp\u00fclstation ausgel\u00f6st. Der Deckel aus Edelstahl wirkt gleichzeitig als Auffangbecken, um das meiste benutzte Wasser aufzufangen und abzuleiten.<\/p>\n","protected":false},"featured_media":5129,"comment_status":"closed","ping_status":"closed","template":"","meta":[],"product_brand":[],"product_cat":[99,103],"product_tag":[276],"class_list":{"0":"post-5072","1":"product","2":"type-product","3":"status-publish","4":"has-post-thumbnail","6":"product_cat-augenduschen","7":"product_cat-sicherheits-augenduschen","8":"product_tag-wandmontage-unterputz","10":"first","11":"instock","12":"product-type-simple"},"yoast_head":"<!-- This site is optimized with the Yoast SEO plugin v27.4 - https:\/\/yoast.com\/product\/yoast-seo-wordpress\/ -->\n<title>PremiumLine Sicherheits-Augendusche im Edelstahlgeh\u00e4use, inklusive Notduschventil f\u00fcr Wandmontage Unterputz | B-SAFETY<\/title>\n<meta name=\"description\" content=\"PremiumLine Sicherheits-Augendusche im Edelstahlgeh\u00e4use, inklusive Notduschventil f\u00fcr Wandmontage Unterputz\" \/>\n<meta name=\"robots\" content=\"noindex, follow, max-snippet:-1, max-image-preview:large, max-video-preview:-1\" \/>\n<meta property=\"og:locale\" content=\"en_US\" \/>\n<meta property=\"og:type\" content=\"article\" \/>\n<meta property=\"og:title\" content=\"PremiumLine Sicherheits-Augendusche im Edelstahlgeh\u00e4use, inklusive Notduschventil f\u00fcr Wandmontage Unterputz | B-SAFETY\" \/>\n<meta property=\"og:description\" content=\"PremiumLine Sicherheits-Augendusche im Edelstahlgeh\u00e4use, inklusive Notduschventil f\u00fcr Wandmontage Unterputz\" \/>\n<meta property=\"og:url\" content=\"https:\/\/alex.b-safety.com\/produkt\/premiumline-sicherheits-augendusche-im-edelstahlgehaeuse-inklusive-notduschventil-fuer-wandmontage-unterputz\/\" \/>\n<meta property=\"og:site_name\" content=\"B-SAFETY\" \/>\n<meta property=\"article:modified_time\" content=\"2026-04-16T09:44:24+00:00\" \/>\n<meta property=\"og:image\" content=\"https:\/\/alex.b-safety.com\/wp-content\/uploads\/2024\/11\/BR285095_Augenduschen.jpg\" \/>\n\t<meta property=\"og:image:width\" content=\"600\" \/>\n\t<meta property=\"og:image:height\" content=\"600\" \/>\n\t<meta property=\"og:image:type\" content=\"image\/jpeg\" \/>\n<meta name=\"twitter:card\" content=\"summary_large_image\" \/>\n<meta name=\"twitter:label1\" content=\"Est. reading time\" \/>\n\t<meta name=\"twitter:data1\" content=\"3 minutes\" \/>\n<script type=\"application\/ld+json\" class=\"yoast-schema-graph\">{\"@context\":\"https:\\\/\\\/schema.org\",\"@graph\":[{\"@type\":\"WebPage\",\"@id\":\"https:\\\/\\\/alex.b-safety.com\\\/produkt\\\/premiumline-sicherheits-augendusche-im-edelstahlgehaeuse-inklusive-notduschventil-fuer-wandmontage-unterputz\\\/\",\"url\":\"https:\\\/\\\/alex.b-safety.com\\\/produkt\\\/premiumline-sicherheits-augendusche-im-edelstahlgehaeuse-inklusive-notduschventil-fuer-wandmontage-unterputz\\\/\",\"name\":\"PremiumLine Sicherheits-Augendusche im Edelstahlgeh\u00e4use, inklusive Notduschventil f\u00fcr Wandmontage Unterputz | B-SAFETY\",\"isPartOf\":{\"@id\":\"https:\\\/\\\/alex.b-safety.com\\\/#website\"},\"primaryImageOfPage\":{\"@id\":\"https:\\\/\\\/alex.b-safety.com\\\/produkt\\\/premiumline-sicherheits-augendusche-im-edelstahlgehaeuse-inklusive-notduschventil-fuer-wandmontage-unterputz\\\/#primaryimage\"},\"image\":{\"@id\":\"https:\\\/\\\/alex.b-safety.com\\\/produkt\\\/premiumline-sicherheits-augendusche-im-edelstahlgehaeuse-inklusive-notduschventil-fuer-wandmontage-unterputz\\\/#primaryimage\"},\"thumbnailUrl\":\"https:\\\/\\\/alex.b-safety.com\\\/wp-content\\\/uploads\\\/2024\\\/11\\\/BR285095_Augenduschen.jpg\",\"datePublished\":\"2024-10-21T14:11:47+00:00\",\"dateModified\":\"2026-04-16T09:44:24+00:00\",\"description\":\"PremiumLine Sicherheits-Augendusche im Edelstahlgeh\u00e4use, inklusive Notduschventil f\u00fcr Wandmontage Unterputz\",\"breadcrumb\":{\"@id\":\"https:\\\/\\\/alex.b-safety.com\\\/produkt\\\/premiumline-sicherheits-augendusche-im-edelstahlgehaeuse-inklusive-notduschventil-fuer-wandmontage-unterputz\\\/#breadcrumb\"},\"inLanguage\":\"en-US\",\"potentialAction\":[{\"@type\":\"ReadAction\",\"target\":[\"https:\\\/\\\/alex.b-safety.com\\\/produkt\\\/premiumline-sicherheits-augendusche-im-edelstahlgehaeuse-inklusive-notduschventil-fuer-wandmontage-unterputz\\\/\"]}]},{\"@type\":\"ImageObject\",\"inLanguage\":\"en-US\",\"@id\":\"https:\\\/\\\/alex.b-safety.com\\\/produkt\\\/premiumline-sicherheits-augendusche-im-edelstahlgehaeuse-inklusive-notduschventil-fuer-wandmontage-unterputz\\\/#primaryimage\",\"url\":\"https:\\\/\\\/alex.b-safety.com\\\/wp-content\\\/uploads\\\/2024\\\/11\\\/BR285095_Augenduschen.jpg\",\"contentUrl\":\"https:\\\/\\\/alex.b-safety.com\\\/wp-content\\\/uploads\\\/2024\\\/11\\\/BR285095_Augenduschen.jpg\",\"width\":600,\"height\":600},{\"@type\":\"BreadcrumbList\",\"@id\":\"https:\\\/\\\/alex.b-safety.com\\\/produkt\\\/premiumline-sicherheits-augendusche-im-edelstahlgehaeuse-inklusive-notduschventil-fuer-wandmontage-unterputz\\\/#breadcrumb\",\"itemListElement\":[{\"@type\":\"ListItem\",\"position\":1,\"name\":\"Startseite\",\"item\":\"https:\\\/\\\/alex.b-safety.com\\\/\"},{\"@type\":\"ListItem\",\"position\":2,\"name\":\"Shop\",\"item\":\"https:\\\/\\\/alex.b-safety.com\\\/en\\\/shop\\\/\"},{\"@type\":\"ListItem\",\"position\":3,\"name\":\"PremiumLine Sicherheits-Augendusche im Edelstahlgeh\u00e4use, inklusive Notduschventil f\u00fcr Wandmontage Unterputz\"}]},{\"@type\":\"WebSite\",\"@id\":\"https:\\\/\\\/alex.b-safety.com\\\/#website\",\"url\":\"https:\\\/\\\/alex.b-safety.com\\\/\",\"name\":\"B-SAFETY\",\"description\":\"\",\"potentialAction\":[{\"@type\":\"SearchAction\",\"target\":{\"@type\":\"EntryPoint\",\"urlTemplate\":\"https:\\\/\\\/alex.b-safety.com\\\/?s={search_term_string}\"},\"query-input\":{\"@type\":\"PropertyValueSpecification\",\"valueRequired\":true,\"valueName\":\"search_term_string\"}}],\"inLanguage\":\"en-US\"}]}<\/script>\n<!-- \/ Yoast SEO plugin. -->","yoast_head_json":{"title":"PremiumLine Sicherheits-Augendusche im Edelstahlgeh\u00e4use, inklusive Notduschventil f\u00fcr Wandmontage Unterputz | B-SAFETY","description":"PremiumLine Sicherheits-Augendusche im Edelstahlgeh\u00e4use, inklusive Notduschventil f\u00fcr Wandmontage Unterputz","robots":{"index":"noindex","follow":"follow","max-snippet":"max-snippet:-1","max-image-preview":"max-image-preview:large","max-video-preview":"max-video-preview:-1"},"og_locale":"en_US","og_type":"article","og_title":"PremiumLine Sicherheits-Augendusche im Edelstahlgeh\u00e4use, inklusive Notduschventil f\u00fcr Wandmontage Unterputz | B-SAFETY","og_description":"PremiumLine Sicherheits-Augendusche im Edelstahlgeh\u00e4use, inklusive Notduschventil f\u00fcr Wandmontage Unterputz","og_url":"https:\/\/alex.b-safety.com\/produkt\/premiumline-sicherheits-augendusche-im-edelstahlgehaeuse-inklusive-notduschventil-fuer-wandmontage-unterputz\/","og_site_name":"B-SAFETY","article_modified_time":"2026-04-16T09:44:24+00:00","og_image":[{"width":600,"height":600,"url":"https:\/\/alex.b-safety.com\/wp-content\/uploads\/2024\/11\/BR285095_Augenduschen.jpg","type":"image\/jpeg"}],"twitter_card":"summary_large_image","twitter_misc":{"Est. reading time":"3 minutes"},"schema":{"@context":"https:\/\/schema.org","@graph":[{"@type":"WebPage","@id":"https:\/\/alex.b-safety.com\/produkt\/premiumline-sicherheits-augendusche-im-edelstahlgehaeuse-inklusive-notduschventil-fuer-wandmontage-unterputz\/","url":"https:\/\/alex.b-safety.com\/produkt\/premiumline-sicherheits-augendusche-im-edelstahlgehaeuse-inklusive-notduschventil-fuer-wandmontage-unterputz\/","name":"PremiumLine Sicherheits-Augendusche im Edelstahlgeh\u00e4use, inklusive Notduschventil f\u00fcr Wandmontage Unterputz | B-SAFETY","isPartOf":{"@id":"https:\/\/alex.b-safety.com\/#website"},"primaryImageOfPage":{"@id":"https:\/\/alex.b-safety.com\/produkt\/premiumline-sicherheits-augendusche-im-edelstahlgehaeuse-inklusive-notduschventil-fuer-wandmontage-unterputz\/#primaryimage"},"image":{"@id":"https:\/\/alex.b-safety.com\/produkt\/premiumline-sicherheits-augendusche-im-edelstahlgehaeuse-inklusive-notduschventil-fuer-wandmontage-unterputz\/#primaryimage"},"thumbnailUrl":"https:\/\/alex.b-safety.com\/wp-content\/uploads\/2024\/11\/BR285095_Augenduschen.jpg","datePublished":"2024-10-21T14:11:47+00:00","dateModified":"2026-04-16T09:44:24+00:00","description":"PremiumLine Sicherheits-Augendusche im Edelstahlgeh\u00e4use, inklusive Notduschventil f\u00fcr Wandmontage Unterputz","breadcrumb":{"@id":"https:\/\/alex.b-safety.com\/produkt\/premiumline-sicherheits-augendusche-im-edelstahlgehaeuse-inklusive-notduschventil-fuer-wandmontage-unterputz\/#breadcrumb"},"inLanguage":"en-US","potentialAction":[{"@type":"ReadAction","target":["https:\/\/alex.b-safety.com\/produkt\/premiumline-sicherheits-augendusche-im-edelstahlgehaeuse-inklusive-notduschventil-fuer-wandmontage-unterputz\/"]}]},{"@type":"ImageObject","inLanguage":"en-US","@id":"https:\/\/alex.b-safety.com\/produkt\/premiumline-sicherheits-augendusche-im-edelstahlgehaeuse-inklusive-notduschventil-fuer-wandmontage-unterputz\/#primaryimage","url":"https:\/\/alex.b-safety.com\/wp-content\/uploads\/2024\/11\/BR285095_Augenduschen.jpg","contentUrl":"https:\/\/alex.b-safety.com\/wp-content\/uploads\/2024\/11\/BR285095_Augenduschen.jpg","width":600,"height":600},{"@type":"BreadcrumbList","@id":"https:\/\/alex.b-safety.com\/produkt\/premiumline-sicherheits-augendusche-im-edelstahlgehaeuse-inklusive-notduschventil-fuer-wandmontage-unterputz\/#breadcrumb","itemListElement":[{"@type":"ListItem","position":1,"name":"Startseite","item":"https:\/\/alex.b-safety.com\/"},{"@type":"ListItem","position":2,"name":"Shop","item":"https:\/\/alex.b-safety.com\/en\/shop\/"},{"@type":"ListItem","position":3,"name":"PremiumLine Sicherheits-Augendusche im Edelstahlgeh\u00e4use, inklusive Notduschventil f\u00fcr Wandmontage Unterputz"}]},{"@type":"WebSite","@id":"https:\/\/alex.b-safety.com\/#website","url":"https:\/\/alex.b-safety.com\/","name":"B-SAFETY","description":"","potentialAction":[{"@type":"SearchAction","target":{"@type":"EntryPoint","urlTemplate":"https:\/\/alex.b-safety.com\/?s={search_term_string}"},"query-input":{"@type":"PropertyValueSpecification","valueRequired":true,"valueName":"search_term_string"}}],"inLanguage":"en-US"}]}},"_links":{"self":[{"href":"https:\/\/alex.b-safety.com\/en\/wp-json\/wp\/v2\/product\/5072","targetHints":{"allow":["GET"]}}],"collection":[{"href":"https:\/\/alex.b-safety.com\/en\/wp-json\/wp\/v2\/product"}],"about":[{"href":"https:\/\/alex.b-safety.com\/en\/wp-json\/wp\/v2\/types\/product"}],"replies":[{"embeddable":true,"href":"https:\/\/alex.b-safety.com\/en\/wp-json\/wp\/v2\/comments?post=5072"}],"version-history":[{"count":5,"href":"https:\/\/alex.b-safety.com\/en\/wp-json\/wp\/v2\/product\/5072\/revisions"}],"predecessor-version":[{"id":10548,"href":"https:\/\/alex.b-safety.com\/en\/wp-json\/wp\/v2\/product\/5072\/revisions\/10548"}],"wp:featuredmedia":[{"embeddable":true,"href":"https:\/\/alex.b-safety.com\/en\/wp-json\/wp\/v2\/media\/5129"}],"wp:attachment":[{"href":"https:\/\/alex.b-safety.com\/en\/wp-json\/wp\/v2\/media?parent=5072"}],"wp:term":[{"taxonomy":"product_brand","embeddable":true,"href":"https:\/\/alex.b-safety.com\/en\/wp-json\/wp\/v2\/product_brand?post=5072"},{"taxonomy":"product_cat","embeddable":true,"href":"https:\/\/alex.b-safety.com\/en\/wp-json\/wp\/v2\/product_cat?post=5072"},{"taxonomy":"product_tag","embeddable":true,"href":"https:\/\/alex.b-safety.com\/en\/wp-json\/wp\/v2\/product_tag?post=5072"}],"curies":[{"name":"wp","href":"https:\/\/api.w.org\/{rel}","templated":true}]}}