{"id":5254,"date":"2024-11-04T14:50:56","date_gmt":"2024-11-04T13:50:56","guid":{"rendered":"https:\/\/alex.b-safety.com\/classicline-tank-augendusche-mit-edelstahltank\/"},"modified":"2026-04-16T11:48:09","modified_gmt":"2026-04-16T09:48:09","slug":"classicline-tank-augendusche-mit-edelstahltank-fuer-bodenmontage","status":"publish","type":"product","link":"https:\/\/alex.b-safety.com\/en\/product\/classicline-tank-augendusche-mit-edelstahltank-fuer-bodenmontage\/","title":{"rendered":"ClassicLine Tank-Augendusche mit Edelstahltank f\u00fcr Bodenmontage"},"content":{"rendered":"<h3>Produktbeschreibung<\/h3>\n<p>Um auch an diesen Orten eine wirtschaftliche Erste Hilfe zur Verf\u00fcgung zu stellen, k\u00f6nnen Tank-Augenduschen eingesetzt werden. Am h\u00e4ufigsten werden transportable Augenduschen mit einem Tankinhalt von 14 Liter eingesetzt. Allerdings sollten Duschen mit einer Sp\u00fcldauer von weniger als 15 Minuten nur zur \u00dcberbr\u00fcckung bis zum Erreichen einer fest installierten Dusche verwendet werden.<\/p>\n<p>Die B-SAFETY ClassicLine Tank-Augendusche BR958005 verf\u00fcgt \u00fcber einen 14-Liter-Tank aus Edelstahl. Die Bef\u00fcllung erfolgt \u00fcber den oben angebrachten gro\u00dfen Klappdeckel. Anschlie\u00dfend muss \u00fcber das seitlich hiervon angebrachte Reifenf\u00fcllventil ein Minimalf\u00fclldruck von 6 bar erreicht werden. Die Dusche wird dann \u00fcber Bet\u00e4tigen der angeschlossenen Hand-Augendusche ausgel\u00f6st und das eingef\u00fcllte Wasser wird \u00fcber die Hand-Augendusche komplett entleert.<\/p>\n<h3>Technische Beschreibung<\/h3>\n<ul>\n<li>f\u00fcr die mobile Anwendung bzw. wenn kein Wasseranschluss zur Verf\u00fcgung steht<\/li>\n<li>Tank aus Edelstahl mit einem Fassungsverm\u00f6gen von 18 Litern, f\u00fcr ein F\u00fcll-Volumen Wasser von ungef\u00e4hr 14 Liter<\/li>\n<li>Wassereinlass \u00fcber gro\u00dfen Klappdeckel am Tank, manipulationssichere Ausf\u00fchrung durch Verschraubung<\/li>\n<li>Druckaufbau \u00fcber Druckluft mit einem F\u00fclldruck von 6 bar, Druckluftanschluss Reifenf\u00fcllventil<\/li>\n<li>integriertes \u00dcberdruckventil, das ungef\u00e4hr bei 6 bar F\u00fclldruck \u00f6ffnet<\/li>\n<li>Druckverlust von ungef\u00e4hr 0,2 bar nach einem Monat<\/li>\n<li>Ausl\u00f6sung durch Bet\u00e4tigen der Hand-Augendusche<\/li>\n<li>Hand-Augendusche mit einem Brausekopf senkrecht nach oben strahlend, Anbringung durch Wandhalterung am Tank<\/li>\n<li>Handgriff mit integriertem, arretierendem Ausl\u00f6segriff aus Kunststoff, Ventil nicht selbstt\u00e4tig schlie\u00dfend<\/li>\n<li>breitstrahlender Hochleistungsbrausekopf, mit Kunststoffspr\u00fchplatte, verkalkungsarm, inkl. Gummischutz und dichtschlie\u00dfendem Staubdeckel mit Klappmechanismus<\/li>\n<li>integrierter automatischer Mengenregulator 7 Liter \/ Minute (1,85 GPM), f\u00fcr eine Sp\u00fclzeit von ungef\u00e4hr 2 Minuten<\/li>\n<li>integrierter R\u00fcckflussverhinderer<\/li>\n<li>edelstahlummantelter Schlauch L\u00e4nge 1,5 Meter, Anschluss 1\/2-Zoll-\u00dcberwurfmutter, DIN-DVGW gepr\u00fcft und zugelassen<\/li>\n<li>Hinweisschild f\u00fcr Augendusche nach DIN EN ISO 7010 und ASR A1.3 auf dem Tank angebracht, selbstklebende PVC-Folie, Abmessungen 150 x 150 mm, Erkennungsweite 15 Meter<\/li>\n<li>Abmessungen (H x B x T): 560 x 225 x 225 mm<\/li>\n<li>gem\u00e4\u00df ANSI Z358.1-2014 und DIN EN 15154-4:2009<\/li>\n<\/ul>\n","protected":false},"excerpt":{"rendered":"<p><span style=\"font-size: 13px;\">Antibakterieller Zusatz f\u00fcr Tank-Augenduschen:<\/span><\/p>\n<p><a href=\"\/antibakterieller-zusatz-fuer-tank-augenduschen\/\"><img loading=\"lazy\" decoding=\"async\" class=\"alignnone wp-image-6968 size-thumbnail\" src=\"\/wp-content\/uploads\/2025\/02\/BR910980-150x150.jpg\" alt=\"\" width=\"150\" height=\"150\" srcset=\"https:\/\/alex.b-safety.com\/wp-content\/uploads\/2025\/02\/BR910980-150x150.jpg 150w, https:\/\/alex.b-safety.com\/wp-content\/uploads\/2025\/02\/BR910980-300x300.jpg 300w, https:\/\/alex.b-safety.com\/wp-content\/uploads\/2025\/02\/BR910980.jpg 600w\" sizes=\"auto, (max-width: 150px) 100vw, 150px\" \/><\/a><\/p>\n<p>Nicht \u00fcberall, wo ein Gefahrenpotential durch \u00e4tzende oder feuergef\u00e4hrliche Stoffe besteht, ist auch der Wasseranschluss f\u00fcr eine Notdusche vorhanden. Besonders auf weitl\u00e4ufigen Industriegel\u00e4nden, auf Baustellen oder in Lagerhallen sind Wasseranschl\u00fcsse nur mit gro\u00dfem Aufwand zu realisieren.<\/p>\n","protected":false},"featured_media":7365,"comment_status":"closed","ping_status":"closed","template":"","meta":[],"product_brand":[],"product_cat":[99,109],"product_tag":[170],"class_list":{"0":"post-5254","1":"product","2":"type-product","3":"status-publish","4":"has-post-thumbnail","6":"product_cat-augenduschen","7":"product_cat-tank-augenduschen","8":"product_tag-bodenmontage","10":"first","11":"instock","12":"product-type-simple"},"yoast_head":"<!-- This site is optimized with the Yoast SEO plugin v27.4 - https:\/\/yoast.com\/product\/yoast-seo-wordpress\/ -->\n<title>ClassicLine Tank-Augendusche mit Edelstahltank f\u00fcr Bodenmontage | B-SAFETY<\/title>\n<meta name=\"description\" content=\"ClassicLine Tank-Augendusche mit Edelstahltank f\u00fcr Bodenmontage\" \/>\n<meta name=\"robots\" content=\"noindex, follow, max-snippet:-1, max-image-preview:large, max-video-preview:-1\" \/>\n<meta property=\"og:locale\" content=\"en_US\" \/>\n<meta property=\"og:type\" content=\"article\" \/>\n<meta property=\"og:title\" content=\"ClassicLine Tank-Augendusche mit Edelstahltank f\u00fcr Bodenmontage | B-SAFETY\" \/>\n<meta property=\"og:description\" content=\"ClassicLine Tank-Augendusche mit Edelstahltank f\u00fcr Bodenmontage\" \/>\n<meta property=\"og:url\" content=\"https:\/\/alex.b-safety.com\/produkt\/classicline-tank-augendusche-mit-edelstahltank-fuer-bodenmontage\/\" \/>\n<meta property=\"og:site_name\" content=\"B-SAFETY\" \/>\n<meta property=\"article:modified_time\" content=\"2026-04-16T09:48:09+00:00\" \/>\n<meta property=\"og:image\" content=\"https:\/\/alex.b-safety.com\/wp-content\/uploads\/2024\/11\/BR958005-500px.jpg\" \/>\n\t<meta property=\"og:image:width\" content=\"600\" \/>\n\t<meta property=\"og:image:height\" content=\"600\" \/>\n\t<meta property=\"og:image:type\" content=\"image\/jpeg\" \/>\n<meta name=\"twitter:card\" content=\"summary_large_image\" \/>\n<meta name=\"twitter:label1\" content=\"Est. reading time\" \/>\n\t<meta name=\"twitter:data1\" content=\"2 minutes\" \/>\n<script type=\"application\/ld+json\" class=\"yoast-schema-graph\">{\"@context\":\"https:\\\/\\\/schema.org\",\"@graph\":[{\"@type\":\"WebPage\",\"@id\":\"https:\\\/\\\/alex.b-safety.com\\\/produkt\\\/classicline-tank-augendusche-mit-edelstahltank-fuer-bodenmontage\\\/\",\"url\":\"https:\\\/\\\/alex.b-safety.com\\\/produkt\\\/classicline-tank-augendusche-mit-edelstahltank-fuer-bodenmontage\\\/\",\"name\":\"ClassicLine Tank-Augendusche mit Edelstahltank f\u00fcr Bodenmontage | B-SAFETY\",\"isPartOf\":{\"@id\":\"https:\\\/\\\/alex.b-safety.com\\\/#website\"},\"primaryImageOfPage\":{\"@id\":\"https:\\\/\\\/alex.b-safety.com\\\/produkt\\\/classicline-tank-augendusche-mit-edelstahltank-fuer-bodenmontage\\\/#primaryimage\"},\"image\":{\"@id\":\"https:\\\/\\\/alex.b-safety.com\\\/produkt\\\/classicline-tank-augendusche-mit-edelstahltank-fuer-bodenmontage\\\/#primaryimage\"},\"thumbnailUrl\":\"https:\\\/\\\/alex.b-safety.com\\\/wp-content\\\/uploads\\\/2024\\\/11\\\/BR958005-500px.jpg\",\"datePublished\":\"2024-11-04T13:50:56+00:00\",\"dateModified\":\"2026-04-16T09:48:09+00:00\",\"description\":\"ClassicLine Tank-Augendusche mit Edelstahltank f\u00fcr Bodenmontage\",\"breadcrumb\":{\"@id\":\"https:\\\/\\\/alex.b-safety.com\\\/produkt\\\/classicline-tank-augendusche-mit-edelstahltank-fuer-bodenmontage\\\/#breadcrumb\"},\"inLanguage\":\"en-US\",\"potentialAction\":[{\"@type\":\"ReadAction\",\"target\":[\"https:\\\/\\\/alex.b-safety.com\\\/produkt\\\/classicline-tank-augendusche-mit-edelstahltank-fuer-bodenmontage\\\/\"]}]},{\"@type\":\"ImageObject\",\"inLanguage\":\"en-US\",\"@id\":\"https:\\\/\\\/alex.b-safety.com\\\/produkt\\\/classicline-tank-augendusche-mit-edelstahltank-fuer-bodenmontage\\\/#primaryimage\",\"url\":\"https:\\\/\\\/alex.b-safety.com\\\/wp-content\\\/uploads\\\/2024\\\/11\\\/BR958005-500px.jpg\",\"contentUrl\":\"https:\\\/\\\/alex.b-safety.com\\\/wp-content\\\/uploads\\\/2024\\\/11\\\/BR958005-500px.jpg\",\"width\":600,\"height\":600},{\"@type\":\"BreadcrumbList\",\"@id\":\"https:\\\/\\\/alex.b-safety.com\\\/produkt\\\/classicline-tank-augendusche-mit-edelstahltank-fuer-bodenmontage\\\/#breadcrumb\",\"itemListElement\":[{\"@type\":\"ListItem\",\"position\":1,\"name\":\"Startseite\",\"item\":\"https:\\\/\\\/alex.b-safety.com\\\/\"},{\"@type\":\"ListItem\",\"position\":2,\"name\":\"Shop\",\"item\":\"https:\\\/\\\/alex.b-safety.com\\\/en\\\/shop\\\/\"},{\"@type\":\"ListItem\",\"position\":3,\"name\":\"ClassicLine Tank-Augendusche mit Edelstahltank f\u00fcr Bodenmontage\"}]},{\"@type\":\"WebSite\",\"@id\":\"https:\\\/\\\/alex.b-safety.com\\\/#website\",\"url\":\"https:\\\/\\\/alex.b-safety.com\\\/\",\"name\":\"B-SAFETY\",\"description\":\"\",\"potentialAction\":[{\"@type\":\"SearchAction\",\"target\":{\"@type\":\"EntryPoint\",\"urlTemplate\":\"https:\\\/\\\/alex.b-safety.com\\\/?s={search_term_string}\"},\"query-input\":{\"@type\":\"PropertyValueSpecification\",\"valueRequired\":true,\"valueName\":\"search_term_string\"}}],\"inLanguage\":\"en-US\"}]}<\/script>\n<!-- \/ Yoast SEO plugin. -->","yoast_head_json":{"title":"ClassicLine Tank-Augendusche mit Edelstahltank f\u00fcr Bodenmontage | B-SAFETY","description":"ClassicLine Tank-Augendusche mit Edelstahltank f\u00fcr Bodenmontage","robots":{"index":"noindex","follow":"follow","max-snippet":"max-snippet:-1","max-image-preview":"max-image-preview:large","max-video-preview":"max-video-preview:-1"},"og_locale":"en_US","og_type":"article","og_title":"ClassicLine Tank-Augendusche mit Edelstahltank f\u00fcr Bodenmontage | B-SAFETY","og_description":"ClassicLine Tank-Augendusche mit Edelstahltank f\u00fcr Bodenmontage","og_url":"https:\/\/alex.b-safety.com\/produkt\/classicline-tank-augendusche-mit-edelstahltank-fuer-bodenmontage\/","og_site_name":"B-SAFETY","article_modified_time":"2026-04-16T09:48:09+00:00","og_image":[{"width":600,"height":600,"url":"https:\/\/alex.b-safety.com\/wp-content\/uploads\/2024\/11\/BR958005-500px.jpg","type":"image\/jpeg"}],"twitter_card":"summary_large_image","twitter_misc":{"Est. reading time":"2 minutes"},"schema":{"@context":"https:\/\/schema.org","@graph":[{"@type":"WebPage","@id":"https:\/\/alex.b-safety.com\/produkt\/classicline-tank-augendusche-mit-edelstahltank-fuer-bodenmontage\/","url":"https:\/\/alex.b-safety.com\/produkt\/classicline-tank-augendusche-mit-edelstahltank-fuer-bodenmontage\/","name":"ClassicLine Tank-Augendusche mit Edelstahltank f\u00fcr Bodenmontage | B-SAFETY","isPartOf":{"@id":"https:\/\/alex.b-safety.com\/#website"},"primaryImageOfPage":{"@id":"https:\/\/alex.b-safety.com\/produkt\/classicline-tank-augendusche-mit-edelstahltank-fuer-bodenmontage\/#primaryimage"},"image":{"@id":"https:\/\/alex.b-safety.com\/produkt\/classicline-tank-augendusche-mit-edelstahltank-fuer-bodenmontage\/#primaryimage"},"thumbnailUrl":"https:\/\/alex.b-safety.com\/wp-content\/uploads\/2024\/11\/BR958005-500px.jpg","datePublished":"2024-11-04T13:50:56+00:00","dateModified":"2026-04-16T09:48:09+00:00","description":"ClassicLine Tank-Augendusche mit Edelstahltank f\u00fcr Bodenmontage","breadcrumb":{"@id":"https:\/\/alex.b-safety.com\/produkt\/classicline-tank-augendusche-mit-edelstahltank-fuer-bodenmontage\/#breadcrumb"},"inLanguage":"en-US","potentialAction":[{"@type":"ReadAction","target":["https:\/\/alex.b-safety.com\/produkt\/classicline-tank-augendusche-mit-edelstahltank-fuer-bodenmontage\/"]}]},{"@type":"ImageObject","inLanguage":"en-US","@id":"https:\/\/alex.b-safety.com\/produkt\/classicline-tank-augendusche-mit-edelstahltank-fuer-bodenmontage\/#primaryimage","url":"https:\/\/alex.b-safety.com\/wp-content\/uploads\/2024\/11\/BR958005-500px.jpg","contentUrl":"https:\/\/alex.b-safety.com\/wp-content\/uploads\/2024\/11\/BR958005-500px.jpg","width":600,"height":600},{"@type":"BreadcrumbList","@id":"https:\/\/alex.b-safety.com\/produkt\/classicline-tank-augendusche-mit-edelstahltank-fuer-bodenmontage\/#breadcrumb","itemListElement":[{"@type":"ListItem","position":1,"name":"Startseite","item":"https:\/\/alex.b-safety.com\/"},{"@type":"ListItem","position":2,"name":"Shop","item":"https:\/\/alex.b-safety.com\/en\/shop\/"},{"@type":"ListItem","position":3,"name":"ClassicLine Tank-Augendusche mit Edelstahltank f\u00fcr Bodenmontage"}]},{"@type":"WebSite","@id":"https:\/\/alex.b-safety.com\/#website","url":"https:\/\/alex.b-safety.com\/","name":"B-SAFETY","description":"","potentialAction":[{"@type":"SearchAction","target":{"@type":"EntryPoint","urlTemplate":"https:\/\/alex.b-safety.com\/?s={search_term_string}"},"query-input":{"@type":"PropertyValueSpecification","valueRequired":true,"valueName":"search_term_string"}}],"inLanguage":"en-US"}]}},"_links":{"self":[{"href":"https:\/\/alex.b-safety.com\/en\/wp-json\/wp\/v2\/product\/5254","targetHints":{"allow":["GET"]}}],"collection":[{"href":"https:\/\/alex.b-safety.com\/en\/wp-json\/wp\/v2\/product"}],"about":[{"href":"https:\/\/alex.b-safety.com\/en\/wp-json\/wp\/v2\/types\/product"}],"replies":[{"embeddable":true,"href":"https:\/\/alex.b-safety.com\/en\/wp-json\/wp\/v2\/comments?post=5254"}],"version-history":[{"count":9,"href":"https:\/\/alex.b-safety.com\/en\/wp-json\/wp\/v2\/product\/5254\/revisions"}],"predecessor-version":[{"id":10444,"href":"https:\/\/alex.b-safety.com\/en\/wp-json\/wp\/v2\/product\/5254\/revisions\/10444"}],"wp:featuredmedia":[{"embeddable":true,"href":"https:\/\/alex.b-safety.com\/en\/wp-json\/wp\/v2\/media\/7365"}],"wp:attachment":[{"href":"https:\/\/alex.b-safety.com\/en\/wp-json\/wp\/v2\/media?parent=5254"}],"wp:term":[{"taxonomy":"product_brand","embeddable":true,"href":"https:\/\/alex.b-safety.com\/en\/wp-json\/wp\/v2\/product_brand?post=5254"},{"taxonomy":"product_cat","embeddable":true,"href":"https:\/\/alex.b-safety.com\/en\/wp-json\/wp\/v2\/product_cat?post=5254"},{"taxonomy":"product_tag","embeddable":true,"href":"https:\/\/alex.b-safety.com\/en\/wp-json\/wp\/v2\/product_tag?post=5254"}],"curies":[{"name":"wp","href":"https:\/\/api.w.org\/{rel}","templated":true}]}}