{"id":5398,"date":"2025-01-17T11:17:54","date_gmt":"2025-01-17T10:17:54","guid":{"rendered":"https:\/\/alex.b-safety.com\/premiumline-koerper-notdusche-3\/"},"modified":"2026-04-27T15:36:21","modified_gmt":"2026-04-27T13:36:21","slug":"premiumline-koerper-notdusche-edelstahl-fuer-deckenmontage-unterputz","status":"publish","type":"product","link":"https:\/\/alex.b-safety.com\/en\/product\/premiumline-koerper-notdusche-edelstahl-fuer-deckenmontage-unterputz\/","title":{"rendered":"PremiumLine K\u00f6rper-Notdusche Edelstahl, f\u00fcr Deckenmontage Unterputz"},"content":{"rendered":"<h3>Produktbeschreibung<\/h3>\n<p>Die K\u00f6rper-Notduschen sind mit dem B-SAFETY Hochleistungsduschkopf ausgestattet, der nicht nur die Vorgaben der ANSI Z358.1 und der DIN EN 15154 erf\u00fcllt, sondern auch selbstentleerend, weitestgehend verkalkungs- und wartungsfrei sowie sehr robust und korrosionsbest\u00e4ndig ist. Der begrenzte, gleichm\u00e4\u00dfige und vor allem weiche Wasserstrahl ist optimiert f\u00fcr das Absp\u00fclen von Chemikalien auf der Haut.<\/p>\n<p>Der integrierte automatische Mengenregulator sorgt f\u00fcr ein normgerechtes Strahlbild unabh\u00e4ngig vom vor Ort anstehenden Wasserdruck. Mit dem beiliegenden Hinweisschild gem\u00e4\u00df DIN EN ISO 7010 und ASR A1.3 wird die B-SAFETY Notdusche gekennzeichnet und die Sichtbarkeit wird verbessert. Die Erkennungsweite betr\u00e4gt 15 Meter.<\/p>\n<h3>Technische Beschreibung<\/h3>\n<ul>\n<li>Verbindungsrohr 3\/4-Zoll aus Edelstahl, poliert, L\u00e4nge 75 mm, Wasseranschluss 3\/4-Zoll-AG<\/li>\n<li>Schubrosette aus Polyamid zur Abdeckung des Installationsanschlusses<\/li>\n<li>Kugelhahn 3\/4-Zoll aus Edelstahl, mit Zugstangenbet\u00e4tigung, DIN-DVGW gepr\u00fcft und zugelassen<\/li>\n<li>Zugstange mit Ringgriff aus Edelstahl, poliert, L\u00e4nge 700 mm<\/li>\n<li>Deckenduscharm 3\/4-Zoll aus Edelstahl, poliert, Lichte H\u00f6he 265 mm<\/li>\n<li>integrierter automatischer Mengenregulator 50 Liter \/ Minute f\u00fcr ein normgerechtes Strahlbild bei einem vorgegebenen Arbeitsbereich von 1,5 bis 3 bar Flie\u00dfdruck<\/li>\n<li>Hochleistungsduschkopf aus Edelstahl, poliert, mit verbessertem Strahlbild, korrosionsbest\u00e4ndig, weitestgehend verkalkungs- und wartungsfrei, sehr robust, selbst entleerend<\/li>\n<li>Hinweisschild f\u00fcr K\u00f6rper-Notdusche nach DIN EN ISO 7010 und ASR A1.3, selbstklebende PVC-Folie, Abmessungen 150 x 150 mm, Erkennungsweite 15 Meter<\/li>\n<li>Anbringungsh\u00f6he 2465 mm (\u00b1 100 mm)<\/li>\n<li>gem\u00e4\u00df BGI\/GUV-I 850-0, DIN 1988 und DIN EN 1717<\/li>\n<li>gem\u00e4\u00df ANSI Z358.1-2014, DIN EN 15154-1:2006 und DIN EN 15154-5:2019<\/li>\n<li>DIN-DVGW gepr\u00fcft und zugelassen<\/li>\n<\/ul>\n","protected":false},"excerpt":{"rendered":"<p>Die B-SAFETY K\u00f6rper-Notduschen der Serie PremiumLine werden aus Edelstahl gefertigt und sind f\u00fcr den Einsatz in Labor und Forschung ebenso geeignet wie f\u00fcr den rauen Einsatz in der Industrie. Die polierte Edelstahl-Oberfl\u00e4che ist nicht nur best\u00e4ndig gegen viele Chemikalien, sondern bietet auch ein modernes Design f\u00fcr Labore und Reinr\u00e4ume.<\/p>\n","protected":false},"featured_media":5378,"comment_status":"closed","ping_status":"closed","template":"","meta":[],"product_brand":[],"product_cat":[105,104],"product_tag":[342],"class_list":{"0":"post-5398","1":"product","2":"type-product","3":"status-publish","4":"has-post-thumbnail","6":"product_cat-koerper-notduschen","7":"product_cat-notduschen","8":"product_tag-deckenmontage-unterputz","10":"first","11":"instock","12":"product-type-simple"},"yoast_head":"<!-- This site is optimized with the Yoast SEO plugin v27.4 - https:\/\/yoast.com\/product\/yoast-seo-wordpress\/ -->\n<title>PremiumLine K\u00f6rper-Notdusche Edelstahl, f\u00fcr Deckenmontage Unterputz | B-SAFETY<\/title>\n<meta name=\"description\" content=\"PremiumLine K\u00f6rper-Notdusche Edelstahl, f\u00fcr Deckenmontage Unterputz\" \/>\n<meta name=\"robots\" content=\"noindex, follow, max-snippet:-1, max-image-preview:large, max-video-preview:-1\" \/>\n<meta property=\"og:locale\" content=\"en_US\" \/>\n<meta property=\"og:type\" content=\"article\" \/>\n<meta property=\"og:title\" content=\"PremiumLine K\u00f6rper-Notdusche Edelstahl, f\u00fcr Deckenmontage Unterputz | B-SAFETY\" \/>\n<meta property=\"og:description\" content=\"PremiumLine K\u00f6rper-Notdusche Edelstahl, f\u00fcr Deckenmontage Unterputz\" \/>\n<meta property=\"og:url\" content=\"https:\/\/alex.b-safety.com\/produkt\/premiumline-koerper-notdusche-edelstahl-fuer-deckenmontage-unterputz\/\" \/>\n<meta property=\"og:site_name\" content=\"B-SAFETY\" \/>\n<meta property=\"article:modified_time\" content=\"2026-04-27T13:36:21+00:00\" \/>\n<meta property=\"og:image\" content=\"https:\/\/alex.b-safety.com\/wp-content\/uploads\/2025\/01\/BR083095_Koerper.jpg\" \/>\n\t<meta property=\"og:image:width\" content=\"600\" \/>\n\t<meta property=\"og:image:height\" content=\"600\" \/>\n\t<meta property=\"og:image:type\" content=\"image\/jpeg\" \/>\n<meta name=\"twitter:card\" content=\"summary_large_image\" \/>\n<meta name=\"twitter:label1\" content=\"Est. reading time\" \/>\n\t<meta name=\"twitter:data1\" content=\"2 minutes\" \/>\n<script type=\"application\/ld+json\" class=\"yoast-schema-graph\">{\"@context\":\"https:\\\/\\\/schema.org\",\"@graph\":[{\"@type\":\"WebPage\",\"@id\":\"https:\\\/\\\/alex.b-safety.com\\\/produkt\\\/premiumline-koerper-notdusche-edelstahl-fuer-deckenmontage-unterputz\\\/\",\"url\":\"https:\\\/\\\/alex.b-safety.com\\\/produkt\\\/premiumline-koerper-notdusche-edelstahl-fuer-deckenmontage-unterputz\\\/\",\"name\":\"PremiumLine K\u00f6rper-Notdusche Edelstahl, f\u00fcr Deckenmontage Unterputz | B-SAFETY\",\"isPartOf\":{\"@id\":\"https:\\\/\\\/alex.b-safety.com\\\/#website\"},\"primaryImageOfPage\":{\"@id\":\"https:\\\/\\\/alex.b-safety.com\\\/produkt\\\/premiumline-koerper-notdusche-edelstahl-fuer-deckenmontage-unterputz\\\/#primaryimage\"},\"image\":{\"@id\":\"https:\\\/\\\/alex.b-safety.com\\\/produkt\\\/premiumline-koerper-notdusche-edelstahl-fuer-deckenmontage-unterputz\\\/#primaryimage\"},\"thumbnailUrl\":\"https:\\\/\\\/alex.b-safety.com\\\/wp-content\\\/uploads\\\/2025\\\/01\\\/BR083095_Koerper.jpg\",\"datePublished\":\"2025-01-17T10:17:54+00:00\",\"dateModified\":\"2026-04-27T13:36:21+00:00\",\"description\":\"PremiumLine K\u00f6rper-Notdusche Edelstahl, f\u00fcr Deckenmontage Unterputz\",\"breadcrumb\":{\"@id\":\"https:\\\/\\\/alex.b-safety.com\\\/produkt\\\/premiumline-koerper-notdusche-edelstahl-fuer-deckenmontage-unterputz\\\/#breadcrumb\"},\"inLanguage\":\"en-US\",\"potentialAction\":[{\"@type\":\"ReadAction\",\"target\":[\"https:\\\/\\\/alex.b-safety.com\\\/produkt\\\/premiumline-koerper-notdusche-edelstahl-fuer-deckenmontage-unterputz\\\/\"]}]},{\"@type\":\"ImageObject\",\"inLanguage\":\"en-US\",\"@id\":\"https:\\\/\\\/alex.b-safety.com\\\/produkt\\\/premiumline-koerper-notdusche-edelstahl-fuer-deckenmontage-unterputz\\\/#primaryimage\",\"url\":\"https:\\\/\\\/alex.b-safety.com\\\/wp-content\\\/uploads\\\/2025\\\/01\\\/BR083095_Koerper.jpg\",\"contentUrl\":\"https:\\\/\\\/alex.b-safety.com\\\/wp-content\\\/uploads\\\/2025\\\/01\\\/BR083095_Koerper.jpg\",\"width\":600,\"height\":600},{\"@type\":\"BreadcrumbList\",\"@id\":\"https:\\\/\\\/alex.b-safety.com\\\/produkt\\\/premiumline-koerper-notdusche-edelstahl-fuer-deckenmontage-unterputz\\\/#breadcrumb\",\"itemListElement\":[{\"@type\":\"ListItem\",\"position\":1,\"name\":\"Startseite\",\"item\":\"https:\\\/\\\/alex.b-safety.com\\\/\"},{\"@type\":\"ListItem\",\"position\":2,\"name\":\"Shop\",\"item\":\"https:\\\/\\\/alex.b-safety.com\\\/en\\\/shop\\\/\"},{\"@type\":\"ListItem\",\"position\":3,\"name\":\"PremiumLine K\u00f6rper-Notdusche Edelstahl, f\u00fcr Deckenmontage Unterputz\"}]},{\"@type\":\"WebSite\",\"@id\":\"https:\\\/\\\/alex.b-safety.com\\\/#website\",\"url\":\"https:\\\/\\\/alex.b-safety.com\\\/\",\"name\":\"B-SAFETY\",\"description\":\"\",\"potentialAction\":[{\"@type\":\"SearchAction\",\"target\":{\"@type\":\"EntryPoint\",\"urlTemplate\":\"https:\\\/\\\/alex.b-safety.com\\\/?s={search_term_string}\"},\"query-input\":{\"@type\":\"PropertyValueSpecification\",\"valueRequired\":true,\"valueName\":\"search_term_string\"}}],\"inLanguage\":\"en-US\"}]}<\/script>\n<!-- \/ Yoast SEO plugin. -->","yoast_head_json":{"title":"PremiumLine K\u00f6rper-Notdusche Edelstahl, f\u00fcr Deckenmontage Unterputz | B-SAFETY","description":"PremiumLine K\u00f6rper-Notdusche Edelstahl, f\u00fcr Deckenmontage Unterputz","robots":{"index":"noindex","follow":"follow","max-snippet":"max-snippet:-1","max-image-preview":"max-image-preview:large","max-video-preview":"max-video-preview:-1"},"og_locale":"en_US","og_type":"article","og_title":"PremiumLine K\u00f6rper-Notdusche Edelstahl, f\u00fcr Deckenmontage Unterputz | B-SAFETY","og_description":"PremiumLine K\u00f6rper-Notdusche Edelstahl, f\u00fcr Deckenmontage Unterputz","og_url":"https:\/\/alex.b-safety.com\/produkt\/premiumline-koerper-notdusche-edelstahl-fuer-deckenmontage-unterputz\/","og_site_name":"B-SAFETY","article_modified_time":"2026-04-27T13:36:21+00:00","og_image":[{"width":600,"height":600,"url":"https:\/\/alex.b-safety.com\/wp-content\/uploads\/2025\/01\/BR083095_Koerper.jpg","type":"image\/jpeg"}],"twitter_card":"summary_large_image","twitter_misc":{"Est. reading time":"2 minutes"},"schema":{"@context":"https:\/\/schema.org","@graph":[{"@type":"WebPage","@id":"https:\/\/alex.b-safety.com\/produkt\/premiumline-koerper-notdusche-edelstahl-fuer-deckenmontage-unterputz\/","url":"https:\/\/alex.b-safety.com\/produkt\/premiumline-koerper-notdusche-edelstahl-fuer-deckenmontage-unterputz\/","name":"PremiumLine K\u00f6rper-Notdusche Edelstahl, f\u00fcr Deckenmontage Unterputz | B-SAFETY","isPartOf":{"@id":"https:\/\/alex.b-safety.com\/#website"},"primaryImageOfPage":{"@id":"https:\/\/alex.b-safety.com\/produkt\/premiumline-koerper-notdusche-edelstahl-fuer-deckenmontage-unterputz\/#primaryimage"},"image":{"@id":"https:\/\/alex.b-safety.com\/produkt\/premiumline-koerper-notdusche-edelstahl-fuer-deckenmontage-unterputz\/#primaryimage"},"thumbnailUrl":"https:\/\/alex.b-safety.com\/wp-content\/uploads\/2025\/01\/BR083095_Koerper.jpg","datePublished":"2025-01-17T10:17:54+00:00","dateModified":"2026-04-27T13:36:21+00:00","description":"PremiumLine K\u00f6rper-Notdusche Edelstahl, f\u00fcr Deckenmontage Unterputz","breadcrumb":{"@id":"https:\/\/alex.b-safety.com\/produkt\/premiumline-koerper-notdusche-edelstahl-fuer-deckenmontage-unterputz\/#breadcrumb"},"inLanguage":"en-US","potentialAction":[{"@type":"ReadAction","target":["https:\/\/alex.b-safety.com\/produkt\/premiumline-koerper-notdusche-edelstahl-fuer-deckenmontage-unterputz\/"]}]},{"@type":"ImageObject","inLanguage":"en-US","@id":"https:\/\/alex.b-safety.com\/produkt\/premiumline-koerper-notdusche-edelstahl-fuer-deckenmontage-unterputz\/#primaryimage","url":"https:\/\/alex.b-safety.com\/wp-content\/uploads\/2025\/01\/BR083095_Koerper.jpg","contentUrl":"https:\/\/alex.b-safety.com\/wp-content\/uploads\/2025\/01\/BR083095_Koerper.jpg","width":600,"height":600},{"@type":"BreadcrumbList","@id":"https:\/\/alex.b-safety.com\/produkt\/premiumline-koerper-notdusche-edelstahl-fuer-deckenmontage-unterputz\/#breadcrumb","itemListElement":[{"@type":"ListItem","position":1,"name":"Startseite","item":"https:\/\/alex.b-safety.com\/"},{"@type":"ListItem","position":2,"name":"Shop","item":"https:\/\/alex.b-safety.com\/en\/shop\/"},{"@type":"ListItem","position":3,"name":"PremiumLine K\u00f6rper-Notdusche Edelstahl, f\u00fcr Deckenmontage Unterputz"}]},{"@type":"WebSite","@id":"https:\/\/alex.b-safety.com\/#website","url":"https:\/\/alex.b-safety.com\/","name":"B-SAFETY","description":"","potentialAction":[{"@type":"SearchAction","target":{"@type":"EntryPoint","urlTemplate":"https:\/\/alex.b-safety.com\/?s={search_term_string}"},"query-input":{"@type":"PropertyValueSpecification","valueRequired":true,"valueName":"search_term_string"}}],"inLanguage":"en-US"}]}},"_links":{"self":[{"href":"https:\/\/alex.b-safety.com\/en\/wp-json\/wp\/v2\/product\/5398","targetHints":{"allow":["GET"]}}],"collection":[{"href":"https:\/\/alex.b-safety.com\/en\/wp-json\/wp\/v2\/product"}],"about":[{"href":"https:\/\/alex.b-safety.com\/en\/wp-json\/wp\/v2\/types\/product"}],"replies":[{"embeddable":true,"href":"https:\/\/alex.b-safety.com\/en\/wp-json\/wp\/v2\/comments?post=5398"}],"version-history":[{"count":3,"href":"https:\/\/alex.b-safety.com\/en\/wp-json\/wp\/v2\/product\/5398\/revisions"}],"predecessor-version":[{"id":6476,"href":"https:\/\/alex.b-safety.com\/en\/wp-json\/wp\/v2\/product\/5398\/revisions\/6476"}],"wp:featuredmedia":[{"embeddable":true,"href":"https:\/\/alex.b-safety.com\/en\/wp-json\/wp\/v2\/media\/5378"}],"wp:attachment":[{"href":"https:\/\/alex.b-safety.com\/en\/wp-json\/wp\/v2\/media?parent=5398"}],"wp:term":[{"taxonomy":"product_brand","embeddable":true,"href":"https:\/\/alex.b-safety.com\/en\/wp-json\/wp\/v2\/product_brand?post=5398"},{"taxonomy":"product_cat","embeddable":true,"href":"https:\/\/alex.b-safety.com\/en\/wp-json\/wp\/v2\/product_cat?post=5398"},{"taxonomy":"product_tag","embeddable":true,"href":"https:\/\/alex.b-safety.com\/en\/wp-json\/wp\/v2\/product_tag?post=5398"}],"curies":[{"name":"wp","href":"https:\/\/api.w.org\/{rel}","templated":true}]}}