{"id":5455,"date":"2025-01-20T10:43:15","date_gmt":"2025-01-20T09:43:15","guid":{"rendered":"https:\/\/alex.b-safety.com\/premiumline-koerper-notdusche-mit-augendusche-mit-auffangbecken-aus-edelstahl\/"},"modified":"2026-04-28T11:19:09","modified_gmt":"2026-04-28T09:19:09","slug":"premiumline-koerper-notdusche-mit-augendusche-mit-auffangbecken-edelstahl-fuer-bodenmontage","status":"publish","type":"product","link":"https:\/\/alex.b-safety.com\/en\/product\/premiumline-koerper-notdusche-mit-augendusche-mit-auffangbecken-edelstahl-fuer-bodenmontage\/","title":{"rendered":"PremiumLine K\u00f6rper-Notdusche mit Augendusche mit Auffangbecken, Edelstahl f\u00fcr Bodenmontage"},"content":{"rendered":"<h3>Produktbeschreibung<\/h3>\n<p>Die B-SAFETY K\u00f6rper-Notduschen der Serie PremiumLine werden aus Edelstahl gefertigt und sind f\u00fcr den Einsatz in Labor und Forschung ebenso geeignet wie f\u00fcr den rauen Einsatz in der Industrie. Die polierte Edelstahl-Oberfl\u00e4che ist nicht nur best\u00e4ndig gegen viele Chemikalien, sondern bietet auch ein modernes Design f\u00fcr Labore und Reinr\u00e4ume.<\/p>\n<p>Die K\u00f6rper-Notduschen sind mit dem B-SAFETY Hochleistungsduschkopf ausgestattet, der nicht nur die Vorgaben der ANSI Z358.1 und der DIN EN 15154 erf\u00fcllt, sondern auch selbstentleerend, weitestgehend verkalkungs- und wartungsfrei sowie sehr robust und korrosionsbest\u00e4ndig ist. Der begrenzte, gleichm\u00e4\u00dfige und vor allem weiche Wasserstrahl ist optimiert f\u00fcr das Absp\u00fclen von Chemikalien auf der Haut.<\/p>\n<h3>Technische Beschreibung<\/h3>\n<ul>\n<li>inklusive oberem und unterem Wasseranschluss 1 1\/4-Zoll-IG f\u00fcr den Einbau in Zirkulationsleitungen, Stopfen 1 1\/4-Zoll aus Edelstahl<\/li>\n<li>Standfuss mit 4 Befestigungsbohrungen aus Edelstahl, poliert, Durchmesser 200 mm<br \/>\nStandrohr 1 1\/4-Zoll aus Edelstahl dreiteilig, poliert, mit oberem und unterem Wasseranschluss 1 1\/4-Zoll-IG, Gesamth\u00f6he 2300 mm<\/li>\n<li>Verbindungsst\u00fcck aus Edelstahl, f\u00fcr eine schnelle Montage vor Ort und einfache Ausrichtung des Duscharms<\/li>\n<li>Kugelhahn 3\/4-Zoll aus Edelstahl, mit Schnellmontagesystem und Zugstangenbet\u00e4tigung, DIN-DVGW gepr\u00fcft und zugelassen<\/li>\n<li>Zugstange mit Ringgriff aus Edelstahl, poliert, L\u00e4nge 700 mm<\/li>\n<li>Wandduscharm 3\/4-Zoll aus Edelstahl, poliert, Ausladung 630 mm<\/li>\n<li>integrierter automatischer Mengenregulator 50 Liter \/ Minute f\u00fcr ein normgerechtes Strahlbild bei einem vorgegebenen Arbeitsbereich von 1,5 bis 3 bar Flie\u00dfdruck<\/li>\n<li>Hochleistungsduschkopf aus Edelstahl, poliert, mit verbessertem Strahlbild, korrosionsbest\u00e4ndig, weitestgehend verkalkungs- und wartungsfrei, sehr robust, selbst entleerend<\/li>\n<li>Hinweisschild f\u00fcr K\u00f6rper-Notdusche nach DIN EN ISO 7010 und ASR A1.3, selbstklebende PVC-Folie, Abmessungen 150 x 150 mm, Erkennungsweite 15 Meter<\/li>\n<li>integrierte PremiumLine Sicherheits-Augendusche mit Auffangbecken aus Edelstahl, Montageh\u00f6he 900 mm, Ausrichtung der Augendusche vor Ort frei w\u00e4hlbar<\/li>\n<li>Anschlussrohr aus Edelstahl f\u00fcr eine einfache Montage und Ausrichtung der Dusche, poliert<\/li>\n<li>Kugelhahn 1\/2-Zoll aus Edelstahl, mit PUSH-Hebel-Bedienung, DIN-DVGW gepr\u00fcft und zugelassen<\/li>\n<li>Bedienplatte aus Edelstahl, poliert, L\u00e4nge 240 mm, mit gro\u00dfem Signal &#8220;PUSH&#8221;, langnachleuchtend gem\u00e4\u00df DIN 67510<\/li>\n<li>integrierter automatischer Mengenregulator 14 Liter \/ Minute f\u00fcr ein normgerechtes Strahlbild bei einem vorgegebenen Arbeitsbereich von 2,5 bis 5 bar Flie\u00dfdruck<\/li>\n<li>breitstrahlende Hochleistungsbrausek\u00f6pfe aus Edelstahl, poliert, mit Kunststoffspr\u00fchplatte, verkalkungsarm, inkl. Gummischutz und dichtschlie\u00dfendem Staubdeckel mit Klappmechanismus, montiert \u00fcber Verteilergabel<\/li>\n<li>Auffangbecken aus Edelstahl, Durchmesser 275 mm, poliert, Ablaufanschluss 1 1\/4-Zoll-AG<\/li>\n<li>Hinweisschild f\u00fcr Augendusche nach DIN EN ISO 7010 und ASR A1.3, selbstklebende PVC-Folie, Abmessungen 100 x 100 mm, Erkennungsweite 10 Meter<\/li>\n<li>gem\u00e4\u00df BGI\/GUV-I 850-0, DIN 1988 und DIN EN 1717<\/li>\n<li>gem\u00e4\u00df ANSI Z358.1-2014, DIN EN 15154-1:2006, DIN EN 15154-2:2006 und DIN EN 15154-5:2019<\/li>\n<li>DIN-DVGW gepr\u00fcft und zugelassen<\/li>\n<\/ul>\n","protected":false},"excerpt":{"rendered":"<p>Die Freistehenden Industrie-Notduschen werden immer dann eingesetzt, wenn eine Wandmontage der Dusche nicht m\u00f6glich ist oder aber ein zentraler Anlaufpunkt f\u00fcr die Erste Hilfe geschaffen werden soll. Sinnvoll ist der Einsatz auch in gro\u00dfen Hallen und Produktionsanlagen. Ein gro\u00dfer Vorteil ist die gute Sichtbarkeit der Dusche von allen Seiten. Die Freistehenden Notduschen k\u00f6nnen optional mit einer gro\u00dfen Auswahl an Optionen an die Anforderungen vor Ort angepasst werden.<\/p>\n","protected":false},"featured_media":5466,"comment_status":"closed","ping_status":"closed","template":"","meta":[],"product_brand":[],"product_cat":[113,104],"product_tag":[170],"class_list":{"0":"post-5455","1":"product","2":"type-product","3":"status-publish","4":"has-post-thumbnail","6":"product_cat-freistehende-notduschen","7":"product_cat-notduschen","8":"product_tag-bodenmontage","10":"first","11":"instock","12":"product-type-simple"},"yoast_head":"<!-- This site is optimized with the Yoast SEO plugin v27.4 - https:\/\/yoast.com\/product\/yoast-seo-wordpress\/ -->\n<title>PremiumLine K\u00f6rper-Notdusche mit Augendusche mit Auffangbecken, Edelstahl f\u00fcr Bodenmontage | B-SAFETY<\/title>\n<meta name=\"description\" content=\"PremiumLine K\u00f6rper-Notdusche mit Augendusche mit Auffangbecken, Edelstahl f\u00fcr Bodenmontage\" \/>\n<meta name=\"robots\" content=\"noindex, follow, max-snippet:-1, max-image-preview:large, max-video-preview:-1\" \/>\n<meta property=\"og:locale\" content=\"en_US\" \/>\n<meta property=\"og:type\" content=\"article\" \/>\n<meta property=\"og:title\" content=\"PremiumLine K\u00f6rper-Notdusche mit Augendusche mit Auffangbecken, Edelstahl f\u00fcr Bodenmontage | B-SAFETY\" \/>\n<meta property=\"og:description\" content=\"PremiumLine K\u00f6rper-Notdusche mit Augendusche mit Auffangbecken, Edelstahl f\u00fcr Bodenmontage\" \/>\n<meta property=\"og:url\" content=\"https:\/\/alex.b-safety.com\/produkt\/premiumline-koerper-notdusche-mit-augendusche-mit-auffangbecken-edelstahl-fuer-bodenmontage\/\" \/>\n<meta property=\"og:site_name\" content=\"B-SAFETY\" \/>\n<meta property=\"article:modified_time\" content=\"2026-04-28T09:19:09+00:00\" \/>\n<meta property=\"og:image\" content=\"https:\/\/alex.b-safety.com\/wp-content\/uploads\/2025\/01\/BR837095_Frei.jpg\" \/>\n\t<meta property=\"og:image:width\" content=\"600\" \/>\n\t<meta property=\"og:image:height\" content=\"600\" \/>\n\t<meta property=\"og:image:type\" content=\"image\/jpeg\" \/>\n<meta name=\"twitter:card\" content=\"summary_large_image\" \/>\n<meta name=\"twitter:label1\" content=\"Est. reading time\" \/>\n\t<meta name=\"twitter:data1\" content=\"3 minutes\" \/>\n<script type=\"application\/ld+json\" class=\"yoast-schema-graph\">{\"@context\":\"https:\\\/\\\/schema.org\",\"@graph\":[{\"@type\":\"WebPage\",\"@id\":\"https:\\\/\\\/alex.b-safety.com\\\/produkt\\\/premiumline-koerper-notdusche-mit-augendusche-mit-auffangbecken-edelstahl-fuer-bodenmontage\\\/\",\"url\":\"https:\\\/\\\/alex.b-safety.com\\\/produkt\\\/premiumline-koerper-notdusche-mit-augendusche-mit-auffangbecken-edelstahl-fuer-bodenmontage\\\/\",\"name\":\"PremiumLine K\u00f6rper-Notdusche mit Augendusche mit Auffangbecken, Edelstahl f\u00fcr Bodenmontage | B-SAFETY\",\"isPartOf\":{\"@id\":\"https:\\\/\\\/alex.b-safety.com\\\/#website\"},\"primaryImageOfPage\":{\"@id\":\"https:\\\/\\\/alex.b-safety.com\\\/produkt\\\/premiumline-koerper-notdusche-mit-augendusche-mit-auffangbecken-edelstahl-fuer-bodenmontage\\\/#primaryimage\"},\"image\":{\"@id\":\"https:\\\/\\\/alex.b-safety.com\\\/produkt\\\/premiumline-koerper-notdusche-mit-augendusche-mit-auffangbecken-edelstahl-fuer-bodenmontage\\\/#primaryimage\"},\"thumbnailUrl\":\"https:\\\/\\\/alex.b-safety.com\\\/wp-content\\\/uploads\\\/2025\\\/01\\\/BR837095_Frei.jpg\",\"datePublished\":\"2025-01-20T09:43:15+00:00\",\"dateModified\":\"2026-04-28T09:19:09+00:00\",\"description\":\"PremiumLine K\u00f6rper-Notdusche mit Augendusche mit Auffangbecken, Edelstahl f\u00fcr Bodenmontage\",\"breadcrumb\":{\"@id\":\"https:\\\/\\\/alex.b-safety.com\\\/produkt\\\/premiumline-koerper-notdusche-mit-augendusche-mit-auffangbecken-edelstahl-fuer-bodenmontage\\\/#breadcrumb\"},\"inLanguage\":\"en-US\",\"potentialAction\":[{\"@type\":\"ReadAction\",\"target\":[\"https:\\\/\\\/alex.b-safety.com\\\/produkt\\\/premiumline-koerper-notdusche-mit-augendusche-mit-auffangbecken-edelstahl-fuer-bodenmontage\\\/\"]}]},{\"@type\":\"ImageObject\",\"inLanguage\":\"en-US\",\"@id\":\"https:\\\/\\\/alex.b-safety.com\\\/produkt\\\/premiumline-koerper-notdusche-mit-augendusche-mit-auffangbecken-edelstahl-fuer-bodenmontage\\\/#primaryimage\",\"url\":\"https:\\\/\\\/alex.b-safety.com\\\/wp-content\\\/uploads\\\/2025\\\/01\\\/BR837095_Frei.jpg\",\"contentUrl\":\"https:\\\/\\\/alex.b-safety.com\\\/wp-content\\\/uploads\\\/2025\\\/01\\\/BR837095_Frei.jpg\",\"width\":600,\"height\":600},{\"@type\":\"BreadcrumbList\",\"@id\":\"https:\\\/\\\/alex.b-safety.com\\\/produkt\\\/premiumline-koerper-notdusche-mit-augendusche-mit-auffangbecken-edelstahl-fuer-bodenmontage\\\/#breadcrumb\",\"itemListElement\":[{\"@type\":\"ListItem\",\"position\":1,\"name\":\"Startseite\",\"item\":\"https:\\\/\\\/alex.b-safety.com\\\/\"},{\"@type\":\"ListItem\",\"position\":2,\"name\":\"Shop\",\"item\":\"https:\\\/\\\/alex.b-safety.com\\\/en\\\/shop\\\/\"},{\"@type\":\"ListItem\",\"position\":3,\"name\":\"PremiumLine K\u00f6rper-Notdusche mit Augendusche mit Auffangbecken, Edelstahl f\u00fcr Bodenmontage\"}]},{\"@type\":\"WebSite\",\"@id\":\"https:\\\/\\\/alex.b-safety.com\\\/#website\",\"url\":\"https:\\\/\\\/alex.b-safety.com\\\/\",\"name\":\"B-SAFETY\",\"description\":\"\",\"potentialAction\":[{\"@type\":\"SearchAction\",\"target\":{\"@type\":\"EntryPoint\",\"urlTemplate\":\"https:\\\/\\\/alex.b-safety.com\\\/?s={search_term_string}\"},\"query-input\":{\"@type\":\"PropertyValueSpecification\",\"valueRequired\":true,\"valueName\":\"search_term_string\"}}],\"inLanguage\":\"en-US\"}]}<\/script>\n<!-- \/ Yoast SEO plugin. -->","yoast_head_json":{"title":"PremiumLine K\u00f6rper-Notdusche mit Augendusche mit Auffangbecken, Edelstahl f\u00fcr Bodenmontage | B-SAFETY","description":"PremiumLine K\u00f6rper-Notdusche mit Augendusche mit Auffangbecken, Edelstahl f\u00fcr Bodenmontage","robots":{"index":"noindex","follow":"follow","max-snippet":"max-snippet:-1","max-image-preview":"max-image-preview:large","max-video-preview":"max-video-preview:-1"},"og_locale":"en_US","og_type":"article","og_title":"PremiumLine K\u00f6rper-Notdusche mit Augendusche mit Auffangbecken, Edelstahl f\u00fcr Bodenmontage | B-SAFETY","og_description":"PremiumLine K\u00f6rper-Notdusche mit Augendusche mit Auffangbecken, Edelstahl f\u00fcr Bodenmontage","og_url":"https:\/\/alex.b-safety.com\/produkt\/premiumline-koerper-notdusche-mit-augendusche-mit-auffangbecken-edelstahl-fuer-bodenmontage\/","og_site_name":"B-SAFETY","article_modified_time":"2026-04-28T09:19:09+00:00","og_image":[{"width":600,"height":600,"url":"https:\/\/alex.b-safety.com\/wp-content\/uploads\/2025\/01\/BR837095_Frei.jpg","type":"image\/jpeg"}],"twitter_card":"summary_large_image","twitter_misc":{"Est. reading time":"3 minutes"},"schema":{"@context":"https:\/\/schema.org","@graph":[{"@type":"WebPage","@id":"https:\/\/alex.b-safety.com\/produkt\/premiumline-koerper-notdusche-mit-augendusche-mit-auffangbecken-edelstahl-fuer-bodenmontage\/","url":"https:\/\/alex.b-safety.com\/produkt\/premiumline-koerper-notdusche-mit-augendusche-mit-auffangbecken-edelstahl-fuer-bodenmontage\/","name":"PremiumLine K\u00f6rper-Notdusche mit Augendusche mit Auffangbecken, Edelstahl f\u00fcr Bodenmontage | B-SAFETY","isPartOf":{"@id":"https:\/\/alex.b-safety.com\/#website"},"primaryImageOfPage":{"@id":"https:\/\/alex.b-safety.com\/produkt\/premiumline-koerper-notdusche-mit-augendusche-mit-auffangbecken-edelstahl-fuer-bodenmontage\/#primaryimage"},"image":{"@id":"https:\/\/alex.b-safety.com\/produkt\/premiumline-koerper-notdusche-mit-augendusche-mit-auffangbecken-edelstahl-fuer-bodenmontage\/#primaryimage"},"thumbnailUrl":"https:\/\/alex.b-safety.com\/wp-content\/uploads\/2025\/01\/BR837095_Frei.jpg","datePublished":"2025-01-20T09:43:15+00:00","dateModified":"2026-04-28T09:19:09+00:00","description":"PremiumLine K\u00f6rper-Notdusche mit Augendusche mit Auffangbecken, Edelstahl f\u00fcr Bodenmontage","breadcrumb":{"@id":"https:\/\/alex.b-safety.com\/produkt\/premiumline-koerper-notdusche-mit-augendusche-mit-auffangbecken-edelstahl-fuer-bodenmontage\/#breadcrumb"},"inLanguage":"en-US","potentialAction":[{"@type":"ReadAction","target":["https:\/\/alex.b-safety.com\/produkt\/premiumline-koerper-notdusche-mit-augendusche-mit-auffangbecken-edelstahl-fuer-bodenmontage\/"]}]},{"@type":"ImageObject","inLanguage":"en-US","@id":"https:\/\/alex.b-safety.com\/produkt\/premiumline-koerper-notdusche-mit-augendusche-mit-auffangbecken-edelstahl-fuer-bodenmontage\/#primaryimage","url":"https:\/\/alex.b-safety.com\/wp-content\/uploads\/2025\/01\/BR837095_Frei.jpg","contentUrl":"https:\/\/alex.b-safety.com\/wp-content\/uploads\/2025\/01\/BR837095_Frei.jpg","width":600,"height":600},{"@type":"BreadcrumbList","@id":"https:\/\/alex.b-safety.com\/produkt\/premiumline-koerper-notdusche-mit-augendusche-mit-auffangbecken-edelstahl-fuer-bodenmontage\/#breadcrumb","itemListElement":[{"@type":"ListItem","position":1,"name":"Startseite","item":"https:\/\/alex.b-safety.com\/"},{"@type":"ListItem","position":2,"name":"Shop","item":"https:\/\/alex.b-safety.com\/en\/shop\/"},{"@type":"ListItem","position":3,"name":"PremiumLine K\u00f6rper-Notdusche mit Augendusche mit Auffangbecken, Edelstahl f\u00fcr Bodenmontage"}]},{"@type":"WebSite","@id":"https:\/\/alex.b-safety.com\/#website","url":"https:\/\/alex.b-safety.com\/","name":"B-SAFETY","description":"","potentialAction":[{"@type":"SearchAction","target":{"@type":"EntryPoint","urlTemplate":"https:\/\/alex.b-safety.com\/?s={search_term_string}"},"query-input":{"@type":"PropertyValueSpecification","valueRequired":true,"valueName":"search_term_string"}}],"inLanguage":"en-US"}]}},"_links":{"self":[{"href":"https:\/\/alex.b-safety.com\/en\/wp-json\/wp\/v2\/product\/5455","targetHints":{"allow":["GET"]}}],"collection":[{"href":"https:\/\/alex.b-safety.com\/en\/wp-json\/wp\/v2\/product"}],"about":[{"href":"https:\/\/alex.b-safety.com\/en\/wp-json\/wp\/v2\/types\/product"}],"replies":[{"embeddable":true,"href":"https:\/\/alex.b-safety.com\/en\/wp-json\/wp\/v2\/comments?post=5455"}],"version-history":[{"count":7,"href":"https:\/\/alex.b-safety.com\/en\/wp-json\/wp\/v2\/product\/5455\/revisions"}],"predecessor-version":[{"id":12568,"href":"https:\/\/alex.b-safety.com\/en\/wp-json\/wp\/v2\/product\/5455\/revisions\/12568"}],"wp:featuredmedia":[{"embeddable":true,"href":"https:\/\/alex.b-safety.com\/en\/wp-json\/wp\/v2\/media\/5466"}],"wp:attachment":[{"href":"https:\/\/alex.b-safety.com\/en\/wp-json\/wp\/v2\/media?parent=5455"}],"wp:term":[{"taxonomy":"product_brand","embeddable":true,"href":"https:\/\/alex.b-safety.com\/en\/wp-json\/wp\/v2\/product_brand?post=5455"},{"taxonomy":"product_cat","embeddable":true,"href":"https:\/\/alex.b-safety.com\/en\/wp-json\/wp\/v2\/product_cat?post=5455"},{"taxonomy":"product_tag","embeddable":true,"href":"https:\/\/alex.b-safety.com\/en\/wp-json\/wp\/v2\/product_tag?post=5455"}],"curies":[{"name":"wp","href":"https:\/\/api.w.org\/{rel}","templated":true}]}}