{"id":5584,"date":"2025-01-20T15:36:39","date_gmt":"2025-01-20T14:36:39","guid":{"rendered":"https:\/\/alex.b-safety.com\/premiumline-frostsichere-beheizte-koerper-notdusche\/"},"modified":"2026-04-16T13:35:28","modified_gmt":"2026-04-16T11:35:28","slug":"premiumline-frostsichere-beheizte-koerper-notdusche-edelstahl-fuer-wandmontage-aufputz","status":"publish","type":"product","link":"https:\/\/alex.b-safety.com\/en\/product\/premiumline-frostsichere-beheizte-koerper-notdusche-edelstahl-fuer-wandmontage-aufputz\/","title":{"rendered":"PremiumLine frostsichere beheizte K\u00f6rper-Notdusche, Edelstahl, f\u00fcr Wandmontage Aufputz"},"content":{"rendered":"<h3>Produktbeschreibung<\/h3>\n<p>Die B-SAFETY K\u00f6rper-Notduschen der Serie PremiumLine werden aus Edelstahl gefertigt und sind f\u00fcr den Einsatz in Labor und Forschung ebenso geeignet wie f\u00fcr den rauen Einsatz in der Industrie. Die polierte Edelstahl-Oberfl\u00e4che ist nicht nur best\u00e4ndig gegen viele Chemikalien, sondern bietet auch ein modernes Design f\u00fcr Labore und Reinr\u00e4ume.<\/p>\n<p>Die K\u00f6rper-Notduschen sind mit dem B-SAFETY Hochleistungsduschkopf ausgestattet, der nicht nur die Vorgaben der ANSI Z358.1 und der DIN EN 15154 erf\u00fcllt, sondern auch selbstentleerend, weitestgehend verkalkungs- und wartungsfrei sowie sehr robust und korrosionsbest\u00e4ndig ist. Der begrenzte, gleichm\u00e4\u00dfige und vor allem weiche Wasserstrahl ist optimiert f\u00fcr das Absp\u00fclen von Chemikalien auf der Haut.<\/p>\n<h3>Technische Beschreibung<\/h3>\n<ul>\n<li>Wandflansch mit 4 Befestigungsbohrungen aus Edelstahl, Abmessungen 200 x 200 mm, Wasseranschluss 1-Zoll-AG<\/li>\n<li>Verbindungsrohr 1-Zoll aus Edelstahl<\/li>\n<li>Kugelhahn 1-Zoll aus Edelstahl, mit Zugstangenbet\u00e4tigung, DIN-DVGW gepr\u00fcft und zugelassen<\/li>\n<li>Zugstange mit Ringgriff aus Edelstahl, L\u00e4nge 700 mm<\/li>\n<li>Wandduscharm 1-Zoll aus Edelstahl, Ausladung 755 mm<\/li>\n<li>Hochleistungsduschkopf aus chemikalienbest\u00e4ndigem Kunststoff, schwarz, mit verbessertem Strahlbild, korrosionsbest\u00e4ndig, weitestgehend verkalkungs- und wartungsfrei, sehr robust, selbst entleerend<\/li>\n<li>\u00e4u\u00dfere Verkleidung der Verrohrung und Isolierung aus verschraubtem Edelstahlgeh\u00e4use, f\u00fcr Wartungsarbeiten leicht demontierbar, inklusive Hinweisstreifen gr\u00fcn\/wei\u00df f\u00fcr eine bessere Sichtbarkeit der Dusche<\/li>\n<li>Isolierung aus Steinwolle-Formpaket, unbrennbar, gem\u00e4\u00df DIN 4102<\/li>\n<li>Beheizung \u00fcber selbstregelndes Begleitheizband, Leistung 10 W\/m, elektrischer Anschluss 230 V &#8211; 50 Hz<\/li>\n<li>Au\u00dfenluftthermostat und Energiesparschaltung (Abschaltung der Begleitheizung bei 11\u00b0 C, Einschaltung bei 4\u00b0 C)<\/li>\n<li>Hinweisschild f\u00fcr K\u00f6rper-Notdusche nach DIN EN ISO 7010 und ASR A1.3, selbstklebende PVC-Folie, Abmessungen 150 x 150 mm, Erkennungsweite 15 Meter<\/li>\n<li>Anbringungsh\u00f6he 2250 mm (\u00b1 100 mm)<\/li>\n<li>f\u00fcr den Einsatz in EX-Zonen 1 &amp; 2 geeignet, alle elektrischen Teile ex-gesch\u00fctzt, mit Gef\u00e4hrdungsbeurteilung gem\u00e4\u00df Betriebssicherheitsverordnung \u00fcber den nichtelektrischen und elektrischen Explosionsschutz<\/li>\n<li>gem\u00e4\u00df BGI\/GUV-I 850-0, DIN 1988 und DIN EN 1717<\/li>\n<li>gem\u00e4\u00df ANSI Z358.1-2014, DIN EN 15154-1:2006 und DIN EN 15154-5:2019<\/li>\n<li>DIN-DVGW gepr\u00fcft und zugelassen<\/li>\n<\/ul>\n","protected":false},"excerpt":{"rendered":"<p>Frostsichere beheizte Notduschen von B-SAFETY sind mit einem selbstregelnden Begleitheizkabel und einer zus\u00e4tzlichen Isolation ausgestattet. Ein integriertes Thermostat sichert die Beheizung zus\u00e4tzlich ab. Die Notdusche ist von au\u00dfen mit Edelstahlblechen verkleidet. Hierdurch wird eine maximale Haltbarkeit auch in rauen Industrie-umgebungen sichergestellt. Die Modul-Bauweise mit verschraubten Ventilabdeckungen gew\u00e4hrleistet einen einfachen Zugang zu Ventilen und Verbindungsteilen bei Wartungsarbeiten. Verdeckt montierte Hochleistungsduschk\u00f6pfe verhindern Vandalismus-Sch\u00e4den und liefern dar\u00fcber hinaus hohe Durchflussmengen zur schnellen Dekontamination. Die Ausl\u00f6sung erfolgt \u00fcber Edelstahlzugstangen oder \u00fcber Fu\u00dfbedienungen wie Trittroste oder Fu\u00dfhebel. Ein Einfrieren dieser Duschen ist auch bei extremsten Bedingungen nicht m\u00f6glich.<\/p>\n","protected":false},"featured_media":5537,"comment_status":"closed","ping_status":"closed","template":"","meta":[],"product_brand":[],"product_cat":[119,104],"product_tag":[180],"class_list":{"0":"post-5584","1":"product","2":"type-product","3":"status-publish","4":"has-post-thumbnail","6":"product_cat-frostsichere-notduschen","7":"product_cat-notduschen","8":"product_tag-wandmontage-aufputz","10":"first","11":"instock","12":"product-type-simple"},"yoast_head":"<!-- This site is optimized with the Yoast SEO plugin v27.4 - https:\/\/yoast.com\/product\/yoast-seo-wordpress\/ -->\n<title>PremiumLine frostsichere beheizte K\u00f6rper-Notdusche, Edelstahl, f\u00fcr Wandmontage Aufputz | B-SAFETY<\/title>\n<meta name=\"description\" content=\"PremiumLine frostsichere beheizte K\u00f6rper-Notdusche, Edelstahl, f\u00fcr Wandmontage Aufputz\" \/>\n<meta name=\"robots\" content=\"noindex, follow, max-snippet:-1, max-image-preview:large, max-video-preview:-1\" \/>\n<meta property=\"og:locale\" content=\"en_US\" \/>\n<meta property=\"og:type\" content=\"article\" \/>\n<meta property=\"og:title\" content=\"PremiumLine frostsichere beheizte K\u00f6rper-Notdusche, Edelstahl, f\u00fcr Wandmontage Aufputz | B-SAFETY\" \/>\n<meta property=\"og:description\" content=\"PremiumLine frostsichere beheizte K\u00f6rper-Notdusche, Edelstahl, f\u00fcr Wandmontage Aufputz\" \/>\n<meta property=\"og:url\" content=\"https:\/\/alex.b-safety.com\/produkt\/premiumline-frostsichere-beheizte-koerper-notdusche-edelstahl-fuer-wandmontage-aufputz\/\" \/>\n<meta property=\"og:site_name\" content=\"B-SAFETY\" \/>\n<meta property=\"article:modified_time\" content=\"2026-04-16T11:35:28+00:00\" \/>\n<meta property=\"og:image\" content=\"https:\/\/alex.b-safety.com\/wp-content\/uploads\/2025\/01\/BR819095.jpg\" \/>\n\t<meta property=\"og:image:width\" content=\"600\" \/>\n\t<meta property=\"og:image:height\" content=\"600\" \/>\n\t<meta property=\"og:image:type\" content=\"image\/jpeg\" \/>\n<meta name=\"twitter:card\" content=\"summary_large_image\" \/>\n<meta name=\"twitter:label1\" content=\"Est. reading time\" \/>\n\t<meta name=\"twitter:data1\" content=\"2 minutes\" \/>\n<script type=\"application\/ld+json\" class=\"yoast-schema-graph\">{\"@context\":\"https:\\\/\\\/schema.org\",\"@graph\":[{\"@type\":\"WebPage\",\"@id\":\"https:\\\/\\\/alex.b-safety.com\\\/produkt\\\/premiumline-frostsichere-beheizte-koerper-notdusche-edelstahl-fuer-wandmontage-aufputz\\\/\",\"url\":\"https:\\\/\\\/alex.b-safety.com\\\/produkt\\\/premiumline-frostsichere-beheizte-koerper-notdusche-edelstahl-fuer-wandmontage-aufputz\\\/\",\"name\":\"PremiumLine frostsichere beheizte K\u00f6rper-Notdusche, Edelstahl, f\u00fcr Wandmontage Aufputz | B-SAFETY\",\"isPartOf\":{\"@id\":\"https:\\\/\\\/alex.b-safety.com\\\/#website\"},\"primaryImageOfPage\":{\"@id\":\"https:\\\/\\\/alex.b-safety.com\\\/produkt\\\/premiumline-frostsichere-beheizte-koerper-notdusche-edelstahl-fuer-wandmontage-aufputz\\\/#primaryimage\"},\"image\":{\"@id\":\"https:\\\/\\\/alex.b-safety.com\\\/produkt\\\/premiumline-frostsichere-beheizte-koerper-notdusche-edelstahl-fuer-wandmontage-aufputz\\\/#primaryimage\"},\"thumbnailUrl\":\"https:\\\/\\\/alex.b-safety.com\\\/wp-content\\\/uploads\\\/2025\\\/01\\\/BR819095.jpg\",\"datePublished\":\"2025-01-20T14:36:39+00:00\",\"dateModified\":\"2026-04-16T11:35:28+00:00\",\"description\":\"PremiumLine frostsichere beheizte K\u00f6rper-Notdusche, Edelstahl, f\u00fcr Wandmontage Aufputz\",\"breadcrumb\":{\"@id\":\"https:\\\/\\\/alex.b-safety.com\\\/produkt\\\/premiumline-frostsichere-beheizte-koerper-notdusche-edelstahl-fuer-wandmontage-aufputz\\\/#breadcrumb\"},\"inLanguage\":\"en-US\",\"potentialAction\":[{\"@type\":\"ReadAction\",\"target\":[\"https:\\\/\\\/alex.b-safety.com\\\/produkt\\\/premiumline-frostsichere-beheizte-koerper-notdusche-edelstahl-fuer-wandmontage-aufputz\\\/\"]}]},{\"@type\":\"ImageObject\",\"inLanguage\":\"en-US\",\"@id\":\"https:\\\/\\\/alex.b-safety.com\\\/produkt\\\/premiumline-frostsichere-beheizte-koerper-notdusche-edelstahl-fuer-wandmontage-aufputz\\\/#primaryimage\",\"url\":\"https:\\\/\\\/alex.b-safety.com\\\/wp-content\\\/uploads\\\/2025\\\/01\\\/BR819095.jpg\",\"contentUrl\":\"https:\\\/\\\/alex.b-safety.com\\\/wp-content\\\/uploads\\\/2025\\\/01\\\/BR819095.jpg\",\"width\":600,\"height\":600},{\"@type\":\"BreadcrumbList\",\"@id\":\"https:\\\/\\\/alex.b-safety.com\\\/produkt\\\/premiumline-frostsichere-beheizte-koerper-notdusche-edelstahl-fuer-wandmontage-aufputz\\\/#breadcrumb\",\"itemListElement\":[{\"@type\":\"ListItem\",\"position\":1,\"name\":\"Startseite\",\"item\":\"https:\\\/\\\/alex.b-safety.com\\\/\"},{\"@type\":\"ListItem\",\"position\":2,\"name\":\"Shop\",\"item\":\"https:\\\/\\\/alex.b-safety.com\\\/en\\\/shop\\\/\"},{\"@type\":\"ListItem\",\"position\":3,\"name\":\"PremiumLine frostsichere beheizte K\u00f6rper-Notdusche, Edelstahl, f\u00fcr Wandmontage Aufputz\"}]},{\"@type\":\"WebSite\",\"@id\":\"https:\\\/\\\/alex.b-safety.com\\\/#website\",\"url\":\"https:\\\/\\\/alex.b-safety.com\\\/\",\"name\":\"B-SAFETY\",\"description\":\"\",\"potentialAction\":[{\"@type\":\"SearchAction\",\"target\":{\"@type\":\"EntryPoint\",\"urlTemplate\":\"https:\\\/\\\/alex.b-safety.com\\\/?s={search_term_string}\"},\"query-input\":{\"@type\":\"PropertyValueSpecification\",\"valueRequired\":true,\"valueName\":\"search_term_string\"}}],\"inLanguage\":\"en-US\"}]}<\/script>\n<!-- \/ Yoast SEO plugin. -->","yoast_head_json":{"title":"PremiumLine frostsichere beheizte K\u00f6rper-Notdusche, Edelstahl, f\u00fcr Wandmontage Aufputz | B-SAFETY","description":"PremiumLine frostsichere beheizte K\u00f6rper-Notdusche, Edelstahl, f\u00fcr Wandmontage Aufputz","robots":{"index":"noindex","follow":"follow","max-snippet":"max-snippet:-1","max-image-preview":"max-image-preview:large","max-video-preview":"max-video-preview:-1"},"og_locale":"en_US","og_type":"article","og_title":"PremiumLine frostsichere beheizte K\u00f6rper-Notdusche, Edelstahl, f\u00fcr Wandmontage Aufputz | B-SAFETY","og_description":"PremiumLine frostsichere beheizte K\u00f6rper-Notdusche, Edelstahl, f\u00fcr Wandmontage Aufputz","og_url":"https:\/\/alex.b-safety.com\/produkt\/premiumline-frostsichere-beheizte-koerper-notdusche-edelstahl-fuer-wandmontage-aufputz\/","og_site_name":"B-SAFETY","article_modified_time":"2026-04-16T11:35:28+00:00","og_image":[{"width":600,"height":600,"url":"https:\/\/alex.b-safety.com\/wp-content\/uploads\/2025\/01\/BR819095.jpg","type":"image\/jpeg"}],"twitter_card":"summary_large_image","twitter_misc":{"Est. reading time":"2 minutes"},"schema":{"@context":"https:\/\/schema.org","@graph":[{"@type":"WebPage","@id":"https:\/\/alex.b-safety.com\/produkt\/premiumline-frostsichere-beheizte-koerper-notdusche-edelstahl-fuer-wandmontage-aufputz\/","url":"https:\/\/alex.b-safety.com\/produkt\/premiumline-frostsichere-beheizte-koerper-notdusche-edelstahl-fuer-wandmontage-aufputz\/","name":"PremiumLine frostsichere beheizte K\u00f6rper-Notdusche, Edelstahl, f\u00fcr Wandmontage Aufputz | B-SAFETY","isPartOf":{"@id":"https:\/\/alex.b-safety.com\/#website"},"primaryImageOfPage":{"@id":"https:\/\/alex.b-safety.com\/produkt\/premiumline-frostsichere-beheizte-koerper-notdusche-edelstahl-fuer-wandmontage-aufputz\/#primaryimage"},"image":{"@id":"https:\/\/alex.b-safety.com\/produkt\/premiumline-frostsichere-beheizte-koerper-notdusche-edelstahl-fuer-wandmontage-aufputz\/#primaryimage"},"thumbnailUrl":"https:\/\/alex.b-safety.com\/wp-content\/uploads\/2025\/01\/BR819095.jpg","datePublished":"2025-01-20T14:36:39+00:00","dateModified":"2026-04-16T11:35:28+00:00","description":"PremiumLine frostsichere beheizte K\u00f6rper-Notdusche, Edelstahl, f\u00fcr Wandmontage Aufputz","breadcrumb":{"@id":"https:\/\/alex.b-safety.com\/produkt\/premiumline-frostsichere-beheizte-koerper-notdusche-edelstahl-fuer-wandmontage-aufputz\/#breadcrumb"},"inLanguage":"en-US","potentialAction":[{"@type":"ReadAction","target":["https:\/\/alex.b-safety.com\/produkt\/premiumline-frostsichere-beheizte-koerper-notdusche-edelstahl-fuer-wandmontage-aufputz\/"]}]},{"@type":"ImageObject","inLanguage":"en-US","@id":"https:\/\/alex.b-safety.com\/produkt\/premiumline-frostsichere-beheizte-koerper-notdusche-edelstahl-fuer-wandmontage-aufputz\/#primaryimage","url":"https:\/\/alex.b-safety.com\/wp-content\/uploads\/2025\/01\/BR819095.jpg","contentUrl":"https:\/\/alex.b-safety.com\/wp-content\/uploads\/2025\/01\/BR819095.jpg","width":600,"height":600},{"@type":"BreadcrumbList","@id":"https:\/\/alex.b-safety.com\/produkt\/premiumline-frostsichere-beheizte-koerper-notdusche-edelstahl-fuer-wandmontage-aufputz\/#breadcrumb","itemListElement":[{"@type":"ListItem","position":1,"name":"Startseite","item":"https:\/\/alex.b-safety.com\/"},{"@type":"ListItem","position":2,"name":"Shop","item":"https:\/\/alex.b-safety.com\/en\/shop\/"},{"@type":"ListItem","position":3,"name":"PremiumLine frostsichere beheizte K\u00f6rper-Notdusche, Edelstahl, f\u00fcr Wandmontage Aufputz"}]},{"@type":"WebSite","@id":"https:\/\/alex.b-safety.com\/#website","url":"https:\/\/alex.b-safety.com\/","name":"B-SAFETY","description":"","potentialAction":[{"@type":"SearchAction","target":{"@type":"EntryPoint","urlTemplate":"https:\/\/alex.b-safety.com\/?s={search_term_string}"},"query-input":{"@type":"PropertyValueSpecification","valueRequired":true,"valueName":"search_term_string"}}],"inLanguage":"en-US"}]}},"_links":{"self":[{"href":"https:\/\/alex.b-safety.com\/en\/wp-json\/wp\/v2\/product\/5584","targetHints":{"allow":["GET"]}}],"collection":[{"href":"https:\/\/alex.b-safety.com\/en\/wp-json\/wp\/v2\/product"}],"about":[{"href":"https:\/\/alex.b-safety.com\/en\/wp-json\/wp\/v2\/types\/product"}],"replies":[{"embeddable":true,"href":"https:\/\/alex.b-safety.com\/en\/wp-json\/wp\/v2\/comments?post=5584"}],"version-history":[{"count":8,"href":"https:\/\/alex.b-safety.com\/en\/wp-json\/wp\/v2\/product\/5584\/revisions"}],"predecessor-version":[{"id":10854,"href":"https:\/\/alex.b-safety.com\/en\/wp-json\/wp\/v2\/product\/5584\/revisions\/10854"}],"wp:featuredmedia":[{"embeddable":true,"href":"https:\/\/alex.b-safety.com\/en\/wp-json\/wp\/v2\/media\/5537"}],"wp:attachment":[{"href":"https:\/\/alex.b-safety.com\/en\/wp-json\/wp\/v2\/media?parent=5584"}],"wp:term":[{"taxonomy":"product_brand","embeddable":true,"href":"https:\/\/alex.b-safety.com\/en\/wp-json\/wp\/v2\/product_brand?post=5584"},{"taxonomy":"product_cat","embeddable":true,"href":"https:\/\/alex.b-safety.com\/en\/wp-json\/wp\/v2\/product_cat?post=5584"},{"taxonomy":"product_tag","embeddable":true,"href":"https:\/\/alex.b-safety.com\/en\/wp-json\/wp\/v2\/product_tag?post=5584"}],"curies":[{"name":"wp","href":"https:\/\/api.w.org\/{rel}","templated":true}]}}