{"id":5737,"date":"2025-01-20T17:43:41","date_gmt":"2025-01-20T16:43:41","guid":{"rendered":"https:\/\/alex.b-safety.com\/premiumline-selbstentleerende-koerper-notdusche-mit-augendusche\/"},"modified":"2026-04-16T13:29:51","modified_gmt":"2026-04-16T11:29:51","slug":"premiumline-selbstentleerende-koerper-notdusche-mit-augendusche-edelstahl-fuer-bodenmontage","status":"publish","type":"product","link":"https:\/\/alex.b-safety.com\/en\/product\/premiumline-selbstentleerende-koerper-notdusche-mit-augendusche-edelstahl-fuer-bodenmontage\/","title":{"rendered":"PremiumLine selbstentleerende K\u00f6rper-Notdusche mit Augendusche, Edelstahl f\u00fcr Bodenmontage"},"content":{"rendered":"<h3>Produktbeschreibung<\/h3>\n<p>Die Konstruktion dieser Modelle erm\u00f6glicht es, dass stehendes Wasser aus dem Standrohr abflie\u00dfen kann, so dass im Notfall nur lauwarmes Wasser zum Einsatz kommt. Das Ventil befindet sich direkt \u00fcber dem Wassereinlass; das Entl\u00fcftungsrohr wird dann dar\u00fcber angebracht, damit stehendes Wasser in den Boden ablaufen kann. Das Standrohr f\u00fcllt sich nur dann mit Wasser, wenn die Dusche aktiviert wird. Das Wasser flie\u00dft wieder ab, wenn das Ventil geschlossen wird. Hierdurch wird verhindert, dass stehendes Wasser im Standrohr durch Sonneneinstrahlung \u00fcberhitzt und das Verbr\u00fchungsrisiko f\u00fcr den Hilfesuchenden wird ausgeschlossen.<\/p>\n<p>Die B-SAFETY K\u00f6rper-Notduschen der Serie PremiumLine werden aus Edelstahl gefertigt und sind f\u00fcr den Einsatz in Labor und Forschung ebenso geeignet wie f\u00fcr den rauen Einsatz in der Industrie. Die polierte Edelstahl-Oberfl\u00e4che ist nicht nur best\u00e4ndig gegen viele Chemikalien, sondern bietet auch ein modernes Design f\u00fcr Labore und Reinr\u00e4ume.<\/p>\n<p>Die K\u00f6rper-Notduschen sind mit dem B-SAFETY Hochleistungsduschkopf ausgestattet, der nicht nur die Vorgaben der ANSI Z358.1 und der DIN EN 15154 erf\u00fcllt, sondern auch selbstentleerend, weitestgehend verkalkungs- und wartungsfrei sowie sehr robust und korrosionsbest\u00e4ndig ist. Der begrenzte, gleichm\u00e4\u00dfige und vor allem weiche Wasserstrahl ist optimiert f\u00fcr das Absp\u00fclen von Chemikalien auf der Haut.<\/p>\n<h3>Technische Beschreibung<\/h3>\n<ul>\n<li>Standfuss mit 4 Befestigungsbohrungen aus Edelstahl, poliert, Durchmesser 200 mm<\/li>\n<li>Standrohr 1 1\/4-Zoll aus Edelstahl dreiteilig, poliert, Gesamth\u00f6he 2330 mm<\/li>\n<li>Kugelhahn 1-Zoll aus Edelstahl, inklusive Selbstentleerung bis zur Oberkante des Kugelhahnes in Bodenn\u00e4he, Wasseranschluss 1-Zoll-AG, DIN-DVGW gepr\u00fcft und zugelassen<\/li>\n<li>Ausl\u00f6sung \u00fcber Fusshebelbedienung aus Kunststoff f\u00fcr K\u00f6rperdusche, Gesamtbreite 240 mm<\/li>\n<li>Ausl\u00f6sung \u00fcber Handgriff aus Kunststoff f\u00fcr Augendusche, Gesamtbreite 105 mm<\/li>\n<li>Wandduscharm 3\/4-Zoll aus Edelstahl, poliert, Ausladung 560 mm<\/li>\n<li>integrierter automatischer Mengenregulator 50 Liter \/ Minute f\u00fcr ein normgerechtes Strahlbild bei einem vorgegebenen Arbeitsbereich von 1,5 bis 3 bar Flie\u00dfdruck<\/li>\n<li>Hochleistungsduschkopf aus Edelstahl, poliert, mit verbessertem Strahlbild, korrosionsbest\u00e4ndig, weitestgehend verkalkungs- und wartungsfrei, sehr robust, selbst entleerend<\/li>\n<li>Hinweisschild f\u00fcr K\u00f6rper-Notdusche nach DIN EN ISO 7010 und ASR A1.3, selbstklebende PVC-Folie, Abmessungen 150 x 150 mm, Erkennungsweite 15 Meter<\/li>\n<li>integrierte PremiumLine Sicherheits-Augendusche mit zwei Brausek\u00f6pfen 45\u00b0, Montageh\u00f6he 900 mm, Ausrichtung der Augendusche vor Ort frei w\u00e4hlbar<\/li>\n<li>Anschlussrohr aus Edelstahl f\u00fcr eine einfache Montage und Ausrichtung der Dusche, poliert,<\/li>\n<li>Kugelhahn 1\/2-Zoll aus Edelstahl, mit Hebelbet\u00e4tigung, DIN-DVGW gepr\u00fcft und zugelassen, inklusive Selbstentleerung bis zur Oberkante des Kugelhahnes in Bodenn\u00e4he<\/li>\n<li>Bedienhebel aus Edelstahl, poliert, mit gro\u00dfem Pfeil in Anwendungsrichtung<\/li>\n<li>breitstrahlende Hochleistungsbrausek\u00f6pfe aus Edelstahl, poliert, 45\u00b0 abgewinkelt, mit Kunststoffspr\u00fchplatte, verkalkungsarm, inkl. Gummischutz und dichtschlie\u00dfendem Staubdeckel mit Klappmechanismus, montiert \u00fcber Verteilergabel<\/li>\n<li>integrierter automatischer Mengenregulator 14 Liter \/ Minute f\u00fcr ein normgerechtes Strahlbild bei einem vorgegebenen Arbeitsbereich von 1,5 bis 5 bar Flie\u00dfdruck<\/li>\n<li>Hinweisschild f\u00fcr Augendusche nach DIN EN ISO 7010 und ASR A1.3, selbstklebende PVC-Folie, Abmessungen 100 x 100 mm, Erkennungsweite 10 Meter<\/li>\n<li>gem\u00e4\u00df BGI\/GUV-I 850-0, DIN 1988 und DIN EN 1717<\/li>\n<li>gem\u00e4\u00df ANSI Z358.1-2014, DIN EN 15154-1:2006, DIN EN 15154-2:2006 und DIN EN 15154-5:2019<\/li>\n<li>DIN-DVGW gepr\u00fcft und zugelassen<\/li>\n<\/ul>\n","protected":false},"excerpt":{"rendered":"<p>Die selbstentleerenden Notduschen und Augenduschen eignen sich f\u00fcr den Einsatz in hei\u00dfen Umgebungen und tropischen Klimazonen, in denen die Sonne das stehende Wasser in den Rohren der Notdusche auf Temperaturen von bis zu 50\u00b0C erhitzen kann, was zu einem hohen Schock- und Verbr\u00fchungsrisiko f\u00fcr den Hilfesuchenden f\u00fchrt, wenn die Dusche aktiviert wird.<\/p>\n","protected":false},"featured_media":5718,"comment_status":"closed","ping_status":"closed","template":"","meta":[],"product_brand":[],"product_cat":[104,115],"product_tag":[170],"class_list":{"0":"post-5737","1":"product","2":"type-product","3":"status-publish","4":"has-post-thumbnail","6":"product_cat-notduschen","7":"product_cat-notduschen-fuer-heisse-klimate","8":"product_tag-bodenmontage","10":"first","11":"instock","12":"product-type-simple"},"yoast_head":"<!-- This site is optimized with the Yoast SEO plugin v27.4 - https:\/\/yoast.com\/product\/yoast-seo-wordpress\/ -->\n<title>PremiumLine selbstentleerende K\u00f6rper-Notdusche mit Augendusche, Edelstahl f\u00fcr Bodenmontage | B-SAFETY<\/title>\n<meta name=\"description\" content=\"PremiumLine selbstentleerende K\u00f6rper-Notdusche mit Augendusche, Edelstahl f\u00fcr Bodenmontage\" \/>\n<meta name=\"robots\" content=\"noindex, follow, max-snippet:-1, max-image-preview:large, max-video-preview:-1\" \/>\n<meta property=\"og:locale\" content=\"en_US\" \/>\n<meta property=\"og:type\" content=\"article\" \/>\n<meta property=\"og:title\" content=\"PremiumLine selbstentleerende K\u00f6rper-Notdusche mit Augendusche, Edelstahl f\u00fcr Bodenmontage | B-SAFETY\" \/>\n<meta property=\"og:description\" content=\"PremiumLine selbstentleerende K\u00f6rper-Notdusche mit Augendusche, Edelstahl f\u00fcr Bodenmontage\" \/>\n<meta property=\"og:url\" content=\"https:\/\/alex.b-safety.com\/produkt\/premiumline-selbstentleerende-koerper-notdusche-mit-augendusche-edelstahl-fuer-bodenmontage\/\" \/>\n<meta property=\"og:site_name\" content=\"B-SAFETY\" \/>\n<meta property=\"article:modified_time\" content=\"2026-04-16T11:29:51+00:00\" \/>\n<meta property=\"og:image\" content=\"https:\/\/alex.b-safety.com\/wp-content\/uploads\/2025\/01\/BR832195.jpg\" \/>\n\t<meta property=\"og:image:width\" content=\"600\" \/>\n\t<meta property=\"og:image:height\" content=\"600\" \/>\n\t<meta property=\"og:image:type\" content=\"image\/jpeg\" \/>\n<meta name=\"twitter:card\" content=\"summary_large_image\" \/>\n<meta name=\"twitter:label1\" content=\"Est. reading time\" \/>\n\t<meta name=\"twitter:data1\" content=\"3 minutes\" \/>\n<script type=\"application\/ld+json\" class=\"yoast-schema-graph\">{\"@context\":\"https:\\\/\\\/schema.org\",\"@graph\":[{\"@type\":\"WebPage\",\"@id\":\"https:\\\/\\\/alex.b-safety.com\\\/produkt\\\/premiumline-selbstentleerende-koerper-notdusche-mit-augendusche-edelstahl-fuer-bodenmontage\\\/\",\"url\":\"https:\\\/\\\/alex.b-safety.com\\\/produkt\\\/premiumline-selbstentleerende-koerper-notdusche-mit-augendusche-edelstahl-fuer-bodenmontage\\\/\",\"name\":\"PremiumLine selbstentleerende K\u00f6rper-Notdusche mit Augendusche, Edelstahl f\u00fcr Bodenmontage | B-SAFETY\",\"isPartOf\":{\"@id\":\"https:\\\/\\\/alex.b-safety.com\\\/#website\"},\"primaryImageOfPage\":{\"@id\":\"https:\\\/\\\/alex.b-safety.com\\\/produkt\\\/premiumline-selbstentleerende-koerper-notdusche-mit-augendusche-edelstahl-fuer-bodenmontage\\\/#primaryimage\"},\"image\":{\"@id\":\"https:\\\/\\\/alex.b-safety.com\\\/produkt\\\/premiumline-selbstentleerende-koerper-notdusche-mit-augendusche-edelstahl-fuer-bodenmontage\\\/#primaryimage\"},\"thumbnailUrl\":\"https:\\\/\\\/alex.b-safety.com\\\/wp-content\\\/uploads\\\/2025\\\/01\\\/BR832195.jpg\",\"datePublished\":\"2025-01-20T16:43:41+00:00\",\"dateModified\":\"2026-04-16T11:29:51+00:00\",\"description\":\"PremiumLine selbstentleerende K\u00f6rper-Notdusche mit Augendusche, Edelstahl f\u00fcr Bodenmontage\",\"breadcrumb\":{\"@id\":\"https:\\\/\\\/alex.b-safety.com\\\/produkt\\\/premiumline-selbstentleerende-koerper-notdusche-mit-augendusche-edelstahl-fuer-bodenmontage\\\/#breadcrumb\"},\"inLanguage\":\"en-US\",\"potentialAction\":[{\"@type\":\"ReadAction\",\"target\":[\"https:\\\/\\\/alex.b-safety.com\\\/produkt\\\/premiumline-selbstentleerende-koerper-notdusche-mit-augendusche-edelstahl-fuer-bodenmontage\\\/\"]}]},{\"@type\":\"ImageObject\",\"inLanguage\":\"en-US\",\"@id\":\"https:\\\/\\\/alex.b-safety.com\\\/produkt\\\/premiumline-selbstentleerende-koerper-notdusche-mit-augendusche-edelstahl-fuer-bodenmontage\\\/#primaryimage\",\"url\":\"https:\\\/\\\/alex.b-safety.com\\\/wp-content\\\/uploads\\\/2025\\\/01\\\/BR832195.jpg\",\"contentUrl\":\"https:\\\/\\\/alex.b-safety.com\\\/wp-content\\\/uploads\\\/2025\\\/01\\\/BR832195.jpg\",\"width\":600,\"height\":600},{\"@type\":\"BreadcrumbList\",\"@id\":\"https:\\\/\\\/alex.b-safety.com\\\/produkt\\\/premiumline-selbstentleerende-koerper-notdusche-mit-augendusche-edelstahl-fuer-bodenmontage\\\/#breadcrumb\",\"itemListElement\":[{\"@type\":\"ListItem\",\"position\":1,\"name\":\"Startseite\",\"item\":\"https:\\\/\\\/alex.b-safety.com\\\/\"},{\"@type\":\"ListItem\",\"position\":2,\"name\":\"Shop\",\"item\":\"https:\\\/\\\/alex.b-safety.com\\\/en\\\/shop\\\/\"},{\"@type\":\"ListItem\",\"position\":3,\"name\":\"PremiumLine selbstentleerende K\u00f6rper-Notdusche mit Augendusche, Edelstahl f\u00fcr Bodenmontage\"}]},{\"@type\":\"WebSite\",\"@id\":\"https:\\\/\\\/alex.b-safety.com\\\/#website\",\"url\":\"https:\\\/\\\/alex.b-safety.com\\\/\",\"name\":\"B-SAFETY\",\"description\":\"\",\"potentialAction\":[{\"@type\":\"SearchAction\",\"target\":{\"@type\":\"EntryPoint\",\"urlTemplate\":\"https:\\\/\\\/alex.b-safety.com\\\/?s={search_term_string}\"},\"query-input\":{\"@type\":\"PropertyValueSpecification\",\"valueRequired\":true,\"valueName\":\"search_term_string\"}}],\"inLanguage\":\"en-US\"}]}<\/script>\n<!-- \/ Yoast SEO plugin. -->","yoast_head_json":{"title":"PremiumLine selbstentleerende K\u00f6rper-Notdusche mit Augendusche, Edelstahl f\u00fcr Bodenmontage | B-SAFETY","description":"PremiumLine selbstentleerende K\u00f6rper-Notdusche mit Augendusche, Edelstahl f\u00fcr Bodenmontage","robots":{"index":"noindex","follow":"follow","max-snippet":"max-snippet:-1","max-image-preview":"max-image-preview:large","max-video-preview":"max-video-preview:-1"},"og_locale":"en_US","og_type":"article","og_title":"PremiumLine selbstentleerende K\u00f6rper-Notdusche mit Augendusche, Edelstahl f\u00fcr Bodenmontage | B-SAFETY","og_description":"PremiumLine selbstentleerende K\u00f6rper-Notdusche mit Augendusche, Edelstahl f\u00fcr Bodenmontage","og_url":"https:\/\/alex.b-safety.com\/produkt\/premiumline-selbstentleerende-koerper-notdusche-mit-augendusche-edelstahl-fuer-bodenmontage\/","og_site_name":"B-SAFETY","article_modified_time":"2026-04-16T11:29:51+00:00","og_image":[{"width":600,"height":600,"url":"https:\/\/alex.b-safety.com\/wp-content\/uploads\/2025\/01\/BR832195.jpg","type":"image\/jpeg"}],"twitter_card":"summary_large_image","twitter_misc":{"Est. reading time":"3 minutes"},"schema":{"@context":"https:\/\/schema.org","@graph":[{"@type":"WebPage","@id":"https:\/\/alex.b-safety.com\/produkt\/premiumline-selbstentleerende-koerper-notdusche-mit-augendusche-edelstahl-fuer-bodenmontage\/","url":"https:\/\/alex.b-safety.com\/produkt\/premiumline-selbstentleerende-koerper-notdusche-mit-augendusche-edelstahl-fuer-bodenmontage\/","name":"PremiumLine selbstentleerende K\u00f6rper-Notdusche mit Augendusche, Edelstahl f\u00fcr Bodenmontage | B-SAFETY","isPartOf":{"@id":"https:\/\/alex.b-safety.com\/#website"},"primaryImageOfPage":{"@id":"https:\/\/alex.b-safety.com\/produkt\/premiumline-selbstentleerende-koerper-notdusche-mit-augendusche-edelstahl-fuer-bodenmontage\/#primaryimage"},"image":{"@id":"https:\/\/alex.b-safety.com\/produkt\/premiumline-selbstentleerende-koerper-notdusche-mit-augendusche-edelstahl-fuer-bodenmontage\/#primaryimage"},"thumbnailUrl":"https:\/\/alex.b-safety.com\/wp-content\/uploads\/2025\/01\/BR832195.jpg","datePublished":"2025-01-20T16:43:41+00:00","dateModified":"2026-04-16T11:29:51+00:00","description":"PremiumLine selbstentleerende K\u00f6rper-Notdusche mit Augendusche, Edelstahl f\u00fcr Bodenmontage","breadcrumb":{"@id":"https:\/\/alex.b-safety.com\/produkt\/premiumline-selbstentleerende-koerper-notdusche-mit-augendusche-edelstahl-fuer-bodenmontage\/#breadcrumb"},"inLanguage":"en-US","potentialAction":[{"@type":"ReadAction","target":["https:\/\/alex.b-safety.com\/produkt\/premiumline-selbstentleerende-koerper-notdusche-mit-augendusche-edelstahl-fuer-bodenmontage\/"]}]},{"@type":"ImageObject","inLanguage":"en-US","@id":"https:\/\/alex.b-safety.com\/produkt\/premiumline-selbstentleerende-koerper-notdusche-mit-augendusche-edelstahl-fuer-bodenmontage\/#primaryimage","url":"https:\/\/alex.b-safety.com\/wp-content\/uploads\/2025\/01\/BR832195.jpg","contentUrl":"https:\/\/alex.b-safety.com\/wp-content\/uploads\/2025\/01\/BR832195.jpg","width":600,"height":600},{"@type":"BreadcrumbList","@id":"https:\/\/alex.b-safety.com\/produkt\/premiumline-selbstentleerende-koerper-notdusche-mit-augendusche-edelstahl-fuer-bodenmontage\/#breadcrumb","itemListElement":[{"@type":"ListItem","position":1,"name":"Startseite","item":"https:\/\/alex.b-safety.com\/"},{"@type":"ListItem","position":2,"name":"Shop","item":"https:\/\/alex.b-safety.com\/en\/shop\/"},{"@type":"ListItem","position":3,"name":"PremiumLine selbstentleerende K\u00f6rper-Notdusche mit Augendusche, Edelstahl f\u00fcr Bodenmontage"}]},{"@type":"WebSite","@id":"https:\/\/alex.b-safety.com\/#website","url":"https:\/\/alex.b-safety.com\/","name":"B-SAFETY","description":"","potentialAction":[{"@type":"SearchAction","target":{"@type":"EntryPoint","urlTemplate":"https:\/\/alex.b-safety.com\/?s={search_term_string}"},"query-input":{"@type":"PropertyValueSpecification","valueRequired":true,"valueName":"search_term_string"}}],"inLanguage":"en-US"}]}},"_links":{"self":[{"href":"https:\/\/alex.b-safety.com\/en\/wp-json\/wp\/v2\/product\/5737","targetHints":{"allow":["GET"]}}],"collection":[{"href":"https:\/\/alex.b-safety.com\/en\/wp-json\/wp\/v2\/product"}],"about":[{"href":"https:\/\/alex.b-safety.com\/en\/wp-json\/wp\/v2\/types\/product"}],"replies":[{"embeddable":true,"href":"https:\/\/alex.b-safety.com\/en\/wp-json\/wp\/v2\/comments?post=5737"}],"version-history":[{"count":5,"href":"https:\/\/alex.b-safety.com\/en\/wp-json\/wp\/v2\/product\/5737\/revisions"}],"predecessor-version":[{"id":6919,"href":"https:\/\/alex.b-safety.com\/en\/wp-json\/wp\/v2\/product\/5737\/revisions\/6919"}],"wp:featuredmedia":[{"embeddable":true,"href":"https:\/\/alex.b-safety.com\/en\/wp-json\/wp\/v2\/media\/5718"}],"wp:attachment":[{"href":"https:\/\/alex.b-safety.com\/en\/wp-json\/wp\/v2\/media?parent=5737"}],"wp:term":[{"taxonomy":"product_brand","embeddable":true,"href":"https:\/\/alex.b-safety.com\/en\/wp-json\/wp\/v2\/product_brand?post=5737"},{"taxonomy":"product_cat","embeddable":true,"href":"https:\/\/alex.b-safety.com\/en\/wp-json\/wp\/v2\/product_cat?post=5737"},{"taxonomy":"product_tag","embeddable":true,"href":"https:\/\/alex.b-safety.com\/en\/wp-json\/wp\/v2\/product_tag?post=5737"}],"curies":[{"name":"wp","href":"https:\/\/api.w.org\/{rel}","templated":true}]}}