{"id":5817,"date":"2025-01-21T09:23:07","date_gmt":"2025-01-21T08:23:07","guid":{"rendered":"https:\/\/alex.b-safety.com\/premiumline-frostsichere-selbstentleerende-augenduschen-station-mit-umliegendem-schutzkorb-mit-unterflurausloesung\/"},"modified":"2026-04-16T13:32:55","modified_gmt":"2026-04-16T11:32:55","slug":"premiumline-frostsichere-selbstentleerende-augenduschen-station-mit-umliegendem-schutzkorb-mit-unterflurausloesung-edelstahl-fuer-bodenmontage","status":"publish","type":"product","link":"https:\/\/alex.b-safety.com\/en\/product\/premiumline-frostsichere-selbstentleerende-augenduschen-station-mit-umliegendem-schutzkorb-mit-unterflurausloesung-edelstahl-fuer-bodenmontage\/","title":{"rendered":"PremiumLine frostsichere selbstentleerende Augenduschen-Station mit umliegendem Schutzkorb mit Unterflurausl\u00f6sung, Edelstahl f\u00fcr Bodenmontage"},"content":{"rendered":"<h3>Produktbeschreibung<\/h3>\n<p>Die Augendusche ist mit zwei B-SAFETY Hochleistungsbrausek\u00f6pfen ausgestattet, die nicht nur die Vorgaben der DIN EN 15154-2:2006 und der ANSI Z358.1-2014 erf\u00fcllen, sondern auch f\u00fcr eine gro\u00dffl\u00e4chige Wasserverteilung sorgen. Dadurch werden auch die Regionen um die Augen versorgt und die Platzierung der Augen in dem Wasserstrahl ist unproblematisch. Der begrenzte, gleichm\u00e4\u00dfige und vor allem weiche Wasserstrahl ist optimiert f\u00fcr das Aussp\u00fclen von Chemikalien im Auge.<\/p>\n<h3>Technische Beschreibung<\/h3>\n<ul>\n<li>Rahmen aus Edelstahlrohren, Abmessungen (H x B x T): 960 x 850 x 900 mm<\/li>\n<li>Bet\u00e4tigung der Augendusche \u00fcber Fu\u00dftrittrost aus feuerverzinktem Stahl, Befestigung \u00fcber Edelstahlseil an Winkelumlenkung, Abmessungen (B x T): 800 x 800 mm<\/li>\n<li>Winkelumlenkung aus Edelstahl, mit Befestigung aus Edelstahl am Standrohr<\/li>\n<li>Kugelhahn aus Edelstahl als Unterflurausl\u00f6sung, im Edelstahlkasten eingebaut, mit Zugstangenausl\u00f6sung 1000 mm, Wasseranschluss 3\/4-Zoll-AG, DIN-DVGW gepr\u00fcft und zugelassen, mit automatischer Entleerung in 1000 mm Tiefe<\/li>\n<li>Standfuss mit 4 Befestigungsbohrungen aus Edelstahl, poliert, Abmessungen 200 x 200 mm<\/li>\n<li>Standrohr 1 1\/4-Zoll aus Edelstahl zweiteilig, poliert, Gesamth\u00f6he 1050 mm<\/li>\n<li>integrierte PremiumLine Sicherheits-Augendusche mit Auffangbecken aus Edelstahl, Montageh\u00f6he 970 mm<\/li>\n<li>Anschlussrohr aus Edelstahl f\u00fcr eine einfache Montage und Ausrichtung der Dusche, poliert<\/li>\n<li>Auffangbecken aus Edelstahl, Durchmesser 275 mm, poliert, Ablaufanschluss 1 1\/4-Zoll-AG<\/li>\n<li>breitstrahlende Hochleistungsbrausek\u00f6pfe aus Edelstahl, poliert, mit Kunststoffspr\u00fchplatte, verkalkungsarm, inkl. Gummischutz und dichtschlie\u00dfendem Staubdeckel mit Klappmechanismus, montiert \u00fcber Verteilergabel<\/li>\n<li>integrierter automatischer Mengenregulator 14 Liter \/ Minute f\u00fcr ein normgerechtes Strahlbild bei einem vorgegebenem Arbeitsbereich von 2,5 bis 5 bar Flie\u00dfdruck<\/li>\n<li>Hinweisschild f\u00fcr Augendusche nach DIN EN ISO 7010 und ASR A1.3, selbstklebende PVC-Folie, Abmessungen 100 x 100 mm, Erkennungsweite 10 Meter<\/li>\n<li>gem\u00e4\u00df BGI\/GUV-I 850-0, DIN 1988 und DIN EN 1717<\/li>\n<li>gem\u00e4\u00df ANSI Z358.1-2014 und DIN EN 15154-2:2006<\/li>\n<li>DIN-DVGW gepr\u00fcft und zugelassen<\/li>\n<\/ul>\n","protected":false},"excerpt":{"rendered":"<p>Notduschen-Stationen sind Erste-Hilfe-Stationen mit einer Notdusche. Durch den umlaufenden Schutzkorb sind sie gut gegen Besch\u00e4digungen gesch\u00fctzt und auch von allen Seiten gut sichtbar. Das gro\u00dfe Trittrost dient als Bet\u00e4tigung der Dusche. Alle Notduschen-Stationen sind selbstentleerend aufgebaut und somit auch f\u00fcr den Einsatz in hei\u00dfen Umgebungen geeignet. Als Sonderanfertigung sind die Duschen auch mit einer Unterflurausl\u00f6sung verf\u00fcgbar und auf diese Weise frostsicher.<\/p>\n","protected":false},"featured_media":5745,"comment_status":"closed","ping_status":"closed","template":"","meta":[],"product_brand":[],"product_cat":[104,116],"product_tag":[170],"class_list":{"0":"post-5817","1":"product","2":"type-product","3":"status-publish","4":"has-post-thumbnail","6":"product_cat-notduschen","7":"product_cat-notduschen-stationen","8":"product_tag-bodenmontage","10":"first","11":"instock","12":"product-type-simple"},"yoast_head":"<!-- This site is optimized with the Yoast SEO plugin v27.4 - https:\/\/yoast.com\/product\/yoast-seo-wordpress\/ -->\n<title>PremiumLine frostsichere selbstentleerende Augenduschen-Station mit umliegendem Schutzkorb mit Unterflurausl\u00f6sung, Edelstahl f\u00fcr Bodenmontage | B-SAFETY<\/title>\n<meta name=\"description\" content=\"PremiumLine frostsichere selbstentleerende Augenduschen-Station mit umliegendem Schutzkorb mit Unterflurausl\u00f6sung, Edelstahl f\u00fcr Bodenmontage\" \/>\n<meta name=\"robots\" content=\"noindex, follow, max-snippet:-1, max-image-preview:large, max-video-preview:-1\" \/>\n<meta property=\"og:locale\" content=\"en_US\" \/>\n<meta property=\"og:type\" content=\"article\" \/>\n<meta property=\"og:title\" content=\"PremiumLine frostsichere selbstentleerende Augenduschen-Station mit umliegendem Schutzkorb mit Unterflurausl\u00f6sung, Edelstahl f\u00fcr Bodenmontage | B-SAFETY\" \/>\n<meta property=\"og:description\" content=\"PremiumLine frostsichere selbstentleerende Augenduschen-Station mit umliegendem Schutzkorb mit Unterflurausl\u00f6sung, Edelstahl f\u00fcr Bodenmontage\" \/>\n<meta property=\"og:url\" content=\"https:\/\/alex.b-safety.com\/produkt\/premiumline-frostsichere-selbstentleerende-augenduschen-station-mit-umliegendem-schutzkorb-mit-unterflurausloesung-edelstahl-fuer-bodenmontage\/\" \/>\n<meta property=\"og:site_name\" content=\"B-SAFETY\" \/>\n<meta property=\"article:modified_time\" content=\"2026-04-16T11:32:55+00:00\" \/>\n<meta property=\"og:image\" content=\"https:\/\/alex.b-safety.com\/wp-content\/uploads\/2025\/01\/BR887395.jpg\" \/>\n\t<meta property=\"og:image:width\" content=\"600\" \/>\n\t<meta property=\"og:image:height\" content=\"600\" \/>\n\t<meta property=\"og:image:type\" content=\"image\/jpeg\" \/>\n<meta name=\"twitter:card\" content=\"summary_large_image\" \/>\n<meta name=\"twitter:label1\" content=\"Est. reading time\" \/>\n\t<meta name=\"twitter:data1\" content=\"2 minutes\" \/>\n<script type=\"application\/ld+json\" class=\"yoast-schema-graph\">{\"@context\":\"https:\\\/\\\/schema.org\",\"@graph\":[{\"@type\":\"WebPage\",\"@id\":\"https:\\\/\\\/alex.b-safety.com\\\/produkt\\\/premiumline-frostsichere-selbstentleerende-augenduschen-station-mit-umliegendem-schutzkorb-mit-unterflurausloesung-edelstahl-fuer-bodenmontage\\\/\",\"url\":\"https:\\\/\\\/alex.b-safety.com\\\/produkt\\\/premiumline-frostsichere-selbstentleerende-augenduschen-station-mit-umliegendem-schutzkorb-mit-unterflurausloesung-edelstahl-fuer-bodenmontage\\\/\",\"name\":\"PremiumLine frostsichere selbstentleerende Augenduschen-Station mit umliegendem Schutzkorb mit Unterflurausl\u00f6sung, Edelstahl f\u00fcr Bodenmontage | B-SAFETY\",\"isPartOf\":{\"@id\":\"https:\\\/\\\/alex.b-safety.com\\\/#website\"},\"primaryImageOfPage\":{\"@id\":\"https:\\\/\\\/alex.b-safety.com\\\/produkt\\\/premiumline-frostsichere-selbstentleerende-augenduschen-station-mit-umliegendem-schutzkorb-mit-unterflurausloesung-edelstahl-fuer-bodenmontage\\\/#primaryimage\"},\"image\":{\"@id\":\"https:\\\/\\\/alex.b-safety.com\\\/produkt\\\/premiumline-frostsichere-selbstentleerende-augenduschen-station-mit-umliegendem-schutzkorb-mit-unterflurausloesung-edelstahl-fuer-bodenmontage\\\/#primaryimage\"},\"thumbnailUrl\":\"https:\\\/\\\/alex.b-safety.com\\\/wp-content\\\/uploads\\\/2025\\\/01\\\/BR887395.jpg\",\"datePublished\":\"2025-01-21T08:23:07+00:00\",\"dateModified\":\"2026-04-16T11:32:55+00:00\",\"description\":\"PremiumLine frostsichere selbstentleerende Augenduschen-Station mit umliegendem Schutzkorb mit Unterflurausl\u00f6sung, Edelstahl f\u00fcr Bodenmontage\",\"breadcrumb\":{\"@id\":\"https:\\\/\\\/alex.b-safety.com\\\/produkt\\\/premiumline-frostsichere-selbstentleerende-augenduschen-station-mit-umliegendem-schutzkorb-mit-unterflurausloesung-edelstahl-fuer-bodenmontage\\\/#breadcrumb\"},\"inLanguage\":\"en-US\",\"potentialAction\":[{\"@type\":\"ReadAction\",\"target\":[\"https:\\\/\\\/alex.b-safety.com\\\/produkt\\\/premiumline-frostsichere-selbstentleerende-augenduschen-station-mit-umliegendem-schutzkorb-mit-unterflurausloesung-edelstahl-fuer-bodenmontage\\\/\"]}]},{\"@type\":\"ImageObject\",\"inLanguage\":\"en-US\",\"@id\":\"https:\\\/\\\/alex.b-safety.com\\\/produkt\\\/premiumline-frostsichere-selbstentleerende-augenduschen-station-mit-umliegendem-schutzkorb-mit-unterflurausloesung-edelstahl-fuer-bodenmontage\\\/#primaryimage\",\"url\":\"https:\\\/\\\/alex.b-safety.com\\\/wp-content\\\/uploads\\\/2025\\\/01\\\/BR887395.jpg\",\"contentUrl\":\"https:\\\/\\\/alex.b-safety.com\\\/wp-content\\\/uploads\\\/2025\\\/01\\\/BR887395.jpg\",\"width\":600,\"height\":600},{\"@type\":\"BreadcrumbList\",\"@id\":\"https:\\\/\\\/alex.b-safety.com\\\/produkt\\\/premiumline-frostsichere-selbstentleerende-augenduschen-station-mit-umliegendem-schutzkorb-mit-unterflurausloesung-edelstahl-fuer-bodenmontage\\\/#breadcrumb\",\"itemListElement\":[{\"@type\":\"ListItem\",\"position\":1,\"name\":\"Startseite\",\"item\":\"https:\\\/\\\/alex.b-safety.com\\\/\"},{\"@type\":\"ListItem\",\"position\":2,\"name\":\"Shop\",\"item\":\"https:\\\/\\\/alex.b-safety.com\\\/en\\\/shop\\\/\"},{\"@type\":\"ListItem\",\"position\":3,\"name\":\"PremiumLine frostsichere selbstentleerende Augenduschen-Station mit umliegendem Schutzkorb mit Unterflurausl\u00f6sung, Edelstahl f\u00fcr Bodenmontage\"}]},{\"@type\":\"WebSite\",\"@id\":\"https:\\\/\\\/alex.b-safety.com\\\/#website\",\"url\":\"https:\\\/\\\/alex.b-safety.com\\\/\",\"name\":\"B-SAFETY\",\"description\":\"\",\"potentialAction\":[{\"@type\":\"SearchAction\",\"target\":{\"@type\":\"EntryPoint\",\"urlTemplate\":\"https:\\\/\\\/alex.b-safety.com\\\/?s={search_term_string}\"},\"query-input\":{\"@type\":\"PropertyValueSpecification\",\"valueRequired\":true,\"valueName\":\"search_term_string\"}}],\"inLanguage\":\"en-US\"}]}<\/script>\n<!-- \/ Yoast SEO plugin. -->","yoast_head_json":{"title":"PremiumLine frostsichere selbstentleerende Augenduschen-Station mit umliegendem Schutzkorb mit Unterflurausl\u00f6sung, Edelstahl f\u00fcr Bodenmontage | B-SAFETY","description":"PremiumLine frostsichere selbstentleerende Augenduschen-Station mit umliegendem Schutzkorb mit Unterflurausl\u00f6sung, Edelstahl f\u00fcr Bodenmontage","robots":{"index":"noindex","follow":"follow","max-snippet":"max-snippet:-1","max-image-preview":"max-image-preview:large","max-video-preview":"max-video-preview:-1"},"og_locale":"en_US","og_type":"article","og_title":"PremiumLine frostsichere selbstentleerende Augenduschen-Station mit umliegendem Schutzkorb mit Unterflurausl\u00f6sung, Edelstahl f\u00fcr Bodenmontage | B-SAFETY","og_description":"PremiumLine frostsichere selbstentleerende Augenduschen-Station mit umliegendem Schutzkorb mit Unterflurausl\u00f6sung, Edelstahl f\u00fcr Bodenmontage","og_url":"https:\/\/alex.b-safety.com\/produkt\/premiumline-frostsichere-selbstentleerende-augenduschen-station-mit-umliegendem-schutzkorb-mit-unterflurausloesung-edelstahl-fuer-bodenmontage\/","og_site_name":"B-SAFETY","article_modified_time":"2026-04-16T11:32:55+00:00","og_image":[{"width":600,"height":600,"url":"https:\/\/alex.b-safety.com\/wp-content\/uploads\/2025\/01\/BR887395.jpg","type":"image\/jpeg"}],"twitter_card":"summary_large_image","twitter_misc":{"Est. reading time":"2 minutes"},"schema":{"@context":"https:\/\/schema.org","@graph":[{"@type":"WebPage","@id":"https:\/\/alex.b-safety.com\/produkt\/premiumline-frostsichere-selbstentleerende-augenduschen-station-mit-umliegendem-schutzkorb-mit-unterflurausloesung-edelstahl-fuer-bodenmontage\/","url":"https:\/\/alex.b-safety.com\/produkt\/premiumline-frostsichere-selbstentleerende-augenduschen-station-mit-umliegendem-schutzkorb-mit-unterflurausloesung-edelstahl-fuer-bodenmontage\/","name":"PremiumLine frostsichere selbstentleerende Augenduschen-Station mit umliegendem Schutzkorb mit Unterflurausl\u00f6sung, Edelstahl f\u00fcr Bodenmontage | B-SAFETY","isPartOf":{"@id":"https:\/\/alex.b-safety.com\/#website"},"primaryImageOfPage":{"@id":"https:\/\/alex.b-safety.com\/produkt\/premiumline-frostsichere-selbstentleerende-augenduschen-station-mit-umliegendem-schutzkorb-mit-unterflurausloesung-edelstahl-fuer-bodenmontage\/#primaryimage"},"image":{"@id":"https:\/\/alex.b-safety.com\/produkt\/premiumline-frostsichere-selbstentleerende-augenduschen-station-mit-umliegendem-schutzkorb-mit-unterflurausloesung-edelstahl-fuer-bodenmontage\/#primaryimage"},"thumbnailUrl":"https:\/\/alex.b-safety.com\/wp-content\/uploads\/2025\/01\/BR887395.jpg","datePublished":"2025-01-21T08:23:07+00:00","dateModified":"2026-04-16T11:32:55+00:00","description":"PremiumLine frostsichere selbstentleerende Augenduschen-Station mit umliegendem Schutzkorb mit Unterflurausl\u00f6sung, Edelstahl f\u00fcr Bodenmontage","breadcrumb":{"@id":"https:\/\/alex.b-safety.com\/produkt\/premiumline-frostsichere-selbstentleerende-augenduschen-station-mit-umliegendem-schutzkorb-mit-unterflurausloesung-edelstahl-fuer-bodenmontage\/#breadcrumb"},"inLanguage":"en-US","potentialAction":[{"@type":"ReadAction","target":["https:\/\/alex.b-safety.com\/produkt\/premiumline-frostsichere-selbstentleerende-augenduschen-station-mit-umliegendem-schutzkorb-mit-unterflurausloesung-edelstahl-fuer-bodenmontage\/"]}]},{"@type":"ImageObject","inLanguage":"en-US","@id":"https:\/\/alex.b-safety.com\/produkt\/premiumline-frostsichere-selbstentleerende-augenduschen-station-mit-umliegendem-schutzkorb-mit-unterflurausloesung-edelstahl-fuer-bodenmontage\/#primaryimage","url":"https:\/\/alex.b-safety.com\/wp-content\/uploads\/2025\/01\/BR887395.jpg","contentUrl":"https:\/\/alex.b-safety.com\/wp-content\/uploads\/2025\/01\/BR887395.jpg","width":600,"height":600},{"@type":"BreadcrumbList","@id":"https:\/\/alex.b-safety.com\/produkt\/premiumline-frostsichere-selbstentleerende-augenduschen-station-mit-umliegendem-schutzkorb-mit-unterflurausloesung-edelstahl-fuer-bodenmontage\/#breadcrumb","itemListElement":[{"@type":"ListItem","position":1,"name":"Startseite","item":"https:\/\/alex.b-safety.com\/"},{"@type":"ListItem","position":2,"name":"Shop","item":"https:\/\/alex.b-safety.com\/en\/shop\/"},{"@type":"ListItem","position":3,"name":"PremiumLine frostsichere selbstentleerende Augenduschen-Station mit umliegendem Schutzkorb mit Unterflurausl\u00f6sung, Edelstahl f\u00fcr Bodenmontage"}]},{"@type":"WebSite","@id":"https:\/\/alex.b-safety.com\/#website","url":"https:\/\/alex.b-safety.com\/","name":"B-SAFETY","description":"","potentialAction":[{"@type":"SearchAction","target":{"@type":"EntryPoint","urlTemplate":"https:\/\/alex.b-safety.com\/?s={search_term_string}"},"query-input":{"@type":"PropertyValueSpecification","valueRequired":true,"valueName":"search_term_string"}}],"inLanguage":"en-US"}]}},"_links":{"self":[{"href":"https:\/\/alex.b-safety.com\/en\/wp-json\/wp\/v2\/product\/5817","targetHints":{"allow":["GET"]}}],"collection":[{"href":"https:\/\/alex.b-safety.com\/en\/wp-json\/wp\/v2\/product"}],"about":[{"href":"https:\/\/alex.b-safety.com\/en\/wp-json\/wp\/v2\/types\/product"}],"replies":[{"embeddable":true,"href":"https:\/\/alex.b-safety.com\/en\/wp-json\/wp\/v2\/comments?post=5817"}],"version-history":[{"count":4,"href":"https:\/\/alex.b-safety.com\/en\/wp-json\/wp\/v2\/product\/5817\/revisions"}],"predecessor-version":[{"id":7053,"href":"https:\/\/alex.b-safety.com\/en\/wp-json\/wp\/v2\/product\/5817\/revisions\/7053"}],"wp:featuredmedia":[{"embeddable":true,"href":"https:\/\/alex.b-safety.com\/en\/wp-json\/wp\/v2\/media\/5745"}],"wp:attachment":[{"href":"https:\/\/alex.b-safety.com\/en\/wp-json\/wp\/v2\/media?parent=5817"}],"wp:term":[{"taxonomy":"product_brand","embeddable":true,"href":"https:\/\/alex.b-safety.com\/en\/wp-json\/wp\/v2\/product_brand?post=5817"},{"taxonomy":"product_cat","embeddable":true,"href":"https:\/\/alex.b-safety.com\/en\/wp-json\/wp\/v2\/product_cat?post=5817"},{"taxonomy":"product_tag","embeddable":true,"href":"https:\/\/alex.b-safety.com\/en\/wp-json\/wp\/v2\/product_tag?post=5817"}],"curies":[{"name":"wp","href":"https:\/\/api.w.org\/{rel}","templated":true}]}}