{"id":5872,"date":"2025-02-14T14:06:45","date_gmt":"2025-02-14T13:06:45","guid":{"rendered":"https:\/\/alex.b-safety.com\/classicline-notduschkombination-mit-hand-augendusche-2\/"},"modified":"2026-04-16T15:22:12","modified_gmt":"2026-04-16T13:22:12","slug":"classicline-notduschkombination-mit-hand-augendusche-fuer-wandmontage","status":"publish","type":"product","link":"https:\/\/alex.b-safety.com\/en\/product\/classicline-notduschkombination-mit-hand-augendusche-fuer-wandmontage\/","title":{"rendered":"ClassicLine Notduschkombination mit Hand-Augendusche f\u00fcr Wandmontage"},"content":{"rendered":"<h3>Produktbeschreibung<\/h3>\n<p>Die B-SAFETY Notduschen der Serie ClassicLine werden aus hochwertigen Materialien gefertigt und sind f\u00fcr den Einsatz in Labor und Forschung ebenso geeignet wie f\u00fcr den rauen Einsatz in der Industrie. Die gr\u00fcne chemikalienbest\u00e4ndige Polyester-Pulverbeschichtung von B-SAFETY hat sich in vielen aggressiven Umgebungen bew\u00e4hrt und ist best\u00e4ndig gegen viele S\u00e4uren und Laugen.<\/p>\n<p>Die K\u00f6rper-Notduschen sind mit dem B-SAFETY Hochleistungsduschkopf ausgestattet, der nicht nur die Vorgaben der ANSI Z358.1 und der DIN EN 15154 erf\u00fcllt, sondern auch selbstentleerend, weitestgehend verkalkungs- und wartungsfrei sowie sehr robust und korrosionsbest\u00e4ndig ist. Der begrenzte, gleichm\u00e4\u00dfige und vor allem weiche Wasserstrahl ist optimiert f\u00fcr das Absp\u00fclen von Chemikalien auf der Haut.<\/p>\n<h3>Technische Beschreibung<\/h3>\n<ul>\n<li>inklusive oberem und unterem Wasseranschluss 3\/4-Zoll-IG f\u00fcr den Einbau in Zirkulationsleitungen, Stopfen 3\/4-Zoll aus Edelstahl<\/li>\n<li>Wandflansch mit 4 Befestigungsbohrungen aus Edelstahl, chemikalienbest\u00e4ndig gr\u00fcn pulverbeschichtet, Wasseranschluss 3\/4-Zoll-IG<\/li>\n<li>Verbindungsst\u00fcck aus Edelstahl, f\u00fcr eine schnelle Montage vor Ort und einfache Ausrichtung des Duscharms<\/li>\n<li>Kugelhahn 3\/4-Zoll aus entzinkungsbest\u00e4ndigem Messing, mit Schnellmontagesystem und Zugstangenbet\u00e4tigung, DIN-DVGW gepr\u00fcft und zugelassen<\/li>\n<li>Zugstange mit Ringgriff aus Edelstahl, chemikalienbest\u00e4ndig gr\u00fcn pulverbeschichtet, L\u00e4nge 700 mm<\/li>\n<li>Wandduscharm 3\/4-Zoll aus Edelstahl, chemikalienbest\u00e4ndig gr\u00fcn pulverbeschichtet, Ausladung 630 mm<\/li>\n<li>integrierter automatischer Mengenregulator 50 Liter \/ Minute f\u00fcr ein normgerechtes Strahlbild bei einem vorgegebenen Arbeitsbereich von 1,5 bis 3 bar Flie\u00dfdruck<\/li>\n<li>Hochleistungsduschkopf aus chemikalienbest\u00e4ndigem Kunststoff, schwarz, mit verbessertem Strahlbild, korrosionsbest\u00e4ndig, weitestgehend verkalkungs- und wartungsfrei, sehr robust, selbst entleerend<\/li>\n<li>Hinweisschild f\u00fcr K\u00f6rper-Notdusche nach DIN EN ISO 7010 und ASR A1.3, selbstklebende PVC-Folie, Abmessungen 150 x 150 mm, Erkennungsweite 15 Meter<\/li>\n<li>zwei Verbindungsrohre 3\/4-Zoll aus Edelstahl, chemikalienbest\u00e4ndig gr\u00fcn pulverbeschichtet, Gesamtl\u00e4nge 1500 mm<\/li>\n<li>Wandflansch mit 4 Befestigungsbohrungen aus Edelstahl, chemikalienbest\u00e4ndig gr\u00fcn pulverbeschichtet, Wasseranschluss 3\/4-Zoll-IG<\/li>\n<li>inklusive ClassicLine Hand-Augendusche mit zwei Brausek\u00f6pfen 45\u00b0, f\u00fcr Wandmontage<\/li>\n<li>Handgriff mit integriertem, arretierendem Ausl\u00f6segriff aus Kunststoff, Ventil nicht selbstt\u00e4tig schlie\u00dfend<\/li>\n<li>breitstrahlende Hochleistungsbrausek\u00f6pfe 45\u00b0 abgewinkelt, mit Kunststoffspr\u00fchplatte, verkalkungsarm, inkl. Gummischutz und dichtschlie\u00dfendem Staubdeckel mit Klappmechanismus<\/li>\n<li>integrierter automatischer Mengenregulator 14 Liter \/ Minute f\u00fcr ein normgerechtes Strahlbild bei einem vorgegebenem Arbeitsbereich von 1,5 bis 5 bar Flie\u00dfdruck<\/li>\n<li>integrierter R\u00fcckflussverhinderer zum Schutz des Trinkwassers<\/li>\n<li>edelstahlummantelter Schlauch L\u00e4nge 1,5 Meter, Anschluss 1\/2-Zoll-\u00dcberwurfmutter, DIN-DVGW gepr\u00fcft und zugelassen<\/li>\n<li>stabile Wand- und Tischhalterung mit Positionierung der Dusche, inkl. Befestigungssatz mit Mutter M28x1,5mm mit 2 Schrauben M5 f\u00fcr schwer zug\u00e4ngliche Montage, Abdichtung zur Wand-\/Tischoberfl\u00e4che mittels O-Ring<\/li>\n<li>Hinweisschild f\u00fcr Augendusche nach DIN EN ISO 7010 und ASR A1.3, selbstklebende PVC-Folie, Abmessungen 100 x 100 mm, Erkennungsweite 10 Meter<\/li>\n<li>Anbringungsh\u00f6he 810 mm (\u00b1 100 mm)<\/li>\n<li>gem\u00e4\u00df BGI\/GUV-I 850-0, DIN 1988 und DIN EN 1717<\/li>\n<li>gem\u00e4\u00df ANSI Z358.1-2014, DIN EN 15154-1:2006, DIN EN 15154-2:2006 und DIN EN 15154-5:2019<\/li>\n<li>DIN-DVGW gepr\u00fcft und zugelassen<\/li>\n<\/ul>\n","protected":false},"excerpt":{"rendered":"<p>Die B-SAFETY Notduschkombinationen \u2013 Kombinationen aus K\u00f6rper-Notduschen und Augenduschen \u2013 sind platzsparender gegen\u00fcber einer Einzelaufstellung. So ergibt sich die M\u00f6glichkeit, einen zentralen Anlaufpunkt f\u00fcr die Erste Hilfe zu schaffen. Durch die m\u00f6gliche Kombination mit einer Hand-Augendusche oder Handbrause hat ein Verletzter zus\u00e4tzlich die M\u00f6glichkeit, sich bei kleineren Verletzungen partiell zu versorgen, ohne gleich die K\u00f6rper-Notdusche benutzen zu m\u00fcssen.<\/p>\n","protected":false},"featured_media":5908,"comment_status":"closed","ping_status":"closed","template":"","meta":[],"product_brand":[],"product_cat":[104,112],"product_tag":[179],"class_list":{"0":"post-5872","1":"product","2":"type-product","3":"status-publish","4":"has-post-thumbnail","6":"product_cat-notduschen","7":"product_cat-notduschkombinationen","8":"product_tag-wandmontage","10":"first","11":"instock","12":"product-type-simple"},"yoast_head":"<!-- This site is optimized with the Yoast SEO plugin v27.4 - https:\/\/yoast.com\/product\/yoast-seo-wordpress\/ -->\n<title>ClassicLine Notduschkombination mit Hand-Augendusche f\u00fcr Wandmontage | B-SAFETY<\/title>\n<meta name=\"description\" content=\"ClassicLine Notduschkombination mit Hand-Augendusche f\u00fcr Wandmontage\" \/>\n<meta name=\"robots\" content=\"noindex, follow, max-snippet:-1, max-image-preview:large, max-video-preview:-1\" \/>\n<meta property=\"og:locale\" content=\"en_US\" \/>\n<meta property=\"og:type\" content=\"article\" \/>\n<meta property=\"og:title\" content=\"ClassicLine Notduschkombination mit Hand-Augendusche f\u00fcr Wandmontage | B-SAFETY\" \/>\n<meta property=\"og:description\" content=\"ClassicLine Notduschkombination mit Hand-Augendusche f\u00fcr Wandmontage\" \/>\n<meta property=\"og:url\" content=\"https:\/\/alex.b-safety.com\/produkt\/classicline-notduschkombination-mit-hand-augendusche-fuer-wandmontage\/\" \/>\n<meta property=\"og:site_name\" content=\"B-SAFETY\" \/>\n<meta property=\"article:modified_time\" content=\"2026-04-16T13:22:12+00:00\" \/>\n<meta property=\"og:image\" content=\"https:\/\/alex.b-safety.com\/wp-content\/uploads\/2025\/02\/BR864085_Kombi.jpg\" \/>\n\t<meta property=\"og:image:width\" content=\"600\" \/>\n\t<meta property=\"og:image:height\" content=\"600\" \/>\n\t<meta property=\"og:image:type\" content=\"image\/jpeg\" \/>\n<meta name=\"twitter:card\" content=\"summary_large_image\" \/>\n<meta name=\"twitter:label1\" content=\"Est. reading time\" \/>\n\t<meta name=\"twitter:data1\" content=\"3 minutes\" \/>\n<script type=\"application\/ld+json\" class=\"yoast-schema-graph\">{\"@context\":\"https:\\\/\\\/schema.org\",\"@graph\":[{\"@type\":\"WebPage\",\"@id\":\"https:\\\/\\\/alex.b-safety.com\\\/produkt\\\/classicline-notduschkombination-mit-hand-augendusche-fuer-wandmontage\\\/\",\"url\":\"https:\\\/\\\/alex.b-safety.com\\\/produkt\\\/classicline-notduschkombination-mit-hand-augendusche-fuer-wandmontage\\\/\",\"name\":\"ClassicLine Notduschkombination mit Hand-Augendusche f\u00fcr Wandmontage | B-SAFETY\",\"isPartOf\":{\"@id\":\"https:\\\/\\\/alex.b-safety.com\\\/#website\"},\"primaryImageOfPage\":{\"@id\":\"https:\\\/\\\/alex.b-safety.com\\\/produkt\\\/classicline-notduschkombination-mit-hand-augendusche-fuer-wandmontage\\\/#primaryimage\"},\"image\":{\"@id\":\"https:\\\/\\\/alex.b-safety.com\\\/produkt\\\/classicline-notduschkombination-mit-hand-augendusche-fuer-wandmontage\\\/#primaryimage\"},\"thumbnailUrl\":\"https:\\\/\\\/alex.b-safety.com\\\/wp-content\\\/uploads\\\/2025\\\/02\\\/BR864085_Kombi.jpg\",\"datePublished\":\"2025-02-14T13:06:45+00:00\",\"dateModified\":\"2026-04-16T13:22:12+00:00\",\"description\":\"ClassicLine Notduschkombination mit Hand-Augendusche f\u00fcr Wandmontage\",\"breadcrumb\":{\"@id\":\"https:\\\/\\\/alex.b-safety.com\\\/produkt\\\/classicline-notduschkombination-mit-hand-augendusche-fuer-wandmontage\\\/#breadcrumb\"},\"inLanguage\":\"en-US\",\"potentialAction\":[{\"@type\":\"ReadAction\",\"target\":[\"https:\\\/\\\/alex.b-safety.com\\\/produkt\\\/classicline-notduschkombination-mit-hand-augendusche-fuer-wandmontage\\\/\"]}]},{\"@type\":\"ImageObject\",\"inLanguage\":\"en-US\",\"@id\":\"https:\\\/\\\/alex.b-safety.com\\\/produkt\\\/classicline-notduschkombination-mit-hand-augendusche-fuer-wandmontage\\\/#primaryimage\",\"url\":\"https:\\\/\\\/alex.b-safety.com\\\/wp-content\\\/uploads\\\/2025\\\/02\\\/BR864085_Kombi.jpg\",\"contentUrl\":\"https:\\\/\\\/alex.b-safety.com\\\/wp-content\\\/uploads\\\/2025\\\/02\\\/BR864085_Kombi.jpg\",\"width\":600,\"height\":600},{\"@type\":\"BreadcrumbList\",\"@id\":\"https:\\\/\\\/alex.b-safety.com\\\/produkt\\\/classicline-notduschkombination-mit-hand-augendusche-fuer-wandmontage\\\/#breadcrumb\",\"itemListElement\":[{\"@type\":\"ListItem\",\"position\":1,\"name\":\"Startseite\",\"item\":\"https:\\\/\\\/alex.b-safety.com\\\/\"},{\"@type\":\"ListItem\",\"position\":2,\"name\":\"Shop\",\"item\":\"https:\\\/\\\/alex.b-safety.com\\\/en\\\/shop\\\/\"},{\"@type\":\"ListItem\",\"position\":3,\"name\":\"ClassicLine Notduschkombination mit Hand-Augendusche f\u00fcr Wandmontage\"}]},{\"@type\":\"WebSite\",\"@id\":\"https:\\\/\\\/alex.b-safety.com\\\/#website\",\"url\":\"https:\\\/\\\/alex.b-safety.com\\\/\",\"name\":\"B-SAFETY\",\"description\":\"\",\"potentialAction\":[{\"@type\":\"SearchAction\",\"target\":{\"@type\":\"EntryPoint\",\"urlTemplate\":\"https:\\\/\\\/alex.b-safety.com\\\/?s={search_term_string}\"},\"query-input\":{\"@type\":\"PropertyValueSpecification\",\"valueRequired\":true,\"valueName\":\"search_term_string\"}}],\"inLanguage\":\"en-US\"}]}<\/script>\n<!-- \/ Yoast SEO plugin. -->","yoast_head_json":{"title":"ClassicLine Notduschkombination mit Hand-Augendusche f\u00fcr Wandmontage | B-SAFETY","description":"ClassicLine Notduschkombination mit Hand-Augendusche f\u00fcr Wandmontage","robots":{"index":"noindex","follow":"follow","max-snippet":"max-snippet:-1","max-image-preview":"max-image-preview:large","max-video-preview":"max-video-preview:-1"},"og_locale":"en_US","og_type":"article","og_title":"ClassicLine Notduschkombination mit Hand-Augendusche f\u00fcr Wandmontage | B-SAFETY","og_description":"ClassicLine Notduschkombination mit Hand-Augendusche f\u00fcr Wandmontage","og_url":"https:\/\/alex.b-safety.com\/produkt\/classicline-notduschkombination-mit-hand-augendusche-fuer-wandmontage\/","og_site_name":"B-SAFETY","article_modified_time":"2026-04-16T13:22:12+00:00","og_image":[{"width":600,"height":600,"url":"https:\/\/alex.b-safety.com\/wp-content\/uploads\/2025\/02\/BR864085_Kombi.jpg","type":"image\/jpeg"}],"twitter_card":"summary_large_image","twitter_misc":{"Est. reading time":"3 minutes"},"schema":{"@context":"https:\/\/schema.org","@graph":[{"@type":"WebPage","@id":"https:\/\/alex.b-safety.com\/produkt\/classicline-notduschkombination-mit-hand-augendusche-fuer-wandmontage\/","url":"https:\/\/alex.b-safety.com\/produkt\/classicline-notduschkombination-mit-hand-augendusche-fuer-wandmontage\/","name":"ClassicLine Notduschkombination mit Hand-Augendusche f\u00fcr Wandmontage | B-SAFETY","isPartOf":{"@id":"https:\/\/alex.b-safety.com\/#website"},"primaryImageOfPage":{"@id":"https:\/\/alex.b-safety.com\/produkt\/classicline-notduschkombination-mit-hand-augendusche-fuer-wandmontage\/#primaryimage"},"image":{"@id":"https:\/\/alex.b-safety.com\/produkt\/classicline-notduschkombination-mit-hand-augendusche-fuer-wandmontage\/#primaryimage"},"thumbnailUrl":"https:\/\/alex.b-safety.com\/wp-content\/uploads\/2025\/02\/BR864085_Kombi.jpg","datePublished":"2025-02-14T13:06:45+00:00","dateModified":"2026-04-16T13:22:12+00:00","description":"ClassicLine Notduschkombination mit Hand-Augendusche f\u00fcr Wandmontage","breadcrumb":{"@id":"https:\/\/alex.b-safety.com\/produkt\/classicline-notduschkombination-mit-hand-augendusche-fuer-wandmontage\/#breadcrumb"},"inLanguage":"en-US","potentialAction":[{"@type":"ReadAction","target":["https:\/\/alex.b-safety.com\/produkt\/classicline-notduschkombination-mit-hand-augendusche-fuer-wandmontage\/"]}]},{"@type":"ImageObject","inLanguage":"en-US","@id":"https:\/\/alex.b-safety.com\/produkt\/classicline-notduschkombination-mit-hand-augendusche-fuer-wandmontage\/#primaryimage","url":"https:\/\/alex.b-safety.com\/wp-content\/uploads\/2025\/02\/BR864085_Kombi.jpg","contentUrl":"https:\/\/alex.b-safety.com\/wp-content\/uploads\/2025\/02\/BR864085_Kombi.jpg","width":600,"height":600},{"@type":"BreadcrumbList","@id":"https:\/\/alex.b-safety.com\/produkt\/classicline-notduschkombination-mit-hand-augendusche-fuer-wandmontage\/#breadcrumb","itemListElement":[{"@type":"ListItem","position":1,"name":"Startseite","item":"https:\/\/alex.b-safety.com\/"},{"@type":"ListItem","position":2,"name":"Shop","item":"https:\/\/alex.b-safety.com\/en\/shop\/"},{"@type":"ListItem","position":3,"name":"ClassicLine Notduschkombination mit Hand-Augendusche f\u00fcr Wandmontage"}]},{"@type":"WebSite","@id":"https:\/\/alex.b-safety.com\/#website","url":"https:\/\/alex.b-safety.com\/","name":"B-SAFETY","description":"","potentialAction":[{"@type":"SearchAction","target":{"@type":"EntryPoint","urlTemplate":"https:\/\/alex.b-safety.com\/?s={search_term_string}"},"query-input":{"@type":"PropertyValueSpecification","valueRequired":true,"valueName":"search_term_string"}}],"inLanguage":"en-US"}]}},"_links":{"self":[{"href":"https:\/\/alex.b-safety.com\/en\/wp-json\/wp\/v2\/product\/5872","targetHints":{"allow":["GET"]}}],"collection":[{"href":"https:\/\/alex.b-safety.com\/en\/wp-json\/wp\/v2\/product"}],"about":[{"href":"https:\/\/alex.b-safety.com\/en\/wp-json\/wp\/v2\/types\/product"}],"replies":[{"embeddable":true,"href":"https:\/\/alex.b-safety.com\/en\/wp-json\/wp\/v2\/comments?post=5872"}],"version-history":[{"count":3,"href":"https:\/\/alex.b-safety.com\/en\/wp-json\/wp\/v2\/product\/5872\/revisions"}],"predecessor-version":[{"id":6779,"href":"https:\/\/alex.b-safety.com\/en\/wp-json\/wp\/v2\/product\/5872\/revisions\/6779"}],"wp:featuredmedia":[{"embeddable":true,"href":"https:\/\/alex.b-safety.com\/en\/wp-json\/wp\/v2\/media\/5908"}],"wp:attachment":[{"href":"https:\/\/alex.b-safety.com\/en\/wp-json\/wp\/v2\/media?parent=5872"}],"wp:term":[{"taxonomy":"product_brand","embeddable":true,"href":"https:\/\/alex.b-safety.com\/en\/wp-json\/wp\/v2\/product_brand?post=5872"},{"taxonomy":"product_cat","embeddable":true,"href":"https:\/\/alex.b-safety.com\/en\/wp-json\/wp\/v2\/product_cat?post=5872"},{"taxonomy":"product_tag","embeddable":true,"href":"https:\/\/alex.b-safety.com\/en\/wp-json\/wp\/v2\/product_tag?post=5872"}],"curies":[{"name":"wp","href":"https:\/\/api.w.org\/{rel}","templated":true}]}}