{"id":6223,"date":"2025-02-28T11:17:52","date_gmt":"2025-02-28T10:17:52","guid":{"rendered":"https:\/\/alex.b-safety.com\/antibakterieller-zusatz-fuer-tank-augenduschen\/"},"modified":"2025-09-26T12:58:26","modified_gmt":"2025-09-26T10:58:26","slug":"antibakterieller-zusatz-fuer-tank-augenduschen","status":"publish","type":"product","link":"https:\/\/alex.b-safety.com\/en\/product\/antibakterieller-zusatz-fuer-tank-augenduschen\/","title":{"rendered":"Antibakterieller Zusatz f\u00fcr Tank-Augenduschen"},"content":{"rendered":"<h3>Produktbeschreibung<\/h3>\n<p>Alle verwendeten Inhaltsstoffe sind f\u00fcr den Gebrauch im Trinkwasser zugelassen. Desinfiziert klares Wasser schnell und sicher und h\u00e4lt es f\u00fcr bis zu 6 Monate keimfrei. Durch die Oxidationswirkung von Chlor werden neben Bakterien auch Viren und die meisten Protozoen und Pilze eliminiert. F\u00fcr klares, nicht f\u00fcr tr\u00fcbes Wasser, da Schwebstoffe die Wirkung von Chlor und Silberionen beeintr\u00e4chtigen k\u00f6nnen. Micropur Forte kann \u00fcberall dort verwendet werden, wo mikrobiologisch unsicheres Leitungswasser zum Trinken, Kochen oder Waschen desinfiziert werden soll.<\/p>\n<p><u>Anwendung:<\/u> In den leeren oder halb gef\u00fcllten Wasserbeh\u00e4lter dosieren und sofort mit der gew\u00fcnschten Menge klares Wasser auff\u00fcllen. Die dabei entstehenden Turbulenzen dienen der Durchmischung von Micropur Forte und Wasser. Zus\u00e4tzliches R\u00fchren ist nicht n\u00f6tig. Wird Micropur Forte erst nach dem F\u00fcllen des Beh\u00e4lters beigef\u00fcgt, muss das Wasser umger\u00fchrt werden, damit die Wirkstoffe gleichm\u00e4\u00dfig verteilt werden. Dosierung: 10 ml auf 100 L Wasser. 30 Minuten einwirken lassen. Bei kaltem Wasser (&lt; 10\u00b0C) auf 2 Stunden verl\u00e4ngern. Nur in klarem Wasser verwenden. K\u00fchl und vor Licht gesch\u00fctzt aufbewahren (&lt; 25\u00b0C).<\/p>\n<p><u>Achtung:<\/u> Giftig f\u00fcr Wasserorganismen mit langfristiger Wirkung. Freisetzung in die Umwelt vermeiden. Darf nicht in die H\u00e4nde von Kindern gelangen. Ber\u00fchrung mit Augen, Haut und Kleidung (Entf\u00e4rbung) vermeiden. Verursacht Hautreizungen und schwere Augenreizungen. Bei Ber\u00fchrung mit der Haut mit viel Wasser waschen. Bei Kontakt mit den Augen einige Minuten mit Wasser sp\u00fclen. Eventuell vorhandene Kontaktlinsen nach M\u00f6glichkeit entfernen und weiter sp\u00fclen. Versch\u00fcttete Mengen aufnehmen. Inhalt\/Beh\u00e4lter gem\u00e4\u00df lokalen Vorschriften der Entsorgung zuf\u00fchren. Erste-Hilfe: Nach Verschlucken den Mund aussp\u00fclen, die Fl\u00fcssigkeit wieder ausspucken und anschlie\u00dfend 1 Glas Wasser nachtrinken.<\/p>\n<p>Dieses Produkt ist f\u00fcr den Verkauf in folgenden EU-L\u00e4ndern geeignet:<br \/>\n\u00d6sterreich, Vereinigtes K\u00f6nigreich, Frankreich, Deutschland, Schweiz und Luxemburg.<\/p>\n<ul>\n<li>BAuA-Registriernummer Deutschland f\u00fcr Micropur Forte 1000F: N-58037<\/li>\n<li>BAuA-Registriernummer Schweiz f\u00fcr Micropur Forte 1000F: CHZB0371 Micro Forte MF 1000F<\/li>\n<li>BAuA-Registriernummer Luxemburg f\u00fcr Micropur Forte 1000F: 84\/17\/L<\/li>\n<\/ul>\n<h3>Technische Beschreibung<\/h3>\n<ul>\n<li>Wirkstoffe: Natriumhypochlorit 19,5 mg\/g und Silberionen 0,82 mg\/g<\/li>\n<li>eliminiert Bakterien, Viren in 30 min und konserviert Wasser bis zu 6 Monate<\/li>\n<li>Dosierung 1 ml auf 10 Liter Wasser, reicht f\u00fcr 1000 Liter<\/li>\n<li>Zur Verwendung in Kunststoff oder Glas. Metalle vor Anwendung pr\u00fcfen<\/li>\n<li>Aufrecht in verschlossener Originalverpackung trocknen und unter 25\u00b0 C lagern<\/li>\n<li>Ideales Konservierungsmittel f\u00fcr Wasser in Wassertanks<\/li>\n<li>Haltbarkeit 2 Jahre ab Herstelldatum<\/li>\n<\/ul>\n","protected":false},"excerpt":{"rendered":"<p>Alle verwendeten Inhaltsstoffe sind f\u00fcr den Gebrauch im Trinkwasser zugelassen. Desinfiziert klares Wasser schnell und sicher und h\u00e4lt es f\u00fcr bis zu 6 Monate keimfrei. Durch die Oxidationswirkung von Chlor werden neben Bakterien auch Viren und die meisten Protozoen und Pilze eliminiert. F\u00fcr klares, nicht f\u00fcr tr\u00fcbes Wasser, da Schwebstoffe die Wirkung von Chlor und Silberionen beeintr\u00e4chtigen k\u00f6nnen. Micropur Forte kann \u00fcberall dort verwendet werden, wo mikrobiologisch unsicheres Leitungswasser zum Trinken, Kochen oder Waschen desinfiziert werden soll.<\/p>\n<p><strong>Gefahrenhinweise:<\/strong><br \/>\nBiozidprodukte vorsichtig verwenden. Vor Gebrauch stets Etikett und Produktinformationen lesen.<\/p>\n<p><img loading=\"lazy\" decoding=\"async\" class=\"alignnone size-full wp-image-50791\" src=\"https:\/\/www.b-safety.com\/wp-content\/uploads\/Hazard-Umwelt.jpg\" alt=\"\" width=\"110\" height=\"110\" \/><img loading=\"lazy\" decoding=\"async\" class=\"alignnone size-full wp-image-50797\" src=\"https:\/\/www.b-safety.com\/wp-content\/uploads\/Hazard-Achtung.jpg\" alt=\"\" width=\"110\" height=\"110\" \/><\/p>\n","protected":false},"featured_media":6968,"comment_status":"closed","ping_status":"closed","template":"","meta":[],"product_brand":[],"product_cat":[109,28],"product_tag":[],"class_list":{"0":"post-6223","1":"product","2":"type-product","3":"status-publish","4":"has-post-thumbnail","6":"product_cat-tank-augenduschen","7":"product_cat-zubehoer","9":"first","10":"instock","11":"product-type-simple"},"yoast_head":"<!-- This site is optimized with the Yoast SEO plugin v27.4 - https:\/\/yoast.com\/product\/yoast-seo-wordpress\/ -->\n<title>Antibakterieller Zusatz f\u00fcr Tank-Augenduschen | B-SAFETY<\/title>\n<meta name=\"description\" content=\"Antibakterieller Zusatz f\u00fcr Tank-Augenduschen desinfiziert klares Wasser schnell und sicher und h\u00e4lt es f\u00fcr bis zu 6 Monate keimfrei.\" \/>\n<meta name=\"robots\" content=\"noindex, follow, max-snippet:-1, max-image-preview:large, max-video-preview:-1\" \/>\n<meta property=\"og:locale\" content=\"en_US\" \/>\n<meta property=\"og:type\" content=\"article\" \/>\n<meta property=\"og:title\" content=\"Antibakterieller Zusatz f\u00fcr Tank-Augenduschen | B-SAFETY\" \/>\n<meta property=\"og:description\" content=\"Antibakterieller Zusatz f\u00fcr Tank-Augenduschen desinfiziert klares Wasser schnell und sicher und h\u00e4lt es f\u00fcr bis zu 6 Monate keimfrei.\" \/>\n<meta property=\"og:url\" content=\"https:\/\/alex.b-safety.com\/produkt\/antibakterieller-zusatz-fuer-tank-augenduschen\/\" \/>\n<meta property=\"og:site_name\" content=\"B-SAFETY\" \/>\n<meta property=\"article:modified_time\" content=\"2025-09-26T10:58:26+00:00\" \/>\n<meta property=\"og:image\" content=\"https:\/\/alex.b-safety.com\/wp-content\/uploads\/2025\/02\/BR910980.jpg\" \/>\n\t<meta property=\"og:image:width\" content=\"600\" \/>\n\t<meta property=\"og:image:height\" content=\"600\" \/>\n\t<meta property=\"og:image:type\" content=\"image\/jpeg\" \/>\n<meta name=\"twitter:card\" content=\"summary_large_image\" \/>\n<meta name=\"twitter:label1\" content=\"Est. reading time\" \/>\n\t<meta name=\"twitter:data1\" content=\"3 minutes\" \/>\n<script type=\"application\/ld+json\" class=\"yoast-schema-graph\">{\"@context\":\"https:\\\/\\\/schema.org\",\"@graph\":[{\"@type\":\"WebPage\",\"@id\":\"https:\\\/\\\/alex.b-safety.com\\\/produkt\\\/antibakterieller-zusatz-fuer-tank-augenduschen\\\/\",\"url\":\"https:\\\/\\\/alex.b-safety.com\\\/produkt\\\/antibakterieller-zusatz-fuer-tank-augenduschen\\\/\",\"name\":\"Antibakterieller Zusatz f\u00fcr Tank-Augenduschen | B-SAFETY\",\"isPartOf\":{\"@id\":\"https:\\\/\\\/alex.b-safety.com\\\/#website\"},\"primaryImageOfPage\":{\"@id\":\"https:\\\/\\\/alex.b-safety.com\\\/produkt\\\/antibakterieller-zusatz-fuer-tank-augenduschen\\\/#primaryimage\"},\"image\":{\"@id\":\"https:\\\/\\\/alex.b-safety.com\\\/produkt\\\/antibakterieller-zusatz-fuer-tank-augenduschen\\\/#primaryimage\"},\"thumbnailUrl\":\"https:\\\/\\\/alex.b-safety.com\\\/wp-content\\\/uploads\\\/2025\\\/02\\\/BR910980.jpg\",\"datePublished\":\"2025-02-28T10:17:52+00:00\",\"dateModified\":\"2025-09-26T10:58:26+00:00\",\"description\":\"Antibakterieller Zusatz f\u00fcr Tank-Augenduschen desinfiziert klares Wasser schnell und sicher und h\u00e4lt es f\u00fcr bis zu 6 Monate keimfrei.\",\"breadcrumb\":{\"@id\":\"https:\\\/\\\/alex.b-safety.com\\\/produkt\\\/antibakterieller-zusatz-fuer-tank-augenduschen\\\/#breadcrumb\"},\"inLanguage\":\"en-US\",\"potentialAction\":[{\"@type\":\"ReadAction\",\"target\":[\"https:\\\/\\\/alex.b-safety.com\\\/produkt\\\/antibakterieller-zusatz-fuer-tank-augenduschen\\\/\"]}]},{\"@type\":\"ImageObject\",\"inLanguage\":\"en-US\",\"@id\":\"https:\\\/\\\/alex.b-safety.com\\\/produkt\\\/antibakterieller-zusatz-fuer-tank-augenduschen\\\/#primaryimage\",\"url\":\"https:\\\/\\\/alex.b-safety.com\\\/wp-content\\\/uploads\\\/2025\\\/02\\\/BR910980.jpg\",\"contentUrl\":\"https:\\\/\\\/alex.b-safety.com\\\/wp-content\\\/uploads\\\/2025\\\/02\\\/BR910980.jpg\",\"width\":600,\"height\":600},{\"@type\":\"BreadcrumbList\",\"@id\":\"https:\\\/\\\/alex.b-safety.com\\\/produkt\\\/antibakterieller-zusatz-fuer-tank-augenduschen\\\/#breadcrumb\",\"itemListElement\":[{\"@type\":\"ListItem\",\"position\":1,\"name\":\"Startseite\",\"item\":\"https:\\\/\\\/alex.b-safety.com\\\/\"},{\"@type\":\"ListItem\",\"position\":2,\"name\":\"Shop\",\"item\":\"https:\\\/\\\/alex.b-safety.com\\\/en\\\/shop\\\/\"},{\"@type\":\"ListItem\",\"position\":3,\"name\":\"Antibakterieller Zusatz f\u00fcr Tank-Augenduschen\"}]},{\"@type\":\"WebSite\",\"@id\":\"https:\\\/\\\/alex.b-safety.com\\\/#website\",\"url\":\"https:\\\/\\\/alex.b-safety.com\\\/\",\"name\":\"B-SAFETY\",\"description\":\"\",\"potentialAction\":[{\"@type\":\"SearchAction\",\"target\":{\"@type\":\"EntryPoint\",\"urlTemplate\":\"https:\\\/\\\/alex.b-safety.com\\\/?s={search_term_string}\"},\"query-input\":{\"@type\":\"PropertyValueSpecification\",\"valueRequired\":true,\"valueName\":\"search_term_string\"}}],\"inLanguage\":\"en-US\"}]}<\/script>\n<!-- \/ Yoast SEO plugin. -->","yoast_head_json":{"title":"Antibakterieller Zusatz f\u00fcr Tank-Augenduschen | B-SAFETY","description":"Antibakterieller Zusatz f\u00fcr Tank-Augenduschen desinfiziert klares Wasser schnell und sicher und h\u00e4lt es f\u00fcr bis zu 6 Monate keimfrei.","robots":{"index":"noindex","follow":"follow","max-snippet":"max-snippet:-1","max-image-preview":"max-image-preview:large","max-video-preview":"max-video-preview:-1"},"og_locale":"en_US","og_type":"article","og_title":"Antibakterieller Zusatz f\u00fcr Tank-Augenduschen | B-SAFETY","og_description":"Antibakterieller Zusatz f\u00fcr Tank-Augenduschen desinfiziert klares Wasser schnell und sicher und h\u00e4lt es f\u00fcr bis zu 6 Monate keimfrei.","og_url":"https:\/\/alex.b-safety.com\/produkt\/antibakterieller-zusatz-fuer-tank-augenduschen\/","og_site_name":"B-SAFETY","article_modified_time":"2025-09-26T10:58:26+00:00","og_image":[{"width":600,"height":600,"url":"https:\/\/alex.b-safety.com\/wp-content\/uploads\/2025\/02\/BR910980.jpg","type":"image\/jpeg"}],"twitter_card":"summary_large_image","twitter_misc":{"Est. reading time":"3 minutes"},"schema":{"@context":"https:\/\/schema.org","@graph":[{"@type":"WebPage","@id":"https:\/\/alex.b-safety.com\/produkt\/antibakterieller-zusatz-fuer-tank-augenduschen\/","url":"https:\/\/alex.b-safety.com\/produkt\/antibakterieller-zusatz-fuer-tank-augenduschen\/","name":"Antibakterieller Zusatz f\u00fcr Tank-Augenduschen | B-SAFETY","isPartOf":{"@id":"https:\/\/alex.b-safety.com\/#website"},"primaryImageOfPage":{"@id":"https:\/\/alex.b-safety.com\/produkt\/antibakterieller-zusatz-fuer-tank-augenduschen\/#primaryimage"},"image":{"@id":"https:\/\/alex.b-safety.com\/produkt\/antibakterieller-zusatz-fuer-tank-augenduschen\/#primaryimage"},"thumbnailUrl":"https:\/\/alex.b-safety.com\/wp-content\/uploads\/2025\/02\/BR910980.jpg","datePublished":"2025-02-28T10:17:52+00:00","dateModified":"2025-09-26T10:58:26+00:00","description":"Antibakterieller Zusatz f\u00fcr Tank-Augenduschen desinfiziert klares Wasser schnell und sicher und h\u00e4lt es f\u00fcr bis zu 6 Monate keimfrei.","breadcrumb":{"@id":"https:\/\/alex.b-safety.com\/produkt\/antibakterieller-zusatz-fuer-tank-augenduschen\/#breadcrumb"},"inLanguage":"en-US","potentialAction":[{"@type":"ReadAction","target":["https:\/\/alex.b-safety.com\/produkt\/antibakterieller-zusatz-fuer-tank-augenduschen\/"]}]},{"@type":"ImageObject","inLanguage":"en-US","@id":"https:\/\/alex.b-safety.com\/produkt\/antibakterieller-zusatz-fuer-tank-augenduschen\/#primaryimage","url":"https:\/\/alex.b-safety.com\/wp-content\/uploads\/2025\/02\/BR910980.jpg","contentUrl":"https:\/\/alex.b-safety.com\/wp-content\/uploads\/2025\/02\/BR910980.jpg","width":600,"height":600},{"@type":"BreadcrumbList","@id":"https:\/\/alex.b-safety.com\/produkt\/antibakterieller-zusatz-fuer-tank-augenduschen\/#breadcrumb","itemListElement":[{"@type":"ListItem","position":1,"name":"Startseite","item":"https:\/\/alex.b-safety.com\/"},{"@type":"ListItem","position":2,"name":"Shop","item":"https:\/\/alex.b-safety.com\/en\/shop\/"},{"@type":"ListItem","position":3,"name":"Antibakterieller Zusatz f\u00fcr Tank-Augenduschen"}]},{"@type":"WebSite","@id":"https:\/\/alex.b-safety.com\/#website","url":"https:\/\/alex.b-safety.com\/","name":"B-SAFETY","description":"","potentialAction":[{"@type":"SearchAction","target":{"@type":"EntryPoint","urlTemplate":"https:\/\/alex.b-safety.com\/?s={search_term_string}"},"query-input":{"@type":"PropertyValueSpecification","valueRequired":true,"valueName":"search_term_string"}}],"inLanguage":"en-US"}]}},"_links":{"self":[{"href":"https:\/\/alex.b-safety.com\/en\/wp-json\/wp\/v2\/product\/6223","targetHints":{"allow":["GET"]}}],"collection":[{"href":"https:\/\/alex.b-safety.com\/en\/wp-json\/wp\/v2\/product"}],"about":[{"href":"https:\/\/alex.b-safety.com\/en\/wp-json\/wp\/v2\/types\/product"}],"replies":[{"embeddable":true,"href":"https:\/\/alex.b-safety.com\/en\/wp-json\/wp\/v2\/comments?post=6223"}],"version-history":[{"count":7,"href":"https:\/\/alex.b-safety.com\/en\/wp-json\/wp\/v2\/product\/6223\/revisions"}],"predecessor-version":[{"id":10339,"href":"https:\/\/alex.b-safety.com\/en\/wp-json\/wp\/v2\/product\/6223\/revisions\/10339"}],"wp:featuredmedia":[{"embeddable":true,"href":"https:\/\/alex.b-safety.com\/en\/wp-json\/wp\/v2\/media\/6968"}],"wp:attachment":[{"href":"https:\/\/alex.b-safety.com\/en\/wp-json\/wp\/v2\/media?parent=6223"}],"wp:term":[{"taxonomy":"product_brand","embeddable":true,"href":"https:\/\/alex.b-safety.com\/en\/wp-json\/wp\/v2\/product_brand?post=6223"},{"taxonomy":"product_cat","embeddable":true,"href":"https:\/\/alex.b-safety.com\/en\/wp-json\/wp\/v2\/product_cat?post=6223"},{"taxonomy":"product_tag","embeddable":true,"href":"https:\/\/alex.b-safety.com\/en\/wp-json\/wp\/v2\/product_tag?post=6223"}],"curies":[{"name":"wp","href":"https:\/\/api.w.org\/{rel}","templated":true}]}}