{"id":6225,"date":"2025-02-28T11:17:52","date_gmt":"2025-02-28T10:17:52","guid":{"rendered":"https:\/\/alex.b-safety.com\/classicline-notduschen-pruefwagen-inhalt-30-liter-mobil\/"},"modified":"2026-04-16T10:07:30","modified_gmt":"2026-04-16T08:07:30","slug":"classicline-notduschen-pruefwagen-inhalt-30-liter-mobil","status":"publish","type":"product","link":"https:\/\/alex.b-safety.com\/en\/product\/classicline-notduschen-pruefwagen-inhalt-30-liter-mobil\/","title":{"rendered":"ClassicLine Notduschen-Pr\u00fcfwagen, Inhalt 30 Liter, mobil"},"content":{"rendered":"<h3>Produktbeschreibung<\/h3>\n<p>Mit dem Notduschen-Pr\u00fcfwagen kann die vorgeschriebene monatliche Funktionspr\u00fcfung nach den Laborrichtlinienschnell und einfach durchgef\u00fchrt werden. Der Wagen ist dreiteilig zerlegbar und kann so platzsparend untergebracht werden. Die H\u00f6he des aufgebauten Pr\u00fcfwagens betr\u00e4gt 2,10 Meter und wird zum Test unter der Dusche positioniert. Der Auffangbeh\u00e4lter fast ca. 30 Liter und kann durch die Ablass-Schraube bequem \u00fcber einem Bodenablauf entleert werden.<\/p>\n<h3>Technische Beschreibung<\/h3>\n<ul>\n<li>fahrbarer mit 4 Rollen ausgestatteter Auffangbeh\u00e4lter aus rotem Kunststoff<\/li>\n<li>zwei in den Beh\u00e4lter integrierte Griffmulden<\/li>\n<li>Ablass-Schraube zur Entleerung<\/li>\n<li>Trichter aus Kunststoff, schwarz, Durchmesser 440 mm, H\u00f6he 160 mm<\/li>\n<li>Auffang-\/Gesamth\u00f6he 2100 mm<\/li>\n<li>Verrohrung aus 47 mm Aluminiumrohr, steckbar<\/li>\n<li>Volumen 30 Liter<\/li>\n<li>Gesamtgewicht 6 kg<\/li>\n<li>3-teilig zerlegbar zur einfachen Unterbringung<\/li>\n<\/ul>\n","protected":false},"excerpt":{"rendered":"<p>Mit dem Notduschen-Pr\u00fcfwagen kann die vorgeschriebene monatliche Funktionspr\u00fcfung nach den Laborrichtlinienschnell und einfach durchgef\u00fchrt werden. Der Wagen ist dreiteilig zerlegbar und kann so platzsparend untergebracht werden. Die H\u00f6he des aufgebauten Pr\u00fcfwagens betr\u00e4gt 2,10 Meter und wird zum Test unter der Dusche positioniert. Der Auffangbeh\u00e4lter fast ca. 30 Liter und kann durch die Ablass-Schraube bequem \u00fcber einem Bodenablauf entleert werden.<\/p>\n","protected":false},"featured_media":6956,"comment_status":"closed","ping_status":"closed","template":"","meta":[],"product_brand":[],"product_cat":[28],"product_tag":[179],"class_list":{"0":"post-6225","1":"product","2":"type-product","3":"status-publish","4":"has-post-thumbnail","6":"product_cat-zubehoer","7":"product_tag-wandmontage","9":"first","10":"instock","11":"product-type-simple"},"yoast_head":"<!-- This site is optimized with the Yoast SEO plugin v27.4 - https:\/\/yoast.com\/product\/yoast-seo-wordpress\/ -->\n<title>ClassicLine Notduschen-Pr\u00fcfwagen, Inhalt 30 Liter, mobil | B-SAFETY<\/title>\n<meta name=\"description\" content=\"Mit dem Notduschen-Pr\u00fcfwagen kann die vorgeschriebene monatliche Funktionspr\u00fcfung nach den Laborrichtlinienschnell und einfach durchgef\u00fchrt werden.\" \/>\n<meta name=\"robots\" content=\"noindex, follow, max-snippet:-1, max-image-preview:large, max-video-preview:-1\" \/>\n<meta property=\"og:locale\" content=\"en_US\" \/>\n<meta property=\"og:type\" content=\"article\" \/>\n<meta property=\"og:title\" content=\"ClassicLine Notduschen-Pr\u00fcfwagen, Inhalt 30 Liter, mobil | B-SAFETY\" \/>\n<meta property=\"og:description\" content=\"Mit dem Notduschen-Pr\u00fcfwagen kann die vorgeschriebene monatliche Funktionspr\u00fcfung nach den Laborrichtlinienschnell und einfach durchgef\u00fchrt werden.\" \/>\n<meta property=\"og:url\" content=\"https:\/\/alex.b-safety.com\/produkt\/classicline-notduschen-pruefwagen-inhalt-30-liter-mobil\/\" \/>\n<meta property=\"og:site_name\" content=\"B-SAFETY\" \/>\n<meta property=\"article:modified_time\" content=\"2026-04-16T08:07:30+00:00\" \/>\n<meta property=\"og:image\" content=\"https:\/\/alex.b-safety.com\/wp-content\/uploads\/2025\/02\/BR010900.jpg\" \/>\n\t<meta property=\"og:image:width\" content=\"600\" \/>\n\t<meta property=\"og:image:height\" content=\"600\" \/>\n\t<meta property=\"og:image:type\" content=\"image\/jpeg\" \/>\n<meta name=\"twitter:card\" content=\"summary_large_image\" \/>\n<meta name=\"twitter:label1\" content=\"Est. reading time\" \/>\n\t<meta name=\"twitter:data1\" content=\"1 minute\" \/>\n<script type=\"application\/ld+json\" class=\"yoast-schema-graph\">{\"@context\":\"https:\\\/\\\/schema.org\",\"@graph\":[{\"@type\":\"WebPage\",\"@id\":\"https:\\\/\\\/alex.b-safety.com\\\/produkt\\\/classicline-notduschen-pruefwagen-inhalt-30-liter-mobil\\\/\",\"url\":\"https:\\\/\\\/alex.b-safety.com\\\/produkt\\\/classicline-notduschen-pruefwagen-inhalt-30-liter-mobil\\\/\",\"name\":\"ClassicLine Notduschen-Pr\u00fcfwagen, Inhalt 30 Liter, mobil | B-SAFETY\",\"isPartOf\":{\"@id\":\"https:\\\/\\\/alex.b-safety.com\\\/#website\"},\"primaryImageOfPage\":{\"@id\":\"https:\\\/\\\/alex.b-safety.com\\\/produkt\\\/classicline-notduschen-pruefwagen-inhalt-30-liter-mobil\\\/#primaryimage\"},\"image\":{\"@id\":\"https:\\\/\\\/alex.b-safety.com\\\/produkt\\\/classicline-notduschen-pruefwagen-inhalt-30-liter-mobil\\\/#primaryimage\"},\"thumbnailUrl\":\"https:\\\/\\\/alex.b-safety.com\\\/wp-content\\\/uploads\\\/2025\\\/02\\\/BR010900.jpg\",\"datePublished\":\"2025-02-28T10:17:52+00:00\",\"dateModified\":\"2026-04-16T08:07:30+00:00\",\"description\":\"Mit dem Notduschen-Pr\u00fcfwagen kann die vorgeschriebene monatliche Funktionspr\u00fcfung nach den Laborrichtlinienschnell und einfach durchgef\u00fchrt werden.\",\"breadcrumb\":{\"@id\":\"https:\\\/\\\/alex.b-safety.com\\\/produkt\\\/classicline-notduschen-pruefwagen-inhalt-30-liter-mobil\\\/#breadcrumb\"},\"inLanguage\":\"en-US\",\"potentialAction\":[{\"@type\":\"ReadAction\",\"target\":[\"https:\\\/\\\/alex.b-safety.com\\\/produkt\\\/classicline-notduschen-pruefwagen-inhalt-30-liter-mobil\\\/\"]}]},{\"@type\":\"ImageObject\",\"inLanguage\":\"en-US\",\"@id\":\"https:\\\/\\\/alex.b-safety.com\\\/produkt\\\/classicline-notduschen-pruefwagen-inhalt-30-liter-mobil\\\/#primaryimage\",\"url\":\"https:\\\/\\\/alex.b-safety.com\\\/wp-content\\\/uploads\\\/2025\\\/02\\\/BR010900.jpg\",\"contentUrl\":\"https:\\\/\\\/alex.b-safety.com\\\/wp-content\\\/uploads\\\/2025\\\/02\\\/BR010900.jpg\",\"width\":600,\"height\":600},{\"@type\":\"BreadcrumbList\",\"@id\":\"https:\\\/\\\/alex.b-safety.com\\\/produkt\\\/classicline-notduschen-pruefwagen-inhalt-30-liter-mobil\\\/#breadcrumb\",\"itemListElement\":[{\"@type\":\"ListItem\",\"position\":1,\"name\":\"Startseite\",\"item\":\"https:\\\/\\\/alex.b-safety.com\\\/\"},{\"@type\":\"ListItem\",\"position\":2,\"name\":\"Shop\",\"item\":\"https:\\\/\\\/alex.b-safety.com\\\/en\\\/shop\\\/\"},{\"@type\":\"ListItem\",\"position\":3,\"name\":\"ClassicLine Notduschen-Pr\u00fcfwagen, Inhalt 30 Liter, mobil\"}]},{\"@type\":\"WebSite\",\"@id\":\"https:\\\/\\\/alex.b-safety.com\\\/#website\",\"url\":\"https:\\\/\\\/alex.b-safety.com\\\/\",\"name\":\"B-SAFETY\",\"description\":\"\",\"potentialAction\":[{\"@type\":\"SearchAction\",\"target\":{\"@type\":\"EntryPoint\",\"urlTemplate\":\"https:\\\/\\\/alex.b-safety.com\\\/?s={search_term_string}\"},\"query-input\":{\"@type\":\"PropertyValueSpecification\",\"valueRequired\":true,\"valueName\":\"search_term_string\"}}],\"inLanguage\":\"en-US\"}]}<\/script>\n<!-- \/ Yoast SEO plugin. -->","yoast_head_json":{"title":"ClassicLine Notduschen-Pr\u00fcfwagen, Inhalt 30 Liter, mobil | B-SAFETY","description":"Mit dem Notduschen-Pr\u00fcfwagen kann die vorgeschriebene monatliche Funktionspr\u00fcfung nach den Laborrichtlinienschnell und einfach durchgef\u00fchrt werden.","robots":{"index":"noindex","follow":"follow","max-snippet":"max-snippet:-1","max-image-preview":"max-image-preview:large","max-video-preview":"max-video-preview:-1"},"og_locale":"en_US","og_type":"article","og_title":"ClassicLine Notduschen-Pr\u00fcfwagen, Inhalt 30 Liter, mobil | B-SAFETY","og_description":"Mit dem Notduschen-Pr\u00fcfwagen kann die vorgeschriebene monatliche Funktionspr\u00fcfung nach den Laborrichtlinienschnell und einfach durchgef\u00fchrt werden.","og_url":"https:\/\/alex.b-safety.com\/produkt\/classicline-notduschen-pruefwagen-inhalt-30-liter-mobil\/","og_site_name":"B-SAFETY","article_modified_time":"2026-04-16T08:07:30+00:00","og_image":[{"width":600,"height":600,"url":"https:\/\/alex.b-safety.com\/wp-content\/uploads\/2025\/02\/BR010900.jpg","type":"image\/jpeg"}],"twitter_card":"summary_large_image","twitter_misc":{"Est. reading time":"1 minute"},"schema":{"@context":"https:\/\/schema.org","@graph":[{"@type":"WebPage","@id":"https:\/\/alex.b-safety.com\/produkt\/classicline-notduschen-pruefwagen-inhalt-30-liter-mobil\/","url":"https:\/\/alex.b-safety.com\/produkt\/classicline-notduschen-pruefwagen-inhalt-30-liter-mobil\/","name":"ClassicLine Notduschen-Pr\u00fcfwagen, Inhalt 30 Liter, mobil | B-SAFETY","isPartOf":{"@id":"https:\/\/alex.b-safety.com\/#website"},"primaryImageOfPage":{"@id":"https:\/\/alex.b-safety.com\/produkt\/classicline-notduschen-pruefwagen-inhalt-30-liter-mobil\/#primaryimage"},"image":{"@id":"https:\/\/alex.b-safety.com\/produkt\/classicline-notduschen-pruefwagen-inhalt-30-liter-mobil\/#primaryimage"},"thumbnailUrl":"https:\/\/alex.b-safety.com\/wp-content\/uploads\/2025\/02\/BR010900.jpg","datePublished":"2025-02-28T10:17:52+00:00","dateModified":"2026-04-16T08:07:30+00:00","description":"Mit dem Notduschen-Pr\u00fcfwagen kann die vorgeschriebene monatliche Funktionspr\u00fcfung nach den Laborrichtlinienschnell und einfach durchgef\u00fchrt werden.","breadcrumb":{"@id":"https:\/\/alex.b-safety.com\/produkt\/classicline-notduschen-pruefwagen-inhalt-30-liter-mobil\/#breadcrumb"},"inLanguage":"en-US","potentialAction":[{"@type":"ReadAction","target":["https:\/\/alex.b-safety.com\/produkt\/classicline-notduschen-pruefwagen-inhalt-30-liter-mobil\/"]}]},{"@type":"ImageObject","inLanguage":"en-US","@id":"https:\/\/alex.b-safety.com\/produkt\/classicline-notduschen-pruefwagen-inhalt-30-liter-mobil\/#primaryimage","url":"https:\/\/alex.b-safety.com\/wp-content\/uploads\/2025\/02\/BR010900.jpg","contentUrl":"https:\/\/alex.b-safety.com\/wp-content\/uploads\/2025\/02\/BR010900.jpg","width":600,"height":600},{"@type":"BreadcrumbList","@id":"https:\/\/alex.b-safety.com\/produkt\/classicline-notduschen-pruefwagen-inhalt-30-liter-mobil\/#breadcrumb","itemListElement":[{"@type":"ListItem","position":1,"name":"Startseite","item":"https:\/\/alex.b-safety.com\/"},{"@type":"ListItem","position":2,"name":"Shop","item":"https:\/\/alex.b-safety.com\/en\/shop\/"},{"@type":"ListItem","position":3,"name":"ClassicLine Notduschen-Pr\u00fcfwagen, Inhalt 30 Liter, mobil"}]},{"@type":"WebSite","@id":"https:\/\/alex.b-safety.com\/#website","url":"https:\/\/alex.b-safety.com\/","name":"B-SAFETY","description":"","potentialAction":[{"@type":"SearchAction","target":{"@type":"EntryPoint","urlTemplate":"https:\/\/alex.b-safety.com\/?s={search_term_string}"},"query-input":{"@type":"PropertyValueSpecification","valueRequired":true,"valueName":"search_term_string"}}],"inLanguage":"en-US"}]}},"_links":{"self":[{"href":"https:\/\/alex.b-safety.com\/en\/wp-json\/wp\/v2\/product\/6225","targetHints":{"allow":["GET"]}}],"collection":[{"href":"https:\/\/alex.b-safety.com\/en\/wp-json\/wp\/v2\/product"}],"about":[{"href":"https:\/\/alex.b-safety.com\/en\/wp-json\/wp\/v2\/types\/product"}],"replies":[{"embeddable":true,"href":"https:\/\/alex.b-safety.com\/en\/wp-json\/wp\/v2\/comments?post=6225"}],"version-history":[{"count":4,"href":"https:\/\/alex.b-safety.com\/en\/wp-json\/wp\/v2\/product\/6225\/revisions"}],"predecessor-version":[{"id":7132,"href":"https:\/\/alex.b-safety.com\/en\/wp-json\/wp\/v2\/product\/6225\/revisions\/7132"}],"wp:featuredmedia":[{"embeddable":true,"href":"https:\/\/alex.b-safety.com\/en\/wp-json\/wp\/v2\/media\/6956"}],"wp:attachment":[{"href":"https:\/\/alex.b-safety.com\/en\/wp-json\/wp\/v2\/media?parent=6225"}],"wp:term":[{"taxonomy":"product_brand","embeddable":true,"href":"https:\/\/alex.b-safety.com\/en\/wp-json\/wp\/v2\/product_brand?post=6225"},{"taxonomy":"product_cat","embeddable":true,"href":"https:\/\/alex.b-safety.com\/en\/wp-json\/wp\/v2\/product_cat?post=6225"},{"taxonomy":"product_tag","embeddable":true,"href":"https:\/\/alex.b-safety.com\/en\/wp-json\/wp\/v2\/product_tag?post=6225"}],"curies":[{"name":"wp","href":"https:\/\/api.w.org\/{rel}","templated":true}]}}