{"id":6285,"date":"2025-03-06T15:46:20","date_gmt":"2025-03-06T14:46:20","guid":{"rendered":"https:\/\/alex.b-safety.com\/premiumline-variables-zugstangenventil-fuer-wandmontage-aufputz\/"},"modified":"2026-04-16T13:18:49","modified_gmt":"2026-04-16T11:18:49","slug":"premiumline-variables-zugstangenventil-fuer-wandmontage-aufputz","status":"publish","type":"product","link":"https:\/\/alex.b-safety.com\/en\/product\/premiumline-variables-zugstangenventil-fuer-wandmontage-aufputz\/","title":{"rendered":"PremiumLine variables Zugstangenventil f\u00fcr Wandmontage Aufputz"},"content":{"rendered":"<h3>Produktbeschreibung<\/h3>\n<p>Das variable Zugstangenventil besteht aus einem robusten Kugelhahn mit Trinkwasserzulassung, der wahlweise rechts oder links neben der T\u00fcr montiert werden kann. Der Volumenstrom betr\u00e4gt mindestens 60 Liter \/ Minute bei 1 bar Flie\u00dfdruck. Ein zus\u00e4tzlicher F\u00fchrungshalter sorgt f\u00fcr eine Positionierung der Zugstange. Die L\u00e4nge der Zugstange kann gem\u00e4\u00df den Gegebenheiten vor Ort in einer L\u00e4nge von 300 bis 1660 mm bestellt werden.<\/p>\n<h3>Technische Beschreibung<\/h3>\n<ul>\n<li>Kugelhahn mit Zugstangenbet\u00e4tigung auf Wandflansch aus Edelstahl, wahlweise rechts oder links neben der T\u00fcr montierbar, DIN-DVGW gepr\u00fcft und zugelassen, Wasseranschluss 3\/4-Zoll-IG<\/li>\n<li>Volumenstrom mind. 60 Liter \/ Minute bei 1 bar Flie\u00dfdruck<\/li>\n<li>Zugstange mit Ringgriff aus Edelstahl, poliert, L\u00e4nge variabel (mind. 300 mm &#8211; max. 1660 mm)<\/li>\n<li>F\u00fchrungshalter f\u00fcr Zugstange aus Edelstahl, poliert<\/li>\n<li>\u00d6ffnungswinkel 90\u00b0, nicht selbstt\u00e4tig schlie\u00dfend<\/li>\n<li>Hinweisschild \u201cOPEN\u201c f\u00fcr die verwechslungsfreie Anwendung im Notfall, orange, langnachleuchtend gem\u00e4\u00df DIN 67510<\/li>\n<li>Anbringungsh\u00f6he f\u00fcr Unterkante Zugstangengriff gem\u00e4\u00df u. g. Normen: 0 bis 1750 mm H\u00f6he \u00fcber Flur<\/li>\n<li>gem\u00e4\u00df BGI\/GUV-I 850-0, DIN 1988 und DIN EN 1717<\/li>\n<li>gem\u00e4\u00df ANSI Z358.1-2014, DIN EN 15154-1:2006 und DIN EN 15154-5:2019<\/li>\n<\/ul>\n","protected":false},"excerpt":{"rendered":"<p>B-SAFETY K\u00f6rper-Notduschen stehen in einem Baukastensystem zur Verf\u00fcgung. Die Notduscharme und Notduschventile k\u00f6nnen einzeln bezogen und an die Gegebenheiten vor Ort angepasst werden. Auf diese Weise k\u00f6nnen fast alle erdenklichen Montagew\u00fcnsche realisiert werden.<\/p>\n<h3>Montage-Hinweis<\/h3>\n<p>F\u00fcr eine normgerechte Installation nach DIN EN 15154-1:2006 ist darauf zu achten, dass die Notduschen-Installation zwischen Ventil und Duschkopf selbstentleerend aufgebaut ist.<\/p>\n","protected":false},"featured_media":5993,"comment_status":"closed","ping_status":"closed","template":"","meta":[],"product_brand":[],"product_cat":[104,117],"product_tag":[180],"class_list":{"0":"post-6285","1":"product","2":"type-product","3":"status-publish","4":"has-post-thumbnail","6":"product_cat-notduschen","7":"product_cat-notduschventile","8":"product_tag-wandmontage-aufputz","10":"first","11":"instock","12":"product-type-simple"},"yoast_head":"<!-- This site is optimized with the Yoast SEO plugin v27.4 - https:\/\/yoast.com\/product\/yoast-seo-wordpress\/ -->\n<title>PremiumLine variables Zugstangenventil f\u00fcr Wandmontage Aufputz | B-SAFETY<\/title>\n<meta name=\"description\" content=\"PremiumLine variables Zugstangenventil f\u00fcr Wandmontage Aufputz\" \/>\n<meta name=\"robots\" content=\"noindex, follow, max-snippet:-1, max-image-preview:large, max-video-preview:-1\" \/>\n<meta property=\"og:locale\" content=\"en_US\" \/>\n<meta property=\"og:type\" content=\"article\" \/>\n<meta property=\"og:title\" content=\"PremiumLine variables Zugstangenventil f\u00fcr Wandmontage Aufputz | B-SAFETY\" \/>\n<meta property=\"og:description\" content=\"PremiumLine variables Zugstangenventil f\u00fcr Wandmontage Aufputz\" \/>\n<meta property=\"og:url\" content=\"https:\/\/alex.b-safety.com\/produkt\/premiumline-variables-zugstangenventil-fuer-wandmontage-aufputz\/\" \/>\n<meta property=\"og:site_name\" content=\"B-SAFETY\" \/>\n<meta property=\"article:modified_time\" content=\"2026-04-16T11:18:49+00:00\" \/>\n<meta property=\"og:image\" content=\"https:\/\/alex.b-safety.com\/wp-content\/uploads\/2025\/02\/BR022995V.jpg\" \/>\n\t<meta property=\"og:image:width\" content=\"600\" \/>\n\t<meta property=\"og:image:height\" content=\"600\" \/>\n\t<meta property=\"og:image:type\" content=\"image\/jpeg\" \/>\n<meta name=\"twitter:card\" content=\"summary_large_image\" \/>\n<meta name=\"twitter:label1\" content=\"Est. reading time\" \/>\n\t<meta name=\"twitter:data1\" content=\"2 minutes\" \/>\n<script type=\"application\/ld+json\" class=\"yoast-schema-graph\">{\"@context\":\"https:\\\/\\\/schema.org\",\"@graph\":[{\"@type\":\"WebPage\",\"@id\":\"https:\\\/\\\/alex.b-safety.com\\\/produkt\\\/premiumline-variables-zugstangenventil-fuer-wandmontage-aufputz\\\/\",\"url\":\"https:\\\/\\\/alex.b-safety.com\\\/produkt\\\/premiumline-variables-zugstangenventil-fuer-wandmontage-aufputz\\\/\",\"name\":\"PremiumLine variables Zugstangenventil f\u00fcr Wandmontage Aufputz | B-SAFETY\",\"isPartOf\":{\"@id\":\"https:\\\/\\\/alex.b-safety.com\\\/#website\"},\"primaryImageOfPage\":{\"@id\":\"https:\\\/\\\/alex.b-safety.com\\\/produkt\\\/premiumline-variables-zugstangenventil-fuer-wandmontage-aufputz\\\/#primaryimage\"},\"image\":{\"@id\":\"https:\\\/\\\/alex.b-safety.com\\\/produkt\\\/premiumline-variables-zugstangenventil-fuer-wandmontage-aufputz\\\/#primaryimage\"},\"thumbnailUrl\":\"https:\\\/\\\/alex.b-safety.com\\\/wp-content\\\/uploads\\\/2025\\\/02\\\/BR022995V.jpg\",\"datePublished\":\"2025-03-06T14:46:20+00:00\",\"dateModified\":\"2026-04-16T11:18:49+00:00\",\"description\":\"PremiumLine variables Zugstangenventil f\u00fcr Wandmontage Aufputz\",\"breadcrumb\":{\"@id\":\"https:\\\/\\\/alex.b-safety.com\\\/produkt\\\/premiumline-variables-zugstangenventil-fuer-wandmontage-aufputz\\\/#breadcrumb\"},\"inLanguage\":\"en-US\",\"potentialAction\":[{\"@type\":\"ReadAction\",\"target\":[\"https:\\\/\\\/alex.b-safety.com\\\/produkt\\\/premiumline-variables-zugstangenventil-fuer-wandmontage-aufputz\\\/\"]}]},{\"@type\":\"ImageObject\",\"inLanguage\":\"en-US\",\"@id\":\"https:\\\/\\\/alex.b-safety.com\\\/produkt\\\/premiumline-variables-zugstangenventil-fuer-wandmontage-aufputz\\\/#primaryimage\",\"url\":\"https:\\\/\\\/alex.b-safety.com\\\/wp-content\\\/uploads\\\/2025\\\/02\\\/BR022995V.jpg\",\"contentUrl\":\"https:\\\/\\\/alex.b-safety.com\\\/wp-content\\\/uploads\\\/2025\\\/02\\\/BR022995V.jpg\",\"width\":600,\"height\":600},{\"@type\":\"BreadcrumbList\",\"@id\":\"https:\\\/\\\/alex.b-safety.com\\\/produkt\\\/premiumline-variables-zugstangenventil-fuer-wandmontage-aufputz\\\/#breadcrumb\",\"itemListElement\":[{\"@type\":\"ListItem\",\"position\":1,\"name\":\"Startseite\",\"item\":\"https:\\\/\\\/alex.b-safety.com\\\/\"},{\"@type\":\"ListItem\",\"position\":2,\"name\":\"Shop\",\"item\":\"https:\\\/\\\/alex.b-safety.com\\\/en\\\/shop\\\/\"},{\"@type\":\"ListItem\",\"position\":3,\"name\":\"PremiumLine variables Zugstangenventil f\u00fcr Wandmontage Aufputz\"}]},{\"@type\":\"WebSite\",\"@id\":\"https:\\\/\\\/alex.b-safety.com\\\/#website\",\"url\":\"https:\\\/\\\/alex.b-safety.com\\\/\",\"name\":\"B-SAFETY\",\"description\":\"\",\"potentialAction\":[{\"@type\":\"SearchAction\",\"target\":{\"@type\":\"EntryPoint\",\"urlTemplate\":\"https:\\\/\\\/alex.b-safety.com\\\/?s={search_term_string}\"},\"query-input\":{\"@type\":\"PropertyValueSpecification\",\"valueRequired\":true,\"valueName\":\"search_term_string\"}}],\"inLanguage\":\"en-US\"}]}<\/script>\n<!-- \/ Yoast SEO plugin. -->","yoast_head_json":{"title":"PremiumLine variables Zugstangenventil f\u00fcr Wandmontage Aufputz | B-SAFETY","description":"PremiumLine variables Zugstangenventil f\u00fcr Wandmontage Aufputz","robots":{"index":"noindex","follow":"follow","max-snippet":"max-snippet:-1","max-image-preview":"max-image-preview:large","max-video-preview":"max-video-preview:-1"},"og_locale":"en_US","og_type":"article","og_title":"PremiumLine variables Zugstangenventil f\u00fcr Wandmontage Aufputz | B-SAFETY","og_description":"PremiumLine variables Zugstangenventil f\u00fcr Wandmontage Aufputz","og_url":"https:\/\/alex.b-safety.com\/produkt\/premiumline-variables-zugstangenventil-fuer-wandmontage-aufputz\/","og_site_name":"B-SAFETY","article_modified_time":"2026-04-16T11:18:49+00:00","og_image":[{"width":600,"height":600,"url":"https:\/\/alex.b-safety.com\/wp-content\/uploads\/2025\/02\/BR022995V.jpg","type":"image\/jpeg"}],"twitter_card":"summary_large_image","twitter_misc":{"Est. reading time":"2 minutes"},"schema":{"@context":"https:\/\/schema.org","@graph":[{"@type":"WebPage","@id":"https:\/\/alex.b-safety.com\/produkt\/premiumline-variables-zugstangenventil-fuer-wandmontage-aufputz\/","url":"https:\/\/alex.b-safety.com\/produkt\/premiumline-variables-zugstangenventil-fuer-wandmontage-aufputz\/","name":"PremiumLine variables Zugstangenventil f\u00fcr Wandmontage Aufputz | B-SAFETY","isPartOf":{"@id":"https:\/\/alex.b-safety.com\/#website"},"primaryImageOfPage":{"@id":"https:\/\/alex.b-safety.com\/produkt\/premiumline-variables-zugstangenventil-fuer-wandmontage-aufputz\/#primaryimage"},"image":{"@id":"https:\/\/alex.b-safety.com\/produkt\/premiumline-variables-zugstangenventil-fuer-wandmontage-aufputz\/#primaryimage"},"thumbnailUrl":"https:\/\/alex.b-safety.com\/wp-content\/uploads\/2025\/02\/BR022995V.jpg","datePublished":"2025-03-06T14:46:20+00:00","dateModified":"2026-04-16T11:18:49+00:00","description":"PremiumLine variables Zugstangenventil f\u00fcr Wandmontage Aufputz","breadcrumb":{"@id":"https:\/\/alex.b-safety.com\/produkt\/premiumline-variables-zugstangenventil-fuer-wandmontage-aufputz\/#breadcrumb"},"inLanguage":"en-US","potentialAction":[{"@type":"ReadAction","target":["https:\/\/alex.b-safety.com\/produkt\/premiumline-variables-zugstangenventil-fuer-wandmontage-aufputz\/"]}]},{"@type":"ImageObject","inLanguage":"en-US","@id":"https:\/\/alex.b-safety.com\/produkt\/premiumline-variables-zugstangenventil-fuer-wandmontage-aufputz\/#primaryimage","url":"https:\/\/alex.b-safety.com\/wp-content\/uploads\/2025\/02\/BR022995V.jpg","contentUrl":"https:\/\/alex.b-safety.com\/wp-content\/uploads\/2025\/02\/BR022995V.jpg","width":600,"height":600},{"@type":"BreadcrumbList","@id":"https:\/\/alex.b-safety.com\/produkt\/premiumline-variables-zugstangenventil-fuer-wandmontage-aufputz\/#breadcrumb","itemListElement":[{"@type":"ListItem","position":1,"name":"Startseite","item":"https:\/\/alex.b-safety.com\/"},{"@type":"ListItem","position":2,"name":"Shop","item":"https:\/\/alex.b-safety.com\/en\/shop\/"},{"@type":"ListItem","position":3,"name":"PremiumLine variables Zugstangenventil f\u00fcr Wandmontage Aufputz"}]},{"@type":"WebSite","@id":"https:\/\/alex.b-safety.com\/#website","url":"https:\/\/alex.b-safety.com\/","name":"B-SAFETY","description":"","potentialAction":[{"@type":"SearchAction","target":{"@type":"EntryPoint","urlTemplate":"https:\/\/alex.b-safety.com\/?s={search_term_string}"},"query-input":{"@type":"PropertyValueSpecification","valueRequired":true,"valueName":"search_term_string"}}],"inLanguage":"en-US"}]}},"_links":{"self":[{"href":"https:\/\/alex.b-safety.com\/en\/wp-json\/wp\/v2\/product\/6285","targetHints":{"allow":["GET"]}}],"collection":[{"href":"https:\/\/alex.b-safety.com\/en\/wp-json\/wp\/v2\/product"}],"about":[{"href":"https:\/\/alex.b-safety.com\/en\/wp-json\/wp\/v2\/types\/product"}],"replies":[{"embeddable":true,"href":"https:\/\/alex.b-safety.com\/en\/wp-json\/wp\/v2\/comments?post=6285"}],"version-history":[{"count":4,"href":"https:\/\/alex.b-safety.com\/en\/wp-json\/wp\/v2\/product\/6285\/revisions"}],"predecessor-version":[{"id":6910,"href":"https:\/\/alex.b-safety.com\/en\/wp-json\/wp\/v2\/product\/6285\/revisions\/6910"}],"wp:featuredmedia":[{"embeddable":true,"href":"https:\/\/alex.b-safety.com\/en\/wp-json\/wp\/v2\/media\/5993"}],"wp:attachment":[{"href":"https:\/\/alex.b-safety.com\/en\/wp-json\/wp\/v2\/media?parent=6285"}],"wp:term":[{"taxonomy":"product_brand","embeddable":true,"href":"https:\/\/alex.b-safety.com\/en\/wp-json\/wp\/v2\/product_brand?post=6285"},{"taxonomy":"product_cat","embeddable":true,"href":"https:\/\/alex.b-safety.com\/en\/wp-json\/wp\/v2\/product_cat?post=6285"},{"taxonomy":"product_tag","embeddable":true,"href":"https:\/\/alex.b-safety.com\/en\/wp-json\/wp\/v2\/product_tag?post=6285"}],"curies":[{"name":"wp","href":"https:\/\/api.w.org\/{rel}","templated":true}]}}