{"id":6293,"date":"2025-03-06T15:46:20","date_gmt":"2025-03-06T14:46:20","guid":{"rendered":"https:\/\/alex.b-safety.com\/stroemungswaechter-fuer-augenduschen-und-notduschen\/"},"modified":"2026-01-27T14:30:26","modified_gmt":"2026-01-27T13:30:26","slug":"stroemungswaechter-fuer-augenduschen-und-notduschen","status":"publish","type":"product","link":"https:\/\/alex.b-safety.com\/en\/product\/stroemungswaechter-fuer-augenduschen-und-notduschen\/","title":{"rendered":"Str\u00f6mungsw\u00e4chter f\u00fcr Augenduschen und Notduschen"},"content":{"rendered":"<h3>Produktbeschreibung<\/h3>\n<p>Die Str\u00f6mungsw\u00e4chter der Serie BR 710 8XX werden \u00fcberall dort eingesetzt, wo eine einfache, preiswerte und trotzdem zuverl\u00e4ssige \u00dcberwachung von Str\u00f6mungen gefordert wird. In Abh\u00e4ngigkeit von der Str\u00f6mungsgeschwindigkeit bzw. Durchflussmenge wird die Prallscheibe ausgelenkt und bewegt \u00fcber den Waagebalken den Dauermagneten in den Ansprechbereich des au\u00dferhalb des Durchflussmediums befindlichen Reed-Kontaktes. Durch die Kraft der Blattfeder, die gleichzeitig als Halterung f\u00fcr den Waagebalken dient, wird die Prallscheibe bei Ausbleiben der Str\u00f6mung wieder in ihre Ruhelage gebracht.<\/p>\n<h3>Technische Beschreibung<\/h3>\n<ul>\n<li>maximaler Druck 25 bar, Betriebsdruck 10 bar<\/li>\n<li>Toleranz der Schaltpunkte +\/- 15%<\/li>\n<li>Schutzart IP 65<\/li>\n<li>bevorzugte Einbaulage aufrechtstehend (horizontal)<\/li>\n<li>Ein-\/Auslaufstrecke min. 5x DN<\/li>\n<li>Wasseranschluss 1\/2-Zoll-IG bis 1 1\/4-Zoll-IG (gem\u00e4\u00df Produktauswahl)<\/li>\n<li>Wasserabgang 1\/2-Zoll-IG bis 1 1\/4-Zoll-IG (gem\u00e4\u00df Produktauswahl)<\/li>\n<li>Material Geh\u00e4use, H\u00fclse, medienber\u00fchrende Teile aus Edelstahl<\/li>\n<\/ul>\n","protected":false},"excerpt":{"rendered":"<p>Die Str\u00f6mungsw\u00e4chter der Serie BR 710 8XX werden \u00fcberall dort eingesetzt, wo eine einfache, preiswerte und trotzdem zuverl\u00e4ssige \u00dcberwachung von Str\u00f6mungen gefordert wird. In Abh\u00e4ngigkeit von der Str\u00f6mungsgeschwindigkeit bzw. Durchflussmenge wird die Prallscheibe ausgelenkt und bewegt \u00fcber den Waagebalken den Dauermagneten in den Ansprechbereich des au\u00dferhalb des Durchflussmediums befindlichen Reed-Kontaktes. Durch die Kraft der Blattfeder, die gleichzeitig als Halterung f\u00fcr den Waagebalken dient, wird die Prallscheibe bei Ausbleiben der Str\u00f6mung wieder in ihre Ruhelage gebracht.<\/p>\n","protected":false},"featured_media":6948,"comment_status":"closed","ping_status":"closed","template":"","meta":[],"product_brand":[],"product_cat":[28],"product_tag":[],"class_list":{"0":"post-6293","1":"product","2":"type-product","3":"status-publish","4":"has-post-thumbnail","6":"product_cat-zubehoer","8":"first","9":"instock","10":"product-type-simple"},"yoast_head":"<!-- This site is optimized with the Yoast SEO plugin v27.4 - https:\/\/yoast.com\/product\/yoast-seo-wordpress\/ -->\n<title>Str\u00f6mungsw\u00e4chter f\u00fcr Augenduschen und Notduschen | B-SAFETY<\/title>\n<meta name=\"description\" content=\"Die Str\u00f6mungsw\u00e4chter werden \u00fcberall dort eingesetzt, wo eine einfache, preiswerte und trotzdem zuverl\u00e4ssige \u00dcberwachung von Str\u00f6mungen gefordert wird.\" \/>\n<meta name=\"robots\" content=\"noindex, follow, max-snippet:-1, max-image-preview:large, max-video-preview:-1\" \/>\n<meta property=\"og:locale\" content=\"en_US\" \/>\n<meta property=\"og:type\" content=\"article\" \/>\n<meta property=\"og:title\" content=\"Str\u00f6mungsw\u00e4chter f\u00fcr Augenduschen und Notduschen | B-SAFETY\" \/>\n<meta property=\"og:description\" content=\"Die Str\u00f6mungsw\u00e4chter werden \u00fcberall dort eingesetzt, wo eine einfache, preiswerte und trotzdem zuverl\u00e4ssige \u00dcberwachung von Str\u00f6mungen gefordert wird.\" \/>\n<meta property=\"og:url\" content=\"https:\/\/alex.b-safety.com\/produkt\/stroemungswaechter-fuer-augenduschen-und-notduschen\/\" \/>\n<meta property=\"og:site_name\" content=\"B-SAFETY\" \/>\n<meta property=\"article:modified_time\" content=\"2026-01-27T13:30:26+00:00\" \/>\n<meta property=\"og:image\" content=\"https:\/\/alex.b-safety.com\/wp-content\/uploads\/2025\/03\/BR7108X0.jpg\" \/>\n\t<meta property=\"og:image:width\" content=\"600\" \/>\n\t<meta property=\"og:image:height\" content=\"600\" \/>\n\t<meta property=\"og:image:type\" content=\"image\/jpeg\" \/>\n<meta name=\"twitter:card\" content=\"summary_large_image\" \/>\n<meta name=\"twitter:label1\" content=\"Est. reading time\" \/>\n\t<meta name=\"twitter:data1\" content=\"1 minute\" \/>\n<script type=\"application\/ld+json\" class=\"yoast-schema-graph\">{\"@context\":\"https:\\\/\\\/schema.org\",\"@graph\":[{\"@type\":\"WebPage\",\"@id\":\"https:\\\/\\\/alex.b-safety.com\\\/produkt\\\/stroemungswaechter-fuer-augenduschen-und-notduschen\\\/\",\"url\":\"https:\\\/\\\/alex.b-safety.com\\\/produkt\\\/stroemungswaechter-fuer-augenduschen-und-notduschen\\\/\",\"name\":\"Str\u00f6mungsw\u00e4chter f\u00fcr Augenduschen und Notduschen | B-SAFETY\",\"isPartOf\":{\"@id\":\"https:\\\/\\\/alex.b-safety.com\\\/#website\"},\"primaryImageOfPage\":{\"@id\":\"https:\\\/\\\/alex.b-safety.com\\\/produkt\\\/stroemungswaechter-fuer-augenduschen-und-notduschen\\\/#primaryimage\"},\"image\":{\"@id\":\"https:\\\/\\\/alex.b-safety.com\\\/produkt\\\/stroemungswaechter-fuer-augenduschen-und-notduschen\\\/#primaryimage\"},\"thumbnailUrl\":\"https:\\\/\\\/alex.b-safety.com\\\/wp-content\\\/uploads\\\/2025\\\/03\\\/BR7108X0.jpg\",\"datePublished\":\"2025-03-06T14:46:20+00:00\",\"dateModified\":\"2026-01-27T13:30:26+00:00\",\"description\":\"Die Str\u00f6mungsw\u00e4chter werden \u00fcberall dort eingesetzt, wo eine einfache, preiswerte und trotzdem zuverl\u00e4ssige \u00dcberwachung von Str\u00f6mungen gefordert wird.\",\"breadcrumb\":{\"@id\":\"https:\\\/\\\/alex.b-safety.com\\\/produkt\\\/stroemungswaechter-fuer-augenduschen-und-notduschen\\\/#breadcrumb\"},\"inLanguage\":\"en-US\",\"potentialAction\":[{\"@type\":\"ReadAction\",\"target\":[\"https:\\\/\\\/alex.b-safety.com\\\/produkt\\\/stroemungswaechter-fuer-augenduschen-und-notduschen\\\/\"]}]},{\"@type\":\"ImageObject\",\"inLanguage\":\"en-US\",\"@id\":\"https:\\\/\\\/alex.b-safety.com\\\/produkt\\\/stroemungswaechter-fuer-augenduschen-und-notduschen\\\/#primaryimage\",\"url\":\"https:\\\/\\\/alex.b-safety.com\\\/wp-content\\\/uploads\\\/2025\\\/03\\\/BR7108X0.jpg\",\"contentUrl\":\"https:\\\/\\\/alex.b-safety.com\\\/wp-content\\\/uploads\\\/2025\\\/03\\\/BR7108X0.jpg\",\"width\":600,\"height\":600},{\"@type\":\"BreadcrumbList\",\"@id\":\"https:\\\/\\\/alex.b-safety.com\\\/produkt\\\/stroemungswaechter-fuer-augenduschen-und-notduschen\\\/#breadcrumb\",\"itemListElement\":[{\"@type\":\"ListItem\",\"position\":1,\"name\":\"Startseite\",\"item\":\"https:\\\/\\\/alex.b-safety.com\\\/\"},{\"@type\":\"ListItem\",\"position\":2,\"name\":\"Shop\",\"item\":\"https:\\\/\\\/alex.b-safety.com\\\/en\\\/shop\\\/\"},{\"@type\":\"ListItem\",\"position\":3,\"name\":\"Str\u00f6mungsw\u00e4chter f\u00fcr Augenduschen und Notduschen\"}]},{\"@type\":\"WebSite\",\"@id\":\"https:\\\/\\\/alex.b-safety.com\\\/#website\",\"url\":\"https:\\\/\\\/alex.b-safety.com\\\/\",\"name\":\"B-SAFETY\",\"description\":\"\",\"potentialAction\":[{\"@type\":\"SearchAction\",\"target\":{\"@type\":\"EntryPoint\",\"urlTemplate\":\"https:\\\/\\\/alex.b-safety.com\\\/?s={search_term_string}\"},\"query-input\":{\"@type\":\"PropertyValueSpecification\",\"valueRequired\":true,\"valueName\":\"search_term_string\"}}],\"inLanguage\":\"en-US\"}]}<\/script>\n<!-- \/ Yoast SEO plugin. -->","yoast_head_json":{"title":"Str\u00f6mungsw\u00e4chter f\u00fcr Augenduschen und Notduschen | B-SAFETY","description":"Die Str\u00f6mungsw\u00e4chter werden \u00fcberall dort eingesetzt, wo eine einfache, preiswerte und trotzdem zuverl\u00e4ssige \u00dcberwachung von Str\u00f6mungen gefordert wird.","robots":{"index":"noindex","follow":"follow","max-snippet":"max-snippet:-1","max-image-preview":"max-image-preview:large","max-video-preview":"max-video-preview:-1"},"og_locale":"en_US","og_type":"article","og_title":"Str\u00f6mungsw\u00e4chter f\u00fcr Augenduschen und Notduschen | B-SAFETY","og_description":"Die Str\u00f6mungsw\u00e4chter werden \u00fcberall dort eingesetzt, wo eine einfache, preiswerte und trotzdem zuverl\u00e4ssige \u00dcberwachung von Str\u00f6mungen gefordert wird.","og_url":"https:\/\/alex.b-safety.com\/produkt\/stroemungswaechter-fuer-augenduschen-und-notduschen\/","og_site_name":"B-SAFETY","article_modified_time":"2026-01-27T13:30:26+00:00","og_image":[{"width":600,"height":600,"url":"https:\/\/alex.b-safety.com\/wp-content\/uploads\/2025\/03\/BR7108X0.jpg","type":"image\/jpeg"}],"twitter_card":"summary_large_image","twitter_misc":{"Est. reading time":"1 minute"},"schema":{"@context":"https:\/\/schema.org","@graph":[{"@type":"WebPage","@id":"https:\/\/alex.b-safety.com\/produkt\/stroemungswaechter-fuer-augenduschen-und-notduschen\/","url":"https:\/\/alex.b-safety.com\/produkt\/stroemungswaechter-fuer-augenduschen-und-notduschen\/","name":"Str\u00f6mungsw\u00e4chter f\u00fcr Augenduschen und Notduschen | B-SAFETY","isPartOf":{"@id":"https:\/\/alex.b-safety.com\/#website"},"primaryImageOfPage":{"@id":"https:\/\/alex.b-safety.com\/produkt\/stroemungswaechter-fuer-augenduschen-und-notduschen\/#primaryimage"},"image":{"@id":"https:\/\/alex.b-safety.com\/produkt\/stroemungswaechter-fuer-augenduschen-und-notduschen\/#primaryimage"},"thumbnailUrl":"https:\/\/alex.b-safety.com\/wp-content\/uploads\/2025\/03\/BR7108X0.jpg","datePublished":"2025-03-06T14:46:20+00:00","dateModified":"2026-01-27T13:30:26+00:00","description":"Die Str\u00f6mungsw\u00e4chter werden \u00fcberall dort eingesetzt, wo eine einfache, preiswerte und trotzdem zuverl\u00e4ssige \u00dcberwachung von Str\u00f6mungen gefordert wird.","breadcrumb":{"@id":"https:\/\/alex.b-safety.com\/produkt\/stroemungswaechter-fuer-augenduschen-und-notduschen\/#breadcrumb"},"inLanguage":"en-US","potentialAction":[{"@type":"ReadAction","target":["https:\/\/alex.b-safety.com\/produkt\/stroemungswaechter-fuer-augenduschen-und-notduschen\/"]}]},{"@type":"ImageObject","inLanguage":"en-US","@id":"https:\/\/alex.b-safety.com\/produkt\/stroemungswaechter-fuer-augenduschen-und-notduschen\/#primaryimage","url":"https:\/\/alex.b-safety.com\/wp-content\/uploads\/2025\/03\/BR7108X0.jpg","contentUrl":"https:\/\/alex.b-safety.com\/wp-content\/uploads\/2025\/03\/BR7108X0.jpg","width":600,"height":600},{"@type":"BreadcrumbList","@id":"https:\/\/alex.b-safety.com\/produkt\/stroemungswaechter-fuer-augenduschen-und-notduschen\/#breadcrumb","itemListElement":[{"@type":"ListItem","position":1,"name":"Startseite","item":"https:\/\/alex.b-safety.com\/"},{"@type":"ListItem","position":2,"name":"Shop","item":"https:\/\/alex.b-safety.com\/en\/shop\/"},{"@type":"ListItem","position":3,"name":"Str\u00f6mungsw\u00e4chter f\u00fcr Augenduschen und Notduschen"}]},{"@type":"WebSite","@id":"https:\/\/alex.b-safety.com\/#website","url":"https:\/\/alex.b-safety.com\/","name":"B-SAFETY","description":"","potentialAction":[{"@type":"SearchAction","target":{"@type":"EntryPoint","urlTemplate":"https:\/\/alex.b-safety.com\/?s={search_term_string}"},"query-input":{"@type":"PropertyValueSpecification","valueRequired":true,"valueName":"search_term_string"}}],"inLanguage":"en-US"}]}},"_links":{"self":[{"href":"https:\/\/alex.b-safety.com\/en\/wp-json\/wp\/v2\/product\/6293","targetHints":{"allow":["GET"]}}],"collection":[{"href":"https:\/\/alex.b-safety.com\/en\/wp-json\/wp\/v2\/product"}],"about":[{"href":"https:\/\/alex.b-safety.com\/en\/wp-json\/wp\/v2\/types\/product"}],"replies":[{"embeddable":true,"href":"https:\/\/alex.b-safety.com\/en\/wp-json\/wp\/v2\/comments?post=6293"}],"version-history":[{"count":6,"href":"https:\/\/alex.b-safety.com\/en\/wp-json\/wp\/v2\/product\/6293\/revisions"}],"predecessor-version":[{"id":11239,"href":"https:\/\/alex.b-safety.com\/en\/wp-json\/wp\/v2\/product\/6293\/revisions\/11239"}],"wp:featuredmedia":[{"embeddable":true,"href":"https:\/\/alex.b-safety.com\/en\/wp-json\/wp\/v2\/media\/6948"}],"wp:attachment":[{"href":"https:\/\/alex.b-safety.com\/en\/wp-json\/wp\/v2\/media?parent=6293"}],"wp:term":[{"taxonomy":"product_brand","embeddable":true,"href":"https:\/\/alex.b-safety.com\/en\/wp-json\/wp\/v2\/product_brand?post=6293"},{"taxonomy":"product_cat","embeddable":true,"href":"https:\/\/alex.b-safety.com\/en\/wp-json\/wp\/v2\/product_cat?post=6293"},{"taxonomy":"product_tag","embeddable":true,"href":"https:\/\/alex.b-safety.com\/en\/wp-json\/wp\/v2\/product_tag?post=6293"}],"curies":[{"name":"wp","href":"https:\/\/api.w.org\/{rel}","templated":true}]}}