{"id":5086,"date":"2024-10-21T16:11:47","date_gmt":"2024-10-21T14:11:47","guid":{"rendered":"https:\/\/alex.b-safety.com\/premiumline-augen-gesichtsdusche-mit-auffangbecken-und-abdeckung-2\/"},"modified":"2026-04-16T11:45:08","modified_gmt":"2026-04-16T09:45:08","slug":"premiumline-augen-gesichtsdusche-mit-auffangbecken-und-abdeckung-fuer-bodenmontage","status":"publish","type":"product","link":"https:\/\/alex.b-safety.com\/fr\/produit\/premiumline-augen-gesichtsdusche-mit-auffangbecken-und-abdeckung-fuer-bodenmontage\/","title":{"rendered":"PremiumLine Augen-\/Gesichtsdusche mit Auffangbecken und Abdeckung f\u00fcr Bodenmontage"},"content":{"rendered":"<h3>Produktbeschreibung<\/h3>\n<p>Die Augendusche ist mit zwei Strahlreglern ausgestattet, die nicht nur die Vorgaben der DIN EN 15154-2:2006 und der ANSI Z358.1-2014 erf\u00fcllen, sondern auch f\u00fcr eine gleichm\u00e4\u00dfige Wasserverteilung sorgen. Der begrenzte, gleichm\u00e4\u00dfige und vor allem weiche Wasserstrahl ist sehr gut geeignet f\u00fcr das Aussp\u00fclen von Chemikalien im Auge. Durch den begrenzten Wasserstrahl kann mit dieser Augendusche das benutzte Wasser komplett aufgefangen werden.<\/p>\n<p>Die korrekte Strahlh\u00f6he und gew\u00fcnschte Durchflussmenge wird \u00fcber das integrierte Mengenregulierventil vor Ort eingestellt. Die Augendusche ist durch den integrierten Klappschutzdeckel komplett gegen Verschmutzung gesch\u00fctzt. Damit ist diese Dusche die richtige L\u00f6sung f\u00fcr den rauen Industriealltag. Auf der Abdeckung ist ein Hinweisschild f\u00fcr eine Augensp\u00fcleinrichtung gem\u00e4\u00df DIN EN ISO 7010 mit einer Erkennungsweite von 17 Metern angebracht.<\/p>\n<h3>Technische Beschreibung<\/h3>\n<ul>\n<li>Standfuss mit 4 Befestigungsbohrungen aus Edelstahl, poliert, Abmessungen 200 x 200 mm<\/li>\n<li>Standrohr 1 1\/4-Zoll aus Edelstahl, poliert, mit oberem und unterem Wasseranschluss 1 1\/4-Zoll-IG<\/li>\n<li>Geh\u00e4use, Abdeckung und Auffangbecken aus schlagfestem und UV-best\u00e4ndigen ABS-Kunststoff, Ablaufanschluss 1 1\/2-Zoll-AG<\/li>\n<li>integrierter Klappschutzdeckel gegen Verschmutzung<\/li>\n<li>Ausl\u00f6sung durch Herunterschwenken der Abdeckung<\/li>\n<li>Kugelhahn 3\/8-Zoll aus Messing, mit Hebelbedienung \u00fcber Klappschutzdeckel, DIN-DVGW gepr\u00fcft und zugelassen<\/li>\n<li>Strahlregler aus Messing mit einem sehr begrenztem Spr\u00fchbild, verchromt<\/li>\n<li>mit integriertem Mengenregulierventil 3\/8-Zoll f\u00fcr die Einstellung der gew\u00fcnschten Strahlh\u00f6he und Durchflussmenge<\/li>\n<li>inklusive Hinweisschild f\u00fcr Augendusche nach DIN EN ISO 7010 und ASR A1.3 auf der Abdeckung, Abmessungen 170 x 170 mm, Erkennungsweite 17 Meter<\/li>\n<li>H\u00f6he 970 mm, Breite 356 mm, Tiefe 390 mm<\/li>\n<li>gem\u00e4\u00df BGI\/GUV-I 850-0, DIN 1988 und DIN EN 1717<\/li>\n<li>gem\u00e4\u00df ANSI Z358.1-2014 und DIN EN 15154-2:2006<\/li>\n<li>DIN-DVGW gepr\u00fcft und zugelassen<\/li>\n<\/ul>\n","protected":false},"excerpt":{"rendered":"<p>F\u00fcr den Einsatz in der Industrie sind die B-SAFETY Augen- und Gesichtsduschen mit Auffangbecken und Abdeckung entwickelt worden. Diese Augenduschen sind durch die Abdeckung komplett gegen Verschmutzung gesch\u00fctzt. Die Ausl\u00f6sung erfolgt durch Herunterziehen der Abdeckung. Die Gr\u00f6\u00dfe und Ausf\u00fchrung der Augendusche erm\u00f6glicht eine hervorragende Ortung auch in Notsituationen.<\/p>\n","protected":false},"featured_media":5108,"comment_status":"closed","ping_status":"closed","template":"","meta":[],"product_brand":[],"product_cat":[99,103],"product_tag":[170],"class_list":{"0":"post-5086","1":"product","2":"type-product","3":"status-publish","4":"has-post-thumbnail","6":"product_cat-augenduschen","7":"product_cat-sicherheits-augenduschen","8":"product_tag-bodenmontage","10":"first","11":"instock","12":"product-type-simple"},"yoast_head":"<!-- This site is optimized with the Yoast SEO plugin v27.4 - https:\/\/yoast.com\/product\/yoast-seo-wordpress\/ -->\n<title>PremiumLine Augen-\/Gesichtsdusche mit Auffangbecken und Abdeckung f\u00fcr Bodenmontage | B-SAFETY<\/title>\n<meta name=\"description\" content=\"PremiumLine Augen-\/Gesichtsdusche mit Auffangbecken und Abdeckung f\u00fcr Bodenmontage\" \/>\n<meta name=\"robots\" content=\"noindex, follow, max-snippet:-1, max-image-preview:large, max-video-preview:-1\" \/>\n<meta property=\"og:locale\" content=\"fr_FR\" \/>\n<meta property=\"og:type\" content=\"article\" \/>\n<meta property=\"og:title\" content=\"PremiumLine Augen-\/Gesichtsdusche mit Auffangbecken und Abdeckung f\u00fcr Bodenmontage | B-SAFETY\" \/>\n<meta property=\"og:description\" content=\"PremiumLine Augen-\/Gesichtsdusche mit Auffangbecken und Abdeckung f\u00fcr Bodenmontage\" \/>\n<meta property=\"og:url\" content=\"https:\/\/alex.b-safety.com\/produkt\/premiumline-augen-gesichtsdusche-mit-auffangbecken-und-abdeckung-fuer-bodenmontage\/\" \/>\n<meta property=\"og:site_name\" content=\"B-SAFETY\" \/>\n<meta property=\"article:modified_time\" content=\"2026-04-16T09:45:08+00:00\" \/>\n<meta property=\"og:image\" content=\"https:\/\/alex.b-safety.com\/wp-content\/uploads\/2024\/11\/BR852095_Augenduschen.jpg\" \/>\n\t<meta property=\"og:image:width\" content=\"600\" \/>\n\t<meta property=\"og:image:height\" content=\"600\" \/>\n\t<meta property=\"og:image:type\" content=\"image\/jpeg\" \/>\n<meta name=\"twitter:card\" content=\"summary_large_image\" \/>\n<meta name=\"twitter:label1\" content=\"Dur\u00e9e de lecture estim\u00e9e\" \/>\n\t<meta name=\"twitter:data1\" content=\"2 minutes\" \/>\n<script type=\"application\/ld+json\" class=\"yoast-schema-graph\">{\"@context\":\"https:\\\/\\\/schema.org\",\"@graph\":[{\"@type\":\"WebPage\",\"@id\":\"https:\\\/\\\/alex.b-safety.com\\\/produkt\\\/premiumline-augen-gesichtsdusche-mit-auffangbecken-und-abdeckung-fuer-bodenmontage\\\/\",\"url\":\"https:\\\/\\\/alex.b-safety.com\\\/produkt\\\/premiumline-augen-gesichtsdusche-mit-auffangbecken-und-abdeckung-fuer-bodenmontage\\\/\",\"name\":\"PremiumLine Augen-\\\/Gesichtsdusche mit Auffangbecken und Abdeckung f\u00fcr Bodenmontage | B-SAFETY\",\"isPartOf\":{\"@id\":\"https:\\\/\\\/alex.b-safety.com\\\/#website\"},\"primaryImageOfPage\":{\"@id\":\"https:\\\/\\\/alex.b-safety.com\\\/produkt\\\/premiumline-augen-gesichtsdusche-mit-auffangbecken-und-abdeckung-fuer-bodenmontage\\\/#primaryimage\"},\"image\":{\"@id\":\"https:\\\/\\\/alex.b-safety.com\\\/produkt\\\/premiumline-augen-gesichtsdusche-mit-auffangbecken-und-abdeckung-fuer-bodenmontage\\\/#primaryimage\"},\"thumbnailUrl\":\"https:\\\/\\\/alex.b-safety.com\\\/wp-content\\\/uploads\\\/2024\\\/11\\\/BR852095_Augenduschen.jpg\",\"datePublished\":\"2024-10-21T14:11:47+00:00\",\"dateModified\":\"2026-04-16T09:45:08+00:00\",\"description\":\"PremiumLine Augen-\\\/Gesichtsdusche mit Auffangbecken und Abdeckung f\u00fcr Bodenmontage\",\"breadcrumb\":{\"@id\":\"https:\\\/\\\/alex.b-safety.com\\\/produkt\\\/premiumline-augen-gesichtsdusche-mit-auffangbecken-und-abdeckung-fuer-bodenmontage\\\/#breadcrumb\"},\"inLanguage\":\"fr-FR\",\"potentialAction\":[{\"@type\":\"ReadAction\",\"target\":[\"https:\\\/\\\/alex.b-safety.com\\\/produkt\\\/premiumline-augen-gesichtsdusche-mit-auffangbecken-und-abdeckung-fuer-bodenmontage\\\/\"]}]},{\"@type\":\"ImageObject\",\"inLanguage\":\"fr-FR\",\"@id\":\"https:\\\/\\\/alex.b-safety.com\\\/produkt\\\/premiumline-augen-gesichtsdusche-mit-auffangbecken-und-abdeckung-fuer-bodenmontage\\\/#primaryimage\",\"url\":\"https:\\\/\\\/alex.b-safety.com\\\/wp-content\\\/uploads\\\/2024\\\/11\\\/BR852095_Augenduschen.jpg\",\"contentUrl\":\"https:\\\/\\\/alex.b-safety.com\\\/wp-content\\\/uploads\\\/2024\\\/11\\\/BR852095_Augenduschen.jpg\",\"width\":600,\"height\":600},{\"@type\":\"BreadcrumbList\",\"@id\":\"https:\\\/\\\/alex.b-safety.com\\\/produkt\\\/premiumline-augen-gesichtsdusche-mit-auffangbecken-und-abdeckung-fuer-bodenmontage\\\/#breadcrumb\",\"itemListElement\":[{\"@type\":\"ListItem\",\"position\":1,\"name\":\"Startseite\",\"item\":\"https:\\\/\\\/alex.b-safety.com\\\/\"},{\"@type\":\"ListItem\",\"position\":2,\"name\":\"Boutique\",\"item\":\"https:\\\/\\\/alex.b-safety.com\\\/fr\\\/boutique\\\/\"},{\"@type\":\"ListItem\",\"position\":3,\"name\":\"PremiumLine Augen-\\\/Gesichtsdusche mit Auffangbecken und Abdeckung f\u00fcr Bodenmontage\"}]},{\"@type\":\"WebSite\",\"@id\":\"https:\\\/\\\/alex.b-safety.com\\\/#website\",\"url\":\"https:\\\/\\\/alex.b-safety.com\\\/\",\"name\":\"B-SAFETY\",\"description\":\"\",\"potentialAction\":[{\"@type\":\"SearchAction\",\"target\":{\"@type\":\"EntryPoint\",\"urlTemplate\":\"https:\\\/\\\/alex.b-safety.com\\\/?s={search_term_string}\"},\"query-input\":{\"@type\":\"PropertyValueSpecification\",\"valueRequired\":true,\"valueName\":\"search_term_string\"}}],\"inLanguage\":\"fr-FR\"}]}<\/script>\n<!-- \/ Yoast SEO plugin. -->","yoast_head_json":{"title":"PremiumLine Augen-\/Gesichtsdusche mit Auffangbecken und Abdeckung f\u00fcr Bodenmontage | B-SAFETY","description":"PremiumLine Augen-\/Gesichtsdusche mit Auffangbecken und Abdeckung f\u00fcr Bodenmontage","robots":{"index":"noindex","follow":"follow","max-snippet":"max-snippet:-1","max-image-preview":"max-image-preview:large","max-video-preview":"max-video-preview:-1"},"og_locale":"fr_FR","og_type":"article","og_title":"PremiumLine Augen-\/Gesichtsdusche mit Auffangbecken und Abdeckung f\u00fcr Bodenmontage | B-SAFETY","og_description":"PremiumLine Augen-\/Gesichtsdusche mit Auffangbecken und Abdeckung f\u00fcr Bodenmontage","og_url":"https:\/\/alex.b-safety.com\/produkt\/premiumline-augen-gesichtsdusche-mit-auffangbecken-und-abdeckung-fuer-bodenmontage\/","og_site_name":"B-SAFETY","article_modified_time":"2026-04-16T09:45:08+00:00","og_image":[{"width":600,"height":600,"url":"https:\/\/alex.b-safety.com\/wp-content\/uploads\/2024\/11\/BR852095_Augenduschen.jpg","type":"image\/jpeg"}],"twitter_card":"summary_large_image","twitter_misc":{"Dur\u00e9e de lecture estim\u00e9e":"2 minutes"},"schema":{"@context":"https:\/\/schema.org","@graph":[{"@type":"WebPage","@id":"https:\/\/alex.b-safety.com\/produkt\/premiumline-augen-gesichtsdusche-mit-auffangbecken-und-abdeckung-fuer-bodenmontage\/","url":"https:\/\/alex.b-safety.com\/produkt\/premiumline-augen-gesichtsdusche-mit-auffangbecken-und-abdeckung-fuer-bodenmontage\/","name":"PremiumLine Augen-\/Gesichtsdusche mit Auffangbecken und Abdeckung f\u00fcr Bodenmontage | B-SAFETY","isPartOf":{"@id":"https:\/\/alex.b-safety.com\/#website"},"primaryImageOfPage":{"@id":"https:\/\/alex.b-safety.com\/produkt\/premiumline-augen-gesichtsdusche-mit-auffangbecken-und-abdeckung-fuer-bodenmontage\/#primaryimage"},"image":{"@id":"https:\/\/alex.b-safety.com\/produkt\/premiumline-augen-gesichtsdusche-mit-auffangbecken-und-abdeckung-fuer-bodenmontage\/#primaryimage"},"thumbnailUrl":"https:\/\/alex.b-safety.com\/wp-content\/uploads\/2024\/11\/BR852095_Augenduschen.jpg","datePublished":"2024-10-21T14:11:47+00:00","dateModified":"2026-04-16T09:45:08+00:00","description":"PremiumLine Augen-\/Gesichtsdusche mit Auffangbecken und Abdeckung f\u00fcr Bodenmontage","breadcrumb":{"@id":"https:\/\/alex.b-safety.com\/produkt\/premiumline-augen-gesichtsdusche-mit-auffangbecken-und-abdeckung-fuer-bodenmontage\/#breadcrumb"},"inLanguage":"fr-FR","potentialAction":[{"@type":"ReadAction","target":["https:\/\/alex.b-safety.com\/produkt\/premiumline-augen-gesichtsdusche-mit-auffangbecken-und-abdeckung-fuer-bodenmontage\/"]}]},{"@type":"ImageObject","inLanguage":"fr-FR","@id":"https:\/\/alex.b-safety.com\/produkt\/premiumline-augen-gesichtsdusche-mit-auffangbecken-und-abdeckung-fuer-bodenmontage\/#primaryimage","url":"https:\/\/alex.b-safety.com\/wp-content\/uploads\/2024\/11\/BR852095_Augenduschen.jpg","contentUrl":"https:\/\/alex.b-safety.com\/wp-content\/uploads\/2024\/11\/BR852095_Augenduschen.jpg","width":600,"height":600},{"@type":"BreadcrumbList","@id":"https:\/\/alex.b-safety.com\/produkt\/premiumline-augen-gesichtsdusche-mit-auffangbecken-und-abdeckung-fuer-bodenmontage\/#breadcrumb","itemListElement":[{"@type":"ListItem","position":1,"name":"Startseite","item":"https:\/\/alex.b-safety.com\/"},{"@type":"ListItem","position":2,"name":"Boutique","item":"https:\/\/alex.b-safety.com\/fr\/boutique\/"},{"@type":"ListItem","position":3,"name":"PremiumLine Augen-\/Gesichtsdusche mit Auffangbecken und Abdeckung f\u00fcr Bodenmontage"}]},{"@type":"WebSite","@id":"https:\/\/alex.b-safety.com\/#website","url":"https:\/\/alex.b-safety.com\/","name":"B-SAFETY","description":"","potentialAction":[{"@type":"SearchAction","target":{"@type":"EntryPoint","urlTemplate":"https:\/\/alex.b-safety.com\/?s={search_term_string}"},"query-input":{"@type":"PropertyValueSpecification","valueRequired":true,"valueName":"search_term_string"}}],"inLanguage":"fr-FR"}]}},"_links":{"self":[{"href":"https:\/\/alex.b-safety.com\/fr\/wp-json\/wp\/v2\/product\/5086","targetHints":{"allow":["GET"]}}],"collection":[{"href":"https:\/\/alex.b-safety.com\/fr\/wp-json\/wp\/v2\/product"}],"about":[{"href":"https:\/\/alex.b-safety.com\/fr\/wp-json\/wp\/v2\/types\/product"}],"replies":[{"embeddable":true,"href":"https:\/\/alex.b-safety.com\/fr\/wp-json\/wp\/v2\/comments?post=5086"}],"version-history":[{"count":4,"href":"https:\/\/alex.b-safety.com\/fr\/wp-json\/wp\/v2\/product\/5086\/revisions"}],"predecessor-version":[{"id":9440,"href":"https:\/\/alex.b-safety.com\/fr\/wp-json\/wp\/v2\/product\/5086\/revisions\/9440"}],"wp:featuredmedia":[{"embeddable":true,"href":"https:\/\/alex.b-safety.com\/fr\/wp-json\/wp\/v2\/media\/5108"}],"wp:attachment":[{"href":"https:\/\/alex.b-safety.com\/fr\/wp-json\/wp\/v2\/media?parent=5086"}],"wp:term":[{"taxonomy":"product_brand","embeddable":true,"href":"https:\/\/alex.b-safety.com\/fr\/wp-json\/wp\/v2\/product_brand?post=5086"},{"taxonomy":"product_cat","embeddable":true,"href":"https:\/\/alex.b-safety.com\/fr\/wp-json\/wp\/v2\/product_cat?post=5086"},{"taxonomy":"product_tag","embeddable":true,"href":"https:\/\/alex.b-safety.com\/fr\/wp-json\/wp\/v2\/product_tag?post=5086"}],"curies":[{"name":"wp","href":"https:\/\/api.w.org\/{rel}","templated":true}]}}