{"id":5218,"date":"2024-11-04T12:18:16","date_gmt":"2024-11-04T11:18:16","guid":{"rendered":"https:\/\/alex.b-safety.com\/premiumline-frostsichere-selbstentleerende-augendusche-mit-unterflurausloesung\/"},"modified":"2026-04-16T11:46:48","modified_gmt":"2026-04-16T09:46:48","slug":"premiumlinpremiumline-frostsichere-selbstentleerende-augendusche-mit-unterflurausloesung-edelstahl-fuer-bodenmontagee-frostsichere-selbstentleerende-augendusche-mit-unterflurausloesung","status":"publish","type":"product","link":"https:\/\/alex.b-safety.com\/fr\/produit\/premiumlinpremiumline-frostsichere-selbstentleerende-augendusche-mit-unterflurausloesung-edelstahl-fuer-bodenmontagee-frostsichere-selbstentleerende-augendusche-mit-unterflurausloesung\/","title":{"rendered":"PremiumLine frostsichere selbstentleerende Augendusche, mit Unterflurausl\u00f6sung Edelstahl, f\u00fcr Bodenmontage"},"content":{"rendered":"<h3>Produktbeschreibung<\/h3>\n<p>Die Augendusche ist mit zwei B-SAFETY Hochleistungsbrausek\u00f6pfen ausgestattet, die nicht nur die Vorgaben der DIN EN 15154-2:2006 und der ANSI Z358.1-2014 erf\u00fcllen, sondern auch f\u00fcr eine gro\u00dffl\u00e4chige Wasserverteilung sorgen. Dadurch werden auch die Regionen um die Augen versorgt und die Platzierung der Augen in dem Wasserstrahl ist unproblematisch. Der begrenzte, gleichm\u00e4\u00dfige und vor allem weiche Wasserstrahl ist optimiert f\u00fcr das Aussp\u00fclen von Chemikalien im Auge.<\/p>\n<p>Die richtige Strahlh\u00f6he und ein normgerechtes Strahlbild werden durch den integrierten Mengenregulator unabh\u00e4ngig vom anstehenden Wasserdruck erreicht. Die Gummimuffen um den Brausekopf sch\u00fctzen den Hilfesuchenden vor Sto\u00dfverletzungen. Staubabdeckkappen auf dem Brausekopf sch\u00fctzen gegen Verschmutzung und \u00f6ffnen bei Bet\u00e4tigung der Augendusche durch den Wasserdruck selbst\u00e4ndig. Die gro\u00dfen Bohrungen in den Brausek\u00f6pfen verhindern stehendes Wasser und somit Verkalkung.<\/p>\n<h3>Technische Beschreibung<\/h3>\n<ul>\n<li>Bedienung \u00fcber Fu\u00dfhebel in T-Form aus Edelstahl, beklebt mit schwarzem Anti-Rutsch-Band, Breite 350 mm, Befestigung \u00fcber Edelstahlseil an Winkelumlenkung<\/li>\n<li>Winkelumlenkung aus Edelstahl zur Zugstange, mit Befestigung aus Edelstahl am Standrohr<\/li>\n<li>Kugelhahn aus Edelstahl als Unterflurausl\u00f6sung, im Edelstahlkasten eingebaut, mit Zugstangenausl\u00f6sung 1000 mm, Wasseranschluss 3\/4-Zoll-AG, DIN-DVGW gepr\u00fcft und zugelassen, mit automatischer Entleerung in 1000 mm Tiefe<\/li>\n<li>Standfuss mit 4 Befestigungsbohrungen aus Edelstahl, poliert, Abmessungen 200 x 200 mm<\/li>\n<li>Standrohr 1 1\/4-Zoll aus Edelstahl, poliert, mit unterem Wasseranschluss 1 1\/4-Zoll-IG, H\u00f6he \u00fcber Flur 1040 mm<\/li>\n<li>Anschlussrohr aus Edelstahl f\u00fcr eine einfache Montage und Ausrichtung der Dusche, poliert<\/li>\n<li>integrierter automatischer Mengenregulator 14 Liter \/ Minute f\u00fcr ein normgerechtes Strahlbild bei einem vorgegebenem Arbeitsbereich von 2,5 bis 5 bar Flie\u00dfdruck<\/li>\n<li>breitstrahlende Hochleistungsbrausek\u00f6pfe aus Edelstahl, poliert, mit Kunststoffspr\u00fchplatte, verkalkungsarm, inkl. Gummischutz und dichtschlie\u00dfendem Staubdeckel mit Klappmechanismus, montiert \u00fcber Verteilergabel<\/li>\n<li>Auffangbecken aus Edelstahl, Durchmesser 275 mm, poliert, Ablaufanschluss 1 1\/4-Zoll-AG<\/li>\n<li>Hinweisschild f\u00fcr Augendusche nach DIN EN ISO 7010 und ASR A1.3, selbstklebende PVC-Folie, Abmessungen 100 x 100 mm, Erkennungsweite 10 Meter<\/li>\n<li>H\u00f6he \u00fcber Flur 1040 mm, Ausladung 380 mm, Breite 350 mm<\/li>\n<li>gem\u00e4\u00df BGI\/GUV-I 850-0, DIN 1988 und DIN EN 1717<\/li>\n<li>gem\u00e4\u00df ANSI Z358.1-2014 und DIN EN 15154-2:2006<\/li>\n<\/ul>\n","protected":false},"excerpt":{"rendered":"<p>Die frostsicheren selbstentleerenden Augenduschen mit Unterflurausl\u00f6sung sind frostsicher aufgebaut. Die Unterflurausl\u00f6sung wird im frostgesch\u00fctzten Bereich ungef\u00e4hr 1 Meter unterhalb der Boden-Oberfl\u00e4che montiert und sorgt f\u00fcr eine Entleerung der Augendusche bei Deaktivierung. Die Ausl\u00f6sung der Augendusche erfolgt \u00fcber den Fusshebel; die Deaktivierung erfolgt \u00fcber den zus\u00e4tzlichen schwarzen Handgriff am Standrohr der Dusche.<\/p>\n","protected":false},"featured_media":0,"comment_status":"closed","ping_status":"closed","template":"","meta":[],"product_brand":[],"product_cat":[99,107],"product_tag":[170],"class_list":{"0":"post-5218","1":"product","2":"type-product","3":"status-publish","5":"product_cat-augenduschen","6":"product_cat-frostsichere-augenduschen","7":"product_tag-bodenmontage","9":"first","10":"instock","11":"product-type-simple"},"yoast_head":"<!-- This site is optimized with the Yoast SEO plugin v27.4 - https:\/\/yoast.com\/product\/yoast-seo-wordpress\/ -->\n<title>PremiumLine frostsichere selbstentleerende Augendusche, mit Unterflurausl\u00f6sung Edelstahl, f\u00fcr Bodenmontage | B-SAFETY<\/title>\n<meta name=\"description\" content=\"PremiumLine frostsichere selbstentleerende Augendusche, mit Unterflurausl\u00f6sung Edelstahl, f\u00fcr Bodenmontage\" \/>\n<meta name=\"robots\" content=\"noindex, follow, max-snippet:-1, max-image-preview:large, max-video-preview:-1\" \/>\n<meta property=\"og:locale\" content=\"fr_FR\" \/>\n<meta property=\"og:type\" content=\"article\" \/>\n<meta property=\"og:title\" content=\"PremiumLine frostsichere selbstentleerende Augendusche, mit Unterflurausl\u00f6sung Edelstahl, f\u00fcr Bodenmontage | B-SAFETY\" \/>\n<meta property=\"og:description\" content=\"PremiumLine frostsichere selbstentleerende Augendusche, mit Unterflurausl\u00f6sung Edelstahl, f\u00fcr Bodenmontage\" \/>\n<meta property=\"og:url\" content=\"https:\/\/alex.b-safety.com\/produkt\/premiumlinpremiumline-frostsichere-selbstentleerende-augendusche-mit-unterflurausloesung-edelstahl-fuer-bodenmontagee-frostsichere-selbstentleerende-augendusche-mit-unterflurausloesung\/\" \/>\n<meta property=\"og:site_name\" content=\"B-SAFETY\" \/>\n<meta property=\"article:modified_time\" content=\"2026-04-16T09:46:48+00:00\" \/>\n<meta name=\"twitter:card\" content=\"summary_large_image\" \/>\n<meta name=\"twitter:label1\" content=\"Dur\u00e9e de lecture estim\u00e9e\" \/>\n\t<meta name=\"twitter:data1\" content=\"2 minutes\" \/>\n<script type=\"application\/ld+json\" class=\"yoast-schema-graph\">{\"@context\":\"https:\\\/\\\/schema.org\",\"@graph\":[{\"@type\":\"WebPage\",\"@id\":\"https:\\\/\\\/alex.b-safety.com\\\/produkt\\\/premiumlinpremiumline-frostsichere-selbstentleerende-augendusche-mit-unterflurausloesung-edelstahl-fuer-bodenmontagee-frostsichere-selbstentleerende-augendusche-mit-unterflurausloesung\\\/\",\"url\":\"https:\\\/\\\/alex.b-safety.com\\\/produkt\\\/premiumlinpremiumline-frostsichere-selbstentleerende-augendusche-mit-unterflurausloesung-edelstahl-fuer-bodenmontagee-frostsichere-selbstentleerende-augendusche-mit-unterflurausloesung\\\/\",\"name\":\"PremiumLine frostsichere selbstentleerende Augendusche, mit Unterflurausl\u00f6sung Edelstahl, f\u00fcr Bodenmontage | B-SAFETY\",\"isPartOf\":{\"@id\":\"https:\\\/\\\/alex.b-safety.com\\\/#website\"},\"datePublished\":\"2024-11-04T11:18:16+00:00\",\"dateModified\":\"2026-04-16T09:46:48+00:00\",\"description\":\"PremiumLine frostsichere selbstentleerende Augendusche, mit Unterflurausl\u00f6sung Edelstahl, f\u00fcr Bodenmontage\",\"breadcrumb\":{\"@id\":\"https:\\\/\\\/alex.b-safety.com\\\/produkt\\\/premiumlinpremiumline-frostsichere-selbstentleerende-augendusche-mit-unterflurausloesung-edelstahl-fuer-bodenmontagee-frostsichere-selbstentleerende-augendusche-mit-unterflurausloesung\\\/#breadcrumb\"},\"inLanguage\":\"fr-FR\",\"potentialAction\":[{\"@type\":\"ReadAction\",\"target\":[\"https:\\\/\\\/alex.b-safety.com\\\/produkt\\\/premiumlinpremiumline-frostsichere-selbstentleerende-augendusche-mit-unterflurausloesung-edelstahl-fuer-bodenmontagee-frostsichere-selbstentleerende-augendusche-mit-unterflurausloesung\\\/\"]}]},{\"@type\":\"BreadcrumbList\",\"@id\":\"https:\\\/\\\/alex.b-safety.com\\\/produkt\\\/premiumlinpremiumline-frostsichere-selbstentleerende-augendusche-mit-unterflurausloesung-edelstahl-fuer-bodenmontagee-frostsichere-selbstentleerende-augendusche-mit-unterflurausloesung\\\/#breadcrumb\",\"itemListElement\":[{\"@type\":\"ListItem\",\"position\":1,\"name\":\"Startseite\",\"item\":\"https:\\\/\\\/alex.b-safety.com\\\/\"},{\"@type\":\"ListItem\",\"position\":2,\"name\":\"Boutique\",\"item\":\"https:\\\/\\\/alex.b-safety.com\\\/fr\\\/boutique\\\/\"},{\"@type\":\"ListItem\",\"position\":3,\"name\":\"PremiumLine frostsichere selbstentleerende Augendusche, mit Unterflurausl\u00f6sung Edelstahl, f\u00fcr Bodenmontage\"}]},{\"@type\":\"WebSite\",\"@id\":\"https:\\\/\\\/alex.b-safety.com\\\/#website\",\"url\":\"https:\\\/\\\/alex.b-safety.com\\\/\",\"name\":\"B-SAFETY\",\"description\":\"\",\"potentialAction\":[{\"@type\":\"SearchAction\",\"target\":{\"@type\":\"EntryPoint\",\"urlTemplate\":\"https:\\\/\\\/alex.b-safety.com\\\/?s={search_term_string}\"},\"query-input\":{\"@type\":\"PropertyValueSpecification\",\"valueRequired\":true,\"valueName\":\"search_term_string\"}}],\"inLanguage\":\"fr-FR\"}]}<\/script>\n<!-- \/ Yoast SEO plugin. -->","yoast_head_json":{"title":"PremiumLine frostsichere selbstentleerende Augendusche, mit Unterflurausl\u00f6sung Edelstahl, f\u00fcr Bodenmontage | B-SAFETY","description":"PremiumLine frostsichere selbstentleerende Augendusche, mit Unterflurausl\u00f6sung Edelstahl, f\u00fcr Bodenmontage","robots":{"index":"noindex","follow":"follow","max-snippet":"max-snippet:-1","max-image-preview":"max-image-preview:large","max-video-preview":"max-video-preview:-1"},"og_locale":"fr_FR","og_type":"article","og_title":"PremiumLine frostsichere selbstentleerende Augendusche, mit Unterflurausl\u00f6sung Edelstahl, f\u00fcr Bodenmontage | B-SAFETY","og_description":"PremiumLine frostsichere selbstentleerende Augendusche, mit Unterflurausl\u00f6sung Edelstahl, f\u00fcr Bodenmontage","og_url":"https:\/\/alex.b-safety.com\/produkt\/premiumlinpremiumline-frostsichere-selbstentleerende-augendusche-mit-unterflurausloesung-edelstahl-fuer-bodenmontagee-frostsichere-selbstentleerende-augendusche-mit-unterflurausloesung\/","og_site_name":"B-SAFETY","article_modified_time":"2026-04-16T09:46:48+00:00","twitter_card":"summary_large_image","twitter_misc":{"Dur\u00e9e de lecture estim\u00e9e":"2 minutes"},"schema":{"@context":"https:\/\/schema.org","@graph":[{"@type":"WebPage","@id":"https:\/\/alex.b-safety.com\/produkt\/premiumlinpremiumline-frostsichere-selbstentleerende-augendusche-mit-unterflurausloesung-edelstahl-fuer-bodenmontagee-frostsichere-selbstentleerende-augendusche-mit-unterflurausloesung\/","url":"https:\/\/alex.b-safety.com\/produkt\/premiumlinpremiumline-frostsichere-selbstentleerende-augendusche-mit-unterflurausloesung-edelstahl-fuer-bodenmontagee-frostsichere-selbstentleerende-augendusche-mit-unterflurausloesung\/","name":"PremiumLine frostsichere selbstentleerende Augendusche, mit Unterflurausl\u00f6sung Edelstahl, f\u00fcr Bodenmontage | B-SAFETY","isPartOf":{"@id":"https:\/\/alex.b-safety.com\/#website"},"datePublished":"2024-11-04T11:18:16+00:00","dateModified":"2026-04-16T09:46:48+00:00","description":"PremiumLine frostsichere selbstentleerende Augendusche, mit Unterflurausl\u00f6sung Edelstahl, f\u00fcr Bodenmontage","breadcrumb":{"@id":"https:\/\/alex.b-safety.com\/produkt\/premiumlinpremiumline-frostsichere-selbstentleerende-augendusche-mit-unterflurausloesung-edelstahl-fuer-bodenmontagee-frostsichere-selbstentleerende-augendusche-mit-unterflurausloesung\/#breadcrumb"},"inLanguage":"fr-FR","potentialAction":[{"@type":"ReadAction","target":["https:\/\/alex.b-safety.com\/produkt\/premiumlinpremiumline-frostsichere-selbstentleerende-augendusche-mit-unterflurausloesung-edelstahl-fuer-bodenmontagee-frostsichere-selbstentleerende-augendusche-mit-unterflurausloesung\/"]}]},{"@type":"BreadcrumbList","@id":"https:\/\/alex.b-safety.com\/produkt\/premiumlinpremiumline-frostsichere-selbstentleerende-augendusche-mit-unterflurausloesung-edelstahl-fuer-bodenmontagee-frostsichere-selbstentleerende-augendusche-mit-unterflurausloesung\/#breadcrumb","itemListElement":[{"@type":"ListItem","position":1,"name":"Startseite","item":"https:\/\/alex.b-safety.com\/"},{"@type":"ListItem","position":2,"name":"Boutique","item":"https:\/\/alex.b-safety.com\/fr\/boutique\/"},{"@type":"ListItem","position":3,"name":"PremiumLine frostsichere selbstentleerende Augendusche, mit Unterflurausl\u00f6sung Edelstahl, f\u00fcr Bodenmontage"}]},{"@type":"WebSite","@id":"https:\/\/alex.b-safety.com\/#website","url":"https:\/\/alex.b-safety.com\/","name":"B-SAFETY","description":"","potentialAction":[{"@type":"SearchAction","target":{"@type":"EntryPoint","urlTemplate":"https:\/\/alex.b-safety.com\/?s={search_term_string}"},"query-input":{"@type":"PropertyValueSpecification","valueRequired":true,"valueName":"search_term_string"}}],"inLanguage":"fr-FR"}]}},"_links":{"self":[{"href":"https:\/\/alex.b-safety.com\/fr\/wp-json\/wp\/v2\/product\/5218","targetHints":{"allow":["GET"]}}],"collection":[{"href":"https:\/\/alex.b-safety.com\/fr\/wp-json\/wp\/v2\/product"}],"about":[{"href":"https:\/\/alex.b-safety.com\/fr\/wp-json\/wp\/v2\/types\/product"}],"replies":[{"embeddable":true,"href":"https:\/\/alex.b-safety.com\/fr\/wp-json\/wp\/v2\/comments?post=5218"}],"version-history":[{"count":3,"href":"https:\/\/alex.b-safety.com\/fr\/wp-json\/wp\/v2\/product\/5218\/revisions"}],"predecessor-version":[{"id":6356,"href":"https:\/\/alex.b-safety.com\/fr\/wp-json\/wp\/v2\/product\/5218\/revisions\/6356"}],"wp:attachment":[{"href":"https:\/\/alex.b-safety.com\/fr\/wp-json\/wp\/v2\/media?parent=5218"}],"wp:term":[{"taxonomy":"product_brand","embeddable":true,"href":"https:\/\/alex.b-safety.com\/fr\/wp-json\/wp\/v2\/product_brand?post=5218"},{"taxonomy":"product_cat","embeddable":true,"href":"https:\/\/alex.b-safety.com\/fr\/wp-json\/wp\/v2\/product_cat?post=5218"},{"taxonomy":"product_tag","embeddable":true,"href":"https:\/\/alex.b-safety.com\/fr\/wp-json\/wp\/v2\/product_tag?post=5218"}],"curies":[{"name":"wp","href":"https:\/\/api.w.org\/{rel}","templated":true}]}}