{"id":5220,"date":"2024-11-04T12:18:16","date_gmt":"2024-11-04T11:18:16","guid":{"rendered":"https:\/\/alex.b-safety.com\/classicline-frostsichere-selbstentleerende-augendusche\/"},"modified":"2026-04-16T11:46:09","modified_gmt":"2026-04-16T09:46:09","slug":"classicline-frostsichere-selbstentleerende-augendusche-fuer-wandmontage","status":"publish","type":"product","link":"https:\/\/alex.b-safety.com\/fr\/produit\/classicline-frostsichere-selbstentleerende-augendusche-fuer-wandmontage\/","title":{"rendered":"ClassicLine frostsichere selbstentleerende Augendusche f\u00fcr Wandmontage"},"content":{"rendered":"<h3>Produktbeschreibung<\/h3>\n<p>Die Augendusche ist mit zwei B-SAFETY Hochleistungsbrausek\u00f6pfen ausgestattet, die nicht nur die Vorgaben der DIN EN 15154-2:2006 und der ANSI Z358.1-2014 erf\u00fcllen, sondern auch f\u00fcr eine gro\u00dffl\u00e4chige Wasserverteilung sorgen. Dadurch werden auch die Regionen um die Augen versorgt und die Platzierung der Augen in dem Wasserstrahl ist unproblematisch. Der begrenzte, gleichm\u00e4\u00dfige und vor allem weiche Wasserstrahl ist optimiert f\u00fcr das Aussp\u00fclen von Chemikalien im Auge.<\/p>\n<p>Die richtige Strahlh\u00f6he und ein normgerechtes Strahlbild werden durch den integrierten Mengenregulator unabh\u00e4ngig vom anstehenden Wasserdruck erreicht. Die Gummimuffen um den Brausekopf sch\u00fctzen den Hilfesuchenden vor Sto\u00dfverletzungen. Staubabdeckkappen auf dem Brausekopf sch\u00fctzen gegen Verschmutzung und \u00f6ffnen bei Bet\u00e4tigung der Augendusche durch den Wasserdruck selbst\u00e4ndig. Die gro\u00dfen Bohrungen in den Brausek\u00f6pfen verhindern stehendes Wasser und somit Verkalkung.<\/p>\n<h3>Technische Beschreibung<\/h3>\n<ul>\n<li>3-Wege-Kugelhahn 3\/4-Zoll aus Messing, der die Dusche im Ruhezustand nach unten selbstt\u00e4tig entleert, Wasseranschluss 3\/4-Zoll-IG<\/li>\n<li>Spindelverl\u00e4ngerung, Standardl\u00e4nge 800 mm, kann bauseits auf die passende L\u00e4nge gek\u00fcrzt werden, inklusive Schubrosette aus Edelstahl zur Abdeckung des Installationsanschlusses<\/li>\n<li>verstellbarer Klemm-Hebel-Griff aus Zink-Druckguss, orange kunststoffbeschichtet, Buchse aus Edelstahl, arretierbar mit Werkzeug, Gesamtl\u00e4nge 110 mm<\/li>\n<li>Bet\u00e4tigung \u00fcber Schwenkhebel, \u00d6ffnungswinkel 90\u00b0, nicht selbstt\u00e4tig schlie\u00dfend<\/li>\n<li>Anschlussrohr 3\/4-Zoll aus Edelstahl, chemikalienbest\u00e4ndig gr\u00fcn pulverbeschichtet, L\u00e4nge 120 mm, Wasseranschluss 3\/4-Zoll-IG, von hinten durch die Wand<\/li>\n<li>integrierter automatischer Mengenregulator 14 Liter \/ Minute f\u00fcr ein normgerechtes Strahlbild bei einem vorgegebenen Arbeitsbereich von 1,5 bis 5 bar Flie\u00dfdruck<\/li>\n<li>breitstrahlende Hochleistungsbrausek\u00f6pfe aus Kunststoff, 45\u00b0 abgewinkelt, mit Kunststoffspr\u00fchplatte, verkalkungsarm, inkl. Gummischutz und dichtschlie\u00dfendem Staubdeckel mit Klappmechanismus, montiert \u00fcber Verteilergabel<\/li>\n<li>Schubrosette aus Kunststoff, gr\u00fcn, zur Abdeckung des Installationsanschlusses<\/li>\n<li>Hinweisschild f\u00fcr Augendusche nach DIN EN ISO 7010 und ASR A1.3, selbstklebende PVC-Folie, Abmessungen 100 x 100 mm, Erkennungsweite 10 Meter<\/li>\n<li>Hinweisschild \u201cOPEN\u201c f\u00fcr die verwechslungsfreie Anwendung im Notfall, orange, langnachleuchtend gem\u00e4\u00df DIN 67510<\/li>\n<li>Anbringungsh\u00f6he 900 mm (\u00b1 200 mm)<\/li>\n<li>gem\u00e4\u00df BGI\/GUV-I 850-0, DIN 1988 und DIN EN 1717<\/li>\n<li>gem\u00e4\u00df ANSI Z358.1-2014 und DIN EN 15154-2:2006<\/li>\n<\/ul>\n","protected":false},"excerpt":{"rendered":"<p>Die frostsicheren selbstentleerenden Augenduschen zur Wandmontage sind \u00fcber den 3-Wege-Kugelhahn, der im frostgesch\u00fctzten Bereich des Geb\u00e4udes montiert wird, frostsicher aufgebaut. Bei Bet\u00e4tigung des gro\u00dfen PUSH-Hebels der Augendusche wird die Augendusche ausgel\u00f6st. Bei Deaktivierung des PUSH-Hebels \u00f6ffnet der 3-Wege-Kugelhahn nach unten und l\u00e4sst das in der Augendusche stehende Wasser ablaufen.<\/p>\n","protected":false},"featured_media":5227,"comment_status":"closed","ping_status":"closed","template":"","meta":[],"product_brand":[],"product_cat":[99,107],"product_tag":[178],"class_list":{"0":"post-5220","1":"product","2":"type-product","3":"status-publish","4":"has-post-thumbnail","6":"product_cat-augenduschen","7":"product_cat-frostsichere-augenduschen","8":"product_tag-wandeinbau","10":"first","11":"instock","12":"product-type-simple"},"yoast_head":"<!-- This site is optimized with the Yoast SEO plugin v27.4 - https:\/\/yoast.com\/product\/yoast-seo-wordpress\/ -->\n<title>ClassicLine frostsichere selbstentleerende Augendusche f\u00fcr Wandmontage | B-SAFETY<\/title>\n<meta name=\"description\" content=\"ClassicLine frostsichere selbstentleerende Augendusche f\u00fcr Wandmontage\" \/>\n<meta name=\"robots\" content=\"noindex, follow, max-snippet:-1, max-image-preview:large, max-video-preview:-1\" \/>\n<meta property=\"og:locale\" content=\"fr_FR\" \/>\n<meta property=\"og:type\" content=\"article\" \/>\n<meta property=\"og:title\" content=\"ClassicLine frostsichere selbstentleerende Augendusche f\u00fcr Wandmontage | B-SAFETY\" \/>\n<meta property=\"og:description\" content=\"ClassicLine frostsichere selbstentleerende Augendusche f\u00fcr Wandmontage\" \/>\n<meta property=\"og:url\" content=\"https:\/\/alex.b-safety.com\/produkt\/classicline-frostsichere-selbstentleerende-augendusche-fuer-wandmontage\/\" \/>\n<meta property=\"og:site_name\" content=\"B-SAFETY\" \/>\n<meta property=\"article:modified_time\" content=\"2026-04-16T09:46:09+00:00\" \/>\n<meta property=\"og:image\" content=\"https:\/\/alex.b-safety.com\/wp-content\/uploads\/2024\/11\/BR880085_Frost_Auge.jpg\" \/>\n\t<meta property=\"og:image:width\" content=\"600\" \/>\n\t<meta property=\"og:image:height\" content=\"600\" \/>\n\t<meta property=\"og:image:type\" content=\"image\/jpeg\" \/>\n<meta name=\"twitter:card\" content=\"summary_large_image\" \/>\n<meta name=\"twitter:label1\" content=\"Dur\u00e9e de lecture estim\u00e9e\" \/>\n\t<meta name=\"twitter:data1\" content=\"2 minutes\" \/>\n<script type=\"application\/ld+json\" class=\"yoast-schema-graph\">{\"@context\":\"https:\\\/\\\/schema.org\",\"@graph\":[{\"@type\":\"WebPage\",\"@id\":\"https:\\\/\\\/alex.b-safety.com\\\/produkt\\\/classicline-frostsichere-selbstentleerende-augendusche-fuer-wandmontage\\\/\",\"url\":\"https:\\\/\\\/alex.b-safety.com\\\/produkt\\\/classicline-frostsichere-selbstentleerende-augendusche-fuer-wandmontage\\\/\",\"name\":\"ClassicLine frostsichere selbstentleerende Augendusche f\u00fcr Wandmontage | B-SAFETY\",\"isPartOf\":{\"@id\":\"https:\\\/\\\/alex.b-safety.com\\\/#website\"},\"primaryImageOfPage\":{\"@id\":\"https:\\\/\\\/alex.b-safety.com\\\/produkt\\\/classicline-frostsichere-selbstentleerende-augendusche-fuer-wandmontage\\\/#primaryimage\"},\"image\":{\"@id\":\"https:\\\/\\\/alex.b-safety.com\\\/produkt\\\/classicline-frostsichere-selbstentleerende-augendusche-fuer-wandmontage\\\/#primaryimage\"},\"thumbnailUrl\":\"https:\\\/\\\/alex.b-safety.com\\\/wp-content\\\/uploads\\\/2024\\\/11\\\/BR880085_Frost_Auge.jpg\",\"datePublished\":\"2024-11-04T11:18:16+00:00\",\"dateModified\":\"2026-04-16T09:46:09+00:00\",\"description\":\"ClassicLine frostsichere selbstentleerende Augendusche f\u00fcr Wandmontage\",\"breadcrumb\":{\"@id\":\"https:\\\/\\\/alex.b-safety.com\\\/produkt\\\/classicline-frostsichere-selbstentleerende-augendusche-fuer-wandmontage\\\/#breadcrumb\"},\"inLanguage\":\"fr-FR\",\"potentialAction\":[{\"@type\":\"ReadAction\",\"target\":[\"https:\\\/\\\/alex.b-safety.com\\\/produkt\\\/classicline-frostsichere-selbstentleerende-augendusche-fuer-wandmontage\\\/\"]}]},{\"@type\":\"ImageObject\",\"inLanguage\":\"fr-FR\",\"@id\":\"https:\\\/\\\/alex.b-safety.com\\\/produkt\\\/classicline-frostsichere-selbstentleerende-augendusche-fuer-wandmontage\\\/#primaryimage\",\"url\":\"https:\\\/\\\/alex.b-safety.com\\\/wp-content\\\/uploads\\\/2024\\\/11\\\/BR880085_Frost_Auge.jpg\",\"contentUrl\":\"https:\\\/\\\/alex.b-safety.com\\\/wp-content\\\/uploads\\\/2024\\\/11\\\/BR880085_Frost_Auge.jpg\",\"width\":600,\"height\":600},{\"@type\":\"BreadcrumbList\",\"@id\":\"https:\\\/\\\/alex.b-safety.com\\\/produkt\\\/classicline-frostsichere-selbstentleerende-augendusche-fuer-wandmontage\\\/#breadcrumb\",\"itemListElement\":[{\"@type\":\"ListItem\",\"position\":1,\"name\":\"Startseite\",\"item\":\"https:\\\/\\\/alex.b-safety.com\\\/\"},{\"@type\":\"ListItem\",\"position\":2,\"name\":\"Boutique\",\"item\":\"https:\\\/\\\/alex.b-safety.com\\\/fr\\\/boutique\\\/\"},{\"@type\":\"ListItem\",\"position\":3,\"name\":\"ClassicLine frostsichere selbstentleerende Augendusche f\u00fcr Wandmontage\"}]},{\"@type\":\"WebSite\",\"@id\":\"https:\\\/\\\/alex.b-safety.com\\\/#website\",\"url\":\"https:\\\/\\\/alex.b-safety.com\\\/\",\"name\":\"B-SAFETY\",\"description\":\"\",\"potentialAction\":[{\"@type\":\"SearchAction\",\"target\":{\"@type\":\"EntryPoint\",\"urlTemplate\":\"https:\\\/\\\/alex.b-safety.com\\\/?s={search_term_string}\"},\"query-input\":{\"@type\":\"PropertyValueSpecification\",\"valueRequired\":true,\"valueName\":\"search_term_string\"}}],\"inLanguage\":\"fr-FR\"}]}<\/script>\n<!-- \/ Yoast SEO plugin. -->","yoast_head_json":{"title":"ClassicLine frostsichere selbstentleerende Augendusche f\u00fcr Wandmontage | B-SAFETY","description":"ClassicLine frostsichere selbstentleerende Augendusche f\u00fcr Wandmontage","robots":{"index":"noindex","follow":"follow","max-snippet":"max-snippet:-1","max-image-preview":"max-image-preview:large","max-video-preview":"max-video-preview:-1"},"og_locale":"fr_FR","og_type":"article","og_title":"ClassicLine frostsichere selbstentleerende Augendusche f\u00fcr Wandmontage | B-SAFETY","og_description":"ClassicLine frostsichere selbstentleerende Augendusche f\u00fcr Wandmontage","og_url":"https:\/\/alex.b-safety.com\/produkt\/classicline-frostsichere-selbstentleerende-augendusche-fuer-wandmontage\/","og_site_name":"B-SAFETY","article_modified_time":"2026-04-16T09:46:09+00:00","og_image":[{"width":600,"height":600,"url":"https:\/\/alex.b-safety.com\/wp-content\/uploads\/2024\/11\/BR880085_Frost_Auge.jpg","type":"image\/jpeg"}],"twitter_card":"summary_large_image","twitter_misc":{"Dur\u00e9e de lecture estim\u00e9e":"2 minutes"},"schema":{"@context":"https:\/\/schema.org","@graph":[{"@type":"WebPage","@id":"https:\/\/alex.b-safety.com\/produkt\/classicline-frostsichere-selbstentleerende-augendusche-fuer-wandmontage\/","url":"https:\/\/alex.b-safety.com\/produkt\/classicline-frostsichere-selbstentleerende-augendusche-fuer-wandmontage\/","name":"ClassicLine frostsichere selbstentleerende Augendusche f\u00fcr Wandmontage | B-SAFETY","isPartOf":{"@id":"https:\/\/alex.b-safety.com\/#website"},"primaryImageOfPage":{"@id":"https:\/\/alex.b-safety.com\/produkt\/classicline-frostsichere-selbstentleerende-augendusche-fuer-wandmontage\/#primaryimage"},"image":{"@id":"https:\/\/alex.b-safety.com\/produkt\/classicline-frostsichere-selbstentleerende-augendusche-fuer-wandmontage\/#primaryimage"},"thumbnailUrl":"https:\/\/alex.b-safety.com\/wp-content\/uploads\/2024\/11\/BR880085_Frost_Auge.jpg","datePublished":"2024-11-04T11:18:16+00:00","dateModified":"2026-04-16T09:46:09+00:00","description":"ClassicLine frostsichere selbstentleerende Augendusche f\u00fcr Wandmontage","breadcrumb":{"@id":"https:\/\/alex.b-safety.com\/produkt\/classicline-frostsichere-selbstentleerende-augendusche-fuer-wandmontage\/#breadcrumb"},"inLanguage":"fr-FR","potentialAction":[{"@type":"ReadAction","target":["https:\/\/alex.b-safety.com\/produkt\/classicline-frostsichere-selbstentleerende-augendusche-fuer-wandmontage\/"]}]},{"@type":"ImageObject","inLanguage":"fr-FR","@id":"https:\/\/alex.b-safety.com\/produkt\/classicline-frostsichere-selbstentleerende-augendusche-fuer-wandmontage\/#primaryimage","url":"https:\/\/alex.b-safety.com\/wp-content\/uploads\/2024\/11\/BR880085_Frost_Auge.jpg","contentUrl":"https:\/\/alex.b-safety.com\/wp-content\/uploads\/2024\/11\/BR880085_Frost_Auge.jpg","width":600,"height":600},{"@type":"BreadcrumbList","@id":"https:\/\/alex.b-safety.com\/produkt\/classicline-frostsichere-selbstentleerende-augendusche-fuer-wandmontage\/#breadcrumb","itemListElement":[{"@type":"ListItem","position":1,"name":"Startseite","item":"https:\/\/alex.b-safety.com\/"},{"@type":"ListItem","position":2,"name":"Boutique","item":"https:\/\/alex.b-safety.com\/fr\/boutique\/"},{"@type":"ListItem","position":3,"name":"ClassicLine frostsichere selbstentleerende Augendusche f\u00fcr Wandmontage"}]},{"@type":"WebSite","@id":"https:\/\/alex.b-safety.com\/#website","url":"https:\/\/alex.b-safety.com\/","name":"B-SAFETY","description":"","potentialAction":[{"@type":"SearchAction","target":{"@type":"EntryPoint","urlTemplate":"https:\/\/alex.b-safety.com\/?s={search_term_string}"},"query-input":{"@type":"PropertyValueSpecification","valueRequired":true,"valueName":"search_term_string"}}],"inLanguage":"fr-FR"}]}},"_links":{"self":[{"href":"https:\/\/alex.b-safety.com\/fr\/wp-json\/wp\/v2\/product\/5220","targetHints":{"allow":["GET"]}}],"collection":[{"href":"https:\/\/alex.b-safety.com\/fr\/wp-json\/wp\/v2\/product"}],"about":[{"href":"https:\/\/alex.b-safety.com\/fr\/wp-json\/wp\/v2\/types\/product"}],"replies":[{"embeddable":true,"href":"https:\/\/alex.b-safety.com\/fr\/wp-json\/wp\/v2\/comments?post=5220"}],"version-history":[{"count":4,"href":"https:\/\/alex.b-safety.com\/fr\/wp-json\/wp\/v2\/product\/5220\/revisions"}],"predecessor-version":[{"id":10549,"href":"https:\/\/alex.b-safety.com\/fr\/wp-json\/wp\/v2\/product\/5220\/revisions\/10549"}],"wp:featuredmedia":[{"embeddable":true,"href":"https:\/\/alex.b-safety.com\/fr\/wp-json\/wp\/v2\/media\/5227"}],"wp:attachment":[{"href":"https:\/\/alex.b-safety.com\/fr\/wp-json\/wp\/v2\/media?parent=5220"}],"wp:term":[{"taxonomy":"product_brand","embeddable":true,"href":"https:\/\/alex.b-safety.com\/fr\/wp-json\/wp\/v2\/product_brand?post=5220"},{"taxonomy":"product_cat","embeddable":true,"href":"https:\/\/alex.b-safety.com\/fr\/wp-json\/wp\/v2\/product_cat?post=5220"},{"taxonomy":"product_tag","embeddable":true,"href":"https:\/\/alex.b-safety.com\/fr\/wp-json\/wp\/v2\/product_tag?post=5220"}],"curies":[{"name":"wp","href":"https:\/\/api.w.org\/{rel}","templated":true}]}}