{"id":5248,"date":"2024-11-04T12:25:34","date_gmt":"2024-11-04T11:25:34","guid":{"rendered":"https:\/\/alex.b-safety.com\/?post_type=product&#038;p=5248"},"modified":"2026-04-16T11:46:38","modified_gmt":"2026-04-16T09:46:38","slug":"premiumline-frostsichere-beheizte-augen-gesichtsdusche-mit-becken-und-abdeckung-fuer-wandmontage","status":"publish","type":"product","link":"https:\/\/alex.b-safety.com\/fr\/produit\/premiumline-frostsichere-beheizte-augen-gesichtsdusche-mit-becken-und-abdeckung-fuer-wandmontage\/","title":{"rendered":"PremiumLine frostsichere beheizte Augen-\/Gesichtsdusche mit Becken und Abdeckung f\u00fcr Wandmontage"},"content":{"rendered":"<h3>Produktbeschreibung<\/h3>\n<p>F\u00fcr den Einsatz in der Industrie sind die B-SAFETY Augen- und Gesichtsduschen mit Auffangbecken und Abdeckung entwickelt worden. Diese Augenduschen sind durch die Abdeckung komplett gegen Verschmutzung gesch\u00fctzt. Die Ausl\u00f6sung erfolgt durch Herunterziehen der Abdeckung. Die Gr\u00f6\u00dfe und Ausf\u00fchrung der Augendusche erm\u00f6glicht eine hervorragende Ortung auch in Notsituationen.<\/p>\n<p>Die Augendusche ist mit zwei Strahlreglern ausgestattet, die nicht nur die Vorgaben der DIN EN 15154-2:2006 und der ANSI Z358.1-2014 erf\u00fcllen, sondern auch f\u00fcr eine gleichm\u00e4\u00dfige Wasserverteilung sorgen. Der begrenzte, gleichm\u00e4\u00dfige und vor allem weiche Wasserstrahl ist sehr gut geeignet f\u00fcr das Aussp\u00fclen von Chemikalien im Auge. Durch den begrenzten Wasserstrahl kann mit dieser Augendusche das benutzte Wasser komplett aufgefangen werden.<\/p>\n<p>Die korrekte Strahlh\u00f6he und gew\u00fcnschte Durchflussmenge wird \u00fcber das integrierte Mengenregulierventil vor Ort eingestellt. Die Augendusche ist durch den integrierten Klappschutzdeckel komplett gegen Verschmutzung gesch\u00fctzt. Damit ist diese Dusche die richtige L\u00f6sung f\u00fcr den rauen Industriealltag. Auf der Abdeckung ist ein Hinweisschild f\u00fcr eine Augensp\u00fcleinrichtung gem\u00e4\u00df DIN EN ISO 7010 mit einer Erkennungsweite von 17 Metern angebracht.<\/p>\n<h3>Technische Beschreibung<\/h3>\n<ul>\n<li>Geh\u00e4use, Abdeckung und Auffangbecken aus schlagfestem und UV-best\u00e4ndigen ABS-Kunststoff, Ablaufanschluss 1 1\/2-Zoll-AG<\/li>\n<li>integrierter Klappschutzdeckel gegen Verschmutzung<\/li>\n<li>Ausl\u00f6sung durch Herunterschwenken der Abdeckung<\/li>\n<li>Kugelhahn 3\/8-Zoll aus Edelstahl, mit Hebelbedienung \u00fcber Klappschutzdeckel, DIN-DVGW gepr\u00fcft und zugelassen<\/li>\n<li>Strahlregler aus Messing mit einem sehr begrenztem Spr\u00fchbild, verchromt<\/li>\n<li>mit integriertem Mengenregulierventil 3\/8-Zoll f\u00fcr die Einstellung der gew\u00fcnschten Strahlh\u00f6he und Durchflussmenge, Wasseranschluss 3\/8-Zoll-AG<\/li>\n<li>Isolierung aus Steinwolle-Formpaket, unbrennbar, gem\u00e4\u00df DIN 4102<\/li>\n<li>Beheizung \u00fcber selbstregelndes Begleitheizband, Leistung 25 W\/m, elektrischer Anschluss 230 V &#8211; 50 Hz<\/li>\n<li>Au\u00dfenluftthermostat und Energiesparschaltung (Abschaltung der Begleitheizung bei 11\u00b0 C, Einschaltung bei 4\u00b0 C)<\/li>\n<li>inklusive Hinweisschild f\u00fcr Augendusche nach DIN EN ISO 7010 und ASR A1.3 auf der Abdeckung, Abmessungen 170 x 170 mm, Erkennungsweite 17 Meter<\/li>\n<li>H\u00f6he 285 mm, Breite 356 mm, Tiefe 305 mm<\/li>\n<li>Anbringungsh\u00f6he (Unterkante) 910 mm (\u00b1 200 mm)<\/li>\n<li>f\u00fcr den Einsatz in EX-Zonen 1 &amp; 2 geeignet, alle elektrischen Teile ex-gesch\u00fctzt, mit Gef\u00e4hrdungsbeurteilung gem\u00e4\u00df Betriebssicherheitsverordnung \u00fcber den nichtelektrischen und elektrischen Explosionsschutz<\/li>\n<li>gem\u00e4\u00df BGI\/GUV-I 850-0, DIN 1988 und DIN EN 1717<\/li>\n<li>gem\u00e4\u00df ANSI Z358.1-2014 und DIN EN 15154-2:2006<\/li>\n<li>DIN-DVGW gepr\u00fcft und zugelassen<\/li>\n<\/ul>\n","protected":false},"excerpt":{"rendered":"<p>Frostsichere beheizte Augenduschen von B-SAFETY sind mit einem selbstregelnden Begleitheizkabel und einer zus\u00e4tzlichen Isolation ausgestattet. Ein integriertes Thermostat sichert die Beheizung zus\u00e4tzlich ab. Ein Einfrieren dieser Duschen ist auch bei extremsten Bedingungen nicht m\u00f6glich.<\/p>\n","protected":false},"featured_media":5224,"comment_status":"closed","ping_status":"closed","template":"","meta":[],"product_brand":[],"product_cat":[99,107],"product_tag":[179],"class_list":{"0":"post-5248","1":"product","2":"type-product","3":"status-publish","4":"has-post-thumbnail","6":"product_cat-augenduschen","7":"product_cat-frostsichere-augenduschen","8":"product_tag-wandmontage","10":"first","11":"instock","12":"product-type-simple"},"yoast_head":"<!-- This site is optimized with the Yoast SEO plugin v27.4 - https:\/\/yoast.com\/product\/yoast-seo-wordpress\/ -->\n<title>PremiumLine frostsichere beheizte Augen-\/Gesichtsdusche mit Becken und Abdeckung f\u00fcr Wandmontage | B-SAFETY<\/title>\n<meta name=\"description\" content=\"PremiumLine frostsichere beheizte Augen-\/Gesichtsdusche mit Becken und Abdeckung f\u00fcr Wandmontage\" \/>\n<meta name=\"robots\" content=\"noindex, follow, max-snippet:-1, max-image-preview:large, max-video-preview:-1\" \/>\n<meta property=\"og:locale\" content=\"fr_FR\" \/>\n<meta property=\"og:type\" content=\"article\" \/>\n<meta property=\"og:title\" content=\"PremiumLine frostsichere beheizte Augen-\/Gesichtsdusche mit Becken und Abdeckung f\u00fcr Wandmontage | B-SAFETY\" \/>\n<meta property=\"og:description\" content=\"PremiumLine frostsichere beheizte Augen-\/Gesichtsdusche mit Becken und Abdeckung f\u00fcr Wandmontage\" \/>\n<meta property=\"og:url\" content=\"https:\/\/alex.b-safety.com\/produkt\/premiumline-frostsichere-beheizte-augen-gesichtsdusche-mit-becken-und-abdeckung-fuer-wandmontage\/\" \/>\n<meta property=\"og:site_name\" content=\"B-SAFETY\" \/>\n<meta property=\"article:modified_time\" content=\"2026-04-16T09:46:38+00:00\" \/>\n<meta property=\"og:image\" content=\"https:\/\/alex.b-safety.com\/wp-content\/uploads\/2024\/11\/BR826095_B1.jpg\" \/>\n\t<meta property=\"og:image:width\" content=\"600\" \/>\n\t<meta property=\"og:image:height\" content=\"600\" \/>\n\t<meta property=\"og:image:type\" content=\"image\/jpeg\" \/>\n<meta name=\"twitter:card\" content=\"summary_large_image\" \/>\n<meta name=\"twitter:label1\" content=\"Dur\u00e9e de lecture estim\u00e9e\" \/>\n\t<meta name=\"twitter:data1\" content=\"3 minutes\" \/>\n<script type=\"application\/ld+json\" class=\"yoast-schema-graph\">{\"@context\":\"https:\\\/\\\/schema.org\",\"@graph\":[{\"@type\":\"WebPage\",\"@id\":\"https:\\\/\\\/alex.b-safety.com\\\/produkt\\\/premiumline-frostsichere-beheizte-augen-gesichtsdusche-mit-becken-und-abdeckung-fuer-wandmontage\\\/\",\"url\":\"https:\\\/\\\/alex.b-safety.com\\\/produkt\\\/premiumline-frostsichere-beheizte-augen-gesichtsdusche-mit-becken-und-abdeckung-fuer-wandmontage\\\/\",\"name\":\"PremiumLine frostsichere beheizte Augen-\\\/Gesichtsdusche mit Becken und Abdeckung f\u00fcr Wandmontage | B-SAFETY\",\"isPartOf\":{\"@id\":\"https:\\\/\\\/alex.b-safety.com\\\/#website\"},\"primaryImageOfPage\":{\"@id\":\"https:\\\/\\\/alex.b-safety.com\\\/produkt\\\/premiumline-frostsichere-beheizte-augen-gesichtsdusche-mit-becken-und-abdeckung-fuer-wandmontage\\\/#primaryimage\"},\"image\":{\"@id\":\"https:\\\/\\\/alex.b-safety.com\\\/produkt\\\/premiumline-frostsichere-beheizte-augen-gesichtsdusche-mit-becken-und-abdeckung-fuer-wandmontage\\\/#primaryimage\"},\"thumbnailUrl\":\"https:\\\/\\\/alex.b-safety.com\\\/wp-content\\\/uploads\\\/2024\\\/11\\\/BR826095_B1.jpg\",\"datePublished\":\"2024-11-04T11:25:34+00:00\",\"dateModified\":\"2026-04-16T09:46:38+00:00\",\"description\":\"PremiumLine frostsichere beheizte Augen-\\\/Gesichtsdusche mit Becken und Abdeckung f\u00fcr Wandmontage\",\"breadcrumb\":{\"@id\":\"https:\\\/\\\/alex.b-safety.com\\\/produkt\\\/premiumline-frostsichere-beheizte-augen-gesichtsdusche-mit-becken-und-abdeckung-fuer-wandmontage\\\/#breadcrumb\"},\"inLanguage\":\"fr-FR\",\"potentialAction\":[{\"@type\":\"ReadAction\",\"target\":[\"https:\\\/\\\/alex.b-safety.com\\\/produkt\\\/premiumline-frostsichere-beheizte-augen-gesichtsdusche-mit-becken-und-abdeckung-fuer-wandmontage\\\/\"]}]},{\"@type\":\"ImageObject\",\"inLanguage\":\"fr-FR\",\"@id\":\"https:\\\/\\\/alex.b-safety.com\\\/produkt\\\/premiumline-frostsichere-beheizte-augen-gesichtsdusche-mit-becken-und-abdeckung-fuer-wandmontage\\\/#primaryimage\",\"url\":\"https:\\\/\\\/alex.b-safety.com\\\/wp-content\\\/uploads\\\/2024\\\/11\\\/BR826095_B1.jpg\",\"contentUrl\":\"https:\\\/\\\/alex.b-safety.com\\\/wp-content\\\/uploads\\\/2024\\\/11\\\/BR826095_B1.jpg\",\"width\":600,\"height\":600},{\"@type\":\"BreadcrumbList\",\"@id\":\"https:\\\/\\\/alex.b-safety.com\\\/produkt\\\/premiumline-frostsichere-beheizte-augen-gesichtsdusche-mit-becken-und-abdeckung-fuer-wandmontage\\\/#breadcrumb\",\"itemListElement\":[{\"@type\":\"ListItem\",\"position\":1,\"name\":\"Startseite\",\"item\":\"https:\\\/\\\/alex.b-safety.com\\\/\"},{\"@type\":\"ListItem\",\"position\":2,\"name\":\"Boutique\",\"item\":\"https:\\\/\\\/alex.b-safety.com\\\/fr\\\/boutique\\\/\"},{\"@type\":\"ListItem\",\"position\":3,\"name\":\"PremiumLine frostsichere beheizte Augen-\\\/Gesichtsdusche mit Becken und Abdeckung f\u00fcr Wandmontage\"}]},{\"@type\":\"WebSite\",\"@id\":\"https:\\\/\\\/alex.b-safety.com\\\/#website\",\"url\":\"https:\\\/\\\/alex.b-safety.com\\\/\",\"name\":\"B-SAFETY\",\"description\":\"\",\"potentialAction\":[{\"@type\":\"SearchAction\",\"target\":{\"@type\":\"EntryPoint\",\"urlTemplate\":\"https:\\\/\\\/alex.b-safety.com\\\/?s={search_term_string}\"},\"query-input\":{\"@type\":\"PropertyValueSpecification\",\"valueRequired\":true,\"valueName\":\"search_term_string\"}}],\"inLanguage\":\"fr-FR\"}]}<\/script>\n<!-- \/ Yoast SEO plugin. -->","yoast_head_json":{"title":"PremiumLine frostsichere beheizte Augen-\/Gesichtsdusche mit Becken und Abdeckung f\u00fcr Wandmontage | B-SAFETY","description":"PremiumLine frostsichere beheizte Augen-\/Gesichtsdusche mit Becken und Abdeckung f\u00fcr Wandmontage","robots":{"index":"noindex","follow":"follow","max-snippet":"max-snippet:-1","max-image-preview":"max-image-preview:large","max-video-preview":"max-video-preview:-1"},"og_locale":"fr_FR","og_type":"article","og_title":"PremiumLine frostsichere beheizte Augen-\/Gesichtsdusche mit Becken und Abdeckung f\u00fcr Wandmontage | B-SAFETY","og_description":"PremiumLine frostsichere beheizte Augen-\/Gesichtsdusche mit Becken und Abdeckung f\u00fcr Wandmontage","og_url":"https:\/\/alex.b-safety.com\/produkt\/premiumline-frostsichere-beheizte-augen-gesichtsdusche-mit-becken-und-abdeckung-fuer-wandmontage\/","og_site_name":"B-SAFETY","article_modified_time":"2026-04-16T09:46:38+00:00","og_image":[{"width":600,"height":600,"url":"https:\/\/alex.b-safety.com\/wp-content\/uploads\/2024\/11\/BR826095_B1.jpg","type":"image\/jpeg"}],"twitter_card":"summary_large_image","twitter_misc":{"Dur\u00e9e de lecture estim\u00e9e":"3 minutes"},"schema":{"@context":"https:\/\/schema.org","@graph":[{"@type":"WebPage","@id":"https:\/\/alex.b-safety.com\/produkt\/premiumline-frostsichere-beheizte-augen-gesichtsdusche-mit-becken-und-abdeckung-fuer-wandmontage\/","url":"https:\/\/alex.b-safety.com\/produkt\/premiumline-frostsichere-beheizte-augen-gesichtsdusche-mit-becken-und-abdeckung-fuer-wandmontage\/","name":"PremiumLine frostsichere beheizte Augen-\/Gesichtsdusche mit Becken und Abdeckung f\u00fcr Wandmontage | B-SAFETY","isPartOf":{"@id":"https:\/\/alex.b-safety.com\/#website"},"primaryImageOfPage":{"@id":"https:\/\/alex.b-safety.com\/produkt\/premiumline-frostsichere-beheizte-augen-gesichtsdusche-mit-becken-und-abdeckung-fuer-wandmontage\/#primaryimage"},"image":{"@id":"https:\/\/alex.b-safety.com\/produkt\/premiumline-frostsichere-beheizte-augen-gesichtsdusche-mit-becken-und-abdeckung-fuer-wandmontage\/#primaryimage"},"thumbnailUrl":"https:\/\/alex.b-safety.com\/wp-content\/uploads\/2024\/11\/BR826095_B1.jpg","datePublished":"2024-11-04T11:25:34+00:00","dateModified":"2026-04-16T09:46:38+00:00","description":"PremiumLine frostsichere beheizte Augen-\/Gesichtsdusche mit Becken und Abdeckung f\u00fcr Wandmontage","breadcrumb":{"@id":"https:\/\/alex.b-safety.com\/produkt\/premiumline-frostsichere-beheizte-augen-gesichtsdusche-mit-becken-und-abdeckung-fuer-wandmontage\/#breadcrumb"},"inLanguage":"fr-FR","potentialAction":[{"@type":"ReadAction","target":["https:\/\/alex.b-safety.com\/produkt\/premiumline-frostsichere-beheizte-augen-gesichtsdusche-mit-becken-und-abdeckung-fuer-wandmontage\/"]}]},{"@type":"ImageObject","inLanguage":"fr-FR","@id":"https:\/\/alex.b-safety.com\/produkt\/premiumline-frostsichere-beheizte-augen-gesichtsdusche-mit-becken-und-abdeckung-fuer-wandmontage\/#primaryimage","url":"https:\/\/alex.b-safety.com\/wp-content\/uploads\/2024\/11\/BR826095_B1.jpg","contentUrl":"https:\/\/alex.b-safety.com\/wp-content\/uploads\/2024\/11\/BR826095_B1.jpg","width":600,"height":600},{"@type":"BreadcrumbList","@id":"https:\/\/alex.b-safety.com\/produkt\/premiumline-frostsichere-beheizte-augen-gesichtsdusche-mit-becken-und-abdeckung-fuer-wandmontage\/#breadcrumb","itemListElement":[{"@type":"ListItem","position":1,"name":"Startseite","item":"https:\/\/alex.b-safety.com\/"},{"@type":"ListItem","position":2,"name":"Boutique","item":"https:\/\/alex.b-safety.com\/fr\/boutique\/"},{"@type":"ListItem","position":3,"name":"PremiumLine frostsichere beheizte Augen-\/Gesichtsdusche mit Becken und Abdeckung f\u00fcr Wandmontage"}]},{"@type":"WebSite","@id":"https:\/\/alex.b-safety.com\/#website","url":"https:\/\/alex.b-safety.com\/","name":"B-SAFETY","description":"","potentialAction":[{"@type":"SearchAction","target":{"@type":"EntryPoint","urlTemplate":"https:\/\/alex.b-safety.com\/?s={search_term_string}"},"query-input":{"@type":"PropertyValueSpecification","valueRequired":true,"valueName":"search_term_string"}}],"inLanguage":"fr-FR"}]}},"_links":{"self":[{"href":"https:\/\/alex.b-safety.com\/fr\/wp-json\/wp\/v2\/product\/5248","targetHints":{"allow":["GET"]}}],"collection":[{"href":"https:\/\/alex.b-safety.com\/fr\/wp-json\/wp\/v2\/product"}],"about":[{"href":"https:\/\/alex.b-safety.com\/fr\/wp-json\/wp\/v2\/types\/product"}],"replies":[{"embeddable":true,"href":"https:\/\/alex.b-safety.com\/fr\/wp-json\/wp\/v2\/comments?post=5248"}],"version-history":[{"count":4,"href":"https:\/\/alex.b-safety.com\/fr\/wp-json\/wp\/v2\/product\/5248\/revisions"}],"predecessor-version":[{"id":10551,"href":"https:\/\/alex.b-safety.com\/fr\/wp-json\/wp\/v2\/product\/5248\/revisions\/10551"}],"wp:featuredmedia":[{"embeddable":true,"href":"https:\/\/alex.b-safety.com\/fr\/wp-json\/wp\/v2\/media\/5224"}],"wp:attachment":[{"href":"https:\/\/alex.b-safety.com\/fr\/wp-json\/wp\/v2\/media?parent=5248"}],"wp:term":[{"taxonomy":"product_brand","embeddable":true,"href":"https:\/\/alex.b-safety.com\/fr\/wp-json\/wp\/v2\/product_brand?post=5248"},{"taxonomy":"product_cat","embeddable":true,"href":"https:\/\/alex.b-safety.com\/fr\/wp-json\/wp\/v2\/product_cat?post=5248"},{"taxonomy":"product_tag","embeddable":true,"href":"https:\/\/alex.b-safety.com\/fr\/wp-json\/wp\/v2\/product_tag?post=5248"}],"curies":[{"name":"wp","href":"https:\/\/api.w.org\/{rel}","templated":true}]}}