{"id":5578,"date":"2025-01-20T15:36:39","date_gmt":"2025-01-20T14:36:39","guid":{"rendered":"https:\/\/alex.b-safety.com\/classicline-frostsichere-selbstentleerende-koerper-notdusche\/"},"modified":"2026-04-16T13:34:42","modified_gmt":"2026-04-16T11:34:42","slug":"classicline-frostsichere-selbstentleerende-koerper-notdusche-fuer-wandmontage","status":"publish","type":"product","link":"https:\/\/alex.b-safety.com\/fr\/produit\/classicline-frostsichere-selbstentleerende-koerper-notdusche-fuer-wandmontage\/","title":{"rendered":"ClassicLine frostsichere selbstentleerende K\u00f6rper-Notdusche f\u00fcr Wandmontage"},"content":{"rendered":"<h3>Produktbeschreibung<\/h3>\n<p>Die K\u00f6rper-Notduschen sind mit dem B-SAFETY Hochleistungsduschkopf ausgestattet, der nicht nur die Vorgaben der ANSI Z358.1 und der DIN EN 15154 erf\u00fcllt, sondern auch selbstentleerend, weitestgehend verkalkungs- und wartungsfrei sowie sehr robust und korrosionsbest\u00e4ndig ist. Der begrenzte, gleichm\u00e4\u00dfige und vor allem weiche Wasserstrahl ist optimiert f\u00fcr das Absp\u00fclen von Chemikalien auf der Haut.<\/p>\n<p>Der integrierte automatische Mengenregulator sorgt f\u00fcr ein normgerechtes Strahlbild unabh\u00e4ngig vom vor Ort anstehenden Wasserdruck. Mit dem beiliegenden Hinweisschild gem\u00e4\u00df DIN EN ISO 7010 und ASR A1.3 wird die B-SAFETY Notdusche gekennzeichnet und die Sichtbarkeit wird verbessert. Die Erkennungsweite betr\u00e4gt 15 Meter.<\/p>\n<h3>Technische Beschreibung<\/h3>\n<ul>\n<li>3-Wege-Kugelhahn 3\/4-Zoll aus Messing, der die Dusche im Ruhezustand nach unten selbstt\u00e4tig entleert, Wasseranschluss 3\/4-Zoll-IG<\/li>\n<li>Spindelverl\u00e4ngerung, Standardl\u00e4nge 800 mm, kann bauseits auf die passende L\u00e4nge gek\u00fcrzt werden, inklusive Schubrosette aus Edelstahl zur Abdeckung des Installationsanschlusses<\/li>\n<li>verstellbarer Klemm-Hebel-Griff aus Zink-Druckguss, orange kunststoffbeschichtet, Buchse aus Edelstahl, arretierbar mit Werkzeug, Gesamtl\u00e4nge 110 mm<\/li>\n<li>Bet\u00e4tigung \u00fcber Schwenkhebel, \u00d6ffnungswinkel 90\u00b0, nicht selbstt\u00e4tig schlie\u00dfend<\/li>\n<li>Wandduscharm 3\/4-Zoll aus Edelstahl, chemikalienbest\u00e4ndig gr\u00fcn pulverbeschichtet, Ausladung 470 mm<\/li>\n<li>integrierter automatischer Mengenregulator 50 Liter \/ Minute f\u00fcr ein normgerechtes Strahlbild bei einem vorgegebenen Arbeitsbereich von 1,5 bis 3 bar Flie\u00dfdruck<\/li>\n<li>Hochleistungsduschkopf aus chemikalienbest\u00e4ndigem Kunststoff, schwarz, mit verbessertem Strahlbild, korrosionsbest\u00e4ndig, weitestgehend verkalkungs- und wartungsfrei, sehr robust, selbst entleerend<\/li>\n<li>Schubrosette aus Kunststoff, gr\u00fcn, zur Abdeckung des Installationsanschlusses<\/li>\n<li>Hinweisschild f\u00fcr K\u00f6rper-Notdusche nach DIN EN ISO 7010 und ASR A1.3, selbstklebende PVC-Folie, Abmessungen 150 x 150 mm, Erkennungsweite 15 Meter<\/li>\n<li>Hinweisschild \u201cOPEN\u201c f\u00fcr die verwechslungsfreie Anwendung im Notfall, orange, langnachleuchtend gem\u00e4\u00df DIN 67510<\/li>\n<li>Anbringungsh\u00f6he 2345 mm (\u00b1 100 mm)<\/li>\n<li>gem\u00e4\u00df BGI\/GUV-I 850-0, DIN 1988 und DIN EN 1717<\/li>\n<li>gem\u00e4\u00df ANSI Z358.1-2014, DIN EN 15154-1:2006 und DIN EN 15154-5:2019<\/li>\n<\/ul>\n","protected":false},"excerpt":{"rendered":"<p>Die B-SAFETY K\u00f6rper-Notduschen der Serie ClassicLine werden aus hochwertigen Materialien gefertigt und sind f\u00fcr den Einsatz in Labor und Forschung ebenso geeignet wie f\u00fcr den rauen Einsatz in der Industrie. Die gr\u00fcne chemikalienbest\u00e4ndige Polyester-Pulverbeschichtung von B-SAFETY hat sich in vielen aggressiven Umgebungen bew\u00e4hrt und ist best\u00e4ndig gegen viele S\u00e4uren und Laugen.<\/p>\n","protected":false},"featured_media":5543,"comment_status":"closed","ping_status":"closed","template":"","meta":[],"product_brand":[],"product_cat":[119,104],"product_tag":[179],"class_list":{"0":"post-5578","1":"product","2":"type-product","3":"status-publish","4":"has-post-thumbnail","6":"product_cat-frostsichere-notduschen","7":"product_cat-notduschen","8":"product_tag-wandmontage","10":"first","11":"instock","12":"product-type-simple"},"yoast_head":"<!-- This site is optimized with the Yoast SEO plugin v27.4 - https:\/\/yoast.com\/product\/yoast-seo-wordpress\/ -->\n<title>ClassicLine frostsichere selbstentleerende K\u00f6rper-Notdusche f\u00fcr Wandmontage | B-SAFETY<\/title>\n<meta name=\"description\" content=\"ClassicLine frostsichere selbstentleerende K\u00f6rper-Notdusche f\u00fcr Wandmontage\" \/>\n<meta name=\"robots\" content=\"noindex, follow, max-snippet:-1, max-image-preview:large, max-video-preview:-1\" \/>\n<meta property=\"og:locale\" content=\"fr_FR\" \/>\n<meta property=\"og:type\" content=\"article\" \/>\n<meta property=\"og:title\" content=\"ClassicLine frostsichere selbstentleerende K\u00f6rper-Notdusche f\u00fcr Wandmontage | B-SAFETY\" \/>\n<meta property=\"og:description\" content=\"ClassicLine frostsichere selbstentleerende K\u00f6rper-Notdusche f\u00fcr Wandmontage\" \/>\n<meta property=\"og:url\" content=\"https:\/\/alex.b-safety.com\/produkt\/classicline-frostsichere-selbstentleerende-koerper-notdusche-fuer-wandmontage\/\" \/>\n<meta property=\"og:site_name\" content=\"B-SAFETY\" \/>\n<meta property=\"article:modified_time\" content=\"2026-04-16T11:34:42+00:00\" \/>\n<meta property=\"og:image\" content=\"https:\/\/alex.b-safety.com\/wp-content\/uploads\/2025\/01\/BR885085.jpg\" \/>\n\t<meta property=\"og:image:width\" content=\"600\" \/>\n\t<meta property=\"og:image:height\" content=\"600\" \/>\n\t<meta property=\"og:image:type\" content=\"image\/jpeg\" \/>\n<meta name=\"twitter:card\" content=\"summary_large_image\" \/>\n<meta name=\"twitter:label1\" content=\"Dur\u00e9e de lecture estim\u00e9e\" \/>\n\t<meta name=\"twitter:data1\" content=\"2 minutes\" \/>\n<script type=\"application\/ld+json\" class=\"yoast-schema-graph\">{\"@context\":\"https:\\\/\\\/schema.org\",\"@graph\":[{\"@type\":\"WebPage\",\"@id\":\"https:\\\/\\\/alex.b-safety.com\\\/produkt\\\/classicline-frostsichere-selbstentleerende-koerper-notdusche-fuer-wandmontage\\\/\",\"url\":\"https:\\\/\\\/alex.b-safety.com\\\/produkt\\\/classicline-frostsichere-selbstentleerende-koerper-notdusche-fuer-wandmontage\\\/\",\"name\":\"ClassicLine frostsichere selbstentleerende K\u00f6rper-Notdusche f\u00fcr Wandmontage | B-SAFETY\",\"isPartOf\":{\"@id\":\"https:\\\/\\\/alex.b-safety.com\\\/#website\"},\"primaryImageOfPage\":{\"@id\":\"https:\\\/\\\/alex.b-safety.com\\\/produkt\\\/classicline-frostsichere-selbstentleerende-koerper-notdusche-fuer-wandmontage\\\/#primaryimage\"},\"image\":{\"@id\":\"https:\\\/\\\/alex.b-safety.com\\\/produkt\\\/classicline-frostsichere-selbstentleerende-koerper-notdusche-fuer-wandmontage\\\/#primaryimage\"},\"thumbnailUrl\":\"https:\\\/\\\/alex.b-safety.com\\\/wp-content\\\/uploads\\\/2025\\\/01\\\/BR885085.jpg\",\"datePublished\":\"2025-01-20T14:36:39+00:00\",\"dateModified\":\"2026-04-16T11:34:42+00:00\",\"description\":\"ClassicLine frostsichere selbstentleerende K\u00f6rper-Notdusche f\u00fcr Wandmontage\",\"breadcrumb\":{\"@id\":\"https:\\\/\\\/alex.b-safety.com\\\/produkt\\\/classicline-frostsichere-selbstentleerende-koerper-notdusche-fuer-wandmontage\\\/#breadcrumb\"},\"inLanguage\":\"fr-FR\",\"potentialAction\":[{\"@type\":\"ReadAction\",\"target\":[\"https:\\\/\\\/alex.b-safety.com\\\/produkt\\\/classicline-frostsichere-selbstentleerende-koerper-notdusche-fuer-wandmontage\\\/\"]}]},{\"@type\":\"ImageObject\",\"inLanguage\":\"fr-FR\",\"@id\":\"https:\\\/\\\/alex.b-safety.com\\\/produkt\\\/classicline-frostsichere-selbstentleerende-koerper-notdusche-fuer-wandmontage\\\/#primaryimage\",\"url\":\"https:\\\/\\\/alex.b-safety.com\\\/wp-content\\\/uploads\\\/2025\\\/01\\\/BR885085.jpg\",\"contentUrl\":\"https:\\\/\\\/alex.b-safety.com\\\/wp-content\\\/uploads\\\/2025\\\/01\\\/BR885085.jpg\",\"width\":600,\"height\":600},{\"@type\":\"BreadcrumbList\",\"@id\":\"https:\\\/\\\/alex.b-safety.com\\\/produkt\\\/classicline-frostsichere-selbstentleerende-koerper-notdusche-fuer-wandmontage\\\/#breadcrumb\",\"itemListElement\":[{\"@type\":\"ListItem\",\"position\":1,\"name\":\"Startseite\",\"item\":\"https:\\\/\\\/alex.b-safety.com\\\/\"},{\"@type\":\"ListItem\",\"position\":2,\"name\":\"Boutique\",\"item\":\"https:\\\/\\\/alex.b-safety.com\\\/fr\\\/boutique\\\/\"},{\"@type\":\"ListItem\",\"position\":3,\"name\":\"ClassicLine frostsichere selbstentleerende K\u00f6rper-Notdusche f\u00fcr Wandmontage\"}]},{\"@type\":\"WebSite\",\"@id\":\"https:\\\/\\\/alex.b-safety.com\\\/#website\",\"url\":\"https:\\\/\\\/alex.b-safety.com\\\/\",\"name\":\"B-SAFETY\",\"description\":\"\",\"potentialAction\":[{\"@type\":\"SearchAction\",\"target\":{\"@type\":\"EntryPoint\",\"urlTemplate\":\"https:\\\/\\\/alex.b-safety.com\\\/?s={search_term_string}\"},\"query-input\":{\"@type\":\"PropertyValueSpecification\",\"valueRequired\":true,\"valueName\":\"search_term_string\"}}],\"inLanguage\":\"fr-FR\"}]}<\/script>\n<!-- \/ Yoast SEO plugin. -->","yoast_head_json":{"title":"ClassicLine frostsichere selbstentleerende K\u00f6rper-Notdusche f\u00fcr Wandmontage | B-SAFETY","description":"ClassicLine frostsichere selbstentleerende K\u00f6rper-Notdusche f\u00fcr Wandmontage","robots":{"index":"noindex","follow":"follow","max-snippet":"max-snippet:-1","max-image-preview":"max-image-preview:large","max-video-preview":"max-video-preview:-1"},"og_locale":"fr_FR","og_type":"article","og_title":"ClassicLine frostsichere selbstentleerende K\u00f6rper-Notdusche f\u00fcr Wandmontage | B-SAFETY","og_description":"ClassicLine frostsichere selbstentleerende K\u00f6rper-Notdusche f\u00fcr Wandmontage","og_url":"https:\/\/alex.b-safety.com\/produkt\/classicline-frostsichere-selbstentleerende-koerper-notdusche-fuer-wandmontage\/","og_site_name":"B-SAFETY","article_modified_time":"2026-04-16T11:34:42+00:00","og_image":[{"width":600,"height":600,"url":"https:\/\/alex.b-safety.com\/wp-content\/uploads\/2025\/01\/BR885085.jpg","type":"image\/jpeg"}],"twitter_card":"summary_large_image","twitter_misc":{"Dur\u00e9e de lecture estim\u00e9e":"2 minutes"},"schema":{"@context":"https:\/\/schema.org","@graph":[{"@type":"WebPage","@id":"https:\/\/alex.b-safety.com\/produkt\/classicline-frostsichere-selbstentleerende-koerper-notdusche-fuer-wandmontage\/","url":"https:\/\/alex.b-safety.com\/produkt\/classicline-frostsichere-selbstentleerende-koerper-notdusche-fuer-wandmontage\/","name":"ClassicLine frostsichere selbstentleerende K\u00f6rper-Notdusche f\u00fcr Wandmontage | B-SAFETY","isPartOf":{"@id":"https:\/\/alex.b-safety.com\/#website"},"primaryImageOfPage":{"@id":"https:\/\/alex.b-safety.com\/produkt\/classicline-frostsichere-selbstentleerende-koerper-notdusche-fuer-wandmontage\/#primaryimage"},"image":{"@id":"https:\/\/alex.b-safety.com\/produkt\/classicline-frostsichere-selbstentleerende-koerper-notdusche-fuer-wandmontage\/#primaryimage"},"thumbnailUrl":"https:\/\/alex.b-safety.com\/wp-content\/uploads\/2025\/01\/BR885085.jpg","datePublished":"2025-01-20T14:36:39+00:00","dateModified":"2026-04-16T11:34:42+00:00","description":"ClassicLine frostsichere selbstentleerende K\u00f6rper-Notdusche f\u00fcr Wandmontage","breadcrumb":{"@id":"https:\/\/alex.b-safety.com\/produkt\/classicline-frostsichere-selbstentleerende-koerper-notdusche-fuer-wandmontage\/#breadcrumb"},"inLanguage":"fr-FR","potentialAction":[{"@type":"ReadAction","target":["https:\/\/alex.b-safety.com\/produkt\/classicline-frostsichere-selbstentleerende-koerper-notdusche-fuer-wandmontage\/"]}]},{"@type":"ImageObject","inLanguage":"fr-FR","@id":"https:\/\/alex.b-safety.com\/produkt\/classicline-frostsichere-selbstentleerende-koerper-notdusche-fuer-wandmontage\/#primaryimage","url":"https:\/\/alex.b-safety.com\/wp-content\/uploads\/2025\/01\/BR885085.jpg","contentUrl":"https:\/\/alex.b-safety.com\/wp-content\/uploads\/2025\/01\/BR885085.jpg","width":600,"height":600},{"@type":"BreadcrumbList","@id":"https:\/\/alex.b-safety.com\/produkt\/classicline-frostsichere-selbstentleerende-koerper-notdusche-fuer-wandmontage\/#breadcrumb","itemListElement":[{"@type":"ListItem","position":1,"name":"Startseite","item":"https:\/\/alex.b-safety.com\/"},{"@type":"ListItem","position":2,"name":"Boutique","item":"https:\/\/alex.b-safety.com\/fr\/boutique\/"},{"@type":"ListItem","position":3,"name":"ClassicLine frostsichere selbstentleerende K\u00f6rper-Notdusche f\u00fcr Wandmontage"}]},{"@type":"WebSite","@id":"https:\/\/alex.b-safety.com\/#website","url":"https:\/\/alex.b-safety.com\/","name":"B-SAFETY","description":"","potentialAction":[{"@type":"SearchAction","target":{"@type":"EntryPoint","urlTemplate":"https:\/\/alex.b-safety.com\/?s={search_term_string}"},"query-input":{"@type":"PropertyValueSpecification","valueRequired":true,"valueName":"search_term_string"}}],"inLanguage":"fr-FR"}]}},"_links":{"self":[{"href":"https:\/\/alex.b-safety.com\/fr\/wp-json\/wp\/v2\/product\/5578","targetHints":{"allow":["GET"]}}],"collection":[{"href":"https:\/\/alex.b-safety.com\/fr\/wp-json\/wp\/v2\/product"}],"about":[{"href":"https:\/\/alex.b-safety.com\/fr\/wp-json\/wp\/v2\/types\/product"}],"replies":[{"embeddable":true,"href":"https:\/\/alex.b-safety.com\/fr\/wp-json\/wp\/v2\/comments?post=5578"}],"version-history":[{"count":5,"href":"https:\/\/alex.b-safety.com\/fr\/wp-json\/wp\/v2\/product\/5578\/revisions"}],"predecessor-version":[{"id":10670,"href":"https:\/\/alex.b-safety.com\/fr\/wp-json\/wp\/v2\/product\/5578\/revisions\/10670"}],"wp:featuredmedia":[{"embeddable":true,"href":"https:\/\/alex.b-safety.com\/fr\/wp-json\/wp\/v2\/media\/5543"}],"wp:attachment":[{"href":"https:\/\/alex.b-safety.com\/fr\/wp-json\/wp\/v2\/media?parent=5578"}],"wp:term":[{"taxonomy":"product_brand","embeddable":true,"href":"https:\/\/alex.b-safety.com\/fr\/wp-json\/wp\/v2\/product_brand?post=5578"},{"taxonomy":"product_cat","embeddable":true,"href":"https:\/\/alex.b-safety.com\/fr\/wp-json\/wp\/v2\/product_cat?post=5578"},{"taxonomy":"product_tag","embeddable":true,"href":"https:\/\/alex.b-safety.com\/fr\/wp-json\/wp\/v2\/product_tag?post=5578"}],"curies":[{"name":"wp","href":"https:\/\/api.w.org\/{rel}","templated":true}]}}