{"id":5811,"date":"2025-01-21T09:23:07","date_gmt":"2025-01-21T08:23:07","guid":{"rendered":"https:\/\/alex.b-safety.com\/premiumline-augenduschen-notduschen-station-mit-umliegendem-schutzkorb-selbstentleerend\/"},"modified":"2026-04-16T13:32:19","modified_gmt":"2026-04-16T11:32:19","slug":"premiumline-augenduschen-notduschen-station-mit-umliegendem-schutzkorb-selbstentleerend-edelstahl-fuer-bodenmontage","status":"publish","type":"product","link":"https:\/\/alex.b-safety.com\/fr\/produit\/premiumline-augenduschen-notduschen-station-mit-umliegendem-schutzkorb-selbstentleerend-edelstahl-fuer-bodenmontage\/","title":{"rendered":"PremiumLine Augenduschen-Notduschen-Station mit umliegendem Schutzkorb, selbstentleerend, Edelstahl f\u00fcr Bodenmontage"},"content":{"rendered":"<h3>Produktbeschreibung<\/h3>\n<p>Die B-SAFETY K\u00f6rper-Notduschen der Serie PremiumLine werden aus Edelstahl gefertigt und sind f\u00fcr den Einsatz in Labor und Forschung ebenso geeignet wie f\u00fcr den rauen Einsatz in der Industrie. Die polierte Edelstahl-Oberfl\u00e4che ist nicht nur best\u00e4ndig gegen viele Chemikalien, sondern bietet auch ein modernes Design f\u00fcr Labore und Reinr\u00e4ume.<\/p>\n<p>Die K\u00f6rper-Notduschen sind mit dem B-SAFETY Hochleistungsduschkopf ausgestattet, der nicht nur die Vorgaben der ANSI Z358.1 und der DIN EN 15154 erf\u00fcllt, sondern auch selbstentleerend, weitestgehend verkalkungs- und wartungsfrei sowie sehr robust und korrosionsbest\u00e4ndig ist. Der begrenzte, gleichm\u00e4\u00dfige und vor allem weiche Wasserstrahl ist optimiert f\u00fcr das Absp\u00fclen von Chemikalien auf der Haut.<\/p>\n<h3>Technische Beschreibung<\/h3>\n<ul>\n<li>Rahmen aus Edelstahlrohren, Abmessungen (H x B x T): 960 x 850 x 900 mm<\/li>\n<li>Bet\u00e4tigung der Augendusche \u00fcber Fu\u00dftrittrost aus feuerverzinktem Stahl, Befestigung \u00fcber Edelstahlseil an Winkelumlenkung, Abmessungen (B x T): 800 x 800 mm<\/li>\n<li>Winkelumlenkung aus Edelstahl, mit Befestigung aus Edelstahl am Standrohr<\/li>\n<li>Kugelhahn 1-Zoll aus Edelstahl, mit Hebel aus Edelstahl und Seilumlenkung, Wasseranschluss 1-Zoll-AG, DIN-DVGW gepr\u00fcft und zugelassen<\/li>\n<li>Standfuss mit 4 Befestigungsbohrungen aus Edelstahl, poliert, Abmessungen 200 x 200 mm<\/li>\n<li>Standrohr 1 1\/4-Zoll aus Edelstahl zweiteilig, poliert, Gesamth\u00f6he 2330 mm<\/li>\n<li>Verbindungsst\u00fcck 3\/4-Zoll aus Edelstahl, f\u00fcr eine schnelle Montage vor Ort und einfache Ausrichtung des Duscharms<\/li>\n<li>Kugelhahn 3\/4-Zoll aus Edelstahl, mit Schnellmontagesystem und Zugstangenbet\u00e4tigung, DIN-DVGW gepr\u00fcft und zugelassen<\/li>\n<li>Zugstange mit Ringgriff aus Edelstahl, poliert, L\u00e4nge 700 mm<\/li>\n<li>Wandduscharm 3\/4-Zoll aus Edelstahl, poliert, Ausladung 520 mm<\/li>\n<li>integrierter automatischer Mengenregulator 50 Liter \/ Minute f\u00fcr ein normgerechtes Strahlbild bei einem vorgegebenen Arbeitsbereich von 1,5 bis 3 bar Flie\u00dfdruck<\/li>\n<li>Hochleistungsduschkopf aus Edelstahl, poliert, mit verbessertem Strahlbild, korrosionsbest\u00e4ndig, weitestgehend verkalkungs- und wartungsfrei, sehr robust, selbst entleerend<\/li>\n<li>Hinweisschild f\u00fcr K\u00f6rper-Notdusche nach DIN EN ISO 7010 und ASR A1.3, selbstklebende PVC-Folie, Abmessungen 150 x 150 mm, Erkennungsweite 15 Meter<\/li>\n<li>integrierte PremiumLine Sicherheits-Augendusche mit Auffangbecken aus Edelstahl, Montageh\u00f6he 970 mm<\/li>\n<li>Anschlussrohr aus Edelstahl f\u00fcr eine einfache Montage und Ausrichtung der Dusche, poliert<\/li>\n<li>Auffangbecken aus Edelstahl, Durchmesser 275 mm, poliert, Ablaufanschluss 1 1\/4-Zoll-AG<\/li>\n<li>breitstrahlende Hochleistungsbrausek\u00f6pfe aus Edelstahl, poliert, mit Kunststoffspr\u00fchplatte, verkalkungsarm, inkl. Gummischutz und dichtschlie\u00dfendem Staubdeckel mit Klappmechanismus, montiert \u00fcber Verteilergabel<\/li>\n<li>integrierter automatischer Mengenregulator 14 Liter \/ Minute f\u00fcr ein normgerechtes Strahlbild bei einem vorgegebenem Arbeitsbereich von 2,5 bis 5 bar Flie\u00dfdruck<\/li>\n<li>Hinweisschild f\u00fcr Augendusche nach DIN EN ISO 7010 und ASR A1.3, selbstklebende PVC-Folie, Abmessungen 100 x 100 mm, Erkennungsweite 10 Meter<\/li>\n<li>gem\u00e4\u00df BGI\/GUV-I 850-0, DIN 1988 und DIN EN 1717<\/li>\n<li>gem\u00e4\u00df ANSI Z358.1-2014, DIN EN 15154-1:2006, DIN EN 15154-2:2006 und DIN EN 15154-5:2019<\/li>\n<li>DIN-DVGW gepr\u00fcft und zugelassen<\/li>\n<\/ul>\n","protected":false},"excerpt":{"rendered":"<p>Notduschen-Stationen sind Erste-Hilfe-Stationen mit einer Notdusche. Durch den umlaufenden Schutzkorb sind sie gut gegen Besch\u00e4digungen gesch\u00fctzt und auch von allen Seiten gut sichtbar. Das gro\u00dfe Trittrost dient als Bet\u00e4tigung der Dusche. Alle Notduschen-Stationen sind selbstentleerend aufgebaut und somit auch f\u00fcr den Einsatz in hei\u00dfen Umgebungen geeignet. Als Sonderanfertigung sind die Duschen auch mit einer Unterflurausl\u00f6sung verf\u00fcgbar und auf diese Weise frostsicher.<\/p>\n","protected":false},"featured_media":5754,"comment_status":"closed","ping_status":"closed","template":"","meta":[],"product_brand":[],"product_cat":[104,116],"product_tag":[170],"class_list":{"0":"post-5811","1":"product","2":"type-product","3":"status-publish","4":"has-post-thumbnail","6":"product_cat-notduschen","7":"product_cat-notduschen-stationen","8":"product_tag-bodenmontage","10":"first","11":"instock","12":"product-type-simple"},"yoast_head":"<!-- This site is optimized with the Yoast SEO plugin v27.4 - https:\/\/yoast.com\/product\/yoast-seo-wordpress\/ -->\n<title>PremiumLine Augenduschen-Notduschen-Station mit umliegendem Schutzkorb, selbstentleerend, Edelstahl f\u00fcr Bodenmontage | B-SAFETY<\/title>\n<meta name=\"description\" content=\"PremiumLine Augenduschen-Notduschen-Station mit umliegendem Schutzkorb, selbstentleerend, Edelstahl f\u00fcr Bodenmontage\" \/>\n<meta name=\"robots\" content=\"noindex, follow, max-snippet:-1, max-image-preview:large, max-video-preview:-1\" \/>\n<meta property=\"og:locale\" content=\"fr_FR\" \/>\n<meta property=\"og:type\" content=\"article\" \/>\n<meta property=\"og:title\" content=\"PremiumLine Augenduschen-Notduschen-Station mit umliegendem Schutzkorb, selbstentleerend, Edelstahl f\u00fcr Bodenmontage | B-SAFETY\" \/>\n<meta property=\"og:description\" content=\"PremiumLine Augenduschen-Notduschen-Station mit umliegendem Schutzkorb, selbstentleerend, Edelstahl f\u00fcr Bodenmontage\" \/>\n<meta property=\"og:url\" content=\"https:\/\/alex.b-safety.com\/produkt\/premiumline-augenduschen-notduschen-station-mit-umliegendem-schutzkorb-selbstentleerend-edelstahl-fuer-bodenmontage\/\" \/>\n<meta property=\"og:site_name\" content=\"B-SAFETY\" \/>\n<meta property=\"article:modified_time\" content=\"2026-04-16T11:32:19+00:00\" \/>\n<meta property=\"og:image\" content=\"https:\/\/alex.b-safety.com\/wp-content\/uploads\/2025\/01\/BR886095.jpg\" \/>\n\t<meta property=\"og:image:width\" content=\"600\" \/>\n\t<meta property=\"og:image:height\" content=\"600\" \/>\n\t<meta property=\"og:image:type\" content=\"image\/jpeg\" \/>\n<meta name=\"twitter:card\" content=\"summary_large_image\" \/>\n<meta name=\"twitter:label1\" content=\"Dur\u00e9e de lecture estim\u00e9e\" \/>\n\t<meta name=\"twitter:data1\" content=\"3 minutes\" \/>\n<script type=\"application\/ld+json\" class=\"yoast-schema-graph\">{\"@context\":\"https:\\\/\\\/schema.org\",\"@graph\":[{\"@type\":\"WebPage\",\"@id\":\"https:\\\/\\\/alex.b-safety.com\\\/produkt\\\/premiumline-augenduschen-notduschen-station-mit-umliegendem-schutzkorb-selbstentleerend-edelstahl-fuer-bodenmontage\\\/\",\"url\":\"https:\\\/\\\/alex.b-safety.com\\\/produkt\\\/premiumline-augenduschen-notduschen-station-mit-umliegendem-schutzkorb-selbstentleerend-edelstahl-fuer-bodenmontage\\\/\",\"name\":\"PremiumLine Augenduschen-Notduschen-Station mit umliegendem Schutzkorb, selbstentleerend, Edelstahl f\u00fcr Bodenmontage | B-SAFETY\",\"isPartOf\":{\"@id\":\"https:\\\/\\\/alex.b-safety.com\\\/#website\"},\"primaryImageOfPage\":{\"@id\":\"https:\\\/\\\/alex.b-safety.com\\\/produkt\\\/premiumline-augenduschen-notduschen-station-mit-umliegendem-schutzkorb-selbstentleerend-edelstahl-fuer-bodenmontage\\\/#primaryimage\"},\"image\":{\"@id\":\"https:\\\/\\\/alex.b-safety.com\\\/produkt\\\/premiumline-augenduschen-notduschen-station-mit-umliegendem-schutzkorb-selbstentleerend-edelstahl-fuer-bodenmontage\\\/#primaryimage\"},\"thumbnailUrl\":\"https:\\\/\\\/alex.b-safety.com\\\/wp-content\\\/uploads\\\/2025\\\/01\\\/BR886095.jpg\",\"datePublished\":\"2025-01-21T08:23:07+00:00\",\"dateModified\":\"2026-04-16T11:32:19+00:00\",\"description\":\"PremiumLine Augenduschen-Notduschen-Station mit umliegendem Schutzkorb, selbstentleerend, Edelstahl f\u00fcr Bodenmontage\",\"breadcrumb\":{\"@id\":\"https:\\\/\\\/alex.b-safety.com\\\/produkt\\\/premiumline-augenduschen-notduschen-station-mit-umliegendem-schutzkorb-selbstentleerend-edelstahl-fuer-bodenmontage\\\/#breadcrumb\"},\"inLanguage\":\"fr-FR\",\"potentialAction\":[{\"@type\":\"ReadAction\",\"target\":[\"https:\\\/\\\/alex.b-safety.com\\\/produkt\\\/premiumline-augenduschen-notduschen-station-mit-umliegendem-schutzkorb-selbstentleerend-edelstahl-fuer-bodenmontage\\\/\"]}]},{\"@type\":\"ImageObject\",\"inLanguage\":\"fr-FR\",\"@id\":\"https:\\\/\\\/alex.b-safety.com\\\/produkt\\\/premiumline-augenduschen-notduschen-station-mit-umliegendem-schutzkorb-selbstentleerend-edelstahl-fuer-bodenmontage\\\/#primaryimage\",\"url\":\"https:\\\/\\\/alex.b-safety.com\\\/wp-content\\\/uploads\\\/2025\\\/01\\\/BR886095.jpg\",\"contentUrl\":\"https:\\\/\\\/alex.b-safety.com\\\/wp-content\\\/uploads\\\/2025\\\/01\\\/BR886095.jpg\",\"width\":600,\"height\":600},{\"@type\":\"BreadcrumbList\",\"@id\":\"https:\\\/\\\/alex.b-safety.com\\\/produkt\\\/premiumline-augenduschen-notduschen-station-mit-umliegendem-schutzkorb-selbstentleerend-edelstahl-fuer-bodenmontage\\\/#breadcrumb\",\"itemListElement\":[{\"@type\":\"ListItem\",\"position\":1,\"name\":\"Startseite\",\"item\":\"https:\\\/\\\/alex.b-safety.com\\\/\"},{\"@type\":\"ListItem\",\"position\":2,\"name\":\"Boutique\",\"item\":\"https:\\\/\\\/alex.b-safety.com\\\/fr\\\/boutique\\\/\"},{\"@type\":\"ListItem\",\"position\":3,\"name\":\"PremiumLine Augenduschen-Notduschen-Station mit umliegendem Schutzkorb, selbstentleerend, Edelstahl f\u00fcr Bodenmontage\"}]},{\"@type\":\"WebSite\",\"@id\":\"https:\\\/\\\/alex.b-safety.com\\\/#website\",\"url\":\"https:\\\/\\\/alex.b-safety.com\\\/\",\"name\":\"B-SAFETY\",\"description\":\"\",\"potentialAction\":[{\"@type\":\"SearchAction\",\"target\":{\"@type\":\"EntryPoint\",\"urlTemplate\":\"https:\\\/\\\/alex.b-safety.com\\\/?s={search_term_string}\"},\"query-input\":{\"@type\":\"PropertyValueSpecification\",\"valueRequired\":true,\"valueName\":\"search_term_string\"}}],\"inLanguage\":\"fr-FR\"}]}<\/script>\n<!-- \/ Yoast SEO plugin. -->","yoast_head_json":{"title":"PremiumLine Augenduschen-Notduschen-Station mit umliegendem Schutzkorb, selbstentleerend, Edelstahl f\u00fcr Bodenmontage | B-SAFETY","description":"PremiumLine Augenduschen-Notduschen-Station mit umliegendem Schutzkorb, selbstentleerend, Edelstahl f\u00fcr Bodenmontage","robots":{"index":"noindex","follow":"follow","max-snippet":"max-snippet:-1","max-image-preview":"max-image-preview:large","max-video-preview":"max-video-preview:-1"},"og_locale":"fr_FR","og_type":"article","og_title":"PremiumLine Augenduschen-Notduschen-Station mit umliegendem Schutzkorb, selbstentleerend, Edelstahl f\u00fcr Bodenmontage | B-SAFETY","og_description":"PremiumLine Augenduschen-Notduschen-Station mit umliegendem Schutzkorb, selbstentleerend, Edelstahl f\u00fcr Bodenmontage","og_url":"https:\/\/alex.b-safety.com\/produkt\/premiumline-augenduschen-notduschen-station-mit-umliegendem-schutzkorb-selbstentleerend-edelstahl-fuer-bodenmontage\/","og_site_name":"B-SAFETY","article_modified_time":"2026-04-16T11:32:19+00:00","og_image":[{"width":600,"height":600,"url":"https:\/\/alex.b-safety.com\/wp-content\/uploads\/2025\/01\/BR886095.jpg","type":"image\/jpeg"}],"twitter_card":"summary_large_image","twitter_misc":{"Dur\u00e9e de lecture estim\u00e9e":"3 minutes"},"schema":{"@context":"https:\/\/schema.org","@graph":[{"@type":"WebPage","@id":"https:\/\/alex.b-safety.com\/produkt\/premiumline-augenduschen-notduschen-station-mit-umliegendem-schutzkorb-selbstentleerend-edelstahl-fuer-bodenmontage\/","url":"https:\/\/alex.b-safety.com\/produkt\/premiumline-augenduschen-notduschen-station-mit-umliegendem-schutzkorb-selbstentleerend-edelstahl-fuer-bodenmontage\/","name":"PremiumLine Augenduschen-Notduschen-Station mit umliegendem Schutzkorb, selbstentleerend, Edelstahl f\u00fcr Bodenmontage | B-SAFETY","isPartOf":{"@id":"https:\/\/alex.b-safety.com\/#website"},"primaryImageOfPage":{"@id":"https:\/\/alex.b-safety.com\/produkt\/premiumline-augenduschen-notduschen-station-mit-umliegendem-schutzkorb-selbstentleerend-edelstahl-fuer-bodenmontage\/#primaryimage"},"image":{"@id":"https:\/\/alex.b-safety.com\/produkt\/premiumline-augenduschen-notduschen-station-mit-umliegendem-schutzkorb-selbstentleerend-edelstahl-fuer-bodenmontage\/#primaryimage"},"thumbnailUrl":"https:\/\/alex.b-safety.com\/wp-content\/uploads\/2025\/01\/BR886095.jpg","datePublished":"2025-01-21T08:23:07+00:00","dateModified":"2026-04-16T11:32:19+00:00","description":"PremiumLine Augenduschen-Notduschen-Station mit umliegendem Schutzkorb, selbstentleerend, Edelstahl f\u00fcr Bodenmontage","breadcrumb":{"@id":"https:\/\/alex.b-safety.com\/produkt\/premiumline-augenduschen-notduschen-station-mit-umliegendem-schutzkorb-selbstentleerend-edelstahl-fuer-bodenmontage\/#breadcrumb"},"inLanguage":"fr-FR","potentialAction":[{"@type":"ReadAction","target":["https:\/\/alex.b-safety.com\/produkt\/premiumline-augenduschen-notduschen-station-mit-umliegendem-schutzkorb-selbstentleerend-edelstahl-fuer-bodenmontage\/"]}]},{"@type":"ImageObject","inLanguage":"fr-FR","@id":"https:\/\/alex.b-safety.com\/produkt\/premiumline-augenduschen-notduschen-station-mit-umliegendem-schutzkorb-selbstentleerend-edelstahl-fuer-bodenmontage\/#primaryimage","url":"https:\/\/alex.b-safety.com\/wp-content\/uploads\/2025\/01\/BR886095.jpg","contentUrl":"https:\/\/alex.b-safety.com\/wp-content\/uploads\/2025\/01\/BR886095.jpg","width":600,"height":600},{"@type":"BreadcrumbList","@id":"https:\/\/alex.b-safety.com\/produkt\/premiumline-augenduschen-notduschen-station-mit-umliegendem-schutzkorb-selbstentleerend-edelstahl-fuer-bodenmontage\/#breadcrumb","itemListElement":[{"@type":"ListItem","position":1,"name":"Startseite","item":"https:\/\/alex.b-safety.com\/"},{"@type":"ListItem","position":2,"name":"Boutique","item":"https:\/\/alex.b-safety.com\/fr\/boutique\/"},{"@type":"ListItem","position":3,"name":"PremiumLine Augenduschen-Notduschen-Station mit umliegendem Schutzkorb, selbstentleerend, Edelstahl f\u00fcr Bodenmontage"}]},{"@type":"WebSite","@id":"https:\/\/alex.b-safety.com\/#website","url":"https:\/\/alex.b-safety.com\/","name":"B-SAFETY","description":"","potentialAction":[{"@type":"SearchAction","target":{"@type":"EntryPoint","urlTemplate":"https:\/\/alex.b-safety.com\/?s={search_term_string}"},"query-input":{"@type":"PropertyValueSpecification","valueRequired":true,"valueName":"search_term_string"}}],"inLanguage":"fr-FR"}]}},"_links":{"self":[{"href":"https:\/\/alex.b-safety.com\/fr\/wp-json\/wp\/v2\/product\/5811","targetHints":{"allow":["GET"]}}],"collection":[{"href":"https:\/\/alex.b-safety.com\/fr\/wp-json\/wp\/v2\/product"}],"about":[{"href":"https:\/\/alex.b-safety.com\/fr\/wp-json\/wp\/v2\/types\/product"}],"replies":[{"embeddable":true,"href":"https:\/\/alex.b-safety.com\/fr\/wp-json\/wp\/v2\/comments?post=5811"}],"version-history":[{"count":3,"href":"https:\/\/alex.b-safety.com\/fr\/wp-json\/wp\/v2\/product\/5811\/revisions"}],"predecessor-version":[{"id":7052,"href":"https:\/\/alex.b-safety.com\/fr\/wp-json\/wp\/v2\/product\/5811\/revisions\/7052"}],"wp:featuredmedia":[{"embeddable":true,"href":"https:\/\/alex.b-safety.com\/fr\/wp-json\/wp\/v2\/media\/5754"}],"wp:attachment":[{"href":"https:\/\/alex.b-safety.com\/fr\/wp-json\/wp\/v2\/media?parent=5811"}],"wp:term":[{"taxonomy":"product_brand","embeddable":true,"href":"https:\/\/alex.b-safety.com\/fr\/wp-json\/wp\/v2\/product_brand?post=5811"},{"taxonomy":"product_cat","embeddable":true,"href":"https:\/\/alex.b-safety.com\/fr\/wp-json\/wp\/v2\/product_cat?post=5811"},{"taxonomy":"product_tag","embeddable":true,"href":"https:\/\/alex.b-safety.com\/fr\/wp-json\/wp\/v2\/product_tag?post=5811"}],"curies":[{"name":"wp","href":"https:\/\/api.w.org\/{rel}","templated":true}]}}