{"id":5882,"date":"2025-02-14T14:06:45","date_gmt":"2025-02-14T13:06:45","guid":{"rendered":"https:\/\/alex.b-safety.com\/premiumline-notduschkombination-mit-augen-gesichtsdusche-mit-becken-und-abdeckung\/"},"modified":"2026-04-21T14:20:56","modified_gmt":"2026-04-21T12:20:56","slug":"premiumline-notduschkombination-mit-augen-gesichtsdusche-mit-becken-und-abdeckung-edelstahl-fuer-wandmontage","status":"publish","type":"product","link":"https:\/\/alex.b-safety.com\/fr\/produit\/premiumline-notduschkombination-mit-augen-gesichtsdusche-mit-becken-und-abdeckung-edelstahl-fuer-wandmontage\/","title":{"rendered":"PremiumLine Notduschkombination mit Augen-\/Gesichtsdusche mit Becken und Abdeckung, Edelstahl f\u00fcr Wandmontage"},"content":{"rendered":"<h3>Produktbeschreibung<\/h3>\n<p>Die B-SAFETY K\u00f6rper-Notduschen der Serie PremiumLine werden aus Edelstahl gefertigt und sind f\u00fcr den Einsatz in Labor und Forschung ebenso geeignet wie f\u00fcr den rauen Einsatz in der Industrie. Die polierte Edelstahl-Oberfl\u00e4che ist nicht nur best\u00e4ndig gegen viele Chemikalien, sondern bietet auch ein modernes Design f\u00fcr Labore und Reinr\u00e4ume.<\/p>\n<p>Die K\u00f6rper-Notduschen sind mit dem B-SAFETY Hochleistungsduschkopf ausgestattet, der nicht nur die Vorgaben der ANSI Z358.1 und der DIN EN 15154 erf\u00fcllt, sondern auch selbstentleerend, weitestgehend verkalkungs- und wartungsfrei sowie sehr robust und korrosionsbest\u00e4ndig ist. Der begrenzte, gleichm\u00e4\u00dfige und vor allem weiche Wasserstrahl ist optimiert f\u00fcr das Absp\u00fclen von Chemikalien auf der Haut.<\/p>\n<h3>Technische Beschreibung<\/h3>\n<ul>\n<li>inklusive oberem und unterem Wasseranschluss 3\/4-Zoll-IG f\u00fcr den Einbau in Zirkulationsleitungen, Stopfen 3\/4-Zoll aus Edelstahl<\/li>\n<li>Wandflansch mit 4 Befestigungsbohrungen aus Edelstahl, poliert, Wasseranschluss 3\/4-Zoll-IG<\/li>\n<li>Verbindungsst\u00fcck aus Edelstahl, f\u00fcr eine schnelle Montage vor Ort und einfache Ausrichtung des Duscharms<\/li>\n<li>Kugelhahn 3\/4-Zoll aus Edelstahl, mit Schnellmontagesystem und Zugstangenbet\u00e4tigung, DIN-DVGW gepr\u00fcft und zugelassen<\/li>\n<li>Zugstange mit Ringgriff aus Edelstahl, poliert, L\u00e4nge 700 mm<\/li>\n<li>Wandduscharm 3\/4-Zoll aus Edelstahl, poliert, Ausladung 630 mm<\/li>\n<li>integrierter automatischer Mengenregulator 50 Liter \/ Minute f\u00fcr ein normgerechtes Strahlbild bei einem vorgegebenen Arbeitsbereich von 1,5 bis 3 bar Flie\u00dfdruck<\/li>\n<li>Hochleistungsduschkopf aus Edelstahl, poliert, mit verbessertem Strahlbild, korrosionsbest\u00e4ndig, weitestgehend verkalkungs- und wartungsfrei, sehr robust, selbst entleerend<\/li>\n<li>Hinweisschild f\u00fcr K\u00f6rper-Notdusche nach DIN EN ISO 7010 und ASR A1.3, selbstklebende PVC-Folie, Abmessungen 150 x 150 mm, Erkennungsweite 15 Meter<\/li>\n<li>zwei Verbindungsrohre 3\/4-Zoll aus Edelstahl, poliert, Gesamtl\u00e4nge 1500 mm<\/li>\n<li>Wandflansch mit 4 Befestigungsbohrungen aus Edelstahl, poliert, Wasseranschluss 3\/4-Zoll-IG<\/li>\n<li>integrierte PremiumLine Augen-\/Gesichtsdusche mit Becken und Abdeckung, f\u00fcr Wandmontage<\/li>\n<li>Geh\u00e4use, Abdeckung und Auffangbecken aus schlagfestem und UV-best\u00e4ndigen ABS-Kunststoff, Ablaufanschluss 1 1\/2-Zoll-AG<\/li>\n<li>integrierter Klappschutzdeckel gegen Verschmutzung<\/li>\n<li>Ausl\u00f6sung durch Herunterschwenken der Abdeckung<\/li>\n<li>Kugelhahn 3\/8-Zoll aus Messing, mit Hebelbedienung \u00fcber Klappschutzdeckel, DIN-DVGW gepr\u00fcft und zugelassen<\/li>\n<li>Strahlregler aus Messing mit einem sehr begrenztem Spr\u00fchbild, verchromt<\/li>\n<li>mit integriertem Mengenregulierventil 3\/8-Zoll f\u00fcr die Einstellung der gew\u00fcnschten Strahlh\u00f6he und Durchflussmenge<\/li>\n<li>inklusive Hinweisschild f\u00fcr Augendusche nach DIN EN ISO 7010 und ASR A1.3 auf der Abdeckung, Abmessungen 170 x 170 mm, Erkennungsweite 17 Meter<\/li>\n<li>Anbringungsh\u00f6he 810 mm (\u00b1 100 mm)<\/li>\n<li>gem\u00e4\u00df BGI\/GUV-I 850-0, DIN 1988 und DIN EN 1717<\/li>\n<li>gem\u00e4\u00df ANSI Z358.1-2014, DIN EN 15154-1:2006, DIN EN 15154-2:2006 und DIN EN 15154-5:2019<\/li>\n<li>DIN-DVGW gepr\u00fcft und zugelassen<\/li>\n<\/ul>\n","protected":false},"excerpt":{"rendered":"<p>Die B-SAFETY Notduschkombinationen \u2013 Kombinationen aus K\u00f6rper-Notduschen und Augenduschen \u2013 sind platzsparender gegen\u00fcber einer Einzelaufstellung. So ergibt sich die M\u00f6glichkeit, einen zentralen Anlaufpunkt f\u00fcr die Erste Hilfe zu schaffen. Durch die m\u00f6gliche Kombination mit einer Hand-Augendusche oder Handbrause hat ein Verletzter zus\u00e4tzlich die M\u00f6glichkeit, sich bei kleineren Verletzungen partiell zu versorgen, ohne gleich die K\u00f6rper-Notdusche benutzen zu m\u00fcssen.<\/p>\n","protected":false},"featured_media":5923,"comment_status":"closed","ping_status":"closed","template":"","meta":[],"product_brand":[],"product_cat":[104,112],"product_tag":[179],"class_list":{"0":"post-5882","1":"product","2":"type-product","3":"status-publish","4":"has-post-thumbnail","6":"product_cat-notduschen","7":"product_cat-notduschkombinationen","8":"product_tag-wandmontage","10":"first","11":"instock","12":"product-type-simple"},"yoast_head":"<!-- This site is optimized with the Yoast SEO plugin v27.4 - https:\/\/yoast.com\/product\/yoast-seo-wordpress\/ -->\n<title>PremiumLine Notduschkombination mit Augen-\/Gesichtsdusche mit Becken und Abdeckung, Edelstahl f\u00fcr Wandmontage | B-SAFETY<\/title>\n<meta name=\"description\" content=\"PremiumLine Notduschkombination mit Augen-\/Gesichtsdusche mit Becken und Abdeckung, Edelstahl f\u00fcr Wandmontage\" \/>\n<meta name=\"robots\" content=\"noindex, follow, max-snippet:-1, max-image-preview:large, max-video-preview:-1\" \/>\n<meta property=\"og:locale\" content=\"fr_FR\" \/>\n<meta property=\"og:type\" content=\"article\" \/>\n<meta property=\"og:title\" content=\"PremiumLine Notduschkombination mit Augen-\/Gesichtsdusche mit Becken und Abdeckung, Edelstahl f\u00fcr Wandmontage | B-SAFETY\" \/>\n<meta property=\"og:description\" content=\"PremiumLine Notduschkombination mit Augen-\/Gesichtsdusche mit Becken und Abdeckung, Edelstahl f\u00fcr Wandmontage\" \/>\n<meta property=\"og:url\" content=\"https:\/\/alex.b-safety.com\/produkt\/premiumline-notduschkombination-mit-augen-gesichtsdusche-mit-becken-und-abdeckung-edelstahl-fuer-wandmontage\/\" \/>\n<meta property=\"og:site_name\" content=\"B-SAFETY\" \/>\n<meta property=\"article:modified_time\" content=\"2026-04-21T12:20:56+00:00\" \/>\n<meta property=\"og:image\" content=\"https:\/\/alex.b-safety.com\/wp-content\/uploads\/2025\/02\/BR868095_Kombi.jpg\" \/>\n\t<meta property=\"og:image:width\" content=\"600\" \/>\n\t<meta property=\"og:image:height\" content=\"600\" \/>\n\t<meta property=\"og:image:type\" content=\"image\/jpeg\" \/>\n<meta name=\"twitter:card\" content=\"summary_large_image\" \/>\n<meta name=\"twitter:label1\" content=\"Dur\u00e9e de lecture estim\u00e9e\" \/>\n\t<meta name=\"twitter:data1\" content=\"3 minutes\" \/>\n<script type=\"application\/ld+json\" class=\"yoast-schema-graph\">{\"@context\":\"https:\\\/\\\/schema.org\",\"@graph\":[{\"@type\":\"WebPage\",\"@id\":\"https:\\\/\\\/alex.b-safety.com\\\/produkt\\\/premiumline-notduschkombination-mit-augen-gesichtsdusche-mit-becken-und-abdeckung-edelstahl-fuer-wandmontage\\\/\",\"url\":\"https:\\\/\\\/alex.b-safety.com\\\/produkt\\\/premiumline-notduschkombination-mit-augen-gesichtsdusche-mit-becken-und-abdeckung-edelstahl-fuer-wandmontage\\\/\",\"name\":\"PremiumLine Notduschkombination mit Augen-\\\/Gesichtsdusche mit Becken und Abdeckung, Edelstahl f\u00fcr Wandmontage | B-SAFETY\",\"isPartOf\":{\"@id\":\"https:\\\/\\\/alex.b-safety.com\\\/#website\"},\"primaryImageOfPage\":{\"@id\":\"https:\\\/\\\/alex.b-safety.com\\\/produkt\\\/premiumline-notduschkombination-mit-augen-gesichtsdusche-mit-becken-und-abdeckung-edelstahl-fuer-wandmontage\\\/#primaryimage\"},\"image\":{\"@id\":\"https:\\\/\\\/alex.b-safety.com\\\/produkt\\\/premiumline-notduschkombination-mit-augen-gesichtsdusche-mit-becken-und-abdeckung-edelstahl-fuer-wandmontage\\\/#primaryimage\"},\"thumbnailUrl\":\"https:\\\/\\\/alex.b-safety.com\\\/wp-content\\\/uploads\\\/2025\\\/02\\\/BR868095_Kombi.jpg\",\"datePublished\":\"2025-02-14T13:06:45+00:00\",\"dateModified\":\"2026-04-21T12:20:56+00:00\",\"description\":\"PremiumLine Notduschkombination mit Augen-\\\/Gesichtsdusche mit Becken und Abdeckung, Edelstahl f\u00fcr Wandmontage\",\"breadcrumb\":{\"@id\":\"https:\\\/\\\/alex.b-safety.com\\\/produkt\\\/premiumline-notduschkombination-mit-augen-gesichtsdusche-mit-becken-und-abdeckung-edelstahl-fuer-wandmontage\\\/#breadcrumb\"},\"inLanguage\":\"fr-FR\",\"potentialAction\":[{\"@type\":\"ReadAction\",\"target\":[\"https:\\\/\\\/alex.b-safety.com\\\/produkt\\\/premiumline-notduschkombination-mit-augen-gesichtsdusche-mit-becken-und-abdeckung-edelstahl-fuer-wandmontage\\\/\"]}]},{\"@type\":\"ImageObject\",\"inLanguage\":\"fr-FR\",\"@id\":\"https:\\\/\\\/alex.b-safety.com\\\/produkt\\\/premiumline-notduschkombination-mit-augen-gesichtsdusche-mit-becken-und-abdeckung-edelstahl-fuer-wandmontage\\\/#primaryimage\",\"url\":\"https:\\\/\\\/alex.b-safety.com\\\/wp-content\\\/uploads\\\/2025\\\/02\\\/BR868095_Kombi.jpg\",\"contentUrl\":\"https:\\\/\\\/alex.b-safety.com\\\/wp-content\\\/uploads\\\/2025\\\/02\\\/BR868095_Kombi.jpg\",\"width\":600,\"height\":600},{\"@type\":\"BreadcrumbList\",\"@id\":\"https:\\\/\\\/alex.b-safety.com\\\/produkt\\\/premiumline-notduschkombination-mit-augen-gesichtsdusche-mit-becken-und-abdeckung-edelstahl-fuer-wandmontage\\\/#breadcrumb\",\"itemListElement\":[{\"@type\":\"ListItem\",\"position\":1,\"name\":\"Startseite\",\"item\":\"https:\\\/\\\/alex.b-safety.com\\\/\"},{\"@type\":\"ListItem\",\"position\":2,\"name\":\"Boutique\",\"item\":\"https:\\\/\\\/alex.b-safety.com\\\/fr\\\/boutique\\\/\"},{\"@type\":\"ListItem\",\"position\":3,\"name\":\"PremiumLine Notduschkombination mit Augen-\\\/Gesichtsdusche mit Becken und Abdeckung, Edelstahl f\u00fcr Wandmontage\"}]},{\"@type\":\"WebSite\",\"@id\":\"https:\\\/\\\/alex.b-safety.com\\\/#website\",\"url\":\"https:\\\/\\\/alex.b-safety.com\\\/\",\"name\":\"B-SAFETY\",\"description\":\"\",\"potentialAction\":[{\"@type\":\"SearchAction\",\"target\":{\"@type\":\"EntryPoint\",\"urlTemplate\":\"https:\\\/\\\/alex.b-safety.com\\\/?s={search_term_string}\"},\"query-input\":{\"@type\":\"PropertyValueSpecification\",\"valueRequired\":true,\"valueName\":\"search_term_string\"}}],\"inLanguage\":\"fr-FR\"}]}<\/script>\n<!-- \/ Yoast SEO plugin. -->","yoast_head_json":{"title":"PremiumLine Notduschkombination mit Augen-\/Gesichtsdusche mit Becken und Abdeckung, Edelstahl f\u00fcr Wandmontage | B-SAFETY","description":"PremiumLine Notduschkombination mit Augen-\/Gesichtsdusche mit Becken und Abdeckung, Edelstahl f\u00fcr Wandmontage","robots":{"index":"noindex","follow":"follow","max-snippet":"max-snippet:-1","max-image-preview":"max-image-preview:large","max-video-preview":"max-video-preview:-1"},"og_locale":"fr_FR","og_type":"article","og_title":"PremiumLine Notduschkombination mit Augen-\/Gesichtsdusche mit Becken und Abdeckung, Edelstahl f\u00fcr Wandmontage | B-SAFETY","og_description":"PremiumLine Notduschkombination mit Augen-\/Gesichtsdusche mit Becken und Abdeckung, Edelstahl f\u00fcr Wandmontage","og_url":"https:\/\/alex.b-safety.com\/produkt\/premiumline-notduschkombination-mit-augen-gesichtsdusche-mit-becken-und-abdeckung-edelstahl-fuer-wandmontage\/","og_site_name":"B-SAFETY","article_modified_time":"2026-04-21T12:20:56+00:00","og_image":[{"width":600,"height":600,"url":"https:\/\/alex.b-safety.com\/wp-content\/uploads\/2025\/02\/BR868095_Kombi.jpg","type":"image\/jpeg"}],"twitter_card":"summary_large_image","twitter_misc":{"Dur\u00e9e de lecture estim\u00e9e":"3 minutes"},"schema":{"@context":"https:\/\/schema.org","@graph":[{"@type":"WebPage","@id":"https:\/\/alex.b-safety.com\/produkt\/premiumline-notduschkombination-mit-augen-gesichtsdusche-mit-becken-und-abdeckung-edelstahl-fuer-wandmontage\/","url":"https:\/\/alex.b-safety.com\/produkt\/premiumline-notduschkombination-mit-augen-gesichtsdusche-mit-becken-und-abdeckung-edelstahl-fuer-wandmontage\/","name":"PremiumLine Notduschkombination mit Augen-\/Gesichtsdusche mit Becken und Abdeckung, Edelstahl f\u00fcr Wandmontage | B-SAFETY","isPartOf":{"@id":"https:\/\/alex.b-safety.com\/#website"},"primaryImageOfPage":{"@id":"https:\/\/alex.b-safety.com\/produkt\/premiumline-notduschkombination-mit-augen-gesichtsdusche-mit-becken-und-abdeckung-edelstahl-fuer-wandmontage\/#primaryimage"},"image":{"@id":"https:\/\/alex.b-safety.com\/produkt\/premiumline-notduschkombination-mit-augen-gesichtsdusche-mit-becken-und-abdeckung-edelstahl-fuer-wandmontage\/#primaryimage"},"thumbnailUrl":"https:\/\/alex.b-safety.com\/wp-content\/uploads\/2025\/02\/BR868095_Kombi.jpg","datePublished":"2025-02-14T13:06:45+00:00","dateModified":"2026-04-21T12:20:56+00:00","description":"PremiumLine Notduschkombination mit Augen-\/Gesichtsdusche mit Becken und Abdeckung, Edelstahl f\u00fcr Wandmontage","breadcrumb":{"@id":"https:\/\/alex.b-safety.com\/produkt\/premiumline-notduschkombination-mit-augen-gesichtsdusche-mit-becken-und-abdeckung-edelstahl-fuer-wandmontage\/#breadcrumb"},"inLanguage":"fr-FR","potentialAction":[{"@type":"ReadAction","target":["https:\/\/alex.b-safety.com\/produkt\/premiumline-notduschkombination-mit-augen-gesichtsdusche-mit-becken-und-abdeckung-edelstahl-fuer-wandmontage\/"]}]},{"@type":"ImageObject","inLanguage":"fr-FR","@id":"https:\/\/alex.b-safety.com\/produkt\/premiumline-notduschkombination-mit-augen-gesichtsdusche-mit-becken-und-abdeckung-edelstahl-fuer-wandmontage\/#primaryimage","url":"https:\/\/alex.b-safety.com\/wp-content\/uploads\/2025\/02\/BR868095_Kombi.jpg","contentUrl":"https:\/\/alex.b-safety.com\/wp-content\/uploads\/2025\/02\/BR868095_Kombi.jpg","width":600,"height":600},{"@type":"BreadcrumbList","@id":"https:\/\/alex.b-safety.com\/produkt\/premiumline-notduschkombination-mit-augen-gesichtsdusche-mit-becken-und-abdeckung-edelstahl-fuer-wandmontage\/#breadcrumb","itemListElement":[{"@type":"ListItem","position":1,"name":"Startseite","item":"https:\/\/alex.b-safety.com\/"},{"@type":"ListItem","position":2,"name":"Boutique","item":"https:\/\/alex.b-safety.com\/fr\/boutique\/"},{"@type":"ListItem","position":3,"name":"PremiumLine Notduschkombination mit Augen-\/Gesichtsdusche mit Becken und Abdeckung, Edelstahl f\u00fcr Wandmontage"}]},{"@type":"WebSite","@id":"https:\/\/alex.b-safety.com\/#website","url":"https:\/\/alex.b-safety.com\/","name":"B-SAFETY","description":"","potentialAction":[{"@type":"SearchAction","target":{"@type":"EntryPoint","urlTemplate":"https:\/\/alex.b-safety.com\/?s={search_term_string}"},"query-input":{"@type":"PropertyValueSpecification","valueRequired":true,"valueName":"search_term_string"}}],"inLanguage":"fr-FR"}]}},"_links":{"self":[{"href":"https:\/\/alex.b-safety.com\/fr\/wp-json\/wp\/v2\/product\/5882","targetHints":{"allow":["GET"]}}],"collection":[{"href":"https:\/\/alex.b-safety.com\/fr\/wp-json\/wp\/v2\/product"}],"about":[{"href":"https:\/\/alex.b-safety.com\/fr\/wp-json\/wp\/v2\/types\/product"}],"replies":[{"embeddable":true,"href":"https:\/\/alex.b-safety.com\/fr\/wp-json\/wp\/v2\/comments?post=5882"}],"version-history":[{"count":2,"href":"https:\/\/alex.b-safety.com\/fr\/wp-json\/wp\/v2\/product\/5882\/revisions"}],"predecessor-version":[{"id":5963,"href":"https:\/\/alex.b-safety.com\/fr\/wp-json\/wp\/v2\/product\/5882\/revisions\/5963"}],"wp:featuredmedia":[{"embeddable":true,"href":"https:\/\/alex.b-safety.com\/fr\/wp-json\/wp\/v2\/media\/5923"}],"wp:attachment":[{"href":"https:\/\/alex.b-safety.com\/fr\/wp-json\/wp\/v2\/media?parent=5882"}],"wp:term":[{"taxonomy":"product_brand","embeddable":true,"href":"https:\/\/alex.b-safety.com\/fr\/wp-json\/wp\/v2\/product_brand?post=5882"},{"taxonomy":"product_cat","embeddable":true,"href":"https:\/\/alex.b-safety.com\/fr\/wp-json\/wp\/v2\/product_cat?post=5882"},{"taxonomy":"product_tag","embeddable":true,"href":"https:\/\/alex.b-safety.com\/fr\/wp-json\/wp\/v2\/product_tag?post=5882"}],"curies":[{"name":"wp","href":"https:\/\/api.w.org\/{rel}","templated":true}]}}