{"id":5974,"date":"2025-02-20T16:24:03","date_gmt":"2025-02-20T15:24:03","guid":{"rendered":"https:\/\/alex.b-safety.com\/premiumline-zugstangenventil-2\/"},"modified":"2026-04-21T14:35:07","modified_gmt":"2026-04-21T12:35:07","slug":"premiumline-zugstangenventil-fuer-deckenmontage-aufputz","status":"publish","type":"product","link":"https:\/\/alex.b-safety.com\/fr\/produit\/premiumline-zugstangenventil-fuer-deckenmontage-aufputz\/","title":{"rendered":"PremiumLine Zugstangenventil f\u00fcr Deckenmontage Aufputz"},"content":{"rendered":"<h3>Produktbeschreibung<\/h3>\n<p>Das variable Zugstangenventil f\u00fcr Deckenmontage besteht aus einem robusten Kugelhahn mit Trinkwasserzulassung, der in einem Deckenflansch montiert ist. Der Volumenstrom betr\u00e4gt mindestens 60 Liter \/ Minute bei 1 bar Flie\u00dfdruck. Ein zus\u00e4tzlicher F\u00fchrungshalter sorgt f\u00fcr eine Positionierung der Zugstange. Die Zugstange mit einem Kugelgriff aus Kunststoff hat eine L\u00e4nge von 1350 mm.<\/p>\n<h3>Technische Beschreibung<\/h3>\n<ul>\n<li>Deckenflansch 3-fach aus Edelstahl mit 2 Anschl\u00fcssen f\u00fcr die Integration in eine Zirkulationsleitung, Montageplatte aus Edelstahl mit 4 Befestigungsbohrungen, poliert, Wasseranschluss 3\/4-Zoll-IG<\/li>\n<li>Stopfen 3\/4-Zoll aus Edelstahl<\/li>\n<li>Kugelhahn 3\/4-Zoll aus Edelstahl, mit Zugstangenbet\u00e4tigung, DIN-DVGW gepr\u00fcft und zugelassen<\/li>\n<li>Volumenstrom mind. 60 Liter \/ Minute bei 1 bar Flie\u00dfdruck<\/li>\n<li>\u00d6ffnungswinkel 90\u00b0, nicht selbstt\u00e4tig schlie\u00dfend<\/li>\n<li>Zugstange aus Edelstahl, L\u00e4nge 1350 mm, mit Kugelgriff aus Kunststoff, schwarz<\/li>\n<li>F\u00fchrungshalter f\u00fcr Zugstange aus Edelstahl, poliert<\/li>\n<li>Hinweisschild \u201cOPEN\u201c f\u00fcr die verwechslungsfreie Anwendung im Notfall, orange, langnachleuchtend gem\u00e4\u00df DIN 67510<\/li>\n<li>Anbringungsh\u00f6he f\u00fcr Unterkante Zugstangengriff gem\u00e4\u00df u. g. Normen: 0 bis 1750 mm H\u00f6he \u00fcber Flur<\/li>\n<li>gem\u00e4\u00df BGI\/GUV-I 850-0, DIN 1988 und DIN EN 1717<\/li>\n<li>gem\u00e4\u00df ANSI Z358.1-2014, DIN EN 15154-1:2006 und DIN EN 15154-5:2019<\/li>\n<\/ul>\n","protected":false},"excerpt":{"rendered":"<p>B-SAFETY K\u00f6rper-Notduschen stehen in einem Baukastensystem zur Verf\u00fcgung. Die Notduscharme und Notduschventile k\u00f6nnen einzeln bezogen und an die Gegebenheiten vor Ort angepasst werden. Auf diese Weise k\u00f6nnen fast alle erdenklichen Montagew\u00fcnsche realisiert werden.<\/p>\n<p>Montage-Hinweis:<br \/>\nF\u00fcr eine normgerechte Installation nach DIN EN 15154-1:2006 ist darauf zu achten, dass die Notduschen-Installation zwischen Ventil und Duschkopf selbstentleerend aufgebaut ist.<\/p>\n","protected":false},"featured_media":5999,"comment_status":"closed","ping_status":"closed","template":"","meta":[],"product_brand":[],"product_cat":[104,117],"product_tag":[343],"class_list":{"0":"post-5974","1":"product","2":"type-product","3":"status-publish","4":"has-post-thumbnail","6":"product_cat-notduschen","7":"product_cat-notduschventile","8":"product_tag-deckenmontage-aufputz","10":"first","11":"instock","12":"product-type-simple"},"yoast_head":"<!-- This site is optimized with the Yoast SEO plugin v27.4 - https:\/\/yoast.com\/product\/yoast-seo-wordpress\/ -->\n<title>PremiumLine Zugstangenventil f\u00fcr Deckenmontage Aufputz | B-SAFETY<\/title>\n<meta name=\"description\" content=\"PremiumLine Zugstangenventil f\u00fcr Deckenmontage Aufputz\" \/>\n<meta name=\"robots\" content=\"noindex, follow, max-snippet:-1, max-image-preview:large, max-video-preview:-1\" \/>\n<meta property=\"og:locale\" content=\"fr_FR\" \/>\n<meta property=\"og:type\" content=\"article\" \/>\n<meta property=\"og:title\" content=\"PremiumLine Zugstangenventil f\u00fcr Deckenmontage Aufputz | B-SAFETY\" \/>\n<meta property=\"og:description\" content=\"PremiumLine Zugstangenventil f\u00fcr Deckenmontage Aufputz\" \/>\n<meta property=\"og:url\" content=\"https:\/\/alex.b-safety.com\/produkt\/premiumline-zugstangenventil-fuer-deckenmontage-aufputz\/\" \/>\n<meta property=\"og:site_name\" content=\"B-SAFETY\" \/>\n<meta property=\"article:modified_time\" content=\"2026-04-21T12:35:07+00:00\" \/>\n<meta property=\"og:image\" content=\"https:\/\/alex.b-safety.com\/wp-content\/uploads\/2025\/02\/BR024995.jpg\" \/>\n\t<meta property=\"og:image:width\" content=\"600\" \/>\n\t<meta property=\"og:image:height\" content=\"600\" \/>\n\t<meta property=\"og:image:type\" content=\"image\/jpeg\" \/>\n<meta name=\"twitter:card\" content=\"summary_large_image\" \/>\n<meta name=\"twitter:label1\" content=\"Dur\u00e9e de lecture estim\u00e9e\" \/>\n\t<meta name=\"twitter:data1\" content=\"2 minutes\" \/>\n<script type=\"application\/ld+json\" class=\"yoast-schema-graph\">{\"@context\":\"https:\\\/\\\/schema.org\",\"@graph\":[{\"@type\":\"WebPage\",\"@id\":\"https:\\\/\\\/alex.b-safety.com\\\/produkt\\\/premiumline-zugstangenventil-fuer-deckenmontage-aufputz\\\/\",\"url\":\"https:\\\/\\\/alex.b-safety.com\\\/produkt\\\/premiumline-zugstangenventil-fuer-deckenmontage-aufputz\\\/\",\"name\":\"PremiumLine Zugstangenventil f\u00fcr Deckenmontage Aufputz | B-SAFETY\",\"isPartOf\":{\"@id\":\"https:\\\/\\\/alex.b-safety.com\\\/#website\"},\"primaryImageOfPage\":{\"@id\":\"https:\\\/\\\/alex.b-safety.com\\\/produkt\\\/premiumline-zugstangenventil-fuer-deckenmontage-aufputz\\\/#primaryimage\"},\"image\":{\"@id\":\"https:\\\/\\\/alex.b-safety.com\\\/produkt\\\/premiumline-zugstangenventil-fuer-deckenmontage-aufputz\\\/#primaryimage\"},\"thumbnailUrl\":\"https:\\\/\\\/alex.b-safety.com\\\/wp-content\\\/uploads\\\/2025\\\/02\\\/BR024995.jpg\",\"datePublished\":\"2025-02-20T15:24:03+00:00\",\"dateModified\":\"2026-04-21T12:35:07+00:00\",\"description\":\"PremiumLine Zugstangenventil f\u00fcr Deckenmontage Aufputz\",\"breadcrumb\":{\"@id\":\"https:\\\/\\\/alex.b-safety.com\\\/produkt\\\/premiumline-zugstangenventil-fuer-deckenmontage-aufputz\\\/#breadcrumb\"},\"inLanguage\":\"fr-FR\",\"potentialAction\":[{\"@type\":\"ReadAction\",\"target\":[\"https:\\\/\\\/alex.b-safety.com\\\/produkt\\\/premiumline-zugstangenventil-fuer-deckenmontage-aufputz\\\/\"]}]},{\"@type\":\"ImageObject\",\"inLanguage\":\"fr-FR\",\"@id\":\"https:\\\/\\\/alex.b-safety.com\\\/produkt\\\/premiumline-zugstangenventil-fuer-deckenmontage-aufputz\\\/#primaryimage\",\"url\":\"https:\\\/\\\/alex.b-safety.com\\\/wp-content\\\/uploads\\\/2025\\\/02\\\/BR024995.jpg\",\"contentUrl\":\"https:\\\/\\\/alex.b-safety.com\\\/wp-content\\\/uploads\\\/2025\\\/02\\\/BR024995.jpg\",\"width\":600,\"height\":600},{\"@type\":\"BreadcrumbList\",\"@id\":\"https:\\\/\\\/alex.b-safety.com\\\/produkt\\\/premiumline-zugstangenventil-fuer-deckenmontage-aufputz\\\/#breadcrumb\",\"itemListElement\":[{\"@type\":\"ListItem\",\"position\":1,\"name\":\"Startseite\",\"item\":\"https:\\\/\\\/alex.b-safety.com\\\/\"},{\"@type\":\"ListItem\",\"position\":2,\"name\":\"Boutique\",\"item\":\"https:\\\/\\\/alex.b-safety.com\\\/fr\\\/boutique\\\/\"},{\"@type\":\"ListItem\",\"position\":3,\"name\":\"PremiumLine Zugstangenventil f\u00fcr Deckenmontage Aufputz\"}]},{\"@type\":\"WebSite\",\"@id\":\"https:\\\/\\\/alex.b-safety.com\\\/#website\",\"url\":\"https:\\\/\\\/alex.b-safety.com\\\/\",\"name\":\"B-SAFETY\",\"description\":\"\",\"potentialAction\":[{\"@type\":\"SearchAction\",\"target\":{\"@type\":\"EntryPoint\",\"urlTemplate\":\"https:\\\/\\\/alex.b-safety.com\\\/?s={search_term_string}\"},\"query-input\":{\"@type\":\"PropertyValueSpecification\",\"valueRequired\":true,\"valueName\":\"search_term_string\"}}],\"inLanguage\":\"fr-FR\"}]}<\/script>\n<!-- \/ Yoast SEO plugin. -->","yoast_head_json":{"title":"PremiumLine Zugstangenventil f\u00fcr Deckenmontage Aufputz | B-SAFETY","description":"PremiumLine Zugstangenventil f\u00fcr Deckenmontage Aufputz","robots":{"index":"noindex","follow":"follow","max-snippet":"max-snippet:-1","max-image-preview":"max-image-preview:large","max-video-preview":"max-video-preview:-1"},"og_locale":"fr_FR","og_type":"article","og_title":"PremiumLine Zugstangenventil f\u00fcr Deckenmontage Aufputz | B-SAFETY","og_description":"PremiumLine Zugstangenventil f\u00fcr Deckenmontage Aufputz","og_url":"https:\/\/alex.b-safety.com\/produkt\/premiumline-zugstangenventil-fuer-deckenmontage-aufputz\/","og_site_name":"B-SAFETY","article_modified_time":"2026-04-21T12:35:07+00:00","og_image":[{"width":600,"height":600,"url":"https:\/\/alex.b-safety.com\/wp-content\/uploads\/2025\/02\/BR024995.jpg","type":"image\/jpeg"}],"twitter_card":"summary_large_image","twitter_misc":{"Dur\u00e9e de lecture estim\u00e9e":"2 minutes"},"schema":{"@context":"https:\/\/schema.org","@graph":[{"@type":"WebPage","@id":"https:\/\/alex.b-safety.com\/produkt\/premiumline-zugstangenventil-fuer-deckenmontage-aufputz\/","url":"https:\/\/alex.b-safety.com\/produkt\/premiumline-zugstangenventil-fuer-deckenmontage-aufputz\/","name":"PremiumLine Zugstangenventil f\u00fcr Deckenmontage Aufputz | B-SAFETY","isPartOf":{"@id":"https:\/\/alex.b-safety.com\/#website"},"primaryImageOfPage":{"@id":"https:\/\/alex.b-safety.com\/produkt\/premiumline-zugstangenventil-fuer-deckenmontage-aufputz\/#primaryimage"},"image":{"@id":"https:\/\/alex.b-safety.com\/produkt\/premiumline-zugstangenventil-fuer-deckenmontage-aufputz\/#primaryimage"},"thumbnailUrl":"https:\/\/alex.b-safety.com\/wp-content\/uploads\/2025\/02\/BR024995.jpg","datePublished":"2025-02-20T15:24:03+00:00","dateModified":"2026-04-21T12:35:07+00:00","description":"PremiumLine Zugstangenventil f\u00fcr Deckenmontage Aufputz","breadcrumb":{"@id":"https:\/\/alex.b-safety.com\/produkt\/premiumline-zugstangenventil-fuer-deckenmontage-aufputz\/#breadcrumb"},"inLanguage":"fr-FR","potentialAction":[{"@type":"ReadAction","target":["https:\/\/alex.b-safety.com\/produkt\/premiumline-zugstangenventil-fuer-deckenmontage-aufputz\/"]}]},{"@type":"ImageObject","inLanguage":"fr-FR","@id":"https:\/\/alex.b-safety.com\/produkt\/premiumline-zugstangenventil-fuer-deckenmontage-aufputz\/#primaryimage","url":"https:\/\/alex.b-safety.com\/wp-content\/uploads\/2025\/02\/BR024995.jpg","contentUrl":"https:\/\/alex.b-safety.com\/wp-content\/uploads\/2025\/02\/BR024995.jpg","width":600,"height":600},{"@type":"BreadcrumbList","@id":"https:\/\/alex.b-safety.com\/produkt\/premiumline-zugstangenventil-fuer-deckenmontage-aufputz\/#breadcrumb","itemListElement":[{"@type":"ListItem","position":1,"name":"Startseite","item":"https:\/\/alex.b-safety.com\/"},{"@type":"ListItem","position":2,"name":"Boutique","item":"https:\/\/alex.b-safety.com\/fr\/boutique\/"},{"@type":"ListItem","position":3,"name":"PremiumLine Zugstangenventil f\u00fcr Deckenmontage Aufputz"}]},{"@type":"WebSite","@id":"https:\/\/alex.b-safety.com\/#website","url":"https:\/\/alex.b-safety.com\/","name":"B-SAFETY","description":"","potentialAction":[{"@type":"SearchAction","target":{"@type":"EntryPoint","urlTemplate":"https:\/\/alex.b-safety.com\/?s={search_term_string}"},"query-input":{"@type":"PropertyValueSpecification","valueRequired":true,"valueName":"search_term_string"}}],"inLanguage":"fr-FR"}]}},"_links":{"self":[{"href":"https:\/\/alex.b-safety.com\/fr\/wp-json\/wp\/v2\/product\/5974","targetHints":{"allow":["GET"]}}],"collection":[{"href":"https:\/\/alex.b-safety.com\/fr\/wp-json\/wp\/v2\/product"}],"about":[{"href":"https:\/\/alex.b-safety.com\/fr\/wp-json\/wp\/v2\/types\/product"}],"replies":[{"embeddable":true,"href":"https:\/\/alex.b-safety.com\/fr\/wp-json\/wp\/v2\/comments?post=5974"}],"version-history":[{"count":6,"href":"https:\/\/alex.b-safety.com\/fr\/wp-json\/wp\/v2\/product\/5974\/revisions"}],"predecessor-version":[{"id":10650,"href":"https:\/\/alex.b-safety.com\/fr\/wp-json\/wp\/v2\/product\/5974\/revisions\/10650"}],"wp:featuredmedia":[{"embeddable":true,"href":"https:\/\/alex.b-safety.com\/fr\/wp-json\/wp\/v2\/media\/5999"}],"wp:attachment":[{"href":"https:\/\/alex.b-safety.com\/fr\/wp-json\/wp\/v2\/media?parent=5974"}],"wp:term":[{"taxonomy":"product_brand","embeddable":true,"href":"https:\/\/alex.b-safety.com\/fr\/wp-json\/wp\/v2\/product_brand?post=5974"},{"taxonomy":"product_cat","embeddable":true,"href":"https:\/\/alex.b-safety.com\/fr\/wp-json\/wp\/v2\/product_cat?post=5974"},{"taxonomy":"product_tag","embeddable":true,"href":"https:\/\/alex.b-safety.com\/fr\/wp-json\/wp\/v2\/product_tag?post=5974"}],"curies":[{"name":"wp","href":"https:\/\/api.w.org\/{rel}","templated":true}]}}