{"id":6227,"date":"2025-02-28T11:17:52","date_gmt":"2025-02-28T10:17:52","guid":{"rendered":"https:\/\/alex.b-safety.com\/thermostatmischventil-fuer-augenduschen\/"},"modified":"2026-04-16T11:49:33","modified_gmt":"2026-04-16T09:49:33","slug":"thermostatmischventil-fuer-augenduschen","status":"publish","type":"product","link":"https:\/\/alex.b-safety.com\/fr\/produit\/thermostatmischventil-fuer-augenduschen\/","title":{"rendered":"Thermostatmischventil f\u00fcr Augenduschen"},"content":{"rendered":"<h3>Produktbeschreibung<\/h3>\n<p>Die Thermostatmischventile der Serie ComfortLine sind spezielle Mischventile f\u00fcr Augenduschen und Notduschen, die eine hochpr\u00e4zise Regelung der Wassertemperatur und einen Verbr\u00fchungsschutz sicherstellen. Eine kontinuierliche Versorgung mit Warmwasser und Kaltwasser ist hierf\u00fcr erforderlich. Die Thermostatmischventile gew\u00e4hrleisten, dass an der Abnahmestelle stets die richtige Wassertemperatur vorhanden ist und unerw\u00fcnschte Temperaturschwankungen unterbunden werden.<\/p>\n<p>Der Verbr\u00fchungsschutz sch\u00fctzt den Nutzer zuverl\u00e4ssig vor Verbr\u00fchungen. Der Verbr\u00fchungsschutz kommt zum Einsatz, wenn ein unkontrolliertes \u00dcberschwingen der Warmwassertemperatur auftritt oder die Kaltwasserzufuhr ausf\u00e4llt.<\/p>\n<p>Das Thermostatmischventil gew\u00e4hrleistet auch bei einem Ausfall der Warmwasserzufuhr die kontinuierliche Wasserversorgung (z.B. wenn das Warmwasser abgestellt ist). Die Funktion kommt zum Einsatz, wenn der Differenzdruck zwischen Kalt- und Warmwasser 0,5 bar \u00fcbersteigt. In diesem Fall tritt an der Abnahmestelle Kaltwasser aus (Bypass-Funktion).<\/p>\n<h3>Technische Beschreibung<\/h3>\n<ul>\n<li>Einstellbereich 20-40\u00b0C, voreingestellt auf 22\u00b0C<\/li>\n<li>automatische Pr\u00fcfung der Kalt- und Warmwasserzuleitung<\/li>\n<li>verdeckte Einstellung der Wassertemperatur mit Verbr\u00fchungsschutz bei 40\u00b0C<\/li>\n<li>Sicherheitsabschaltung des hei\u00dfen Wassers bei Ausfall der Kaltwasserzufuhr<\/li>\n<li>Volumenstrom 20 Liter \/ Minute bei 1,0 bar Differenzdruck, Volumenstrom in Bypass-Funktion 20 Liter \/ Minute bei 1,0 bar Differenzdruck<\/li>\n<li>Warmwasseranschluss 1\/2-Zoll-AG, Kaltwasseranschluss 1\/2-Zoll-AG, Wasserabgang 1\/2-Zoll-AG<\/li>\n<li>integrierte R\u00fcckflussverhinderer in Kalt-\/Warmwasseranschluss zum Schutz des Trinkwassers<\/li>\n<li>Abmessungen (H x B x T): 136 x 130 x 46 mm<\/li>\n<li>gem\u00e4\u00df BGI\/GUV-I 850-0, DIN 1988 und DIN EN 1717<\/li>\n<li>gem\u00e4\u00df ANSI Z358.1-2014 und DIN EN 15154-2:2006<\/li>\n<\/ul>\n","protected":false},"excerpt":{"rendered":"<p>Die Thermostatmischventile der Serie ComfortLine sind spezielle Mischventile f\u00fcr Augenduschen und Notduschen, die eine hochpr\u00e4zise Regelung der Wassertemperatur und einen Verbr\u00fchungsschutz sicherstellen. Eine kontinuierliche Versorgung mit Warmwasser und Kaltwasser ist hierf\u00fcr erforderlich. Die Thermostatmischventile gew\u00e4hrleisten, dass an der Abnahmestelle stets die richtige Wassertemperatur vorhanden ist und unerw\u00fcnschte Temperaturschwankungen unterbunden werden.<\/p>\n","protected":false},"featured_media":6922,"comment_status":"closed","ping_status":"closed","template":"","meta":[],"product_brand":[],"product_cat":[28],"product_tag":[],"class_list":{"0":"post-6227","1":"product","2":"type-product","3":"status-publish","4":"has-post-thumbnail","6":"product_cat-zubehoer","8":"first","9":"instock","10":"product-type-simple"},"yoast_head":"<!-- This site is optimized with the Yoast SEO plugin v27.4 - https:\/\/yoast.com\/product\/yoast-seo-wordpress\/ -->\n<title>Thermostatmischventil f\u00fcr Augenduschen | B-SAFETY<\/title>\n<meta name=\"description\" content=\"Thermostatmischventil f\u00fcr Augenduschen. Der Verbr\u00fchungsschutz sch\u00fctzt den Nutzer zuverl\u00e4ssig vor Verbr\u00fchungen.\" \/>\n<meta name=\"robots\" content=\"noindex, follow, max-snippet:-1, max-image-preview:large, max-video-preview:-1\" \/>\n<meta property=\"og:locale\" content=\"fr_FR\" \/>\n<meta property=\"og:type\" content=\"article\" \/>\n<meta property=\"og:title\" content=\"Thermostatmischventil f\u00fcr Augenduschen | B-SAFETY\" \/>\n<meta property=\"og:description\" content=\"Thermostatmischventil f\u00fcr Augenduschen. Der Verbr\u00fchungsschutz sch\u00fctzt den Nutzer zuverl\u00e4ssig vor Verbr\u00fchungen.\" \/>\n<meta property=\"og:url\" content=\"https:\/\/alex.b-safety.com\/produkt\/thermostatmischventil-fuer-augenduschen\/\" \/>\n<meta property=\"og:site_name\" content=\"B-SAFETY\" \/>\n<meta property=\"article:modified_time\" content=\"2026-04-16T09:49:33+00:00\" \/>\n<meta property=\"og:image\" content=\"https:\/\/alex.b-safety.com\/wp-content\/uploads\/2025\/02\/BR710940.jpg\" \/>\n\t<meta property=\"og:image:width\" content=\"600\" \/>\n\t<meta property=\"og:image:height\" content=\"600\" \/>\n\t<meta property=\"og:image:type\" content=\"image\/jpeg\" \/>\n<meta name=\"twitter:card\" content=\"summary_large_image\" \/>\n<meta name=\"twitter:label1\" content=\"Dur\u00e9e de lecture estim\u00e9e\" \/>\n\t<meta name=\"twitter:data1\" content=\"2 minutes\" \/>\n<script type=\"application\/ld+json\" class=\"yoast-schema-graph\">{\"@context\":\"https:\\\/\\\/schema.org\",\"@graph\":[{\"@type\":\"WebPage\",\"@id\":\"https:\\\/\\\/alex.b-safety.com\\\/produkt\\\/thermostatmischventil-fuer-augenduschen\\\/\",\"url\":\"https:\\\/\\\/alex.b-safety.com\\\/produkt\\\/thermostatmischventil-fuer-augenduschen\\\/\",\"name\":\"Thermostatmischventil f\u00fcr Augenduschen | B-SAFETY\",\"isPartOf\":{\"@id\":\"https:\\\/\\\/alex.b-safety.com\\\/#website\"},\"primaryImageOfPage\":{\"@id\":\"https:\\\/\\\/alex.b-safety.com\\\/produkt\\\/thermostatmischventil-fuer-augenduschen\\\/#primaryimage\"},\"image\":{\"@id\":\"https:\\\/\\\/alex.b-safety.com\\\/produkt\\\/thermostatmischventil-fuer-augenduschen\\\/#primaryimage\"},\"thumbnailUrl\":\"https:\\\/\\\/alex.b-safety.com\\\/wp-content\\\/uploads\\\/2025\\\/02\\\/BR710940.jpg\",\"datePublished\":\"2025-02-28T10:17:52+00:00\",\"dateModified\":\"2026-04-16T09:49:33+00:00\",\"description\":\"Thermostatmischventil f\u00fcr Augenduschen. Der Verbr\u00fchungsschutz sch\u00fctzt den Nutzer zuverl\u00e4ssig vor Verbr\u00fchungen.\",\"breadcrumb\":{\"@id\":\"https:\\\/\\\/alex.b-safety.com\\\/produkt\\\/thermostatmischventil-fuer-augenduschen\\\/#breadcrumb\"},\"inLanguage\":\"fr-FR\",\"potentialAction\":[{\"@type\":\"ReadAction\",\"target\":[\"https:\\\/\\\/alex.b-safety.com\\\/produkt\\\/thermostatmischventil-fuer-augenduschen\\\/\"]}]},{\"@type\":\"ImageObject\",\"inLanguage\":\"fr-FR\",\"@id\":\"https:\\\/\\\/alex.b-safety.com\\\/produkt\\\/thermostatmischventil-fuer-augenduschen\\\/#primaryimage\",\"url\":\"https:\\\/\\\/alex.b-safety.com\\\/wp-content\\\/uploads\\\/2025\\\/02\\\/BR710940.jpg\",\"contentUrl\":\"https:\\\/\\\/alex.b-safety.com\\\/wp-content\\\/uploads\\\/2025\\\/02\\\/BR710940.jpg\",\"width\":600,\"height\":600},{\"@type\":\"BreadcrumbList\",\"@id\":\"https:\\\/\\\/alex.b-safety.com\\\/produkt\\\/thermostatmischventil-fuer-augenduschen\\\/#breadcrumb\",\"itemListElement\":[{\"@type\":\"ListItem\",\"position\":1,\"name\":\"Startseite\",\"item\":\"https:\\\/\\\/alex.b-safety.com\\\/\"},{\"@type\":\"ListItem\",\"position\":2,\"name\":\"Boutique\",\"item\":\"https:\\\/\\\/alex.b-safety.com\\\/fr\\\/boutique\\\/\"},{\"@type\":\"ListItem\",\"position\":3,\"name\":\"Thermostatmischventil f\u00fcr Augenduschen\"}]},{\"@type\":\"WebSite\",\"@id\":\"https:\\\/\\\/alex.b-safety.com\\\/#website\",\"url\":\"https:\\\/\\\/alex.b-safety.com\\\/\",\"name\":\"B-SAFETY\",\"description\":\"\",\"potentialAction\":[{\"@type\":\"SearchAction\",\"target\":{\"@type\":\"EntryPoint\",\"urlTemplate\":\"https:\\\/\\\/alex.b-safety.com\\\/?s={search_term_string}\"},\"query-input\":{\"@type\":\"PropertyValueSpecification\",\"valueRequired\":true,\"valueName\":\"search_term_string\"}}],\"inLanguage\":\"fr-FR\"}]}<\/script>\n<!-- \/ Yoast SEO plugin. -->","yoast_head_json":{"title":"Thermostatmischventil f\u00fcr Augenduschen | B-SAFETY","description":"Thermostatmischventil f\u00fcr Augenduschen. Der Verbr\u00fchungsschutz sch\u00fctzt den Nutzer zuverl\u00e4ssig vor Verbr\u00fchungen.","robots":{"index":"noindex","follow":"follow","max-snippet":"max-snippet:-1","max-image-preview":"max-image-preview:large","max-video-preview":"max-video-preview:-1"},"og_locale":"fr_FR","og_type":"article","og_title":"Thermostatmischventil f\u00fcr Augenduschen | B-SAFETY","og_description":"Thermostatmischventil f\u00fcr Augenduschen. Der Verbr\u00fchungsschutz sch\u00fctzt den Nutzer zuverl\u00e4ssig vor Verbr\u00fchungen.","og_url":"https:\/\/alex.b-safety.com\/produkt\/thermostatmischventil-fuer-augenduschen\/","og_site_name":"B-SAFETY","article_modified_time":"2026-04-16T09:49:33+00:00","og_image":[{"width":600,"height":600,"url":"https:\/\/alex.b-safety.com\/wp-content\/uploads\/2025\/02\/BR710940.jpg","type":"image\/jpeg"}],"twitter_card":"summary_large_image","twitter_misc":{"Dur\u00e9e de lecture estim\u00e9e":"2 minutes"},"schema":{"@context":"https:\/\/schema.org","@graph":[{"@type":"WebPage","@id":"https:\/\/alex.b-safety.com\/produkt\/thermostatmischventil-fuer-augenduschen\/","url":"https:\/\/alex.b-safety.com\/produkt\/thermostatmischventil-fuer-augenduschen\/","name":"Thermostatmischventil f\u00fcr Augenduschen | B-SAFETY","isPartOf":{"@id":"https:\/\/alex.b-safety.com\/#website"},"primaryImageOfPage":{"@id":"https:\/\/alex.b-safety.com\/produkt\/thermostatmischventil-fuer-augenduschen\/#primaryimage"},"image":{"@id":"https:\/\/alex.b-safety.com\/produkt\/thermostatmischventil-fuer-augenduschen\/#primaryimage"},"thumbnailUrl":"https:\/\/alex.b-safety.com\/wp-content\/uploads\/2025\/02\/BR710940.jpg","datePublished":"2025-02-28T10:17:52+00:00","dateModified":"2026-04-16T09:49:33+00:00","description":"Thermostatmischventil f\u00fcr Augenduschen. Der Verbr\u00fchungsschutz sch\u00fctzt den Nutzer zuverl\u00e4ssig vor Verbr\u00fchungen.","breadcrumb":{"@id":"https:\/\/alex.b-safety.com\/produkt\/thermostatmischventil-fuer-augenduschen\/#breadcrumb"},"inLanguage":"fr-FR","potentialAction":[{"@type":"ReadAction","target":["https:\/\/alex.b-safety.com\/produkt\/thermostatmischventil-fuer-augenduschen\/"]}]},{"@type":"ImageObject","inLanguage":"fr-FR","@id":"https:\/\/alex.b-safety.com\/produkt\/thermostatmischventil-fuer-augenduschen\/#primaryimage","url":"https:\/\/alex.b-safety.com\/wp-content\/uploads\/2025\/02\/BR710940.jpg","contentUrl":"https:\/\/alex.b-safety.com\/wp-content\/uploads\/2025\/02\/BR710940.jpg","width":600,"height":600},{"@type":"BreadcrumbList","@id":"https:\/\/alex.b-safety.com\/produkt\/thermostatmischventil-fuer-augenduschen\/#breadcrumb","itemListElement":[{"@type":"ListItem","position":1,"name":"Startseite","item":"https:\/\/alex.b-safety.com\/"},{"@type":"ListItem","position":2,"name":"Boutique","item":"https:\/\/alex.b-safety.com\/fr\/boutique\/"},{"@type":"ListItem","position":3,"name":"Thermostatmischventil f\u00fcr Augenduschen"}]},{"@type":"WebSite","@id":"https:\/\/alex.b-safety.com\/#website","url":"https:\/\/alex.b-safety.com\/","name":"B-SAFETY","description":"","potentialAction":[{"@type":"SearchAction","target":{"@type":"EntryPoint","urlTemplate":"https:\/\/alex.b-safety.com\/?s={search_term_string}"},"query-input":{"@type":"PropertyValueSpecification","valueRequired":true,"valueName":"search_term_string"}}],"inLanguage":"fr-FR"}]}},"_links":{"self":[{"href":"https:\/\/alex.b-safety.com\/fr\/wp-json\/wp\/v2\/product\/6227","targetHints":{"allow":["GET"]}}],"collection":[{"href":"https:\/\/alex.b-safety.com\/fr\/wp-json\/wp\/v2\/product"}],"about":[{"href":"https:\/\/alex.b-safety.com\/fr\/wp-json\/wp\/v2\/types\/product"}],"replies":[{"embeddable":true,"href":"https:\/\/alex.b-safety.com\/fr\/wp-json\/wp\/v2\/comments?post=6227"}],"version-history":[{"count":4,"href":"https:\/\/alex.b-safety.com\/fr\/wp-json\/wp\/v2\/product\/6227\/revisions"}],"predecessor-version":[{"id":7118,"href":"https:\/\/alex.b-safety.com\/fr\/wp-json\/wp\/v2\/product\/6227\/revisions\/7118"}],"wp:featuredmedia":[{"embeddable":true,"href":"https:\/\/alex.b-safety.com\/fr\/wp-json\/wp\/v2\/media\/6922"}],"wp:attachment":[{"href":"https:\/\/alex.b-safety.com\/fr\/wp-json\/wp\/v2\/media?parent=6227"}],"wp:term":[{"taxonomy":"product_brand","embeddable":true,"href":"https:\/\/alex.b-safety.com\/fr\/wp-json\/wp\/v2\/product_brand?post=6227"},{"taxonomy":"product_cat","embeddable":true,"href":"https:\/\/alex.b-safety.com\/fr\/wp-json\/wp\/v2\/product_cat?post=6227"},{"taxonomy":"product_tag","embeddable":true,"href":"https:\/\/alex.b-safety.com\/fr\/wp-json\/wp\/v2\/product_tag?post=6227"}],"curies":[{"name":"wp","href":"https:\/\/api.w.org\/{rel}","templated":true}]}}