{"id":6279,"date":"2025-03-06T15:46:20","date_gmt":"2025-03-06T14:46:20","guid":{"rendered":"https:\/\/alex.b-safety.com\/premiumline-variabler-notduscharm-fuer-deckenmontage-aufputz\/"},"modified":"2026-04-27T15:39:44","modified_gmt":"2026-04-27T13:39:44","slug":"premiumline-variabler-notduscharm-fuer-deckenmontage-aufputz","status":"publish","type":"product","link":"https:\/\/alex.b-safety.com\/fr\/produit\/premiumline-variabler-notduscharm-fuer-deckenmontage-aufputz\/","title":{"rendered":"PremiumLine variabler Notduscharm, f\u00fcr Deckenmontage Aufputz"},"content":{"rendered":"<h3>Produktbeschreibung<\/h3>\n<p>Der Notduscharm ist mit dem B-SAFETY Hochleistungsduschkopf ausgestattet, der nicht nur die Vorgaben der ANSI Z358.1 und der DIN EN 15154 erf\u00fcllt, sondern auch selbstentleerend, weitestgehend verkalkungs- und wartungsfrei sowie sehr robust und korrosionsbest\u00e4ndig ist. Der begrenzte, gleichm\u00e4\u00dfige und vor allem weiche Wasserstrahl ist optimiert f\u00fcr das Absp\u00fclen von Chemikalien auf der Haut.<\/p>\n<p>Der integrierte automatische Mengenregulator sorgt f\u00fcr ein normgerechtes Strahlbild unabh\u00e4ngig vom vor Ort anstehenden Wasserdruck. Mit dem beiliegenden Hinweisschild gem\u00e4\u00df DIN EN ISO 7010 und ASR A1.3 wird die B-SAFETY Notdusche gekennzeichnet und die Sichtbarkeit wird verbessert. Die Erkennungsweite betr\u00e4gt 15 Meter.<\/p>\n<h3>Montage-Hinweis<\/h3>\n<p>F\u00fcr eine normgerechte Installation nach DIN EN 15154-1:2006 ist darauf zu achten, dass die Notduschen-Installation zwischen Ventil und Duschkopf selbstentleerend aufgebaut ist.<\/p>\n<h3>Technische Beschreibung<\/h3>\n<ul>\n<li>Deckenflansch mit 4 Befestigungsbohrungen aus Edelstahl, poliert, Wasseranschluss 3\/4-Zoll-IG<\/li>\n<li>Deckenduscharm 3\/4-Zoll aus Edelstahl, poliert, Lichte H\u00f6he variabel nach Vorgabe (mind. 360 mm &#8211; max. 1610 mm)<\/li>\n<li>integrierter automatischer Mengenregulator 50 Liter \/ Minute f\u00fcr ein normgerechtes Strahlbild bei einem vorgegebenen Arbeitsbereich von 1,5 bis 3 bar Flie\u00dfdruck<\/li>\n<li>Hochleistungsduschkopf aus Edelstahl, poliert, mit verbessertem Strahlbild, korrosionsbest\u00e4ndig, weitestgehend verkalkungs- und wartungsfrei, sehr robust, selbst entleerend<\/li>\n<li>Hinweisschild f\u00fcr K\u00f6rper-Notdusche nach DIN EN ISO 7010 und ASR A1.3, selbstklebende PVC-Folie, Abmessungen 150 x 150 mm, Erkennungsweite 15 Meter<\/li>\n<li>Anbringungsh\u00f6he gem\u00e4\u00df u. g. Normen: Unterkante Hochleistungsduschkopf 2200 mm (\u00b1 100 mm) H\u00f6he \u00fcber Flur<\/li>\n<li>gem\u00e4\u00df BGI\/GUV-I 850-0, DIN 1988 und DIN EN 1717<\/li>\n<li>gem\u00e4\u00df ANSI Z358.1-2014, DIN EN 15154-1:2006 und DIN EN 15154-5:2019<\/li>\n<li>DIN-DVGW gepr\u00fcft und zugelassen<\/li>\n<\/ul>\n","protected":false},"excerpt":{"rendered":"<p>B-SAFETY K\u00f6rper-Notduschen stehen in einem Baukastensystem zur Verf\u00fcgung. Die Notduscharme und Notduschventile k\u00f6nnen einzeln bezogen und an die Gegebenheiten vor Ort angepasst werden. Auf diese Weise k\u00f6nnen fast alle erdenklichen Montagew\u00fcnsche realisiert werden.<\/p>\n","protected":false},"featured_media":5614,"comment_status":"closed","ping_status":"closed","template":"","meta":[],"product_brand":[],"product_cat":[374,104],"product_tag":[343],"class_list":{"0":"post-6279","1":"product","2":"type-product","3":"status-publish","4":"has-post-thumbnail","6":"product_cat-notduscharme","7":"product_cat-notduschen","8":"product_tag-deckenmontage-aufputz","10":"first","11":"instock","12":"product-type-simple"},"yoast_head":"<!-- This site is optimized with the Yoast SEO plugin v27.4 - https:\/\/yoast.com\/product\/yoast-seo-wordpress\/ -->\n<title>PremiumLine variabler Notduscharm, f\u00fcr Deckenmontage Aufputz | B-SAFETY<\/title>\n<meta name=\"description\" content=\"PremiumLine variabler Notduscharm, f\u00fcr Deckenmontage Aufputz\" \/>\n<meta name=\"robots\" content=\"noindex, follow, max-snippet:-1, max-image-preview:large, max-video-preview:-1\" \/>\n<meta property=\"og:locale\" content=\"fr_FR\" \/>\n<meta property=\"og:type\" content=\"article\" \/>\n<meta property=\"og:title\" content=\"PremiumLine variabler Notduscharm, f\u00fcr Deckenmontage Aufputz | B-SAFETY\" \/>\n<meta property=\"og:description\" content=\"PremiumLine variabler Notduscharm, f\u00fcr Deckenmontage Aufputz\" \/>\n<meta property=\"og:url\" content=\"https:\/\/alex.b-safety.com\/produkt\/premiumline-variabler-notduscharm-fuer-deckenmontage-aufputz\/\" \/>\n<meta property=\"og:site_name\" content=\"B-SAFETY\" \/>\n<meta property=\"article:modified_time\" content=\"2026-04-27T13:39:44+00:00\" \/>\n<meta property=\"og:image\" content=\"https:\/\/alex.b-safety.com\/wp-content\/uploads\/2025\/01\/BR073095_V.jpg\" \/>\n\t<meta property=\"og:image:width\" content=\"600\" \/>\n\t<meta property=\"og:image:height\" content=\"600\" \/>\n\t<meta property=\"og:image:type\" content=\"image\/jpeg\" \/>\n<meta name=\"twitter:card\" content=\"summary_large_image\" \/>\n<meta name=\"twitter:label1\" content=\"Dur\u00e9e de lecture estim\u00e9e\" \/>\n\t<meta name=\"twitter:data1\" content=\"2 minutes\" \/>\n<script type=\"application\/ld+json\" class=\"yoast-schema-graph\">{\"@context\":\"https:\\\/\\\/schema.org\",\"@graph\":[{\"@type\":\"WebPage\",\"@id\":\"https:\\\/\\\/alex.b-safety.com\\\/produkt\\\/premiumline-variabler-notduscharm-fuer-deckenmontage-aufputz\\\/\",\"url\":\"https:\\\/\\\/alex.b-safety.com\\\/produkt\\\/premiumline-variabler-notduscharm-fuer-deckenmontage-aufputz\\\/\",\"name\":\"PremiumLine variabler Notduscharm, f\u00fcr Deckenmontage Aufputz | B-SAFETY\",\"isPartOf\":{\"@id\":\"https:\\\/\\\/alex.b-safety.com\\\/#website\"},\"primaryImageOfPage\":{\"@id\":\"https:\\\/\\\/alex.b-safety.com\\\/produkt\\\/premiumline-variabler-notduscharm-fuer-deckenmontage-aufputz\\\/#primaryimage\"},\"image\":{\"@id\":\"https:\\\/\\\/alex.b-safety.com\\\/produkt\\\/premiumline-variabler-notduscharm-fuer-deckenmontage-aufputz\\\/#primaryimage\"},\"thumbnailUrl\":\"https:\\\/\\\/alex.b-safety.com\\\/wp-content\\\/uploads\\\/2025\\\/01\\\/BR073095_V.jpg\",\"datePublished\":\"2025-03-06T14:46:20+00:00\",\"dateModified\":\"2026-04-27T13:39:44+00:00\",\"description\":\"PremiumLine variabler Notduscharm, f\u00fcr Deckenmontage Aufputz\",\"breadcrumb\":{\"@id\":\"https:\\\/\\\/alex.b-safety.com\\\/produkt\\\/premiumline-variabler-notduscharm-fuer-deckenmontage-aufputz\\\/#breadcrumb\"},\"inLanguage\":\"fr-FR\",\"potentialAction\":[{\"@type\":\"ReadAction\",\"target\":[\"https:\\\/\\\/alex.b-safety.com\\\/produkt\\\/premiumline-variabler-notduscharm-fuer-deckenmontage-aufputz\\\/\"]}]},{\"@type\":\"ImageObject\",\"inLanguage\":\"fr-FR\",\"@id\":\"https:\\\/\\\/alex.b-safety.com\\\/produkt\\\/premiumline-variabler-notduscharm-fuer-deckenmontage-aufputz\\\/#primaryimage\",\"url\":\"https:\\\/\\\/alex.b-safety.com\\\/wp-content\\\/uploads\\\/2025\\\/01\\\/BR073095_V.jpg\",\"contentUrl\":\"https:\\\/\\\/alex.b-safety.com\\\/wp-content\\\/uploads\\\/2025\\\/01\\\/BR073095_V.jpg\",\"width\":600,\"height\":600},{\"@type\":\"BreadcrumbList\",\"@id\":\"https:\\\/\\\/alex.b-safety.com\\\/produkt\\\/premiumline-variabler-notduscharm-fuer-deckenmontage-aufputz\\\/#breadcrumb\",\"itemListElement\":[{\"@type\":\"ListItem\",\"position\":1,\"name\":\"Startseite\",\"item\":\"https:\\\/\\\/alex.b-safety.com\\\/\"},{\"@type\":\"ListItem\",\"position\":2,\"name\":\"Boutique\",\"item\":\"https:\\\/\\\/alex.b-safety.com\\\/fr\\\/boutique\\\/\"},{\"@type\":\"ListItem\",\"position\":3,\"name\":\"PremiumLine variabler Notduscharm, f\u00fcr Deckenmontage Aufputz\"}]},{\"@type\":\"WebSite\",\"@id\":\"https:\\\/\\\/alex.b-safety.com\\\/#website\",\"url\":\"https:\\\/\\\/alex.b-safety.com\\\/\",\"name\":\"B-SAFETY\",\"description\":\"\",\"potentialAction\":[{\"@type\":\"SearchAction\",\"target\":{\"@type\":\"EntryPoint\",\"urlTemplate\":\"https:\\\/\\\/alex.b-safety.com\\\/?s={search_term_string}\"},\"query-input\":{\"@type\":\"PropertyValueSpecification\",\"valueRequired\":true,\"valueName\":\"search_term_string\"}}],\"inLanguage\":\"fr-FR\"}]}<\/script>\n<!-- \/ Yoast SEO plugin. -->","yoast_head_json":{"title":"PremiumLine variabler Notduscharm, f\u00fcr Deckenmontage Aufputz | B-SAFETY","description":"PremiumLine variabler Notduscharm, f\u00fcr Deckenmontage Aufputz","robots":{"index":"noindex","follow":"follow","max-snippet":"max-snippet:-1","max-image-preview":"max-image-preview:large","max-video-preview":"max-video-preview:-1"},"og_locale":"fr_FR","og_type":"article","og_title":"PremiumLine variabler Notduscharm, f\u00fcr Deckenmontage Aufputz | B-SAFETY","og_description":"PremiumLine variabler Notduscharm, f\u00fcr Deckenmontage Aufputz","og_url":"https:\/\/alex.b-safety.com\/produkt\/premiumline-variabler-notduscharm-fuer-deckenmontage-aufputz\/","og_site_name":"B-SAFETY","article_modified_time":"2026-04-27T13:39:44+00:00","og_image":[{"width":600,"height":600,"url":"https:\/\/alex.b-safety.com\/wp-content\/uploads\/2025\/01\/BR073095_V.jpg","type":"image\/jpeg"}],"twitter_card":"summary_large_image","twitter_misc":{"Dur\u00e9e de lecture estim\u00e9e":"2 minutes"},"schema":{"@context":"https:\/\/schema.org","@graph":[{"@type":"WebPage","@id":"https:\/\/alex.b-safety.com\/produkt\/premiumline-variabler-notduscharm-fuer-deckenmontage-aufputz\/","url":"https:\/\/alex.b-safety.com\/produkt\/premiumline-variabler-notduscharm-fuer-deckenmontage-aufputz\/","name":"PremiumLine variabler Notduscharm, f\u00fcr Deckenmontage Aufputz | B-SAFETY","isPartOf":{"@id":"https:\/\/alex.b-safety.com\/#website"},"primaryImageOfPage":{"@id":"https:\/\/alex.b-safety.com\/produkt\/premiumline-variabler-notduscharm-fuer-deckenmontage-aufputz\/#primaryimage"},"image":{"@id":"https:\/\/alex.b-safety.com\/produkt\/premiumline-variabler-notduscharm-fuer-deckenmontage-aufputz\/#primaryimage"},"thumbnailUrl":"https:\/\/alex.b-safety.com\/wp-content\/uploads\/2025\/01\/BR073095_V.jpg","datePublished":"2025-03-06T14:46:20+00:00","dateModified":"2026-04-27T13:39:44+00:00","description":"PremiumLine variabler Notduscharm, f\u00fcr Deckenmontage Aufputz","breadcrumb":{"@id":"https:\/\/alex.b-safety.com\/produkt\/premiumline-variabler-notduscharm-fuer-deckenmontage-aufputz\/#breadcrumb"},"inLanguage":"fr-FR","potentialAction":[{"@type":"ReadAction","target":["https:\/\/alex.b-safety.com\/produkt\/premiumline-variabler-notduscharm-fuer-deckenmontage-aufputz\/"]}]},{"@type":"ImageObject","inLanguage":"fr-FR","@id":"https:\/\/alex.b-safety.com\/produkt\/premiumline-variabler-notduscharm-fuer-deckenmontage-aufputz\/#primaryimage","url":"https:\/\/alex.b-safety.com\/wp-content\/uploads\/2025\/01\/BR073095_V.jpg","contentUrl":"https:\/\/alex.b-safety.com\/wp-content\/uploads\/2025\/01\/BR073095_V.jpg","width":600,"height":600},{"@type":"BreadcrumbList","@id":"https:\/\/alex.b-safety.com\/produkt\/premiumline-variabler-notduscharm-fuer-deckenmontage-aufputz\/#breadcrumb","itemListElement":[{"@type":"ListItem","position":1,"name":"Startseite","item":"https:\/\/alex.b-safety.com\/"},{"@type":"ListItem","position":2,"name":"Boutique","item":"https:\/\/alex.b-safety.com\/fr\/boutique\/"},{"@type":"ListItem","position":3,"name":"PremiumLine variabler Notduscharm, f\u00fcr Deckenmontage Aufputz"}]},{"@type":"WebSite","@id":"https:\/\/alex.b-safety.com\/#website","url":"https:\/\/alex.b-safety.com\/","name":"B-SAFETY","description":"","potentialAction":[{"@type":"SearchAction","target":{"@type":"EntryPoint","urlTemplate":"https:\/\/alex.b-safety.com\/?s={search_term_string}"},"query-input":{"@type":"PropertyValueSpecification","valueRequired":true,"valueName":"search_term_string"}}],"inLanguage":"fr-FR"}]}},"_links":{"self":[{"href":"https:\/\/alex.b-safety.com\/fr\/wp-json\/wp\/v2\/product\/6279","targetHints":{"allow":["GET"]}}],"collection":[{"href":"https:\/\/alex.b-safety.com\/fr\/wp-json\/wp\/v2\/product"}],"about":[{"href":"https:\/\/alex.b-safety.com\/fr\/wp-json\/wp\/v2\/types\/product"}],"replies":[{"embeddable":true,"href":"https:\/\/alex.b-safety.com\/fr\/wp-json\/wp\/v2\/comments?post=6279"}],"version-history":[{"count":4,"href":"https:\/\/alex.b-safety.com\/fr\/wp-json\/wp\/v2\/product\/6279\/revisions"}],"predecessor-version":[{"id":10644,"href":"https:\/\/alex.b-safety.com\/fr\/wp-json\/wp\/v2\/product\/6279\/revisions\/10644"}],"wp:featuredmedia":[{"embeddable":true,"href":"https:\/\/alex.b-safety.com\/fr\/wp-json\/wp\/v2\/media\/5614"}],"wp:attachment":[{"href":"https:\/\/alex.b-safety.com\/fr\/wp-json\/wp\/v2\/media?parent=6279"}],"wp:term":[{"taxonomy":"product_brand","embeddable":true,"href":"https:\/\/alex.b-safety.com\/fr\/wp-json\/wp\/v2\/product_brand?post=6279"},{"taxonomy":"product_cat","embeddable":true,"href":"https:\/\/alex.b-safety.com\/fr\/wp-json\/wp\/v2\/product_cat?post=6279"},{"taxonomy":"product_tag","embeddable":true,"href":"https:\/\/alex.b-safety.com\/fr\/wp-json\/wp\/v2\/product_tag?post=6279"}],"curies":[{"name":"wp","href":"https:\/\/api.w.org\/{rel}","templated":true}]}}